{"id":27449,"date":"2025-09-02T16:11:46","date_gmt":"2025-09-02T16:11:46","guid":{"rendered":"https:\/\/globalsourcechemicals.com\/?post_type=product&#038;p=27449"},"modified":"2025-09-02T16:11:47","modified_gmt":"2025-09-02T16:11:47","slug":"fentanil","status":"publish","type":"product","link":"https:\/\/globalsourcechemicals.com\/tr\/magaza\/kategorilenmemis\/fentanil\/","title":{"rendered":"fentanil"},"content":{"rendered":"<h3 data-start=\"230\" data-end=\"288\">Fentanil \u2013 \u00dcr\u00fcn Bilgileri (Tarafs\u0131z ve Bilgilendirici)<\/h3>\n<p data-start=\"290\" data-end=\"722\"><strong data-start=\"290\" data-end=\"316\">Genel a\u00e7\u0131klama:<\/strong><br data-start=\"316\" data-end=\"319\" \/>Fentanil, g\u00fc\u00e7l\u00fc bir a\u011fr\u0131 kesici olarak kullan\u0131lan sentetik bir opioiddir. Opioid analjezik grubuna aittir ve morfinden \u00e7ok daha g\u00fc\u00e7l\u00fcd\u00fcr. Y\u00fcksek etkinli\u011fi nedeniyle fentanil, t\u0131bbi bak\u0131mda \u015fiddetli ve uzun s\u00fcreli a\u011fr\u0131lar\u0131n (\u00f6rne\u011fin ameliyat sonras\u0131, kanser sonras\u0131 veya di\u011fer a\u011fr\u0131 kesicilere yeterli yan\u0131t vermeyen hastalarda) tedavisinde kullan\u0131l\u0131r.<\/p>\n<p data-start=\"724\" data-end=\"991\"><strong data-start=\"724\" data-end=\"747\">Etki mekanizmas\u0131:<\/strong><br data-start=\"747\" data-end=\"750\" \/>Fentanil, merkezi sinir sistemindeki opioid resept\u00f6rlerine ba\u011flanarak etki eder. Bu, a\u011fr\u0131 alg\u0131s\u0131n\u0131 azalt\u0131r ve genellikle rahatlama hissi uyand\u0131r\u0131r. \u0130la\u00e7, dozaj formuna ba\u011fl\u0131 olarak h\u0131zla etki g\u00f6sterebilir.<\/p>\n<p data-start=\"993\" data-end=\"1095\"><strong data-start=\"993\" data-end=\"1015\">Dozaj formlar\u0131:<\/strong><br data-start=\"1015\" data-end=\"1018\" \/>Fentanil, a\u015fa\u011f\u0131dakiler de dahil olmak \u00fczere \u00e7e\u015fitli farmas\u00f6tik formlarda mevcuttur:<\/p>\n<ul data-start=\"1096\" data-end=\"1287\">\n<li data-start=\"1096\" data-end=\"1154\">\n<p data-start=\"1098\" data-end=\"1154\">Enjeksiyonlar (hastanelerde akut a\u011fr\u0131 tedavisi i\u00e7in)<\/p>\n<\/li>\n<li data-start=\"1155\" data-end=\"1214\">\n<p data-start=\"1157\" data-end=\"1214\">Yamalar (transdermal, s\u00fcrekli a\u011fr\u0131 kesici)<\/p>\n<\/li>\n<li data-start=\"1215\" data-end=\"1287\">\n<p data-start=\"1217\" data-end=\"1287\">Pastiller veya burun spreyleri (kanser hastalar\u0131nda \u015fiddetli a\u011fr\u0131 i\u00e7in)<\/p>\n<\/li>\n<\/ul>\n<p data-start=\"1289\" data-end=\"1317\"><strong data-start=\"1289\" data-end=\"1315\">T\u0131bbi uygulamalar:<\/strong><\/p>\n<ul data-start=\"1318\" data-end=\"1482\">\n<li data-start=\"1318\" data-end=\"1372\">\n<p data-start=\"1320\" data-end=\"1372\">\u015eiddetli kronik a\u011fr\u0131 (\u00f6rne\u011fin kanser nedeniyle)<\/p>\n<\/li>\n<li data-start=\"1373\" data-end=\"1400\">\n<p data-start=\"1375\" data-end=\"1400\">B\u00fcy\u00fck bir ameliyattan sonra a\u011fr\u0131<\/p>\n<\/li>\n<li data-start=\"1401\" data-end=\"1482\">\n<p data-start=\"1403\" data-end=\"1482\">Di\u011fer opioidlere tolerans geli\u015ftiren hastalarda a\u011fr\u0131 y\u00f6netimi<\/p>\n<\/li>\n<\/ul>\n<p data-start=\"1484\" data-end=\"1805\"><strong data-start=\"1484\" data-end=\"1527\">\u00d6nemli uyar\u0131lar ve riskler:<\/strong><br data-start=\"1527\" data-end=\"1530\" \/>Fentanil olduk\u00e7a etkili olmas\u0131na ra\u011fmen, solunum depresyonu, ba\u011f\u0131ml\u0131l\u0131k ve a\u015f\u0131r\u0131 doz gibi \u00f6nemli riskler ta\u015f\u0131r. Bu nedenle, fentanil yaln\u0131zca s\u0131k\u0131 t\u0131bbi g\u00f6zetim alt\u0131nda kullan\u0131lmal\u0131d\u0131r. Bu ilac\u0131n k\u00f6t\u00fcye kullan\u0131m\u0131 hayati tehlike olu\u015fturabilir.<\/p>\n<p data-start=\"1807\" data-end=\"2037\"><strong data-start=\"1807\" data-end=\"1821\">\u00c7\u00f6z\u00fcm:<\/strong><br data-start=\"1821\" data-end=\"1824\" \/>Fentanil, do\u011fru ve dikkatli kullan\u0131ld\u0131\u011f\u0131nda a\u011fr\u0131 tedavisinde son derece de\u011ferli, son derece g\u00fc\u00e7l\u00fc bir ila\u00e7t\u0131r. Kullan\u0131m\u0131 s\u0131k\u0131 bir \u015fekilde d\u00fczenlenir ve her zaman t\u0131bbi re\u00e7eteye tabidir.<\/p>\n<p data-start=\"1807\" data-end=\"2037\">\n<h2 data-start=\"139\" data-end=\"177\">Fentanil Hakk\u0131nda S\u0131k\u00e7a Sorulan Sorular<\/h2>\n<p data-start=\"179\" data-end=\"413\"><strong data-start=\"179\" data-end=\"202\">1. Fentanil nedir?<\/strong><br data-start=\"202\" data-end=\"205\" \/>Fentanil, t\u0131pta \u015fiddetli a\u011fr\u0131y\u0131 tedavi etmek i\u00e7in kullan\u0131lan sentetik bir opioiddir. Morfinden \u00e7ok daha g\u00fc\u00e7l\u00fcd\u00fcr ve di\u011fer a\u011fr\u0131 kesiciler etkisiz kald\u0131\u011f\u0131nda re\u00e7ete edilir.<\/p>\n<p data-start=\"415\" data-end=\"717\"><strong data-start=\"415\" data-end=\"477\">2. Fentanil t\u0131bbi tedavide nas\u0131l kullan\u0131l\u0131r?<\/strong><br data-start=\"477\" data-end=\"480\" \/>Doktorlar, kanser a\u011fr\u0131s\u0131 gibi kronik, \u015fiddetli a\u011fr\u0131lar\u0131 olan veya b\u00fcy\u00fck bir ameliyattan sonra hastalara fentanil re\u00e7ete eder. Hastan\u0131n durumuna ba\u011fl\u0131 olarak enjeksiyon, yama, pastil veya burun spreyi olarak uygulanabilir.<\/p>\n<p data-start=\"719\" data-end=\"978\"><strong data-start=\"719\" data-end=\"773\">3. Fentanil neden tehlikeli kabul edilir?<\/strong><br data-start=\"773\" data-end=\"776\" \/>Son derece g\u00fc\u00e7l\u00fc bir madde oldu\u011fundan, az miktarda bile olsa fentanil kullan\u0131m\u0131 ya\u015fam\u0131 tehdit eden solunum sorunlar\u0131na yol a\u00e7abilir. A\u015f\u0131r\u0131 dozda veya a\u015f\u0131r\u0131 dozda al\u0131nmas\u0131 ciddi risk ta\u015f\u0131r.<\/p>\n<p data-start=\"980\" data-end=\"1186\"><strong data-start=\"980\" data-end=\"1016\">4. Fentanil ba\u011f\u0131ml\u0131l\u0131k yapabilir mi?<\/strong><br data-start=\"1016\" data-end=\"1019\" \/>Evet. Di\u011fer opioidler gibi fentanil de ba\u011f\u0131ml\u0131l\u0131k yapabilir. Fentanil kullanan hastalar doktorlar\u0131 taraf\u0131ndan dikkatle izlenmelidir.<\/p>\n<p data-start=\"1188\" data-end=\"1436\"><strong data-start=\"1188\" data-end=\"1251\">5. Fentanilin en s\u0131k g\u00f6r\u00fclen yan etkileri nelerdir?<\/strong><br data-start=\"1251\" data-end=\"1254\" \/>Olas\u0131 yan etkiler aras\u0131nda uyu\u015fukluk, mide bulant\u0131s\u0131, kab\u0131zl\u0131k, kafa kar\u0131\u015f\u0131kl\u0131\u011f\u0131 ve ba\u015f d\u00f6nmesi bulunur. Ciddi yan etkiler aras\u0131nda \u00f6l\u00fcmc\u00fcl olabilen nefes almada yava\u015flama bulunur.<\/p>\n<p data-start=\"1438\" data-end=\"1690\"><strong data-start=\"1438\" data-end=\"1492\">6. Fentanil ba\u011f\u0131ml\u0131l\u0131\u011f\u0131 nas\u0131l \u00f6nlenebilir?<\/strong><br data-start=\"1492\" data-end=\"1495\" \/>Fentanil yaln\u0131zca s\u0131k\u0131 t\u0131bbi g\u00f6zetim alt\u0131nda kullan\u0131lmal\u0131d\u0131r. Hastalar doktorlar\u0131n\u0131n talimatlar\u0131na dikkatle uymal\u0131, ilac\u0131 g\u00fcvenli bir \u015fekilde saklamal\u0131 ve asla ba\u015fkalar\u0131yla payla\u015fmamal\u0131d\u0131r.<\/p>\n<p data-start=\"1692\" data-end=\"2007\"><strong data-start=\"1692\" data-end=\"1757\">7. Farmas\u00f6tik fentanil, yasad\u0131\u015f\u0131 fentanil ile ayn\u0131 m\u0131d\u0131r?<\/strong><br data-start=\"1757\" data-end=\"1760\" \/>Hay\u0131r. Farmas\u00f6tik fentanil, s\u0131k\u0131 t\u0131bbi standartlar alt\u0131nda \u00fcretilir ve yaln\u0131zca doktorlar taraf\u0131ndan re\u00e7ete edilir. Genellikle di\u011fer uyu\u015fturucularla kar\u0131\u015ft\u0131r\u0131lan yasad\u0131\u015f\u0131 fentanil, d\u00fcnya \u00e7ap\u0131nda a\u015f\u0131r\u0131 doz ve \u00f6l\u00fcmlerin \u00f6nde gelen nedenlerinden biridir.<\/p>","protected":false},"excerpt":{"rendered":"<p>Fentanyl \u2013 Productinformatie (Neutraal en Informatief) Algemene beschrijving:Fentanyl is een synthetisch opio\u00efd dat wordt gebruikt als sterk pijnstillend middel. Het<\/p>","protected":false},"featured_media":0,"comment_status":"open","ping_status":"closed","template":"","meta":[],"product_brand":[],"product_cat":[1085],"product_tag":[],"class_list":{"0":"post-27449","1":"product","2":"type-product","3":"status-publish","5":"product_cat-okategoriserad","7":"first","8":"instock","9":"taxable","10":"shipping-taxable","11":"purchasable","12":"product-type-variable"},"_links":{"self":[{"href":"https:\/\/globalsourcechemicals.com\/tr\/wp-json\/wp\/v2\/product\/27449","targetHints":{"allow":["GET"]}}],"collection":[{"href":"https:\/\/globalsourcechemicals.com\/tr\/wp-json\/wp\/v2\/product"}],"about":[{"href":"https:\/\/globalsourcechemicals.com\/tr\/wp-json\/wp\/v2\/types\/product"}],"replies":[{"embeddable":true,"href":"https:\/\/globalsourcechemicals.com\/tr\/wp-json\/wp\/v2\/comments?post=27449"}],"version-history":[{"count":1,"href":"https:\/\/globalsourcechemicals.com\/tr\/wp-json\/wp\/v2\/product\/27449\/revisions"}],"predecessor-version":[{"id":27457,"href":"https:\/\/globalsourcechemicals.com\/tr\/wp-json\/wp\/v2\/product\/27449\/revisions\/27457"}],"wp:attachment":[{"href":"https:\/\/globalsourcechemicals.com\/tr\/wp-json\/wp\/v2\/media?parent=27449"}],"wp:term":[{"taxonomy":"product_brand","embeddable":true,"href":"https:\/\/globalsourcechemicals.com\/tr\/wp-json\/wp\/v2\/product_brand?post=27449"},{"taxonomy":"product_cat","embeddable":true,"href":"https:\/\/globalsourcechemicals.com\/tr\/wp-json\/wp\/v2\/product_cat?post=27449"},{"taxonomy":"product_tag","embeddable":true,"href":"https:\/\/globalsourcechemicals.com\/tr\/wp-json\/wp\/v2\/product_tag?post=27449"}],"curies":[{"name":"wp","href":"https:\/\/api.w.org\/{rel}","templated":true}]}}