{"id":26112,"date":"2025-05-01T01:20:16","date_gmt":"2025-05-01T01:20:16","guid":{"rendered":"https:\/\/globalsourcechemicals.com\/?post_type=product&#038;p=26112"},"modified":"2025-10-02T15:01:30","modified_gmt":"2025-10-02T15:01:30","slug":"caluanie-muelear-oxidize","status":"publish","type":"product","link":"https:\/\/globalsourcechemicals.com\/tr\/magaza\/kategorilenmemis\/caluanie-muelear-oxidize\/","title":{"rendered":"Caluanie Muelear Oksit"},"content":{"rendered":"<p class=\"\" data-start=\"268\" data-end=\"544\"><strong data-start=\"268\" data-end=\"296\">Caluanie Muelear Oksit<\/strong> g\u00fc\u00e7l\u00fc bir <strong data-start=\"314\" data-end=\"337\">kimyasal reaktifler<\/strong> yetene\u011fiyle en \u00e7ok tan\u0131nan ki\u015fi <strong data-start=\"382\" data-end=\"427\">g\u00fc\u00e7l\u00fc metalleri ve malzemeleri par\u00e7alamak i\u00e7in<\/strong>Yayg\u0131n olarak kullan\u0131l\u0131r <strong data-start=\"459\" data-end=\"541\">end\u00fcstriyel sekt\u00f6r, metalurji, laboratuvar ara\u015ft\u0131rmalar\u0131 ve madencilik uygulamalar\u0131<\/strong>. caluanie muelear oxidize\u200b, caluanie muelear oxidize fiyat\u0131 ABD&#039;de\u200b, caluanie muelear oxidize ABD\u200b, caluanie muelear oxidize fiyat\u0131\u200b, caluanie muelear oxidize \u00fcreticisi ABD&#039;de\u200b, caluanie muelear oxidize sat\u0131l\u0131k\u200b<\/p>\n<p class=\"\" data-start=\"546\" data-end=\"822\">Bu y\u00fcksek viskoziteli, kehribar renkli s\u0131v\u0131, derin yap\u0131s\u0131yla bilinir <strong data-start=\"644\" data-end=\"672\">oksidatif \u00f6zellikler<\/strong>Caluanie, benzersiz kimyasal bile\u015fimi nedeniyle sert malzemelerdeki molek\u00fcler ba\u011flara sald\u0131rarak onlar\u0131 daha yumu\u015fak veya k\u0131r\u0131lgan hale getirebilir.<a href=\"https:\/\/globalsourcechemicals.com\/tr\/magaza\/top-10-research-chemicals\/3-cmc-hcl\/\">3-CMC HCl po\u015fet 1g<\/a><\/p>\n<hr class=\"\" data-start=\"824\" data-end=\"827\" \/>\n<h2 class=\"\" data-start=\"829\" data-end=\"862\">\u2699\ufe0f Belangrijkste Eigenschappen<\/h2>\n<ul data-start=\"864\" data-end=\"1189\">\n<li class=\"\" data-start=\"864\" data-end=\"918\">\n<p class=\"\" data-start=\"866\" data-end=\"918\"><strong data-start=\"866\" data-end=\"885\">Kimyasal formu:<\/strong> Kal\u0131n, kehribar renkli s\u0131v\u0131<\/p>\n<\/li>\n<li class=\"\" data-start=\"919\" data-end=\"1018\">\n<p class=\"\" data-start=\"921\" data-end=\"1018\"><strong data-start=\"921\" data-end=\"943\">Ba\u015fl\u0131ca uygulamalar:<\/strong> Metal i\u015fleme, malzeme y\u0131k\u0131m\u0131, madencilik, bilimsel ara\u015ft\u0131rma<\/p>\n<\/li>\n<li class=\"\" data-start=\"1019\" data-end=\"1071\">\n<p class=\"\" data-start=\"1021\" data-end=\"1071\"><strong data-start=\"1021\" data-end=\"1038\">Reaktivite:<\/strong> \u00c7ok g\u00fc\u00e7l\u00fc bir oksitleyici madde<\/p>\n<\/li>\n<li class=\"\" data-start=\"1072\" data-end=\"1129\">\n<p class=\"\" data-start=\"1074\" data-end=\"1129\"><strong data-start=\"1074\" data-end=\"1085\">Tehlike:<\/strong> Yanl\u0131\u015f kullan\u0131ld\u0131\u011f\u0131nda a\u015f\u0131nd\u0131r\u0131c\u0131 ve zararl\u0131d\u0131r<\/p>\n<\/li>\n<li class=\"\" data-start=\"1130\" data-end=\"1189\">\n<p class=\"\" data-start=\"1132\" data-end=\"1189\"><strong data-start=\"1132\" data-end=\"1147\">Ambalajlama:<\/strong> Hava ge\u00e7irmez ve s\u0131zd\u0131rmaz, nakliye i\u00e7in g\u00fcvenlidir, <a href=\"https:\/\/globalsourcechemicals.com\/tr\/magaza\/teraziler\/dijital-biyo-mini-olcek\/\">Dijital Biyo Mini Terazi \u2013 20g x 0,001g<\/a><\/p>\n<\/li>\n<\/ul>\n<hr class=\"\" data-start=\"1191\" data-end=\"1194\" \/>\n<h2 class=\"\" data-start=\"1196\" data-end=\"1243\">\ud83d\udcbc Toepassingen van Caluanie Muelear Oxidize<\/h2>\n<h3 class=\"\" data-start=\"1245\" data-end=\"1287\">1. <strong data-start=\"1252\" data-end=\"1285\">Metal \u0130\u015fleme ve Geri D\u00f6n\u00fc\u015f\u00fcm<\/strong><\/h3>\n<p class=\"\" data-start=\"1288\" data-end=\"1468\">Caluanie, demir ve \u00e7elik gibi sert metalleri \u00e7\u0131karmak i\u00e7in kullan\u0131l\u0131r <strong data-start=\"1349\" data-end=\"1386\">yumu\u015fatmak veya zay\u0131flatmak<\/strong>Bu da a\u011f\u0131r ekipmana ihtiya\u00e7 duyulmadan i\u015fleme s\u00fcrecini \u00f6nemli \u00f6l\u00e7\u00fcde kolayla\u015ft\u0131r\u0131yor. <a href=\"https:\/\/globalsourcechemicals.com\/tr\/magaza\/top-10-research-chemicals\/pyrazolam-werking\/\">Pirazolam 2,5 MG Peletler<\/a><\/p>\n<h3 class=\"\" data-start=\"1470\" data-end=\"1514\">2. <strong data-start=\"1477\" data-end=\"1512\">Madencilik ve De\u011ferli Metal \u00c7\u0131kar\u0131m\u0131<\/strong><\/h3>\n<p class=\"\" data-start=\"1515\" data-end=\"1665\">K\u00fc\u00e7\u00fck madencilik faaliyetlerinde Caluanie, <strong data-start=\"1570\" data-end=\"1593\">cevherleri par\u00e7alamak<\/strong> ve alt\u0131n veya platin gibi de\u011ferli metalleri daha verimli bir \u015fekilde \u00e7\u0131karmak.<\/p>\n<h3 class=\"\" data-start=\"1667\" data-end=\"1701\">3. <strong data-start=\"1674\" data-end=\"1699\">Laboratuvar ara\u015ft\u0131rmas\u0131<\/strong><\/h3>\n<p class=\"\" data-start=\"1702\" data-end=\"1834\">Ara\u015ft\u0131rma kurumlar\u0131nda kullan\u0131l\u0131r <strong data-start=\"1752\" data-end=\"1779\">malzeme bozulma testleri<\/strong> Ve <strong data-start=\"1783\" data-end=\"1802\">oksidasyon \u00e7al\u0131\u015fmalar\u0131<\/strong> kimya ve malzeme bilimi alan\u0131nda.<\/p>\n<h3 class=\"\" data-start=\"1836\" data-end=\"1872\">4. <strong data-start=\"1843\" data-end=\"1870\">Boya ve re\u00e7ine i\u015fleme<\/strong><\/h3>\n<p class=\"\" data-start=\"1873\" data-end=\"2033\">Daha d\u00fc\u015f\u00fck konsantrasyonlarda, Caluanie \u015fu ama\u00e7lar i\u00e7in kullan\u0131labilir: <strong data-start=\"1935\" data-end=\"1975\">end\u00fcstriyel kaplamalar\u0131n \u00e7\u0131kar\u0131lmas\u0131<\/strong>, \u00f6zel uygulamalarda re\u00e7ine katmanlar\u0131 veya polimerler.<\/p>\n<hr class=\"\" data-start=\"2035\" data-end=\"2038\" \/>\n<h2 class=\"\" data-start=\"2040\" data-end=\"2068\">\u26a0\ufe0f Veiligheidsmaatregelen<\/h2>\n<p class=\"\" data-start=\"2070\" data-end=\"2185\">Caluanie Muelear Oxidize bir <strong data-start=\"2102\" data-end=\"2132\">a\u015f\u0131nd\u0131r\u0131c\u0131 ve reaktif madde<\/strong>Kullan\u0131m\u0131 s\u0131k\u0131 g\u00fcvenlik protokolleri gerektirir:<\/p>\n<ul data-start=\"2187\" data-end=\"2535\">\n<li class=\"\" data-start=\"2187\" data-end=\"2261\">\n<p class=\"\" data-start=\"2189\" data-end=\"2261\">Her zaman giy <strong data-start=\"2202\" data-end=\"2259\">eldivenler, g\u00fcvenlik g\u00f6zl\u00fckleri ve koruyucu giysiler<\/strong><\/p>\n<\/li>\n<li class=\"\" data-start=\"2262\" data-end=\"2334\">\n<p class=\"\" data-start=\"2264\" data-end=\"2334\">Sadece iyi havaland\u0131r\u0131lan yerlerde veya davlumbaz alt\u0131nda kullan\u0131n.<\/p>\n<\/li>\n<li class=\"\" data-start=\"2335\" data-end=\"2397\">\n<p class=\"\" data-start=\"2337\" data-end=\"2397\">\u00d6zel olarak test edilmedi\u011fi s\u00fcrece di\u011fer kimyasallarla kar\u0131\u015ft\u0131rmay\u0131n.<\/p>\n<\/li>\n<li class=\"\" data-start=\"2398\" data-end=\"2454\">\n<p class=\"\" data-start=\"2400\" data-end=\"2454\">\u00c7ocuklar\u0131n ve yetkisiz ki\u015filerin eri\u015femeyece\u011fi yerde saklay\u0131n\u0131z.<\/p>\n<\/li>\n<li class=\"\" data-start=\"2455\" data-end=\"2535\">\n<p class=\"\" data-start=\"2457\" data-end=\"2535\">Serin, kuru ve g\u00fcvenli bir yerde, kimyasal maddelere dayan\u0131kl\u0131 ambalaj\u0131nda saklay\u0131n\u0131z. <a href=\"https:\/\/globalsourcechemicals.com\/tr\/magaza\/teraziler\/dijital-tank-mini-terazisi\/\">Dijital Tank Mini Terazi \u2013 20g x 0,001g<\/a><\/p>\n<\/li>\n<\/ul>\n<hr class=\"\" data-start=\"2537\" data-end=\"2540\" \/>\n<h2 class=\"\" data-start=\"2542\" data-end=\"2601\">\u2705 Waarom Caluanie Kopen bij een Betrouwbare Leverancier?<\/h2>\n<p class=\"\" data-start=\"2603\" data-end=\"2729\">E\u011fer ar\u0131yorsan\u0131z <strong data-start=\"2628\" data-end=\"2671\">saf, end\u00fcstriyel kalitede Caluanie<\/strong>, o zaman \u015fu \u00f6zelliklere sahip bir tedarik\u00e7iden sat\u0131n almak \u00e7ok \u00f6nemlidir:<\/p>\n<ul data-start=\"2731\" data-end=\"2973\">\n<li class=\"\" data-start=\"2731\" data-end=\"2793\">\n<p class=\"\" data-start=\"2733\" data-end=\"2793\"><strong data-start=\"2733\" data-end=\"2755\">Laboratuvar testleri<\/strong> ve safl\u0131k sertifikalar\u0131 sunar<\/p>\n<\/li>\n<li class=\"\" data-start=\"2794\" data-end=\"2843\">\n<p class=\"\" data-start=\"2796\" data-end=\"2843\"><strong data-start=\"2796\" data-end=\"2830\">G\u00fcvenli ve gizli paketleme<\/strong> garantiler<\/p>\n<\/li>\n<li class=\"\" data-start=\"2844\" data-end=\"2908\">\n<p class=\"\" data-start=\"2846\" data-end=\"2908\"><strong data-start=\"2846\" data-end=\"2877\">H\u0131zl\u0131 ve sigortal\u0131 ta\u015f\u0131mac\u0131l\u0131k<\/strong> Avrupa i\u00e7inde m\u00fcmk\u00fcn<\/p>\n<\/li>\n<li class=\"\" data-start=\"2909\" data-end=\"2973\">\n<p class=\"\" data-start=\"2911\" data-end=\"2973\"><strong data-start=\"2911\" data-end=\"2939\">Teknik destek<\/strong> kullan\u0131mda ve uygulamalarda teklifler<\/p>\n<\/li>\n<\/ul>\n<hr class=\"\" data-start=\"2975\" data-end=\"2978\" \/>\n<h2 class=\"\" data-start=\"2980\" data-end=\"2995\">\ud83d\udd1a Conclusie<\/h2>\n<p class=\"\" data-start=\"2997\" data-end=\"3265\"><strong data-start=\"2997\" data-end=\"3025\">Caluanie Muelear Oksit<\/strong> Geni\u015f bir end\u00fcstriyel ve bilimsel uygulama yelpazesine sahip, benzersiz ve g\u00fc\u00e7l\u00fc bir ak\u0131\u015fkand\u0131r. Do\u011fru ve sorumlu bir \u015fekilde kullan\u0131ld\u0131\u011f\u0131nda malzeme ta\u015f\u0131ma ve metal i\u015fleme verimlili\u011fini \u00f6nemli \u00f6l\u00e7\u00fcde art\u0131rabilir.<\/p>\n<p class=\"\" data-start=\"3267\" data-end=\"3398\">Profesyoneller i\u00e7in <strong data-start=\"3289\" data-end=\"3322\">kimya, madencilik veya geri d\u00f6n\u00fc\u015f\u00fcm<\/strong> Caluanie ara\u015ft\u0131rma veya \u00fcretim s\u00fcrecinde de\u011ferli bir ara\u00e7 m\u0131d\u0131r? <a href=\"https:\/\/globalsourcechemicals.com\/tr\/magaza\/teraziler\/dijital-cs-olcegi\/\">Dijital CS Terazisi \u2013 100g x 0,01g<\/a><\/p>","protected":false},"excerpt":{"rendered":"<p>Caluanie Muelear Oxidize, g\u00fc\u00e7l\u00fc metalleri ve malzemeleri oksitleme yetene\u011fiyle bilinen g\u00fc\u00e7l\u00fc bir kimyasal reaktiftir.<\/p>","protected":false},"featured_media":27854,"comment_status":"open","ping_status":"closed","template":"","meta":[],"product_brand":[],"product_cat":[1085],"product_tag":[905,897,904,902,903,901,906,900,907,898,899],"class_list":{"0":"post-26112","1":"product","2":"type-product","3":"status-publish","4":"has-post-thumbnail","6":"product_cat-okategoriserad","7":"product_tag-buy-caluanie-muelear-oxidize-online","8":"product_tag-caluanie-muelear-oxidize","9":"product_tag-caluanie-muelear-oxidize-deutschland","10":"product_tag-caluanie-muelear-oxidize-for-sale","11":"product_tag-caluanie-muelear-oxidize-kaufen","12":"product_tag-caluanie-muelear-oxidize-manufacturer-in-usa","13":"product_tag-caluanie-muelear-oxidize-pasteurize","14":"product_tag-caluanie-muelear-oxidize-price","15":"product_tag-caluanie-muelear-oxidize-price-in-india","16":"product_tag-caluanie-muelear-oxidize-price-in-usa","17":"product_tag-caluanie-muelear-oxidize-usa","19":"first","20":"instock","21":"taxable","22":"shipping-taxable","23":"purchasable","24":"product-type-simple"},"_links":{"self":[{"href":"https:\/\/globalsourcechemicals.com\/tr\/wp-json\/wp\/v2\/product\/26112","targetHints":{"allow":["GET"]}}],"collection":[{"href":"https:\/\/globalsourcechemicals.com\/tr\/wp-json\/wp\/v2\/product"}],"about":[{"href":"https:\/\/globalsourcechemicals.com\/tr\/wp-json\/wp\/v2\/types\/product"}],"replies":[{"embeddable":true,"href":"https:\/\/globalsourcechemicals.com\/tr\/wp-json\/wp\/v2\/comments?post=26112"}],"version-history":[{"count":2,"href":"https:\/\/globalsourcechemicals.com\/tr\/wp-json\/wp\/v2\/product\/26112\/revisions"}],"predecessor-version":[{"id":26116,"href":"https:\/\/globalsourcechemicals.com\/tr\/wp-json\/wp\/v2\/product\/26112\/revisions\/26116"}],"wp:featuredmedia":[{"embeddable":true,"href":"https:\/\/globalsourcechemicals.com\/tr\/wp-json\/wp\/v2\/media\/27854"}],"wp:attachment":[{"href":"https:\/\/globalsourcechemicals.com\/tr\/wp-json\/wp\/v2\/media?parent=26112"}],"wp:term":[{"taxonomy":"product_brand","embeddable":true,"href":"https:\/\/globalsourcechemicals.com\/tr\/wp-json\/wp\/v2\/product_brand?post=26112"},{"taxonomy":"product_cat","embeddable":true,"href":"https:\/\/globalsourcechemicals.com\/tr\/wp-json\/wp\/v2\/product_cat?post=26112"},{"taxonomy":"product_tag","embeddable":true,"href":"https:\/\/globalsourcechemicals.com\/tr\/wp-json\/wp\/v2\/product_tag?post=26112"}],"curies":[{"name":"wp","href":"https:\/\/api.w.org\/{rel}","templated":true}]}}