{"id":24948,"date":"2025-04-13T17:43:52","date_gmt":"2025-04-13T17:43:52","guid":{"rendered":"https:\/\/globalsourcechemicals.com\/?post_type=product&#038;p=24948"},"modified":"2025-10-02T15:05:38","modified_gmt":"2025-10-02T15:05:38","slug":"6-cl-adba","status":"publish","type":"product","link":"https:\/\/globalsourcechemicals.com\/tr\/magaza\/6-cl-adba\/6-cl-adba\/","title":{"rendered":"6-CL-ADBA"},"content":{"rendered":"<h3><strong>6-CL-ADBA \u2013 G\u00fc\u00e7l\u00fc ve Yenilik\u00e7i Ara\u015ft\u0131rma Maddesi<\/strong><\/h3>\n<p class=\"ds-markdown-paragraph\"><strong>\u00dcr\u00fcn Ad\u0131:<\/strong>\u00a06-CL-ADBA<br \/>\n<strong>Kimyasal Ad\u0131:<\/strong>\u00a06-Kloro-ADB-A<br \/>\n<strong>Safl\u0131k:<\/strong>\u00a0\u226598%<br \/>\n<strong>Bi\u00e7im:<\/strong>\u00a0Kristal toz<br \/>\n<strong>Molek\u00fcler form\u00fcl:<\/strong>\u00a0C\u2081\u2089H\u2082\u2087ClN\u2082O\u2082<\/p>\n<h4><strong>Tan\u0131m:<\/strong><\/h4>\n<p class=\"ds-markdown-paragraph\">6-CL-ADBA, indazolkarboksamid grubuna ait ileri ara\u015ft\u0131rma bile\u015fi\u011fidir. <a href=\"http:\/\/google.nl\" target=\"_blank\" rel=\"noopener\">Bu<\/a> kuma\u015f yaln\u0131zca \u015fu ama\u00e7la sat\u0131lmaktad\u0131r:\u00a0<strong>bilimsel ve analitik ara\u015ft\u0131rma<\/strong>\u00a0ve insan t\u00fcketimi i\u00e7in tasarlanmam\u0131\u015ft\u0131r.<\/p>\n<h4><strong>\u00d6zellikler:<\/strong><\/h4>\n<p class=\"ds-markdown-paragraph\">\u2705\u00a0<strong>Y\u00fcksek safl\u0131kta<\/strong>\u00a0(\u226598%) do\u011fru sonu\u00e7lar i\u00e7in<br \/>\n\u2705 Uygun olanlar:\u00a0<strong>laboratuvar \u00e7al\u0131\u015fmalar\u0131<\/strong>\u00a0ve farmakolojik ara\u015ft\u0131rmalar<br \/>\n\u2705 Bir pakette paketlenmi\u015f\u00a0<strong>hava ge\u00e7irmez ambalaj<\/strong>\u00a0optimum raf \u00f6mr\u00fc i\u00e7in<\/p>\n<h4><strong>\u00d6nemli Not:<\/strong><\/h4>\n<p class=\"ds-markdown-paragraph\">Bu \u00fcr\u00fcn\u00a0<strong>insan veya hayvan kullan\u0131m\u0131 i\u00e7in tasarlanmam\u0131\u015ft\u0131r<\/strong>Sadece kontroll\u00fc bir ortamda ara\u015ft\u0131rma ama\u00e7l\u0131 kullan\u0131m i\u00e7indir. Kimyasallarla \u00e7al\u0131\u015f\u0131rken gerekli g\u00fcvenlik \u00f6nlemlerinin al\u0131nd\u0131\u011f\u0131ndan emin olun.<\/p>\n<h3><strong>6-CL-ADBA \u2013 S\u0131k\u00e7a Sorulan Sorular ve Cevaplar<\/strong><\/h3>\n<h4><strong>1. 6-CL-ADBA nedir?<\/strong><\/h4>\n<p class=\"ds-markdown-paragraph\">6-CL-ADBA (6-Kloro-ADB-A), indazolkarboksamid grubunun sentetik bir ara\u015ft\u0131rma bile\u015fi\u011fidir.\u00a0<strong>bilimsel \u00e7al\u0131\u015fmalar<\/strong>\u00d6zellikle farmakoloji ve kimyasal ara\u015ft\u0131rma alanlar\u0131nda.<\/p>\n<h4><strong>2. Bu \u00fcr\u00fcn\u00fcn safl\u0131k derecesi nedir?<\/strong><\/h4>\n<p class=\"ds-markdown-paragraph\">6-CL-ADBA&#039;m\u0131z\u00a0<strong>\u226598% safl\u0131\u011f\u0131<\/strong>G\u00fcvenilir ve tekrarlanabilir ara\u015ft\u0131rma sonu\u00e7lar\u0131n\u0131n elde edilmesini sa\u011flar.<\/p>\n<h4><strong>3. 6-CL-ADBA yasal m\u0131d\u0131r?<\/strong><\/h4>\n<p class=\"ds-markdown-paragraph\">Bu \u00fcr\u00fcn\u00a0<strong>yaln\u0131zca ara\u015ft\u0131rma ama\u00e7l\u0131d\u0131r<\/strong>\u00a0ve insan veya hayvan t\u00fcketimi i\u00e7in de\u011fildir. Yasall\u0131k \u00fclkeye g\u00f6re de\u011fi\u015fir - her zaman\u00a0<strong>yerel mevzuat<\/strong>\u00a0Sipari\u015f vermeden \u00f6nce.<\/p>\n<h4><strong>4. 6-CL-ADBA&#039;y\u0131 nas\u0131l saklamal\u0131y\u0131m?<\/strong><\/h4>\n<p class=\"ds-markdown-paragraph\">Bunu bir yerde saklay\u0131n\u00a0<strong>serin, kuru ortam<\/strong>, do\u011frudan g\u00fcne\u015f \u0131\u015f\u0131\u011f\u0131ndan uzakta ve\u00a0<strong>hava ge\u00e7irmez ambalaj<\/strong>\u00a0istikrar\u0131 sa\u011flamak i\u00e7in.<\/p>\n<h4><strong>5. Bu \u00fcr\u00fcn\u00fc kullanmak g\u00fcvenli midir?<\/strong><\/h4>\n<p class=\"ds-markdown-paragraph\">6-CL-ADBA yaln\u0131zca \u015fu \u015fekilde kullan\u0131lmal\u0131d\u0131r:\u00a0<strong>kontroll\u00fc laboratuvar ortam\u0131<\/strong>\u00a0profesyoneller taraf\u0131ndan. Her zaman giyin\u00a0<strong>ki\u015fisel koruyucu ekipman (KKD)<\/strong>\u00a0eldiven ve laboratuvar \u00f6nl\u00fc\u011f\u00fc gibi.<\/p>\n<h4><strong>6. 6-CL-ADBA ne i\u00e7in \u00e7al\u0131\u015f\u0131l\u0131yor?<\/strong><\/h4>\n<p class=\"ds-markdown-paragraph\">Bilim insanlar\u0131 bu maddeyi \u015fu sebeplerden dolay\u0131 inceliyorlar:\u00a0<strong>benzersiz kimyasal yap\u0131<\/strong>, farmas\u00f6tik ve analitik ara\u015ft\u0131rmalarda potansiyel uygulamalara sahip.<\/p>\n<h4><strong>7. Bu \u00fcr\u00fcn\u00fc ger\u00e7ek ki\u015filer sat\u0131n alabilir mi?<\/strong><\/h4>\n<p class=\"ds-markdown-paragraph\">\u00dcr\u00fcnlerimiz yaln\u0131zca \u015fu durumlarda mevcuttur:\u00a0<strong>nitelikli ara\u015ft\u0131rmac\u0131lar ve kurumlar<\/strong>Uygun referanslar olmadan \u00f6zel \u015fah\u0131slara sat\u0131\u015f yapm\u0131yoruz.<a href=\"https:\/\/globalsourcechemicals.com\/tr\/magaza\/iboga-ibogaine\/ibogaine-hclyi-cevrimici-satin-al\/\">Ibogaine HCL sat\u0131n al<\/a><a href=\"https:\/\/globalsourcechemicals.com\/tr\/magaza\/iboga-ibogaine\/iboga-kok-kabugu\/\">Iboga k\u00f6k kabu\u011fu<\/a><a href=\"https:\/\/globalsourcechemicals.com\/tr\/magaza\/lizergamidler\/1cp-lsd\/\">1cP-LSD 150 MCG Sanat Emicileri<\/a><a href=\"https:\/\/globalsourcechemicals.com\/tr\/magaza\/pellets\/o-dsmt-50-mg-peletler\/\">O-DSMT 50 mg Peletleri<\/a><a href=\"https:\/\/globalsourcechemicals.com\/tr\/magaza\/lizergamidler\/1v-lsd-150-mcg-blotters\/\">1V-LSD 150 MCG Blotterlar<\/a><\/p>","protected":false},"excerpt":{"rendered":"<h2>6-CL-ADBA \u00f6zellikleri<\/h2>\n<p><strong>E\u015f anlaml\u0131s\u0131: <\/strong>6-CL-ADBA<strong><br \/>\nCAS Numaras\u0131<\/strong>: yok<br \/>\n<strong>Form\u00fcl<\/strong>: yok<br \/>\n<strong>Mol k\u00fctlesi<\/strong>: n\/ag\u00b7mol<br \/>\n<strong>Safl\u0131k<\/strong>: \u226598%<\/p>","protected":false},"featured_media":27837,"comment_status":"closed","ping_status":"closed","template":"","meta":[],"product_brand":[],"product_cat":[368,322],"product_tag":[610,594,326],"class_list":{"0":"post-24948","1":"product","2":"type-product","3":"status-publish","4":"has-post-thumbnail","6":"product_cat-6-cl-adba","7":"product_cat-bijna-verboden","8":"product_tag-6-cl-adb-a","9":"product_tag-6-cl-adba","10":"product_tag-nl","12":"first","13":"instock","14":"taxable","15":"shipping-taxable","16":"purchasable","17":"product-type-variable"},"_links":{"self":[{"href":"https:\/\/globalsourcechemicals.com\/tr\/wp-json\/wp\/v2\/product\/24948","targetHints":{"allow":["GET"]}}],"collection":[{"href":"https:\/\/globalsourcechemicals.com\/tr\/wp-json\/wp\/v2\/product"}],"about":[{"href":"https:\/\/globalsourcechemicals.com\/tr\/wp-json\/wp\/v2\/types\/product"}],"replies":[{"embeddable":true,"href":"https:\/\/globalsourcechemicals.com\/tr\/wp-json\/wp\/v2\/comments?post=24948"}],"version-history":[{"count":4,"href":"https:\/\/globalsourcechemicals.com\/tr\/wp-json\/wp\/v2\/product\/24948\/revisions"}],"predecessor-version":[{"id":26262,"href":"https:\/\/globalsourcechemicals.com\/tr\/wp-json\/wp\/v2\/product\/24948\/revisions\/26262"}],"wp:featuredmedia":[{"embeddable":true,"href":"https:\/\/globalsourcechemicals.com\/tr\/wp-json\/wp\/v2\/media\/27837"}],"wp:attachment":[{"href":"https:\/\/globalsourcechemicals.com\/tr\/wp-json\/wp\/v2\/media?parent=24948"}],"wp:term":[{"taxonomy":"product_brand","embeddable":true,"href":"https:\/\/globalsourcechemicals.com\/tr\/wp-json\/wp\/v2\/product_brand?post=24948"},{"taxonomy":"product_cat","embeddable":true,"href":"https:\/\/globalsourcechemicals.com\/tr\/wp-json\/wp\/v2\/product_cat?post=24948"},{"taxonomy":"product_tag","embeddable":true,"href":"https:\/\/globalsourcechemicals.com\/tr\/wp-json\/wp\/v2\/product_tag?post=24948"}],"curies":[{"name":"wp","href":"https:\/\/api.w.org\/{rel}","templated":true}]}}