{"id":24700,"date":"2025-04-13T17:42:46","date_gmt":"2025-04-13T17:42:46","guid":{"rendered":"https:\/\/globalsourcechemicals.com\/?post_type=product&#038;p=24700"},"modified":"2025-10-02T16:46:35","modified_gmt":"2025-10-02T16:46:35","slug":"1bz-lsd-10mcg-pelet-mikrodoz","status":"publish","type":"product","link":"https:\/\/globalsourcechemicals.com\/tr\/magaza\/1bz-lsd\/1bz-lsd-10mcg-pelet-mikrodoz\/","title":{"rendered":"1Bz-LSD 10mcg Peletler \u2013 Mikrodoz"},"content":{"rendered":"<h3><strong>1B-LSD 10mcg Peletleri \u2013 Bilimsel Mikro Doz \u00c7al\u0131\u015fmalar\u0131<\/strong><\/h3>\n<h4><strong>1B-LSD Hakk\u0131nda<\/strong><\/h4>\n<p class=\"ds-markdown-paragraph\">apb 6, 1B-LSD (1-Butanoyl-lysergic asit dietilamid) bir <strong>ara\u015ft\u0131rma kimyasal\u0131<\/strong>\u00a0yap\u0131sal olarak LSD ile ili\u015fkilidir. Bu\u00a0<strong>ultra d\u00fc\u015f\u00fck dozlu peletler (10mcg)<\/strong>\u00a0\u00f6zel olarak geli\u015ftirilmi\u015ftir\u00a0<strong>mikrodoz ara\u015ft\u0131rmas\u0131<\/strong>\u00a0ince n\u00f6robili\u015fsel ve n\u00f6roplastik etkilere sahiptir.<\/p>\n<hr \/>\n<h3><strong>\u00dcr\u00fcn \u00f6zellikleri:<\/strong><\/h3>\n<p class=\"ds-markdown-paragraph\">\u2705\u00a0<strong>Ultra hassas mikro dozlama<\/strong>\u00a0- Bire bir ayn\u0131\u00a0<strong>Pelet ba\u015f\u0131na 10 mikrogram (0,01 mg)<\/strong><br \/>\n\u2705\u00a0<strong>Analitik kalite<\/strong>\u00a0\u2013 Hassas \u00e7al\u0131\u015fmalar i\u00e7in HPLC ile safla\u015ft\u0131r\u0131ld\u0131<br \/>\n\u2705\u00a0<strong>Tutarl\u0131 biyoyararlan\u0131m<\/strong>\u00a0\u2013 Bilimsel \u00e7al\u0131\u015fmalar i\u00e7in optimum form\u00fclasyon<br \/>\n\u2705\u00a0<strong>Uzun vadeli ara\u015ft\u0131rmalara uygundur<\/strong>\u00a0\u2013 Tekrarlanan uygulama i\u00e7in d\u00fc\u015f\u00fck doz<\/p>\n<hr \/>\n<h3><strong>Ara\u015ft\u0131rma f\u0131rsatlar\u0131:<\/strong><\/h3>\n<ul>\n<li>\n<p class=\"ds-markdown-paragraph\"><strong>N\u00f6roplastisite<\/strong> \u2013 BDNF ekspresyonu ve sinaptik plastisite \u00e7al\u0131\u015fmas\u0131, apb 6<\/p>\n<\/li>\n<li>\n<p class=\"ds-markdown-paragraph\"><strong>Bili\u015fsel i\u015flevler<\/strong>\u00a0\u2013 \u00c7al\u0131\u015fma belle\u011fi ve yarat\u0131c\u0131 d\u00fc\u015f\u00fcnme \u00fczerindeki etkileri<\/p>\n<\/li>\n<li>\n<p class=\"ds-markdown-paragraph\"><strong>Duygudurum mod\u00fclasyonu<\/strong>\u00a0\u2013 \u0130nce ruh hali de\u011fi\u015fiklikleri \u00fczerine ara\u015ft\u0131rma<\/p>\n<\/li>\n<li>\n<p class=\"ds-markdown-paragraph\"><strong>Kar\u015f\u0131la\u015ft\u0131rmal\u0131 farmakoloji<\/strong>\u00a0\u2013 Di\u011fer lizergamidlerle kar\u015f\u0131la\u015ft\u0131r\u0131ld\u0131\u011f\u0131nda de\u011ferlendirme<\/p>\n<\/li>\n<\/ul>\n<hr \/>\n<h3><strong>Ara\u015ft\u0131rma Protokol\u00fc ve Dozaj:<\/strong><\/h3>\n<p class=\"ds-markdown-paragraph\">\ud83d\udd2c\u00a0<strong>\u00d6nerilen ara\u015ft\u0131rma parametreleri:<\/strong><\/p>\n<ul>\n<li>\n<p class=\"ds-markdown-paragraph\"><strong>S\u0131kl\u0131k<\/strong>: Birikim \u00e7al\u0131\u015fmalar\u0131 i\u00e7in her 3-4 g\u00fcnde bir 1x<\/p>\n<\/li>\n<li>\n<p class=\"ds-markdown-paragraph\"><strong>S\u00fcre<\/strong>: Ara\u015ft\u0131rma d\u00f6ng\u00fcs\u00fc ba\u015f\u0131na maksimum 6-8 hafta<\/p>\n<\/li>\n<li>\n<p class=\"ds-markdown-paragraph\"><strong>Kontrol grubu<\/strong>Plasebo kontroll\u00fc kurulum \u015fart<\/p>\n<\/li>\n<\/ul>\n<p class=\"ds-markdown-paragraph\">\u26a0\u00a0<strong>Kritik g\u00fcvenlik \u00f6nlemleri:<\/strong><\/p>\n<ul>\n<li>\n<p class=\"ds-markdown-paragraph\"><strong>Kesinlikle in vitro\/in vivo hayvan \u00e7al\u0131\u015fmalar\u0131 i\u00e7indir<\/strong>\u00a0(insan \u00fczerinde deneme yok)<\/p>\n<\/li>\n<li>\n<p class=\"ds-markdown-paragraph\"><strong>Kombinasyondan ka\u00e7\u0131n\u0131n<\/strong>\u00a0MAO inhibit\u00f6rleri veya serotoninerjik ajanlarla<\/p>\n<\/li>\n<li>\n<p class=\"ds-markdown-paragraph\"><strong>Psikiyatrik izleme<\/strong>\u00a0hayvan modellerinde<\/p>\n<\/li>\n<\/ul>\n<hr \/>\n<h3><strong>Hukuki Durum (2024):<\/strong><\/h3>\n<ul>\n<li>\n<p class=\"ds-markdown-paragraph\"><strong>D\u00fczenlenmemi\u015f<\/strong>\u00a0baz\u0131 yarg\u0131 b\u00f6lgelerinde ara\u015ft\u0131rma kimyasal\u0131 olarak<\/p>\n<\/li>\n<li>\n<p class=\"ds-markdown-paragraph\"><strong>Yasakl\u0131<\/strong>\u00a0d\u00fcnya \u00e7ap\u0131nda insan kullan\u0131m\u0131 i\u00e7in<\/p>\n<\/li>\n<li>\n<p class=\"ds-markdown-paragraph\"><strong>Sadece akredite ara\u015ft\u0131rma kurumlar\u0131 i\u00e7in<\/strong><\/p>\n<\/li>\n<\/ul>\n<hr \/>\n<h3><strong>Bu Mikrodoz Peletler Neden?<\/strong><\/h3>\n<p class=\"ds-markdown-paragraph\">\ud83d\udd2c\u00a0<strong>Benzersiz ara\u015ft\u0131rma arac\u0131<\/strong>\u00a0\u2013 \u0130lk standartla\u015ft\u0131r\u0131lm\u0131\u015f 1B-LSD mikrodozu<br \/>\n\ud83d\udce6\u00a0<strong>Uzman paketleme<\/strong>\u00a0\u2013 Tek tek ayr\u0131lm\u0131\u015f blister ambalaj<br \/>\n\ud83d\udcca\u00a0<strong>Ara\u015ft\u0131rma kiti<\/strong>\u00a0\u2013 Talep \u00fczerine plasebo kontrol peletleri dahil<\/p>\n<hr \/>\n<h3><strong>Depolama ve Stabilite:<\/strong><\/h3>\n<ul>\n<li>\n<p class=\"ds-markdown-paragraph\"><strong>Saklama ko\u015fullar\u0131<\/strong>: 2-8\u00b0C (buzdolab\u0131) koyu renkli ambalajda<\/p>\n<\/li>\n<li>\n<p class=\"ds-markdown-paragraph\"><strong>Raf \u00f6mr\u00fc<\/strong>: Do\u011fru \u015fekilde sakland\u0131\u011f\u0131nda 24 ay<\/p>\n<\/li>\n<li>\n<p class=\"ds-markdown-paragraph\"><strong>Ta\u015f\u0131ma<\/strong>: Kullan\u0131rken eldiven kullan\u0131n<\/p>\n<\/li>\n<\/ul>\n<hr \/>\n<h3><strong>\u00d6nemli Ara\u015ft\u0131rma S\u0131n\u0131rlamalar\u0131:<\/strong><\/h3>\n<ul>\n<li>\n<p class=\"ds-markdown-paragraph\"><strong>\u00c7apraz tolerans \u00e7al\u0131\u015fmas\u0131 yok<\/strong>\u00a0klasik psikedeliklerle<\/p>\n<\/li>\n<li>\n<p class=\"ds-markdown-paragraph\"><strong>Maksimum ara\u015ft\u0131rma s\u00fcresi<\/strong>\u00a0deney ba\u015f\u0131na 2 ay<\/p>\n<\/li>\n<li>\n<p class=\"ds-markdown-paragraph\"><strong>Zorunlu y\u0131kama s\u00fcreleri<\/strong>\u00a0\u00e7al\u0131\u015fmalar aras\u0131nda<\/p>\n<\/li>\n<\/ul>\n<hr \/>\n<p class=\"ds-markdown-paragraph\"><strong>Akademik Kurumlar \u0130\u00e7in:<\/strong><br \/>\n*100-500 peletlik test kitleri halinde mevcuttur. \u0130\u00e7eri\u011fi:*<\/p>\n<ul>\n<li>\n<p class=\"ds-markdown-paragraph\">Analitik sertifika<\/p>\n<\/li>\n<li>\n<p class=\"ds-markdown-paragraph\">Plasebo kontrol seti<\/p>\n<\/li>\n<li>\n<p class=\"ds-markdown-paragraph\">Standart ara\u015ft\u0131rma protokol\u00fc. <a href=\"https:\/\/globalsourcechemicals.com\/tr\/magaza\/iboga-ibogaine\/iboga-kok-kabugu\/\">iboga k\u00f6k kabu\u011fu<\/a><a href=\"https:\/\/globalsourcechemicals.com\/tr\/magaza\/iboga-ibogaine\/ibogaine-hclyi-cevrimici-satin-al\/\">ibogaine hcl&#039;yi \u00e7evrimi\u00e7i sat\u0131n al<\/a><a href=\"https:\/\/globalsourcechemicals.com\/tr\/magaza\/lizergamidler\/1cp-lsd\/\">1cp lsd<\/a><a href=\"https:\/\/globalsourcechemicals.com\/tr\/magaza\/pelet-icin-peletler\/o-dsmt-50-mg-peletler\/\">o-dsmt<\/a><a href=\"https:\/\/globalsourcechemicals.com\/tr\/magaza\/lizergamidler\/1vlsd\/\">1vlsd<\/a><\/p>\n<\/li>\n<\/ul>","protected":false},"excerpt":{"rendered":"<h3>1Bz-LSD 10mcg Pellets \u2013 Microdose<\/h3>\n<p><strong>Synoniem<\/strong>: n\/a<br \/>\n<strong>CAS Nummer<\/strong>: n\/a<br \/>\n<b>IUPAC: <\/b>(6aR,9R)-4-benzoyl-N,N-diethyl-7-methyl-4,6,6a,7,8,9-hexahydroindolo[4,3-fg]quinoline-9-carboxamide hemitartrate<br \/>\n<strong>Molmassa<\/strong>: 427.23 g\/mol<br \/>\n<strong>Zuiverheid<\/strong>: &gt;99%<\/p>\n","protected":false},"featured_media":27732,"comment_status":"closed","ping_status":"closed","template":"","meta":[],"product_brand":[82],"product_cat":[375,376,358,324],"product_tag":[763,758,760,762,759,761],"class_list":{"0":"post-24700","1":"product","2":"type-product","3":"status-publish","4":"has-post-thumbnail","6":"product_brand-research-chemical","7":"product_cat-1bz-lsd","8":"product_cat-1bz-lsd-pellets","9":"product_cat-lysergamides","10":"product_cat-pellets-for-pellet","11":"product_tag-1-benzoyl-lsd","12":"product_tag-1bz-lsd","13":"product_tag-1bz-lsd-10mcg","14":"product_tag-1bz-lsd-microdose","15":"product_tag-1bz-lsd-pellets","16":"product_tag-microdosing-1bz-lsd","18":"first","19":"instock","20":"taxable","21":"shipping-taxable","22":"purchasable","23":"product-type-variable"},"_links":{"self":[{"href":"https:\/\/globalsourcechemicals.com\/tr\/wp-json\/wp\/v2\/product\/24700","targetHints":{"allow":["GET"]}}],"collection":[{"href":"https:\/\/globalsourcechemicals.com\/tr\/wp-json\/wp\/v2\/product"}],"about":[{"href":"https:\/\/globalsourcechemicals.com\/tr\/wp-json\/wp\/v2\/types\/product"}],"replies":[{"embeddable":true,"href":"https:\/\/globalsourcechemicals.com\/tr\/wp-json\/wp\/v2\/comments?post=24700"}],"version-history":[{"count":6,"href":"https:\/\/globalsourcechemicals.com\/tr\/wp-json\/wp\/v2\/product\/24700\/revisions"}],"predecessor-version":[{"id":26427,"href":"https:\/\/globalsourcechemicals.com\/tr\/wp-json\/wp\/v2\/product\/24700\/revisions\/26427"}],"wp:featuredmedia":[{"embeddable":true,"href":"https:\/\/globalsourcechemicals.com\/tr\/wp-json\/wp\/v2\/media\/27732"}],"wp:attachment":[{"href":"https:\/\/globalsourcechemicals.com\/tr\/wp-json\/wp\/v2\/media?parent=24700"}],"wp:term":[{"taxonomy":"product_brand","embeddable":true,"href":"https:\/\/globalsourcechemicals.com\/tr\/wp-json\/wp\/v2\/product_brand?post=24700"},{"taxonomy":"product_cat","embeddable":true,"href":"https:\/\/globalsourcechemicals.com\/tr\/wp-json\/wp\/v2\/product_cat?post=24700"},{"taxonomy":"product_tag","embeddable":true,"href":"https:\/\/globalsourcechemicals.com\/tr\/wp-json\/wp\/v2\/product_tag?post=24700"}],"curies":[{"name":"wp","href":"https:\/\/api.w.org\/{rel}","templated":true}]}}