{"id":24192,"date":"2025-04-13T17:41:13","date_gmt":"2025-04-13T17:41:13","guid":{"rendered":"https:\/\/globalsourcechemicals.com\/?post_type=product&#038;p=24192"},"modified":"2025-04-22T15:14:49","modified_gmt":"2025-04-22T15:14:49","slug":"3-fpm-satin-al","status":"publish","type":"product","link":"https:\/\/globalsourcechemicals.com\/tr\/magaza\/b2b\/3-fpm-satin-al\/","title":{"rendered":"RC+ Flor 3-FPM 50 mg Kutu"},"content":{"rendered":"<h1><strong>3 FPM 50 mg Kutu Sat\u0131n Al\u0131n - Bilimsel Deneyler \u0130\u00e7in Birinci S\u0131n\u0131f Ara\u015ft\u0131rma Kimyasal\u0131<\/strong><\/h1>\n<h2><strong>3-FPM (3-Florofenmetrazin) 50 mg \u2013 Benzersiz Bir Ara\u015ft\u0131rma Maddesi<\/strong><\/h2>\n<p class=\"ds-markdown-paragraph\">The\u00a0<strong>RC+ 3 FPM 50 mg Kutu Sat\u0131n Al\u0131n<\/strong>\u00a0Yap\u0131sal \u00f6zellikleri ve farmakolojik profili nedeniyle bilimsel a\u00e7\u0131dan ilgi \u00e7ekici, y\u00fcksek kaliteli bir ara\u015ft\u0131rma kimyasal\u0131 i\u00e7erir. Bu flor t\u00fcrevi fenmetrazin analo\u011fu, yaln\u0131zca in vitro ara\u015ft\u0131rmalar ve analitik ama\u00e7lar i\u00e7in sat\u0131lmaktad\u0131r.<\/p>\n<p class=\"ds-markdown-paragraph\">Kesin bir dozajla\u00a0<strong>Birim ba\u015f\u0131na 50 mg<\/strong>\u00a0Bu \u00fcr\u00fcn ara\u015ft\u0131rmac\u0131lara kontroll\u00fc bilimsel deneyler i\u00e7in g\u00fcvenilir bir kaynak sa\u011flar.<a title=\"2-CMC 250 mg peletler\" href=\"https:\/\/globalsourcechemicals.com\/tr\/magaza\/katinonlar\/2-cmc-satin-al\/\" target=\"_blank\" rel=\"noopener\">2-CMC 250 mg peletler<\/a><\/p>\n<hr \/>\n<h2><strong>RC+ 3-FPM 50 mg&#039;\u0131n Temel \u00d6zellikleri<\/strong><\/h2>\n<p class=\"ds-markdown-paragraph\">\u2705\u00a0<strong>Y\u00fcksek Safl\u0131k:<\/strong>\u00a0\u226598% safl\u0131\u011f\u0131 i\u00e7in analitik olarak test edildi<br \/>\n\u2705\u00a0<strong>Tam Dozaj:<\/strong>\u00a0Tekrarlanabilir sonu\u00e7lar i\u00e7in birim ba\u015f\u0131na 50 mg<br \/>\n\u2705\u00a0<strong>Kararl\u0131 Form\u00fclasyon:<\/strong>\u00a0Do\u011fru depolama ko\u015fullar\u0131 alt\u0131nda optimum raf \u00f6mr\u00fc<br \/>\n\u2705\u00a0<strong>Bilimsel Paketleme:<\/strong>\u00a0Hafif ve hava ge\u00e7irmez ambalaj<br \/>\n\u2705\u00a0<strong>H\u0131zl\u0131 Teslimat:<\/strong>\u00a0Saat 15:00&#039;ten \u00f6nce sipari\u015f verdiyseniz, genellikle ayn\u0131 g\u00fcn kargoya verilir.<\/p>\n<hr \/>\n<h2><strong>Bilimsel \u0130lgililik<\/strong><\/h2>\n<p class=\"ds-markdown-paragraph\">3-FPM ara\u015ft\u0131rma a\u00e7\u0131s\u0131ndan ilgin\u00e7 bir bile\u015fiktir \u00e7\u00fcnk\u00fc:<\/p>\n<p class=\"ds-markdown-paragraph\">\u2022\u00a0<strong>Yap\u0131sal benzersizlik<\/strong>\u00a0fenmetrazinin bir flor t\u00fcrevi olarak<br \/>\n\u2022\u00a0<strong>Potansiyel farmakodinamik \u00f6zellikler<\/strong>\u00a0bilimsel \u00e7al\u0131\u015fma i\u00e7in<br \/>\n\u2022\u00a0<strong>Uygulama olanaklar\u0131<\/strong> n\u00f6rokimyasal ve farmakolojik ara\u015ft\u0131rmalarda.<a title=\"1V-LSD 150 MCG Blotterlar\" href=\"https:\/\/globalsourcechemicals.com\/tr\/magaza\/lizergamidler\/1v-lsd-150-mcg-blotters\/\" target=\"_blank\" rel=\"noopener\">1V-LSD 150 MCG Blotterlar<\/a><\/p>\n<hr \/>\n<h2><strong>G\u00fcvenlik Protokol\u00fc ve Ara\u015ft\u0131rma Y\u00f6nergeleri<\/strong><\/h2>\n<p class=\"ds-markdown-paragraph\">\u26a0\u00a0<strong>\u00d6NEML\u0130:<\/strong><\/p>\n<ul>\n<li>\n<p class=\"ds-markdown-paragraph\"><strong>Sadece in vitro ara\u015ft\u0131rmalar i\u00e7in<\/strong><\/p>\n<\/li>\n<li>\n<p class=\"ds-markdown-paragraph\"><strong>\u0130nsan veya hayvan t\u00fcketimi i\u00e7in de\u011fildir<\/strong><\/p>\n<\/li>\n<li>\n<p class=\"ds-markdown-paragraph\"><strong>Yaln\u0131zca nitelikli ara\u015ft\u0131rmac\u0131lar i\u00e7in<\/strong><\/p>\n<\/li>\n<\/ul>\n<p class=\"ds-markdown-paragraph\">\ud83d\udd2c\u00a0<strong>Laboratuvar gereksinimleri:<\/strong><\/p>\n<ul>\n<li>\n<p class=\"ds-markdown-paragraph\">Kontroll\u00fc bir ara\u015ft\u0131rma ortam\u0131nda kullan\u0131n<\/p>\n<\/li>\n<li>\n<p class=\"ds-markdown-paragraph\">Uygun ki\u015fisel koruyucu ekipman giyin<\/p>\n<\/li>\n<li>\n<p class=\"ds-markdown-paragraph\">T\u00fcm kurumsal g\u00fcvenlik protokollerine uyun.<a title=\"O-DSMT 50 mg Peletleri\" href=\"https:\/\/globalsourcechemicals.com\/tr\/magaza\/pellets\/o-dsmt-50-mg-peletler\/\" target=\"_blank\" rel=\"noopener\">O-DSMT 50 mg Peletleri<\/a><\/p>\n<\/li>\n<\/ul>\n<hr \/>\n<h2><strong>Depolama tavsiyesi<\/strong><\/h2>\n<p class=\"ds-markdown-paragraph\">\u2022 Ma\u011fazada saklay\u0131n\u00a0<strong>15-25\u00b0C<\/strong><br \/>\n\u2022 Kar\u015f\u0131 koruyun\u00a0<strong>nem ve do\u011frudan \u0131\u015f\u0131k<\/strong><br \/>\n\u2022\u00a0<strong>Orijinal ambalaj<\/strong>\u00a0\u0131srar etmek<\/p>\n<hr \/>\n<h2><strong>Sipari\u015f bilgileri<\/strong><\/h2>\n<p class=\"ds-markdown-paragraph\"><strong>\u00dcr\u00fcn kodu:<\/strong>\u00a0RC-3FPM-50<br \/>\n<strong>Ambalajlama:<\/strong>\u00a010 \u00fcnite 50 mg<br \/>\n<strong>Teslimat s\u00fcresi:<\/strong> 1-3 i\u015f g\u00fcn\u00fc (Hollanda i\u00e7inde).<a title=\"1cP-LSD 150 MCG Sanat Emicileri\" href=\"https:\/\/globalsourcechemicals.com\/tr\/magaza\/lizergamidler\/1cp-lsd-150-mcg\/\" target=\"_blank\" rel=\"noopener\">1cP-LSD 150 MCG Sanat Emicileri<\/a><\/p>","protected":false},"excerpt":{"rendered":"<p>3 FPM 50 mg Kutu Sat\u0131n Al\u0131n - Bilimsel Deneyler i\u00e7in Birinci S\u0131n\u0131f Ara\u015ft\u0131rma Kimyasal\u0131 3-FPM (3-Florofenmetrazin) 50 mg - Benzersiz Bir Ara\u015ft\u0131rma Kimyasal\u0131 RC+ 3<\/p>","protected":false},"featured_media":20535,"comment_status":"closed","ping_status":"closed","template":"","meta":[],"product_brand":[82],"product_cat":[555],"product_tag":[881,606,601,605,326],"class_list":{"0":"post-24192","1":"product","2":"type-product","3":"status-publish","4":"has-post-thumbnail","6":"product_brand-research-chemical","7":"product_cat-b2b","8":"product_tag-3-fpm-kopen","9":"product_tag-3-fluorophenmetrazine","10":"product_tag-3-fpm","11":"product_tag-3fpm","12":"product_tag-nl","14":"first","15":"instock","16":"taxable","17":"shipping-taxable","18":"purchasable","19":"product-type-variable"},"_links":{"self":[{"href":"https:\/\/globalsourcechemicals.com\/tr\/wp-json\/wp\/v2\/product\/24192","targetHints":{"allow":["GET"]}}],"collection":[{"href":"https:\/\/globalsourcechemicals.com\/tr\/wp-json\/wp\/v2\/product"}],"about":[{"href":"https:\/\/globalsourcechemicals.com\/tr\/wp-json\/wp\/v2\/types\/product"}],"replies":[{"embeddable":true,"href":"https:\/\/globalsourcechemicals.com\/tr\/wp-json\/wp\/v2\/comments?post=24192"}],"version-history":[{"count":3,"href":"https:\/\/globalsourcechemicals.com\/tr\/wp-json\/wp\/v2\/product\/24192\/revisions"}],"predecessor-version":[{"id":26036,"href":"https:\/\/globalsourcechemicals.com\/tr\/wp-json\/wp\/v2\/product\/24192\/revisions\/26036"}],"wp:featuredmedia":[{"embeddable":true,"href":"https:\/\/globalsourcechemicals.com\/tr\/wp-json\/wp\/v2\/media\/20535"}],"wp:attachment":[{"href":"https:\/\/globalsourcechemicals.com\/tr\/wp-json\/wp\/v2\/media?parent=24192"}],"wp:term":[{"taxonomy":"product_brand","embeddable":true,"href":"https:\/\/globalsourcechemicals.com\/tr\/wp-json\/wp\/v2\/product_brand?post=24192"},{"taxonomy":"product_cat","embeddable":true,"href":"https:\/\/globalsourcechemicals.com\/tr\/wp-json\/wp\/v2\/product_cat?post=24192"},{"taxonomy":"product_tag","embeddable":true,"href":"https:\/\/globalsourcechemicals.com\/tr\/wp-json\/wp\/v2\/product_tag?post=24192"}],"curies":[{"name":"wp","href":"https:\/\/api.w.org\/{rel}","templated":true}]}}