{"id":24142,"date":"2025-04-13T17:41:08","date_gmt":"2025-04-13T17:41:08","guid":{"rendered":"https:\/\/globalsourcechemicals.com\/?post_type=product&#038;p=24142"},"modified":"2025-04-15T13:46:48","modified_gmt":"2025-04-15T13:46:48","slug":"chem-mist-1cp-lsd-spray","status":"publish","type":"product","link":"https:\/\/globalsourcechemicals.com\/tr\/magaza\/b2b\/chem-mist-1cp-lsd-spray\/","title":{"rendered":"Chem-mist 1cP-LSD Sprey"},"content":{"rendered":"<h2><strong>Chem-mist 1cP-LSD Sprey<\/strong><\/h2>\n<ul>\n<li><strong>Perakende ambalaj\u0131<br \/> <\/strong><\/li>\n<li><strong>Sprey ba\u015f\u0131na ml miktar\u0131: 10<\/strong><\/li>\n<li><strong>Hoeveelheid 1cP-LSD per spray: 350mcg<\/strong><\/li>\n<li><strong>Fiyatlara 21% KDV dahil de\u011fildir<\/strong><\/li>\n<li><strong>Adviesverkoopprijs: \u20ac39,95 incl. BTW<\/strong><\/li>\n<\/ul>","protected":false},"excerpt":{"rendered":"<p>Chem-mist 1cP-LSD Sprey Perakende ambalaj\u0131 Miktar sprey ba\u015f\u0131na ml: 10 Miktar sprey ba\u015f\u0131na 1cP-LSD: 350mcg Fiyatlara 21% KDV dahil de\u011fildir \u00d6nerilen perakende fiyat\u0131: 39,95 \u20ac<\/p>","protected":false},"featured_media":20819,"comment_status":"closed","ping_status":"closed","template":"","meta":[],"product_brand":[],"product_cat":[555],"product_tag":[326],"class_list":{"0":"post-24142","1":"product","2":"type-product","3":"status-publish","4":"has-post-thumbnail","6":"product_cat-b2b","7":"product_tag-nl","9":"first","10":"instock","11":"taxable","12":"shipping-taxable","13":"purchasable","14":"product-type-variable"},"_links":{"self":[{"href":"https:\/\/globalsourcechemicals.com\/tr\/wp-json\/wp\/v2\/product\/24142","targetHints":{"allow":["GET"]}}],"collection":[{"href":"https:\/\/globalsourcechemicals.com\/tr\/wp-json\/wp\/v2\/product"}],"about":[{"href":"https:\/\/globalsourcechemicals.com\/tr\/wp-json\/wp\/v2\/types\/product"}],"replies":[{"embeddable":true,"href":"https:\/\/globalsourcechemicals.com\/tr\/wp-json\/wp\/v2\/comments?post=24142"}],"version-history":[{"count":1,"href":"https:\/\/globalsourcechemicals.com\/tr\/wp-json\/wp\/v2\/product\/24142\/revisions"}],"predecessor-version":[{"id":24166,"href":"https:\/\/globalsourcechemicals.com\/tr\/wp-json\/wp\/v2\/product\/24142\/revisions\/24166"}],"wp:featuredmedia":[{"embeddable":true,"href":"https:\/\/globalsourcechemicals.com\/tr\/wp-json\/wp\/v2\/media\/20819"}],"wp:attachment":[{"href":"https:\/\/globalsourcechemicals.com\/tr\/wp-json\/wp\/v2\/media?parent=24142"}],"wp:term":[{"taxonomy":"product_brand","embeddable":true,"href":"https:\/\/globalsourcechemicals.com\/tr\/wp-json\/wp\/v2\/product_brand?post=24142"},{"taxonomy":"product_cat","embeddable":true,"href":"https:\/\/globalsourcechemicals.com\/tr\/wp-json\/wp\/v2\/product_cat?post=24142"},{"taxonomy":"product_tag","embeddable":true,"href":"https:\/\/globalsourcechemicals.com\/tr\/wp-json\/wp\/v2\/product_tag?post=24142"}],"curies":[{"name":"wp","href":"https:\/\/api.w.org\/{rel}","templated":true}]}}