{"id":24095,"date":"2025-04-13T17:41:03","date_gmt":"2025-04-13T17:41:03","guid":{"rendered":"https:\/\/globalsourcechemicals.com\/?post_type=product&#038;p=24095"},"modified":"2025-10-02T18:02:29","modified_gmt":"2025-10-02T18:02:29","slug":"1v-lsd-valerie-10mcg","status":"publish","type":"product","link":"https:\/\/globalsourcechemicals.com\/tr\/magaza\/1v-lsd\/1v-lsd-valerie-10mcg\/","title":{"rendered":"1V-LSD Valerie 10mcg Mikro Peletler"},"content":{"rendered":"<h1>1V LSD Valerie 10mcg Mikro Peletler \u2013 Bilin\u00e7li Ke\u015fif \u0130\u00e7in Hassas Bir Doz<\/h1>\n<p>Ara\u015ft\u0131rma kimyasallar\u0131ndaki en son yenilikleri ke\u015ffedin <strong>1V-LSD Valerie 10mcg Mikro Peletler<\/strong> \u2013 Ciddi ara\u015ft\u0131rmac\u0131lar ve psikonautlar i\u00e7in geli\u015fmi\u015f ve tutarl\u0131 dozlu bir \u00fcr\u00fcn. Bu mikro peletler, son derece hassas bir dozlama sunar. <strong>Birim ba\u015f\u0131na 10 mikrogram<\/strong>Bu da onlar\u0131 kontroll\u00fc deneyler ve mikrodozlama i\u00e7in ideal hale getirir.<\/p>\n<h2>Neden 1V-LSD Valerie&#039;yi Se\u00e7melisiniz?<\/h2>\n<p>1V-LSD (1-Valeril-D-liserjik asit dietilamid), ara\u015ft\u0131rma camias\u0131nda en \u00e7ok tart\u0131\u015f\u0131lan analoglardan biridir ve kararl\u0131l\u0131\u011f\u0131 ve g\u00fcvenilirli\u011fi ile bilinmektedir. <strong>Valerie<\/strong>Sevgiyle adland\u0131r\u0131ld\u0131\u011f\u0131 gibi, lizergamidlere daha nazik, daha y\u00f6netilebilir bir yakla\u015f\u0131m arayanlar i\u00e7in m\u00fckemmel, incelikli ancak anlaml\u0131 etkileri olan benzersiz bir deneyim sunar.<\/p>\n<p>Bu <strong>mikro peletler<\/strong> ile yap\u0131l\u0131r <strong>ila\u00e7 s\u0131n\u0131f\u0131 hassasiyet<\/strong>her bir peletin tam bir dozunu olu\u015fturarak <strong>10mcg<\/strong> Bu, hacimsel dozajlama ihtiyac\u0131n\u0131 ortadan kald\u0131r\u0131r ve daha g\u00fcvenli, daha kullan\u0131c\u0131 dostu bir deneyim sa\u011flar.<\/p>\n<h2>Mikrodozlama ve Ara\u015ft\u0131rma i\u00e7in \u0130deal<\/h2>\n<p>Mikrodozlaman\u0131n savunucular\u0131 genellikle bir <strong>d\u00fc\u015f\u00fck dozlu, tutarl\u0131 se\u00e7enek<\/strong> bili\u015fsel esnekli\u011fi, yarat\u0131c\u0131l\u0131\u011f\u0131 ve odaklanmay\u0131 desteklemek i\u00e7in. Sadece <strong>pelet ba\u015f\u0131na 10mcg<\/strong> 1V-LSD Valerie, a\u015f\u0131r\u0131 etkilere maruz kalmadan mikrodozaj\u0131 denemek isteyenler i\u00e7in m\u00fckemmel bir ba\u015flang\u0131\u00e7 noktas\u0131 sunuyor.<\/p>\n<p>Ara\u015ft\u0131rmac\u0131lar bunu takdir ediyor <strong>safl\u0131k ve istikrar<\/strong> En y\u00fcksek kaliteyi garantilemek i\u00e7in \u00f6zenle test edilen bu peletlerden her biri. Her parti, s\u0131k\u0131 laboratuvar ko\u015fullar\u0131 alt\u0131nda \u00fcretildi\u011finden, kullan\u0131c\u0131lar g\u00fcvenilir bir <strong>g\u00fcvenilir ve tekrarlanabilir \u00fcr\u00fcn<\/strong>.<\/p>\n<h2>Kullan\u0131m Kolayl\u0131\u011f\u0131 ve Gizli Tasar\u0131m<\/h2>\n<p>Peletler bir pakette paketlenmi\u015ftir <strong>hava ge\u00e7irmez, \u0131\u015f\u0131k ge\u00e7irmez ambalaj<\/strong> B\u00fct\u00fcnl\u00fcklerini korumak i\u00e7in. Kompakt boyutlar\u0131 sayesinde ta\u015f\u0131mas\u0131 kolay ve kullan\u0131m\u0131 g\u00f6ze batmayan bir yap\u0131ya sahiptir. \u0130ster kontroll\u00fc bir \u00e7al\u0131\u015fma y\u00fcr\u00fct\u00fcyor olun, ister ki\u015fisel ke\u015fiflerle ilgileniyor olun, bu mikro peletler <strong>pratik ve do\u011fru \u00e7\u00f6z\u00fcm<\/strong>.<\/p>\n<h2>G\u00fcvenli ve Sorumlu Kullan\u0131m<\/h2>\n<p>T\u00fcm ara\u015ft\u0131rma kimyasallar\u0131nda oldu\u011fu gibi, <strong>sorumlu ve bilgili<\/strong> Devam etmek i\u00e7in. 1V-LSD Valerie yaln\u0131zca ara\u015ft\u0131rma ama\u00e7l\u0131d\u0131r ve insan t\u00fcketimi i\u00e7in de\u011fildir. <strong>g\u00fcvenli ortam<\/strong>, her zaman dikkatli bir \u015fekilde \u00f6l\u00e7\u00fcn ve bireysel hassasiyetleri belirlemek i\u00e7in d\u00fc\u015f\u00fck bir dozla ba\u015flay\u0131n.<\/p>\n<h2>\u015eimdi Sipari\u015f Verin ve Olanaklar\u0131 Ke\u015ffedin<\/h2>\n<p>\u0130ster deneyimli bir ara\u015ft\u0131rmac\u0131 olun, ister lizergamidler d\u00fcnyas\u0131na merakl\u0131 olun, <strong>1V-LSD Valerie 10mcg Mikro Peletler<\/strong> Hassasiyet ve kontrolle deney yapmak i\u00e7in e\u015fsiz bir f\u0131rsat sunuyoruz. Hemen sipari\u015f verin ve yeni nesil ara\u015ft\u0131rma kimyasallar\u0131n\u0131 deneyimleyin!<\/p>\n<p><em>L\u00fctfen dikkat: Bu \u00fcr\u00fcn yaln\u0131zca <a href=\"http:\/\/google.nl\" target=\"_blank\" rel=\"noopener\">i\u00e7in<\/a> Sadece ara\u015ft\u0131rma ama\u00e7l\u0131d\u0131r ve insan t\u00fcketimi i\u00e7in de\u011fildir. \u00c7ocuklar\u0131n eri\u015femeyece\u011fi yerde saklay\u0131n. Serin ve kuru bir yerde saklay\u0131n.<\/em><\/p>\n<p><a title=\"1V-LSD 150 MCG Blotterlar\" href=\"https:\/\/globalsourcechemicals.com\/tr\/magaza\/lizergamidler\/1v-lsd-150-mcg-blotters\/\" target=\"_blank\" rel=\"noopener\">1V-LSD 150 MCG Blotterlar <\/a><a title=\"2-CMC 250 mg peletler\" href=\"https:\/\/globalsourcechemicals.com\/tr\/magaza\/katinonlar\/2-cmc-satin-al\/\" target=\"_blank\" rel=\"noopener\">2-CMC 250 mg peletler <\/a><a title=\"2C-EF 2 mg Kaps\u00fcller\" href=\"https:\/\/globalsourcechemicals.com\/tr\/magaza\/fenetilamin\/2c-ef-2-mg-kapsul\/\" target=\"_blank\" rel=\"noopener\">2C-EF 2 mg Kaps\u00fcller <\/a><a title=\"6-CL-ADBA\" href=\"https:\/\/globalsourcechemicals.com\/tr\/magaza\/neredeyse-yasaklandi\/6-cl-adba\/\" target=\"_blank\" rel=\"noopener\">6-CL-ADBA<\/a><\/p>","protected":false},"excerpt":{"rendered":"<h2>1V-LSD Valerie 10mcg Mikro Peletler \u2013 Mikro Dozajlama<\/h2>\n<p>1V-LSD yaln\u0131zca ara\u015ft\u0131rma ama\u00e7l\u0131 satt\u0131\u011f\u0131m\u0131z bir maddedir ve bu nedenle insan t\u00fcketimi i\u00e7in uygun de\u011fildir. 1V-LSD, do\u011fru ortamda sakland\u0131\u011f\u0131nda iki y\u0131la kadar ara\u015ft\u0131rma ama\u00e7l\u0131 kullan\u0131labilir.<\/p>","protected":false},"featured_media":27752,"comment_status":"closed","ping_status":"closed","template":"","meta":[],"product_brand":[82],"product_cat":[364,380,358,324],"product_tag":[631,582,326],"class_list":{"0":"post-24095","1":"product","2":"type-product","3":"status-publish","4":"has-post-thumbnail","6":"product_brand-research-chemical","7":"product_cat-1v-lsd","8":"product_cat-1v-lsd-pellets","9":"product_cat-lysergamides","10":"product_cat-pellets-for-pellet","11":"product_tag-1v-lsd","12":"product_tag-1vlsd","13":"product_tag-nl","15":"first","16":"instock","17":"taxable","18":"shipping-taxable","19":"purchasable","20":"product-type-variable"},"_links":{"self":[{"href":"https:\/\/globalsourcechemicals.com\/tr\/wp-json\/wp\/v2\/product\/24095","targetHints":{"allow":["GET"]}}],"collection":[{"href":"https:\/\/globalsourcechemicals.com\/tr\/wp-json\/wp\/v2\/product"}],"about":[{"href":"https:\/\/globalsourcechemicals.com\/tr\/wp-json\/wp\/v2\/types\/product"}],"replies":[{"embeddable":true,"href":"https:\/\/globalsourcechemicals.com\/tr\/wp-json\/wp\/v2\/comments?post=24095"}],"version-history":[{"count":4,"href":"https:\/\/globalsourcechemicals.com\/tr\/wp-json\/wp\/v2\/product\/24095\/revisions"}],"predecessor-version":[{"id":26429,"href":"https:\/\/globalsourcechemicals.com\/tr\/wp-json\/wp\/v2\/product\/24095\/revisions\/26429"}],"wp:featuredmedia":[{"embeddable":true,"href":"https:\/\/globalsourcechemicals.com\/tr\/wp-json\/wp\/v2\/media\/27752"}],"wp:attachment":[{"href":"https:\/\/globalsourcechemicals.com\/tr\/wp-json\/wp\/v2\/media?parent=24095"}],"wp:term":[{"taxonomy":"product_brand","embeddable":true,"href":"https:\/\/globalsourcechemicals.com\/tr\/wp-json\/wp\/v2\/product_brand?post=24095"},{"taxonomy":"product_cat","embeddable":true,"href":"https:\/\/globalsourcechemicals.com\/tr\/wp-json\/wp\/v2\/product_cat?post=24095"},{"taxonomy":"product_tag","embeddable":true,"href":"https:\/\/globalsourcechemicals.com\/tr\/wp-json\/wp\/v2\/product_tag?post=24095"}],"curies":[{"name":"wp","href":"https:\/\/api.w.org\/{rel}","templated":true}]}}