{"id":24083,"date":"2025-04-13T17:41:00","date_gmt":"2025-04-13T17:41:00","guid":{"rendered":"https:\/\/globalsourcechemicals.com\/?post_type=product&#038;p=24083"},"modified":"2025-04-21T10:49:25","modified_gmt":"2025-04-21T10:49:25","slug":"dijital-mini-terazi","status":"publish","type":"product","link":"https:\/\/globalsourcechemicals.com\/tr\/magaza\/teraziler\/dijital-mini-terazi\/","title":{"rendered":"Profesyonel Dijital Mini Terazi \u2013 50g x 0,001g"},"content":{"rendered":"<h1><strong>Dijital Mini Terazi 50g x 0,001g<\/strong><\/h1>\n<p>Hassasiyet parmaklar\u0131n\u0131z\u0131n ucunda. Bu <strong>dijital mini terazi<\/strong> Kompakt bir tasar\u0131mla ola\u011fan\u00fcst\u00fc do\u011frulu\u011fu bir araya getirir. 1000 metreye kadar \u00f6l\u00e7\u00fcm aral\u0131\u011f\u0131 sayesinde <strong>50 gram<\/strong> ve bir \u00e7\u00f6z\u00fcn\u00fcrl\u00fck <strong>0,001 gram<\/strong>, laboratuvar kullan\u0131m\u0131ndan m\u00fccevherlere, bitkilere, takviyelere veya ara\u015ft\u0131rma kimyasallar\u0131na kadar hassasiyetin \u00f6nemli oldu\u011fu uygulamalar i\u00e7in ideal bir ara\u00e7t\u0131r.<a href=\"https:\/\/globalsourcechemicals.com\/tr\/magaza\/teraziler\/dijital-cs-olcegi\/\">Dijital CS Terazisi \u2013 100g x 0,01g<\/a><\/p>\n<hr \/>\n<h4><strong>\u00d6zellikler:<\/strong><\/h4>\n<ul>\n<li><strong>\u00d6l\u00e7\u00fcm aral\u0131\u011f\u0131:<\/strong> 0,001 g ila 50 g<\/li>\n<li><strong>G\u00f6r\u00fcnt\u00fclemek:<\/strong> Net okuma i\u00e7in ayd\u0131nlatmal\u0131 LCD ekran<\/li>\n<li><strong>Kalibrasyon:<\/strong> Manuel veya otomatik (a\u011f\u0131rl\u0131k dahil de\u011fildir)<\/li>\n<li><strong>\u00d6zellikler:<\/strong> Tara\/S\u0131f\u0131rlama, Otomatik Kapanma, farkl\u0131 tart\u0131m birimleri (g, oz, ct, gn, dwt)<\/li>\n<li><strong>G\u00fc\u00e7 kayna\u011f\u0131:<\/strong> AAA pil gerektirir (genellikle dahildir)<\/li>\n<li><strong>Bi\u00e7im:<\/strong> Kompakt ve ta\u015f\u0131nabilir \u2013 ceket cebinize s\u0131\u011far.<a href=\"https:\/\/globalsourcechemicals.com\/tr\/magaza\/teraziler\/dijital-biyo-mini-olcek\/\">Dijital Biyo Mini Terazi \u2013 20g x 0,001g<\/a><\/li>\n<\/ul>\n<hr \/>\n<h4><strong>Avantajlar\u0131:<\/strong><\/h4>\n<p>\u2714 K\u00fc\u00e7\u00fck miktarlar\u0131 do\u011fru bir \u015fekilde tartmak i\u00e7in \u00e7ok uygundur<br \/>\n\u2714 Laboratuvarlar, de\u011ferli ta\u015flar, tozlar ve ince taneli maddeler i\u00e7in uygundur<br \/>\n\u2714 Kullan\u0131m\u0131 kolay \u2013 tak ve tart<br \/>\n\u2714 Koruyucu k\u0131l\u0131f veya kapak (varsa) dahildir.<a href=\"https:\/\/globalsourcechemicals.com\/tr\/magaza\/teraziler\/dijital-tank-mini-terazisi\/\">Dijital Tank Mini Terazi \u2013 20g x 0,001g<\/a><\/p>\n<hr \/>\n<p>\ud83c\udfaf <strong>\u0130\u00e7in m\u00fckemmel<\/strong>: laboratuvar profesyonelleri, koleksiyoncular, hobiciler, ara\u015ft\u0131rmac\u0131lar ve hassas dozajlarla \u00e7al\u0131\u015fan herkes.<\/p>\n<p>&nbsp;<\/p>","protected":false},"excerpt":{"rendered":"<p><strong>\u00d6zellikler:<\/strong><\/p>\n<ul>\n<li>Dijital<\/li>\n<li>0,001 g&#039;dan ba\u015flayan a\u011f\u0131rl\u0131klar<\/li>\n<li>Maksimum a\u011f\u0131rl\u0131\u011f\u0131 50g<\/li>\n<li>\u00c7al\u0131\u015f\u0131r: 2x AAA pil<\/li>\n<li>LCD ekran<\/li>\n<li>Renk: siyah<\/li>\n<\/ul>","protected":false},"featured_media":21116,"comment_status":"closed","ping_status":"closed","template":"","meta":[],"product_brand":[],"product_cat":[451],"product_tag":[452,764,767,847,765,766,768],"class_list":{"0":"post-24083","1":"product","2":"type-product","3":"status-publish","4":"has-post-thumbnail","6":"product_cat-weegschalen","7":"product_tag-de","8":"product_tag-digitale-cs-weegschaal","9":"product_tag-digitale-microweegschaal","10":"product_tag-digitale-mini-weegschaal","11":"product_tag-milligramweegschaal","12":"product_tag-precise-weegschaal-0-001g","13":"product_tag-weegschaal-voor-research-chemicals","15":"first","16":"instock","17":"taxable","18":"shipping-taxable","19":"purchasable","20":"product-type-simple"},"_links":{"self":[{"href":"https:\/\/globalsourcechemicals.com\/tr\/wp-json\/wp\/v2\/product\/24083","targetHints":{"allow":["GET"]}}],"collection":[{"href":"https:\/\/globalsourcechemicals.com\/tr\/wp-json\/wp\/v2\/product"}],"about":[{"href":"https:\/\/globalsourcechemicals.com\/tr\/wp-json\/wp\/v2\/types\/product"}],"replies":[{"embeddable":true,"href":"https:\/\/globalsourcechemicals.com\/tr\/wp-json\/wp\/v2\/comments?post=24083"}],"version-history":[{"count":4,"href":"https:\/\/globalsourcechemicals.com\/tr\/wp-json\/wp\/v2\/product\/24083\/revisions"}],"predecessor-version":[{"id":25977,"href":"https:\/\/globalsourcechemicals.com\/tr\/wp-json\/wp\/v2\/product\/24083\/revisions\/25977"}],"wp:featuredmedia":[{"embeddable":true,"href":"https:\/\/globalsourcechemicals.com\/tr\/wp-json\/wp\/v2\/media\/21116"}],"wp:attachment":[{"href":"https:\/\/globalsourcechemicals.com\/tr\/wp-json\/wp\/v2\/media?parent=24083"}],"wp:term":[{"taxonomy":"product_brand","embeddable":true,"href":"https:\/\/globalsourcechemicals.com\/tr\/wp-json\/wp\/v2\/product_brand?post=24083"},{"taxonomy":"product_cat","embeddable":true,"href":"https:\/\/globalsourcechemicals.com\/tr\/wp-json\/wp\/v2\/product_cat?post=24083"},{"taxonomy":"product_tag","embeddable":true,"href":"https:\/\/globalsourcechemicals.com\/tr\/wp-json\/wp\/v2\/product_tag?post=24083"}],"curies":[{"name":"wp","href":"https:\/\/api.w.org\/{rel}","templated":true}]}}