{"id":24075,"date":"2025-04-13T17:41:00","date_gmt":"2025-04-13T17:41:00","guid":{"rendered":"https:\/\/globalsourcechemicals.com\/?post_type=product&#038;p=24075"},"modified":"2025-10-02T18:02:59","modified_gmt":"2025-10-02T18:02:59","slug":"1-dlsd-150mcg-blotter","status":"publish","type":"product","link":"https:\/\/globalsourcechemicals.com\/tr\/magaza\/1d-lsd-225mcg-peletler\/1-dlsd-150mcg-blotter\/","title":{"rendered":"1D-LSD 150mcg Em\u00fclgat\u00f6rler"},"content":{"rendered":"<h1><span dir=\"auto\" style=\"vertical-align: inherit;\"><span dir=\"auto\" style=\"vertical-align: inherit;\">1DLSD 150mcg Em\u00fclsiyon Ka\u011f\u0131tlar\u0131 \u2013 G\u00fc\u00e7l\u00fc ve G\u00fcvenilir Bir Ara\u015ft\u0131rma Maddesi<\/span><\/span><\/h1>\n<p><span dir=\"auto\" style=\"vertical-align: inherit;\"><span dir=\"auto\" style=\"vertical-align: inherit;\">Ke\u015ffetmek <\/span><\/span><strong><span dir=\"auto\" style=\"vertical-align: inherit;\"><span dir=\"auto\" style=\"vertical-align: inherit;\">1D-LSD 150mcg blotter&#039;lar<\/span><\/span><\/strong><span dir=\"auto\" style=\"vertical-align: inherit;\"><span dir=\"auto\" style=\"vertical-align: inherit;\"> Ara\u015ft\u0131rma kimyasallar\u0131 d\u00fcnyas\u0131nda en \u00e7ok konu\u015fulan lizergamid analoglar\u0131ndan biri olan bu y\u00fcksek kaliteli emici ka\u011f\u0131tlar, tutarl\u0131 ve hassas dozajlama sunarak bilimsel ara\u015ft\u0131rmalar ve ileri psikonautik ara\u015ft\u0131rmalar i\u00e7in idealdir.<\/span><\/span><\/p>\n<h2><span dir=\"auto\" style=\"vertical-align: inherit;\"><span dir=\"auto\" style=\"vertical-align: inherit;\">Neden 1D-LSD&#039;yi Se\u00e7melisiniz?<\/span><\/span><\/h2>\n<p><span dir=\"auto\" style=\"vertical-align: inherit;\"><span dir=\"auto\" style=\"vertical-align: inherit;\">1DLSD (1D-liserjik asit dietilamid), lizergamid analo\u011fu olarak bilinen yeni ve umut verici bir lizergamiddir. <\/span><\/span><strong><span dir=\"auto\" style=\"vertical-align: inherit;\"><span dir=\"auto\" style=\"vertical-align: inherit;\">kararl\u0131 kimyasal yap\u0131<\/span><\/span><\/strong><span dir=\"auto\" style=\"vertical-align: inherit;\"><span dir=\"auto\" style=\"vertical-align: inherit;\"> ve g\u00fcvenilir etkiler. Dozaj\u0131 <\/span><\/span><strong><span dir=\"auto\" style=\"vertical-align: inherit;\"><span dir=\"auto\" style=\"vertical-align: inherit;\">150mcg\/blotter,<\/span><\/span><\/strong><span dir=\"auto\" style=\"vertical-align: inherit;\"><span dir=\"auto\" style=\"vertical-align: inherit;\"> Bu \u00fcr\u00fcn deneyimli ara\u015ft\u0131rmac\u0131lar i\u00e7in g\u00fc\u00e7l\u00fc ve ayn\u0131 zamanda y\u00f6netilebilir bir deneyim sunuyor.<\/span><\/span><\/p>\n<p><span dir=\"auto\" style=\"vertical-align: inherit;\"><span dir=\"auto\" style=\"vertical-align: inherit;\">Bu emici ka\u011f\u0131tlar \u015fu \u015fekilde \u00fcretilmi\u015ftir: <\/span><\/span><strong><span dir=\"auto\" style=\"vertical-align: inherit;\"><span dir=\"auto\" style=\"vertical-align: inherit;\">farmas\u00f6tik s\u0131n\u0131f hassasiyet<\/span><\/span><\/strong><span dir=\"auto\" style=\"vertical-align: inherit;\"><span dir=\"auto\" style=\"vertical-align: inherit;\"> Her bir \u00fcnitenin tam doz i\u00e7ermesini sa\u011flayarak, tekrarlanabilir sonu\u00e7lar ve daha g\u00fcvenli bir ara\u015ft\u0131rma deneyimi sa\u011flar.<\/span><\/span><\/p>\n<h2><span dir=\"auto\" style=\"vertical-align: inherit;\"><span dir=\"auto\" style=\"vertical-align: inherit;\">\u0130leri Ara\u015ft\u0131rmalar \u0130\u00e7in \u0130deal<\/span><\/span><\/h2>\n<p><span dir=\"auto\" style=\"vertical-align: inherit;\"><span dir=\"auto\" style=\"vertical-align: inherit;\">1DLSD s\u0131kl\u0131kla \u015fu sebeplerden dolay\u0131 incelenir: <\/span><\/span><strong><span dir=\"auto\" style=\"vertical-align: inherit;\"><span dir=\"auto\" style=\"vertical-align: inherit;\">benzersiz farmakolojik \u00f6zellikler<\/span><\/span><\/strong><span dir=\"auto\" style=\"vertical-align: inherit;\"><span dir=\"auto\" style=\"vertical-align: inherit;\"> Ara\u015ft\u0131rmac\u0131lar, <\/span><\/span><strong><span dir=\"auto\" style=\"vertical-align: inherit;\"><span dir=\"auto\" style=\"vertical-align: inherit;\">safl\u0131k ve kalite<\/span><\/span><\/strong><span dir=\"auto\" style=\"vertical-align: inherit;\"><span dir=\"auto\" style=\"vertical-align: inherit;\"> Bu blotter&#039;lar, s\u0131k\u0131 laboratuvar ko\u015fullar\u0131 alt\u0131nda \u00fcretilmektedir.<\/span><\/span><\/p>\n<p><span dir=\"auto\" style=\"vertical-align: inherit;\"><span dir=\"auto\" style=\"vertical-align: inherit;\">Psikonotlar i\u00e7in 1DLSD \u015funlar\u0131 sunar: <\/span><\/span><strong><span dir=\"auto\" style=\"vertical-align: inherit;\"><span dir=\"auto\" style=\"vertical-align: inherit;\">derin ve i\u00e7e d\u00f6n\u00fck bir deneyim<\/span><\/span><\/strong><span dir=\"auto\" style=\"vertical-align: inherit;\"><span dir=\"auto\" style=\"vertical-align: inherit;\"> , di\u011fer lizergamidlere benzer ancak kendine \u00f6zg\u00fc bir karaktere sahiptir. <\/span><\/span><strong><span dir=\"auto\" style=\"vertical-align: inherit;\"><span dir=\"auto\" style=\"vertical-align: inherit;\">150mcg dozaj<\/span><\/span><\/strong><span dir=\"auto\" style=\"vertical-align: inherit;\"><span dir=\"auto\" style=\"vertical-align: inherit;\"> Bu \u00fcr\u00fcn\u00fc \u00f6zellikle psikedelik maddelerle ilgili deneyimi olan ki\u015filer i\u00e7in uygun hale getirir.<\/span><\/span><\/p>\n<h2><span dir=\"auto\" style=\"vertical-align: inherit;\"><span dir=\"auto\" style=\"vertical-align: inherit;\">Kullan\u0131m Kolayl\u0131\u011f\u0131 ve Gizli Tasar\u0131m<\/span><\/span><\/h2>\n<p><span dir=\"auto\" style=\"vertical-align: inherit;\"><span dir=\"auto\" style=\"vertical-align: inherit;\">Emici ka\u011f\u0131tlar \u015fu \u015fekilde paketlenmi\u015ftir: <\/span><\/span><strong><span dir=\"auto\" style=\"vertical-align: inherit;\"><span dir=\"auto\" style=\"vertical-align: inherit;\">hafif ve hava ge\u00e7irmez ambalaj<\/span><\/span><\/strong><span dir=\"auto\" style=\"vertical-align: inherit;\"><span dir=\"auto\" style=\"vertical-align: inherit;\"> stabilitelerini sa\u011flamak i\u00e7in. Kompakt boyutlar\u0131 sayesinde saklanmalar\u0131 kolay ve kullan\u0131mlar\u0131 gizlidir.<\/span><\/span><\/p>\n<h2><span dir=\"auto\" style=\"vertical-align: inherit;\"><span dir=\"auto\" style=\"vertical-align: inherit;\">G\u00fcvenli ve Sorumlu Kullan\u0131m<\/span><\/span><\/h2>\n<p><span dir=\"auto\" style=\"vertical-align: inherit;\"><span dir=\"auto\" style=\"vertical-align: inherit;\">1D-LSD, a\u015fa\u011f\u0131dakiler i\u00e7in tasarlanm\u0131\u015ft\u0131r: <\/span><\/span><strong><span dir=\"auto\" style=\"vertical-align: inherit;\"><span dir=\"auto\" style=\"vertical-align: inherit;\">bilimsel ara\u015ft\u0131rma<\/span><\/span><\/strong><span dir=\"auto\" style=\"vertical-align: inherit;\"><span dir=\"auto\" style=\"vertical-align: inherit;\"> sadece ve insan t\u00fcketimi i\u00e7in de\u011fildir.<\/span><\/span><\/p>\n<h3><span dir=\"auto\" style=\"vertical-align: inherit;\"><span dir=\"auto\" style=\"vertical-align: inherit;\">\u00d6nemli Y\u00f6nergeler<\/span><\/span><\/h3>\n<ul>\n<li><strong><span dir=\"auto\" style=\"vertical-align: inherit;\"><span dir=\"auto\" style=\"vertical-align: inherit;\">D\u00fc\u015f\u00fck bir dozla ba\u015flay\u0131n<\/span><\/span><\/strong><span dir=\"auto\" style=\"vertical-align: inherit;\"><span dir=\"auto\" style=\"vertical-align: inherit;\"> bireysel duyarl\u0131l\u0131\u011f\u0131 test etmek i\u00e7in.<\/span><\/span><\/li>\n<li><strong><span dir=\"auto\" style=\"vertical-align: inherit;\"><span dir=\"auto\" style=\"vertical-align: inherit;\">Ara\u015ft\u0131rman\u0131z\u0131 her zaman g\u00fcvenli ve kontroll\u00fc bir ortamda ger\u00e7ekle\u015ftirin.<\/span><\/span><\/strong><\/li>\n<li><strong><span dir=\"auto\" style=\"vertical-align: inherit;\"><span dir=\"auto\" style=\"vertical-align: inherit;\">Emici ka\u011f\u0131tlar\u0131 serin, kuru ve \u00e7ocuklar\u0131n ula\u015famayaca\u011f\u0131 yerde saklay\u0131n\u0131z.<\/span><\/span><\/strong><\/li>\n<\/ul>\n<h2><span dir=\"auto\" style=\"vertical-align: inherit;\"><span dir=\"auto\" style=\"vertical-align: inherit;\">\u015eimdi Sipari\u015f Verin ve New Horizons&#039;\u0131 Ke\u015ffedin<\/span><\/span><\/h2>\n<p><span dir=\"auto\" style=\"vertical-align: inherit;\"><span dir=\"auto\" style=\"vertical-align: inherit;\">\u0130ster bir bilim insan\u0131 olun, ister deneyimli bir psikonaut, <\/span><\/span><strong><span dir=\"auto\" style=\"vertical-align: inherit;\"><span dir=\"auto\" style=\"vertical-align: inherit;\">1D-LSD 150mcg blotter&#039;lar<\/span><\/span><\/strong><span dir=\"auto\" style=\"vertical-align: inherit;\"><span dir=\"auto\" style=\"vertical-align: inherit;\"> Bu ola\u011fan\u00fcst\u00fc analojiyi ke\u015ffetmek i\u00e7in e\u015fsiz bir f\u0131rsat sunuyoruz. Hemen sipari\u015f verin ve bu geli\u015fmi\u015f ara\u015ft\u0131rma maddesinin potansiyelini ke\u015ffedin!<\/span><\/span><\/p>\n<p><em><span dir=\"auto\" style=\"vertical-align: inherit;\"><span dir=\"auto\" style=\"vertical-align: inherit;\">Dikkat: Bu \u00fcr\u00fcn yaln\u0131zca ara\u015ft\u0131rma ama\u00e7l\u0131d\u0131r <\/span><\/span><a href=\"http:\/\/google.nl\" target=\"_blank\" rel=\"noopener\"><span dir=\"auto\" style=\"vertical-align: inherit;\"><span dir=\"auto\" style=\"vertical-align: inherit;\">Ve<\/span><\/span><\/a><span dir=\"auto\" style=\"vertical-align: inherit;\"><span dir=\"auto\" style=\"vertical-align: inherit;\"> \u0130nsan t\u00fcketimi i\u00e7in uygun de\u011fildir. \u00c7ocuklar\u0131n ve hayvanlar\u0131n eri\u015femeyece\u011fi yerde saklay\u0131n. Sipari\u015f vermeden \u00f6nce mutlaka yerel y\u00f6netmeliklere ba\u015fvurun.<\/span><\/span><\/em><\/p>\n<p><a href=\"https:\/\/globalsourcechemicals.com\/tr\/magaza\/lizergamidler\/1vlsd\/\"><span dir=\"auto\" style=\"vertical-align: inherit;\"><span dir=\"auto\" style=\"vertical-align: inherit;\">1v-lsd <\/span><\/span><\/a><a href=\"https:\/\/globalsourcechemicals.com\/tr\/magaza\/lizergamidler\/1cp-lsd\/\"><span dir=\"auto\" style=\"vertical-align: inherit;\"><span dir=\"auto\" style=\"vertical-align: inherit;\">1cp-lsd <\/span><\/span><\/a><a href=\"https:\/\/globalsourcechemicals.com\/tr\/magaza\/iboga-ibogaine\/iboga-kok-kabugu\/\"><span dir=\"auto\" style=\"vertical-align: inherit;\"><span dir=\"auto\" style=\"vertical-align: inherit;\">iboga k\u00f6k kabu\u011fu<\/span><\/span><\/a><a title=\"2-CMC 250 mg peletler\" href=\"https:\/\/globalsourcechemicals.com\/tr\/magaza\/katinonlar\/2-cmc-satin-al\/\" target=\"_blank\" rel=\"noopener\"><span style=\"vertical-align: inherit;\"><span style=\"vertical-align: inherit;\"><span dir=\"auto\" style=\"vertical-align: inherit;\"><span dir=\"auto\" style=\"vertical-align: inherit;\">2-CMC 250 mg peletler\u00a0 <\/span><\/span><\/span><\/span><\/a> <a title=\"6-CL-ADBA\" href=\"https:\/\/globalsourcechemicals.com\/tr\/magaza\/lizergamidler\/1vlsd\/\" target=\"_blank\" rel=\"noopener\"><span style=\"vertical-align: inherit;\"><span style=\"vertical-align: inherit;\"><span dir=\"auto\" style=\"vertical-align: inherit;\"><span dir=\"auto\" style=\"vertical-align: inherit;\">6-CL-ADBA<\/span><\/span><\/span><\/span><\/a><\/p>\n<p>&nbsp;<\/p>","protected":false},"excerpt":{"rendered":"<h2><span style=\"vertical-align: inherit;\"><span style=\"vertical-align: inherit;\"><span dir=\"auto\" style=\"vertical-align: inherit;\"><span dir=\"auto\" style=\"vertical-align: inherit;\">1D-LSD 150mcg Em\u00fclgat\u00f6rler<\/span><\/span><\/span><\/span><\/h2>\n<p><span style=\"vertical-align: inherit;\"><span style=\"vertical-align: inherit;\"><span dir=\"auto\" style=\"vertical-align: inherit;\"><span dir=\"auto\" style=\"vertical-align: inherit;\">1D-LSD sadece ara\u015ft\u0131rma ama\u00e7l\u0131 satt\u0131\u011f\u0131m\u0131z bir maddedir.<\/span><\/span><\/span><\/span><\/p>","protected":false},"featured_media":27741,"comment_status":"closed","ping_status":"closed","template":"","meta":[],"product_brand":[82],"product_cat":[362,358],"product_tag":[675,452,634,632],"class_list":{"0":"post-24075","1":"product","2":"type-product","3":"status-publish","4":"has-post-thumbnail","6":"product_brand-research-chemical","7":"product_cat-1d-lsd-225mcg-pellets","8":"product_cat-lysergamides","9":"product_tag-1dlsd","10":"product_tag-de","11":"product_tag-lsd","12":"product_tag-lsd-blotter","14":"first","15":"instock","16":"taxable","17":"shipping-taxable","18":"purchasable","19":"product-type-variable"},"_links":{"self":[{"href":"https:\/\/globalsourcechemicals.com\/tr\/wp-json\/wp\/v2\/product\/24075","targetHints":{"allow":["GET"]}}],"collection":[{"href":"https:\/\/globalsourcechemicals.com\/tr\/wp-json\/wp\/v2\/product"}],"about":[{"href":"https:\/\/globalsourcechemicals.com\/tr\/wp-json\/wp\/v2\/types\/product"}],"replies":[{"embeddable":true,"href":"https:\/\/globalsourcechemicals.com\/tr\/wp-json\/wp\/v2\/comments?post=24075"}],"version-history":[{"count":6,"href":"https:\/\/globalsourcechemicals.com\/tr\/wp-json\/wp\/v2\/product\/24075\/revisions"}],"predecessor-version":[{"id":28025,"href":"https:\/\/globalsourcechemicals.com\/tr\/wp-json\/wp\/v2\/product\/24075\/revisions\/28025"}],"wp:featuredmedia":[{"embeddable":true,"href":"https:\/\/globalsourcechemicals.com\/tr\/wp-json\/wp\/v2\/media\/27741"}],"wp:attachment":[{"href":"https:\/\/globalsourcechemicals.com\/tr\/wp-json\/wp\/v2\/media?parent=24075"}],"wp:term":[{"taxonomy":"product_brand","embeddable":true,"href":"https:\/\/globalsourcechemicals.com\/tr\/wp-json\/wp\/v2\/product_brand?post=24075"},{"taxonomy":"product_cat","embeddable":true,"href":"https:\/\/globalsourcechemicals.com\/tr\/wp-json\/wp\/v2\/product_cat?post=24075"},{"taxonomy":"product_tag","embeddable":true,"href":"https:\/\/globalsourcechemicals.com\/tr\/wp-json\/wp\/v2\/product_tag?post=24075"}],"curies":[{"name":"wp","href":"https:\/\/api.w.org\/{rel}","templated":true}]}}