{"id":23908,"date":"2025-04-13T17:40:39","date_gmt":"2025-04-13T17:40:39","guid":{"rendered":"https:\/\/globalsourcechemicals.com\/?post_type=product&#038;p=23908"},"modified":"2025-10-02T23:06:13","modified_gmt":"2025-10-02T23:06:13","slug":"nb-5-meo-mipt-oxalaat","status":"publish","type":"product","link":"https:\/\/globalsourcechemicals.com\/tr\/magaza\/nb-5-meo-mipt\/nb-5-meo-mipt-oxalaat\/","title":{"rendered":"NB-5-MeO-MiPT Oksalat"},"content":{"rendered":"<h3><strong>NB-5-MeO-MiPT Oksalat \u2013 Ara\u015ft\u0131rma Kimyasallar\u0131<\/strong><\/h3>\n<p class=\"ds-markdown-paragraph\"><strong>\u00dcr\u00fcn A\u00e7\u0131klamas\u0131:<\/strong><br \/>\n<strong>NB-5-MeO-MiPT Oksalat<\/strong>\u00a0(ayr\u0131ca \u015fu \u015fekilde de bilinir\u00a0<strong>C\u00f6mert<\/strong>) \u00f6ncelikle \u015fu ama\u00e7lar i\u00e7in kullan\u0131lan sentetik bir triptamindir:\u00a0<strong>bilimsel ara\u015ft\u0131rma<\/strong>Serotonerjik resept\u00f6rler \u00fczerinde benzersiz etkilere sahip, 5-MeO-DMT ve psilosin analo\u011fudur. Bu madde, potansiyel etkisi a\u00e7\u0131s\u0131ndan s\u0131kl\u0131kla incelenmektedir.\u00a0<strong>alg\u0131, ruh hali ve bili\u015fsel s\u00fcre\u00e7ler<\/strong>.<\/p>\n<p class=\"ds-markdown-paragraph\">\u00dcr\u00fcn \u015fu \u015fekilde mevcuttur:\u00a0<strong>y\u00fcksek safl\u0131kta toz (oksalat tuzu formu)<\/strong>\u00a0ve bir\u00a0<strong>detayl\u0131 laboratuvar raporu<\/strong>\u00a0kalite kontrol\u00fc i\u00e7in.<\/p>\n<hr \/>\n<h3><strong>NB-5-MeO-MiPT Oksalat Kullan\u0131m\u0131<\/strong><\/h3>\n<ul>\n<li>\n<p class=\"ds-markdown-paragraph\"><strong>Bilimsel ara\u015ft\u0131rma:<\/strong>\u00a0Resept\u00f6r etkile\u015fimlerinin incelenmesi (5-HT1A\/2A).<\/p>\n<\/li>\n<li>\n<p class=\"ds-markdown-paragraph\"><strong>Psikonotik ke\u015fif<\/strong>\u00a0(e\u011flence ama\u00e7l\u0131 de\u011fildir).<\/p>\n<\/li>\n<li>\n<p class=\"ds-markdown-paragraph\"><strong>Mikrodozlama:<\/strong>\u00a0Yarat\u0131c\u0131l\u0131k ve empati \u00fczerinde olas\u0131 ince etkiler (klinik olarak kan\u0131tlanmam\u0131\u015ft\u0131r).<\/p>\n<\/li>\n<\/ul>\n<p class=\"ds-markdown-paragraph\">\u26a0\ufe0f\u00a0<strong>\u0130nsan t\u00fcketimi i\u00e7in uygun de\u011fildir - sadece in vitro ara\u015ft\u0131rmalar i\u00e7indir.<\/strong><\/p>\n<hr \/>\n<h3><strong>\u00d6nerilen Dozaj (Ara\u015ft\u0131rma \u0130\u00e7in)<\/strong><\/h3>\n<ul>\n<li>\n<p class=\"ds-markdown-paragraph\"><strong>E\u015fik (ara\u015ft\u0131rma dozu):<\/strong>\u00a01-3 mg<\/p>\n<\/li>\n<li>\n<p class=\"ds-markdown-paragraph\"><strong>I\u015f\u0131k efektleri:<\/strong>\u00a03-6 mg<\/p>\n<\/li>\n<li>\n<p class=\"ds-markdown-paragraph\"><strong>Ortalama ara\u015ft\u0131rma dozu:<\/strong>\u00a06-10 mg<\/p>\n<\/li>\n<li>\n<p class=\"ds-markdown-paragraph\"><strong>G\u00fc\u00e7l\u00fc etkiler (sadece deneyimli ara\u015ft\u0131rmac\u0131lar i\u00e7in):<\/strong>\u00a010-15 mg+<\/p>\n<\/li>\n<\/ul>\n<p class=\"ds-markdown-paragraph\">\ud83d\udd2c\u00a0<strong>Y\u00f6ntem:<\/strong>\u00a0A\u011f\u0131zdan, dil alt\u0131 veya \u00e7\u00f6zelti halinde (bir\u00a0<strong>miligram \u00f6l\u00e7e\u011fi<\/strong>\u00a0(do\u011fruluk i\u00e7in).<\/p>\n<hr \/>\n<h3><strong>Olas\u0131 Etkiler ve Yan Etkiler<\/strong><\/h3>\n<h4><strong>Beklenen Etkiler (Anekdot Ara\u015ft\u0131rmas\u0131na Dayal\u0131)<\/strong><\/h4>\n<ul>\n<li>\n<p class=\"ds-markdown-paragraph\">Artan dokunsal hisler<\/p>\n<\/li>\n<li>\n<p class=\"ds-markdown-paragraph\">G\u00f6rsel ve i\u015fitsel takviye<\/p>\n<\/li>\n<li>\n<p class=\"ds-markdown-paragraph\">Empatojenik \u00f6zellikler<\/p>\n<\/li>\n<li>\n<p class=\"ds-markdown-paragraph\">Bili\u015fsel esneklik<\/p>\n<\/li>\n<\/ul>\n<h4><strong>Olas\u0131 Yan Etkiler<\/strong><\/h4>\n<ul>\n<li>\n<p class=\"ds-markdown-paragraph\">Bulant\u0131 (\u00f6zellikle y\u00fcksek dozlarda)<\/p>\n<\/li>\n<li>\n<p class=\"ds-markdown-paragraph\">Hafif ila orta \u015fiddette kayg\u0131 veya huzursuzluk<\/p>\n<\/li>\n<li>\n<p class=\"ds-markdown-paragraph\">Artan kalp at\u0131\u015f h\u0131z\u0131<\/p>\n<\/li>\n<li>\n<p class=\"ds-markdown-paragraph\">Ge\u00e7 al\u0131nd\u0131\u011f\u0131nda uyku bozuklu\u011fu<\/p>\n<\/li>\n<\/ul>\n<p class=\"ds-markdown-paragraph\">\u26a0\ufe0f\u00a0<strong>MAO inhibit\u00f6rleri, SSRI&#039;lar veya di\u011fer serotoninerjik maddelerle birlikte kullan\u0131lmamal\u0131d\u0131r.<\/strong><\/p>\n<hr \/>\n<h3><strong>S\u0131k\u00e7a Sorulan Sorular (SSS)<\/strong><\/h3>\n<p class=\"ds-markdown-paragraph\"><strong>1. NB-5-MeO-MiPT Hollanda&#039;da yasal m\u0131?<\/strong><br \/>\nBu, \u015fu kategoriye giriyor:\u00a0<strong>Afyon Yasas\u0131<\/strong>\u00a0bir ara\u015ft\u0131rma maddesi olarak ve\u00a0<strong>insan kullan\u0131m\u0131 i\u00e7in onaylanmam\u0131\u015ft\u0131r<\/strong>.<\/p>\n<p class=\"ds-markdown-paragraph\"><strong>2. Etkileri ne kadar s\u00fcrer?<\/strong><\/p>\n<ul>\n<li>\n<p class=\"ds-markdown-paragraph\"><strong>A\u011f\u0131zdan al\u0131m:<\/strong>\u00a0~4-7 saat<\/p>\n<\/li>\n<li>\n<p class=\"ds-markdown-paragraph\"><strong>Dil alt\u0131 al\u0131m\u0131:<\/strong>\u00a0~3-5 saat<\/p>\n<\/li>\n<\/ul>\n<p class=\"ds-markdown-paragraph\"><strong>3. Mikrodozajlama i\u00e7in kullan\u0131labilir mi?<\/strong><br \/>\nBaz\u0131 ara\u015ft\u0131rmac\u0131lar deneyler yap\u0131yor\u00a0<strong>mikrodozlar (0,5-2 mg)<\/strong>Ancak bu konuda \u00e7ok az bilimsel veri mevcuttur.<\/p>\n<p class=\"ds-markdown-paragraph\"><strong>4. Nas\u0131l saklanmal\u0131d\u0131r?<\/strong><br \/>\nBir yere kaydet\u00a0<strong>serin, kuru ve karanl\u0131k ortam<\/strong>\u00a0(tercihen vakumlu ambalajda).<\/p>\n<hr \/>\n<h3><strong>Laboratuvar Raporu ve Kalite G\u00fcvencesi<\/strong><\/h3>\n<ul>\n<li>\n<p class=\"ds-markdown-paragraph\"><strong>Safl\u0131k:<\/strong>\u00a0\u226598% (HPLC testi)<\/p>\n<\/li>\n<li>\n<p class=\"ds-markdown-paragraph\"><strong>A\u011f\u0131r metallerden ve kal\u0131nt\u0131lardan ar\u0131nd\u0131r\u0131lm\u0131\u015f<\/strong><\/p>\n<\/li>\n<li>\n<p class=\"ds-markdown-paragraph\"><strong>Tutarl\u0131 kompozisyon<\/strong><\/p>\n<\/li>\n<\/ul>\n<p class=\"ds-markdown-paragraph\">\ud83d\udcc4\u00a0<strong>Talep edilmesi halinde laboratuvar analizleri yap\u0131labilmektedir.<\/strong><\/p>\n<hr \/>\n<h3><strong>G\u00fcvenlik tavsiyeleri<\/strong><\/h3>\n<ul>\n<li>\n<p class=\"ds-markdown-paragraph\"><strong>Her zaman d\u00fc\u015f\u00fck bir dozla ba\u015flay\u0131n<\/strong>\u00a0(1-2 mg) tolerans\u0131 test etmek i\u00e7in.<\/p>\n<\/li>\n<li>\n<p class=\"ds-markdown-paragraph\"><strong>Tek ba\u015f\u0131na kullanmay\u0131n<\/strong>\u00a0\u2013 kontroll\u00fc bir ortamda ara\u015ft\u0131rma.<\/p>\n<\/li>\n<li>\n<p class=\"ds-markdown-paragraph\"><strong>Ruhsal sa\u011fl\u0131k sorunlar\u0131n\u0131z varsa kullanmay\u0131n<\/strong>\u00a0(k\u00f6t\u00fcle\u015fme riski).<\/p>\n<\/li>\n<\/ul>\n<p class=\"ds-markdown-paragraph\">\ud83d\udd2c\u00a0<strong>Sadece ara\u015ft\u0131rma ama\u00e7l\u0131d\u0131r \u2013 t\u00fcketim ama\u00e7l\u0131 de\u011fildir.<\/strong><\/p>\n<hr \/>\n<p class=\"ds-markdown-paragraph\"><strong>Sormak m\u0131?<\/strong>\u00a0Sorumlu ara\u015ft\u0131rma hakk\u0131nda daha fazla bilgi i\u00e7in bizimle ileti\u015fime ge\u00e7in. \ud83e\uddea<\/p>","protected":false},"excerpt":{"rendered":"<h3><span data-sheets-value=\"{\" data-sheets-userformat=\"{\"><span style=\"vertical-align: inherit;\"><span style=\"vertical-align: inherit;\">NB-5-MeO-MiPT oxalate properties<\/span><\/span><\/span><\/h3>\n<p><strong><span style=\"vertical-align: inherit;\"><span style=\"vertical-align: inherit;\">Synonym:<\/span><\/span><\/strong><span style=\"vertical-align: inherit;\"><span style=\"vertical-align: inherit;\"> tert-butyl 3-(2-(isopropyl(methyl)amino)ethyl)-5-methoxy-1H-indole-1-carboxylate oxalate <\/span><\/span><br \/>\n<strong><span style=\"vertical-align: inherit;\"><span style=\"vertical-align: inherit;\">CAS Number:<\/span><\/span><\/strong><span style=\"vertical-align: inherit;\"><span style=\"vertical-align: inherit;\"> none <\/span><\/span><br \/>\n<strong><span style=\"vertical-align: inherit;\"><span style=\"vertical-align: inherit;\">Formula:<\/span><\/span><\/strong><span style=\"vertical-align: inherit;\"><span style=\"vertical-align: inherit;\"> 3-[2-(isopropylmethylamino)ethyl]-5-methoxyindole freebase <\/span><\/span><br \/>\n<strong><span style=\"vertical-align: inherit;\"><span style=\"vertical-align: inherit;\">Mole mass:<\/span><\/span><\/strong><span style=\"vertical-align: inherit;\"><span style=\"vertical-align: inherit;\"> xx <\/span><\/span><br \/>\n<strong><span style=\"vertical-align: inherit;\"><span style=\"vertical-align: inherit;\">Purity:<\/span><\/span><\/strong><span style=\"vertical-align: inherit;\"><span style=\"vertical-align: inherit;\"> 98%&gt;<\/span><\/span><\/p>\n","protected":false},"featured_media":27921,"comment_status":"closed","ping_status":"closed","template":"","meta":[],"product_brand":[],"product_cat":[490,381],"product_tag":[452],"class_list":{"0":"post-23908","1":"product","2":"type-product","3":"status-publish","4":"has-post-thumbnail","6":"product_cat-nb-5-meo-mipt","7":"product_cat-tryptamines","8":"product_tag-de","10":"first","11":"instock","12":"taxable","13":"shipping-taxable","14":"purchasable","15":"product-type-variable"},"_links":{"self":[{"href":"https:\/\/globalsourcechemicals.com\/tr\/wp-json\/wp\/v2\/product\/23908","targetHints":{"allow":["GET"]}}],"collection":[{"href":"https:\/\/globalsourcechemicals.com\/tr\/wp-json\/wp\/v2\/product"}],"about":[{"href":"https:\/\/globalsourcechemicals.com\/tr\/wp-json\/wp\/v2\/types\/product"}],"replies":[{"embeddable":true,"href":"https:\/\/globalsourcechemicals.com\/tr\/wp-json\/wp\/v2\/comments?post=23908"}],"version-history":[{"count":4,"href":"https:\/\/globalsourcechemicals.com\/tr\/wp-json\/wp\/v2\/product\/23908\/revisions"}],"predecessor-version":[{"id":26667,"href":"https:\/\/globalsourcechemicals.com\/tr\/wp-json\/wp\/v2\/product\/23908\/revisions\/26667"}],"wp:featuredmedia":[{"embeddable":true,"href":"https:\/\/globalsourcechemicals.com\/tr\/wp-json\/wp\/v2\/media\/27921"}],"wp:attachment":[{"href":"https:\/\/globalsourcechemicals.com\/tr\/wp-json\/wp\/v2\/media?parent=23908"}],"wp:term":[{"taxonomy":"product_brand","embeddable":true,"href":"https:\/\/globalsourcechemicals.com\/tr\/wp-json\/wp\/v2\/product_brand?post=23908"},{"taxonomy":"product_cat","embeddable":true,"href":"https:\/\/globalsourcechemicals.com\/tr\/wp-json\/wp\/v2\/product_cat?post=23908"},{"taxonomy":"product_tag","embeddable":true,"href":"https:\/\/globalsourcechemicals.com\/tr\/wp-json\/wp\/v2\/product_tag?post=23908"}],"curies":[{"name":"wp","href":"https:\/\/api.w.org\/{rel}","templated":true}]}}