{"id":23902,"date":"2025-04-13T17:40:39","date_gmt":"2025-04-13T17:40:39","guid":{"rendered":"https:\/\/globalsourcechemicals.com\/?post_type=product&#038;p=23902"},"modified":"2025-10-02T23:05:46","modified_gmt":"2025-10-02T23:05:46","slug":"1cp-lsd-10-mcg-pelet-mikrodoz","status":"publish","type":"product","link":"https:\/\/globalsourcechemicals.com\/tr\/magaza\/1cp-lsd\/1cp-lsd-10-mcg-pelet-mikrodoz\/","title":{"rendered":"1cP-LSD 10 MCG Peletler \u2013 Mikrodoz"},"content":{"rendered":"<h3><strong><span dir=\"auto\" style=\"vertical-align: inherit;\"><span dir=\"auto\" style=\"vertical-align: inherit;\">1cP-LSD 10 MCG Peletler \u2013 Mikrodoz<\/span><\/span><\/strong><\/h3>\n<p class=\"ds-markdown-paragraph\"><strong><span dir=\"auto\" style=\"vertical-align: inherit;\"><span dir=\"auto\" style=\"vertical-align: inherit;\">\u00dcr\u00fcn A\u00e7\u0131klamas\u0131:<\/span><\/span><\/strong><br \/>\n<span dir=\"auto\" style=\"vertical-align: inherit;\"><span dir=\"auto\" style=\"vertical-align: inherit;\"> The\u00a0 <\/span><\/span><strong><span dir=\"auto\" style=\"vertical-align: inherit;\"><span dir=\"auto\" style=\"vertical-align: inherit;\">1cP-LSD 10 mCG Peletler<\/span><\/span><\/strong><span dir=\"auto\" style=\"vertical-align: inherit;\"><span dir=\"auto\" style=\"vertical-align: inherit;\"> \u00a0ara\u015ft\u0131rma bile\u015fi\u011fi 1cP-LSD&#039;nin (1-siklopropionil-liserjik asit dietilamid) hassas bir \u015fekilde dozlanm\u0131\u015f mikro dozlar\u0131d\u0131r. Her pelet, tutarl\u0131 bir\u00a0 <\/span><\/span><strong><span dir=\"auto\" style=\"vertical-align: inherit;\"><span dir=\"auto\" style=\"vertical-align: inherit;\">10 mcg<\/span><\/span><\/strong><span dir=\"auto\" style=\"vertical-align: inherit;\"><span dir=\"auto\" style=\"vertical-align: inherit;\"> Dozaj\u0131, mikro dozlama i\u00e7in ideal hale getirir. Bu peletler ara\u015ft\u0131rma ama\u00e7l\u0131 tasarlanm\u0131\u015ft\u0131r ve genellikle potansiyel bili\u015fsel ve yarat\u0131c\u0131 faydalar\u0131 i\u00e7in kullan\u0131l\u0131r.<\/span><\/span><\/p>\n<p class=\"ds-markdown-paragraph\"><span dir=\"auto\" style=\"vertical-align: inherit;\"><span dir=\"auto\" style=\"vertical-align: inherit;\">Bu peletler \u015fu \u015fekilde \u00fcretilir:\u00a0 <\/span><\/span><strong><span dir=\"auto\" style=\"vertical-align: inherit;\"><span dir=\"auto\" style=\"vertical-align: inherit;\">GMP sertifikal\u0131 laboratuvar<\/span><\/span><\/strong><span dir=\"auto\" style=\"vertical-align: inherit;\"><span dir=\"auto\" style=\"vertical-align: inherit;\"> Y\u00fcksek safl\u0131k ve do\u011fru dozajlama sa\u011flar. Kararl\u0131l\u0131\u011f\u0131 garantilemek i\u00e7in \u0131\u015f\u0131k ve hava ge\u00e7irmez ambalajlarda paketlenirler.<\/span><\/span><\/p>\n<hr \/>\n<h3><strong><span dir=\"auto\" style=\"vertical-align: inherit;\"><span dir=\"auto\" style=\"vertical-align: inherit;\">1cP-LSD 10 MCG Peletlerinin Kullan\u0131m\u0131<\/span><\/span><\/strong><\/h3>\n<p class=\"ds-markdown-paragraph\"><span dir=\"auto\" style=\"vertical-align: inherit;\"><span dir=\"auto\" style=\"vertical-align: inherit;\">1cP-LSD esas olarak \u015fu ama\u00e7larla kullan\u0131l\u0131r:<\/span><\/span><\/p>\n<ul>\n<li>\n<p class=\"ds-markdown-paragraph\"><strong><span dir=\"auto\" style=\"vertical-align: inherit;\"><span dir=\"auto\" style=\"vertical-align: inherit;\">Mikrodozlama:<\/span><\/span><\/strong><span dir=\"auto\" style=\"vertical-align: inherit;\"><span dir=\"auto\" style=\"vertical-align: inherit;\"> \u00a0Odaklanma, yarat\u0131c\u0131l\u0131k ve ruh halinizde olas\u0131 iyile\u015fmeler.<\/span><\/span><\/p>\n<\/li>\n<li>\n<p class=\"ds-markdown-paragraph\"><strong><span dir=\"auto\" style=\"vertical-align: inherit;\"><span dir=\"auto\" style=\"vertical-align: inherit;\">Ara\u015ft\u0131rman\u0131n ama\u00e7lar\u0131:<\/span><\/span><\/strong><span dir=\"auto\" style=\"vertical-align: inherit;\"><span dir=\"auto\" style=\"vertical-align: inherit;\"> \u00a0Lizergamidlerin bili\u015f ve alg\u0131 \u00fczerine etkilerinin incelenmesi.<\/span><\/span><\/p>\n<\/li>\n<li>\n<p class=\"ds-markdown-paragraph\"><strong><span dir=\"auto\" style=\"vertical-align: inherit;\"><span dir=\"auto\" style=\"vertical-align: inherit;\">Fark\u0131ndal\u0131k ve Meditasyon:<\/span><\/span><\/strong><span dir=\"auto\" style=\"vertical-align: inherit;\"><span dir=\"auto\" style=\"vertical-align: inherit;\"> \u00a0Baz\u0131 kullan\u0131c\u0131lar meditasyon s\u0131ras\u0131nda fark\u0131ndal\u0131klar\u0131n\u0131n artt\u0131\u011f\u0131n\u0131 bildiriyor.<\/span><\/span><\/p>\n<\/li>\n<\/ul>\n<hr \/>\n<h3><strong><span dir=\"auto\" style=\"vertical-align: inherit;\"><span dir=\"auto\" style=\"vertical-align: inherit;\">\u00d6nerilen Dozaj ve Kullan\u0131m<\/span><\/span><\/strong><\/h3>\n<ul>\n<li>\n<p class=\"ds-markdown-paragraph\"><strong><span dir=\"auto\" style=\"vertical-align: inherit;\"><span dir=\"auto\" style=\"vertical-align: inherit;\">Mikrodoz:<\/span><\/span><\/strong><span dir=\"auto\" style=\"vertical-align: inherit;\"><span dir=\"auto\" style=\"vertical-align: inherit;\"> \u00a0Her 3-4 g\u00fcnde bir 5-10 mcg (yar\u0131m veya tam pelet).<\/span><\/span><\/p>\n<\/li>\n<li>\n<p class=\"ds-markdown-paragraph\"><strong><span dir=\"auto\" style=\"vertical-align: inherit;\"><span dir=\"auto\" style=\"vertical-align: inherit;\">Ara\u015ft\u0131rma dozu:<\/span><\/span><\/strong><span dir=\"auto\" style=\"vertical-align: inherit;\"><span dir=\"auto\" style=\"vertical-align: inherit;\"> \u00a0Hafif etkiler i\u00e7in 10-20 mcg (insan t\u00fcketimi i\u00e7in uygun de\u011fildir).<\/span><\/span><\/p>\n<\/li>\n<li>\n<p class=\"ds-markdown-paragraph\"><strong><span dir=\"auto\" style=\"vertical-align: inherit;\"><span dir=\"auto\" style=\"vertical-align: inherit;\">Y\u00f6ntem:<\/span><\/span><\/strong><span dir=\"auto\" style=\"vertical-align: inherit;\"><span dir=\"auto\" style=\"vertical-align: inherit;\"> \u00a0A\u011f\u0131zdan al\u0131n, dil alt\u0131nda erimesini sa\u011flayarak daha h\u0131zl\u0131 emilim sa\u011flay\u0131n.<\/span><\/span><\/p>\n<\/li>\n<\/ul>\n<p class=\"ds-markdown-paragraph\">\u26a0\ufe0f\u00a0<strong><span dir=\"auto\" style=\"vertical-align: inherit;\"><span dir=\"auto\" style=\"vertical-align: inherit;\">\u00d6nemli:<\/span><\/span><\/strong><span dir=\"auto\" style=\"vertical-align: inherit;\"><span dir=\"auto\" style=\"vertical-align: inherit;\"> \u00a0Her zaman bireysel tolerans\u0131 test etmek i\u00e7in d\u00fc\u015f\u00fck dozla ba\u015flay\u0131n.<\/span><\/span><\/p>\n<hr \/>\n<h3><strong><span dir=\"auto\" style=\"vertical-align: inherit;\"><span dir=\"auto\" style=\"vertical-align: inherit;\">Olas\u0131 Dezavantajlar ve Yan Etkiler<\/span><\/span><\/strong><\/h3>\n<ul>\n<li>\n<p class=\"ds-markdown-paragraph\"><strong><span dir=\"auto\" style=\"vertical-align: inherit;\"><span dir=\"auto\" style=\"vertical-align: inherit;\">Hafif huzursuzluk veya kayg\u0131<\/span><\/span><\/strong><span dir=\"auto\" style=\"vertical-align: inherit;\"><span dir=\"auto\" style=\"vertical-align: inherit;\"> \u00a0(hassas ki\u015filerde).<\/span><\/span><\/p>\n<\/li>\n<li>\n<p class=\"ds-markdown-paragraph\"><strong><span dir=\"auto\" style=\"vertical-align: inherit;\"><span dir=\"auto\" style=\"vertical-align: inherit;\">Duyusal hassasiyetin artmas\u0131.<\/span><\/span><\/strong><\/p>\n<\/li>\n<li>\n<p class=\"ds-markdown-paragraph\"><strong><span dir=\"auto\" style=\"vertical-align: inherit;\"><span dir=\"auto\" style=\"vertical-align: inherit;\">Hafif uyku bozuklu\u011fu<\/span><\/span><\/strong><span dir=\"auto\" style=\"vertical-align: inherit;\"><span dir=\"auto\" style=\"vertical-align: inherit;\"> \u00a0E\u011fer g\u00fcn\u00fcn ilerleyen saatlerinde al\u0131n\u0131rsa.<\/span><\/span><\/p>\n<\/li>\n<li>\n<p class=\"ds-markdown-paragraph\"><strong><span dir=\"auto\" style=\"vertical-align: inherit;\"><span dir=\"auto\" style=\"vertical-align: inherit;\">Ruhsal bozuklu\u011fu olan ki\u015filer i\u00e7in uygun de\u011fildir.<\/span><\/span><\/strong><\/p>\n<\/li>\n<\/ul>\n<hr \/>\n<h3><strong><span dir=\"auto\" style=\"vertical-align: inherit;\"><span dir=\"auto\" style=\"vertical-align: inherit;\">S\u0131k\u00e7a Sorulan Sorular (SSS)<\/span><\/span><\/strong><\/h3>\n<p class=\"ds-markdown-paragraph\"><strong><span dir=\"auto\" style=\"vertical-align: inherit;\"><span dir=\"auto\" style=\"vertical-align: inherit;\">1. 1cP-LSD yasal m\u0131d\u0131r?<\/span><\/span><\/strong><br \/>\n<span dir=\"auto\" style=\"vertical-align: inherit;\"><span dir=\"auto\" style=\"vertical-align: inherit;\"> Yasall\u0131\u011f\u0131 \u00fclkeden \u00fclkeye de\u011fi\u015fir. Hollanda&#039;da,\u00a0 <\/span><\/span><strong><span dir=\"auto\" style=\"vertical-align: inherit;\"><span dir=\"auto\" style=\"vertical-align: inherit;\">Afyon Yasas\u0131<\/span><\/span><\/strong><span dir=\"auto\" style=\"vertical-align: inherit;\"><span dir=\"auto\" style=\"vertical-align: inherit;\"> \u00a0ara\u015ft\u0131rma kimyasal\u0131 olarak, insan t\u00fcketimi i\u00e7in de\u011fil.<\/span><\/span><\/p>\n<p class=\"ds-markdown-paragraph\"><strong><span dir=\"auto\" style=\"vertical-align: inherit;\"><span dir=\"auto\" style=\"vertical-align: inherit;\">2. Etkileri ne kadar s\u00fcrer?<\/span><\/span><\/strong><br \/>\n<span dir=\"auto\" style=\"vertical-align: inherit;\"><span dir=\"auto\" style=\"vertical-align: inherit;\"> Mikrodozlama ile:\u00a0 <\/span><\/span><strong><span dir=\"auto\" style=\"vertical-align: inherit;\"><span dir=\"auto\" style=\"vertical-align: inherit;\">4-8 saat hafif etki.<\/span><\/span><\/strong><\/p>\n<p class=\"ds-markdown-paragraph\"><strong><span dir=\"auto\" style=\"vertical-align: inherit;\"><span dir=\"auto\" style=\"vertical-align: inherit;\">3. 1cP-LSD&#039;yi di\u011fer maddelerle birlikte kullanabilir miyim?<\/span><\/span><\/strong><br \/>\n<span dir=\"auto\" style=\"vertical-align: inherit;\"><span dir=\"auto\" style=\"vertical-align: inherit;\"> \u00d6zellikle MAOI&#039;ler ve uyar\u0131c\u0131lar ile birlikte kullan\u0131m\u0131, \u00f6nceden ara\u015ft\u0131rma yap\u0131lmadan \u00f6nerilmez.<\/span><\/span><\/p>\n<p class=\"ds-markdown-paragraph\"><strong><span dir=\"auto\" style=\"vertical-align: inherit;\"><span dir=\"auto\" style=\"vertical-align: inherit;\">4. Peletleri nas\u0131l saklamal\u0131y\u0131m?<\/span><\/span><\/strong><br \/>\n<span dir=\"auto\" style=\"vertical-align: inherit;\"><span dir=\"auto\" style=\"vertical-align: inherit;\"> Optimum raf \u00f6mr\u00fc i\u00e7in serin, kuru ve karanl\u0131k bir yerde (\u00f6rne\u011fin buzdolab\u0131nda) saklay\u0131n.<\/span><\/span><\/p>\n<hr \/>\n<h3><strong><span dir=\"auto\" style=\"vertical-align: inherit;\"><span dir=\"auto\" style=\"vertical-align: inherit;\">Laboratuvar Raporu ve Kalite G\u00fcvencesi<\/span><\/span><\/strong><\/h3>\n<p class=\"ds-markdown-paragraph\"><span dir=\"auto\" style=\"vertical-align: inherit;\"><span dir=\"auto\" style=\"vertical-align: inherit;\">Bizim\u00a0 <\/span><\/span><strong><span dir=\"auto\" style=\"vertical-align: inherit;\"><span dir=\"auto\" style=\"vertical-align: inherit;\">1cP-LSD peletleri<\/span><\/span><\/strong><span dir=\"auto\" style=\"vertical-align: inherit;\"><span dir=\"auto\" style=\"vertical-align: inherit;\"> \u00a0ba\u011f\u0131ms\u0131z laboratuvarlar taraf\u0131ndan \u015fu testlerden ge\u00e7irilmi\u015ftir:<\/span><\/span><\/p>\n<ul>\n<li>\n<p class=\"ds-markdown-paragraph\"><strong><span dir=\"auto\" style=\"vertical-align: inherit;\"><span dir=\"auto\" style=\"vertical-align: inherit;\">Safl\u0131k:<\/span><\/span><\/strong><span dir=\"auto\" style=\"vertical-align: inherit;\"><span dir=\"auto\" style=\"vertical-align: inherit;\"> \u00a0\u226598%<\/span><\/span><\/p>\n<\/li>\n<li>\n<p class=\"ds-markdown-paragraph\"><strong><span dir=\"auto\" style=\"vertical-align: inherit;\"><span dir=\"auto\" style=\"vertical-align: inherit;\">Dozaj do\u011frulu\u011fu:<\/span><\/span><\/strong><span dir=\"auto\" style=\"vertical-align: inherit;\"><span dir=\"auto\" style=\"vertical-align: inherit;\"> \u00a0pelet ba\u015f\u0131na 10 \u00b1 0,5 mcg<\/span><\/span><\/p>\n<\/li>\n<li>\n<p class=\"ds-markdown-paragraph\"><strong><span dir=\"auto\" style=\"vertical-align: inherit;\"><span dir=\"auto\" style=\"vertical-align: inherit;\">Kirletici i\u00e7ermez:<\/span><\/span><\/strong><span dir=\"auto\" style=\"vertical-align: inherit;\"><span dir=\"auto\" style=\"vertical-align: inherit;\"> \u00a0A\u011f\u0131r metal ve \u00e7\u00f6z\u00fcc\u00fc i\u00e7ermez.<\/span><\/span><\/p>\n<\/li>\n<\/ul>\n<p class=\"ds-markdown-paragraph\">\ud83d\udcc4\u00a0<strong><span dir=\"auto\" style=\"vertical-align: inherit;\"><span dir=\"auto\" style=\"vertical-align: inherit;\">Talep edilmesi halinde laboratuvar raporlar\u0131 da mevcuttur.<\/span><\/span><\/strong><\/p>\n<hr \/>\n<h3><strong><span dir=\"auto\" style=\"vertical-align: inherit;\"><span dir=\"auto\" style=\"vertical-align: inherit;\">\u00c7\u00f6z\u00fcm<\/span><\/span><\/strong><\/h3>\n<p class=\"ds-markdown-paragraph\"><span dir=\"auto\" style=\"vertical-align: inherit;\"><span dir=\"auto\" style=\"vertical-align: inherit;\">Bunlar\u00a0 <\/span><\/span><strong><span dir=\"auto\" style=\"vertical-align: inherit;\"><span dir=\"auto\" style=\"vertical-align: inherit;\">1cP-LSD 10 MCG Peletler<\/span><\/span><\/strong><span dir=\"auto\" style=\"vertical-align: inherit;\"><span dir=\"auto\" style=\"vertical-align: inherit;\"> \u00a0Mikrodozaj\u0131 ke\u015ffetmek i\u00e7in standart bir yol sunarlar. Nootropik ve bili\u015fsel destekle ilgilenenler i\u00e7in idealdirler, ancak <\/span><\/span><strong><span dir=\"auto\" style=\"vertical-align: inherit;\"><span dir=\"auto\" style=\"vertical-align: inherit;\">sorumlu ve yasal bir \u015fekilde<\/span><\/span><\/strong><span dir=\"auto\" style=\"vertical-align: inherit;\"><span dir=\"auto\" style=\"vertical-align: inherit;\"> \u00a0.<\/span><\/span><\/p>\n<p class=\"ds-markdown-paragraph\">\ud83d\udd2c\u00a0<strong><span dir=\"auto\" style=\"vertical-align: inherit;\"><span dir=\"auto\" style=\"vertical-align: inherit;\">Sadece ara\u015ft\u0131rma ama\u00e7l\u0131d\u0131r \u2013 insan t\u00fcketimi i\u00e7in de\u011fildir.<\/span><\/span><\/strong><\/p>","protected":false},"excerpt":{"rendered":"<h3><span data-sheets-value=\"{\"><span dir=\"auto\" style=\"vertical-align: inherit;\"><span dir=\"auto\" style=\"vertical-align: inherit;\">1cP-LSD Peletleri<\/span><\/span><\/span><span dir=\"auto\" style=\"vertical-align: inherit;\"><span dir=\"auto\" style=\"vertical-align: inherit;\"> \u00d6zellikler<\/span><\/span><\/h3>\n<p><strong><span dir=\"auto\" style=\"vertical-align: inherit;\"><span dir=\"auto\" style=\"vertical-align: inherit;\">E\u015f anlaml\u0131s\u0131:<\/span><\/span><\/strong><span dir=\"auto\" style=\"vertical-align: inherit;\"><span dir=\"auto\" style=\"vertical-align: inherit;\"> 1-siklopropankarbonil-liserjik asit dietilamid hemi-L-tartrat <\/span><\/span><br \/>\n<strong><span dir=\"auto\" style=\"vertical-align: inherit;\"><span dir=\"auto\" style=\"vertical-align: inherit;\">CAS Numaras\u0131:<\/span><\/span><\/strong><span dir=\"auto\" style=\"vertical-align: inherit;\"><span dir=\"auto\" style=\"vertical-align: inherit;\"> SONRASINDA <\/span><\/span><br \/>\n<strong><span dir=\"auto\" style=\"vertical-align: inherit;\"><span dir=\"auto\" style=\"vertical-align: inherit;\">Form\u00fcl:<\/span><\/span><\/strong><span dir=\"auto\" style=\"vertical-align: inherit;\"><span dir=\"auto\" style=\"vertical-align: inherit;\"> (8\u03b2)-1-siklopropionil-N,N-dietil-6-metil-9,10-didehidroergolin-8-karboksamid hemi-L-tartrat <\/span><\/span><br \/>\n<strong><span dir=\"auto\" style=\"vertical-align: inherit;\"><span dir=\"auto\" style=\"vertical-align: inherit;\">Mol k\u00fctlesi:<\/span><\/span><\/strong><span dir=\"auto\" style=\"vertical-align: inherit;\"><span dir=\"auto\" style=\"vertical-align: inherit;\"> 466,4 g\/mol <\/span><\/span><br \/>\n<strong><span dir=\"auto\" style=\"vertical-align: inherit;\"><span dir=\"auto\" style=\"vertical-align: inherit;\">Safl\u0131k:<\/span><\/span><\/strong><span dir=\"auto\" style=\"vertical-align: inherit;\"><span dir=\"auto\" style=\"vertical-align: inherit;\"> &gt;97%<\/span><\/span><\/p>","protected":false},"featured_media":27734,"comment_status":"closed","ping_status":"closed","template":"","meta":[],"product_brand":[],"product_cat":[360,377,358,324],"product_tag":[326],"class_list":{"0":"post-23902","1":"product","2":"type-product","3":"status-publish","4":"has-post-thumbnail","6":"product_cat-1cp-lsd","7":"product_cat-1cp-lsd-pellets","8":"product_cat-lysergamides","9":"product_cat-pellets-for-pellet","10":"product_tag-nl","12":"first","13":"instock","14":"taxable","15":"shipping-taxable","16":"purchasable","17":"product-type-variable"},"_links":{"self":[{"href":"https:\/\/globalsourcechemicals.com\/tr\/wp-json\/wp\/v2\/product\/23902","targetHints":{"allow":["GET"]}}],"collection":[{"href":"https:\/\/globalsourcechemicals.com\/tr\/wp-json\/wp\/v2\/product"}],"about":[{"href":"https:\/\/globalsourcechemicals.com\/tr\/wp-json\/wp\/v2\/types\/product"}],"replies":[{"embeddable":true,"href":"https:\/\/globalsourcechemicals.com\/tr\/wp-json\/wp\/v2\/comments?post=23902"}],"version-history":[{"count":5,"href":"https:\/\/globalsourcechemicals.com\/tr\/wp-json\/wp\/v2\/product\/23902\/revisions"}],"predecessor-version":[{"id":28037,"href":"https:\/\/globalsourcechemicals.com\/tr\/wp-json\/wp\/v2\/product\/23902\/revisions\/28037"}],"wp:featuredmedia":[{"embeddable":true,"href":"https:\/\/globalsourcechemicals.com\/tr\/wp-json\/wp\/v2\/media\/27734"}],"wp:attachment":[{"href":"https:\/\/globalsourcechemicals.com\/tr\/wp-json\/wp\/v2\/media?parent=23902"}],"wp:term":[{"taxonomy":"product_brand","embeddable":true,"href":"https:\/\/globalsourcechemicals.com\/tr\/wp-json\/wp\/v2\/product_brand?post=23902"},{"taxonomy":"product_cat","embeddable":true,"href":"https:\/\/globalsourcechemicals.com\/tr\/wp-json\/wp\/v2\/product_cat?post=23902"},{"taxonomy":"product_tag","embeddable":true,"href":"https:\/\/globalsourcechemicals.com\/tr\/wp-json\/wp\/v2\/product_tag?post=23902"}],"curies":[{"name":"wp","href":"https:\/\/api.w.org\/{rel}","templated":true}]}}