{"id":23715,"date":"2025-04-13T17:40:18","date_gmt":"2025-04-13T17:40:18","guid":{"rendered":"https:\/\/globalsourcechemicals.com\/?post_type=product&#038;p=23715"},"modified":"2025-10-02T23:31:29","modified_gmt":"2025-10-02T23:31:29","slug":"5meomipt","status":"publish","type":"product","link":"https:\/\/globalsourcechemicals.com\/tr\/magaza\/5-meo-mipt\/5meomipt\/","title":{"rendered":"5-MeO-MiPT serbest baz"},"content":{"rendered":"<h1><span dir=\"auto\" style=\"vertical-align: inherit;\"><span dir=\"auto\" style=\"vertical-align: inherit;\">5MeOMiPT Freebase \u2013 Psikofarmakolojik \u00c7al\u0131\u015fmalar \u0130\u00e7in Birinci S\u0131n\u0131f Kalitede Ara\u015ft\u0131rma Maddesi<\/span><\/span><\/h1>\n<p><strong><span dir=\"auto\" style=\"vertical-align: inherit;\"><span dir=\"auto\" style=\"vertical-align: inherit;\">\u00dcr\u00fcn Ad\u0131:<\/span><\/span><\/strong><span dir=\"auto\" style=\"vertical-align: inherit;\"><span dir=\"auto\" style=\"vertical-align: inherit;\"> 5-MeO-MiPT Serbest Baz (5-Metoksi-N-metil-N-izopropiltriptamin) <\/span><\/span><br \/>\n<strong><span dir=\"auto\" style=\"vertical-align: inherit;\"><span dir=\"auto\" style=\"vertical-align: inherit;\">Safl\u0131k:<\/span><\/span><\/strong><span dir=\"auto\" style=\"vertical-align: inherit;\"><span dir=\"auto\" style=\"vertical-align: inherit;\"> \u226598% (HPLC ile do\u011fruland\u0131) <\/span><\/span><br \/>\n<strong><span dir=\"auto\" style=\"vertical-align: inherit;\"><span dir=\"auto\" style=\"vertical-align: inherit;\">Bi\u00e7im:<\/span><\/span><\/strong><span dir=\"auto\" style=\"vertical-align: inherit;\"><span dir=\"auto\" style=\"vertical-align: inherit;\"> Kristalin serbest baz <\/span><\/span><br \/>\n<strong><span dir=\"auto\" style=\"vertical-align: inherit;\"><span dir=\"auto\" style=\"vertical-align: inherit;\">Depolamak:<\/span><\/span><\/strong><span dir=\"auto\" style=\"vertical-align: inherit;\"><span dir=\"auto\" style=\"vertical-align: inherit;\"> Hava ge\u00e7irmez bir kapta 2\u20138 \u00b0C&#039;de saklay\u0131n<\/span><\/span><\/p>\n<h2><span dir=\"auto\" style=\"vertical-align: inherit;\"><span dir=\"auto\" style=\"vertical-align: inherit;\">Bilimsel \u0130lgililik<\/span><\/span><\/h2>\n<p><span dir=\"auto\" style=\"vertical-align: inherit;\"><span dir=\"auto\" style=\"vertical-align: inherit;\">5-MeO-MiPT serbest baz\u0131, \u00f6zellikle a\u015fa\u011f\u0131daki alanlardaki ileri ara\u015ft\u0131rmalar i\u00e7in uygun, benzersiz farmakolojik \u00f6zelliklere sahip ilgi \u00e7ekici bir triptamin bile\u015fi\u011fidir:<\/span><\/span><\/p>\n<ul>\n<li><span dir=\"auto\" style=\"vertical-align: inherit;\"><span dir=\"auto\" style=\"vertical-align: inherit;\">Serotonerjik Resept\u00f6r Etkile\u015fimleri (5-HT1A\/2A\/2C)<\/span><\/span><\/li>\n<li><span dir=\"auto\" style=\"vertical-align: inherit;\"><span dir=\"auto\" style=\"vertical-align: inherit;\">Triptamin s\u0131n\u0131f\u0131ndaki yap\u0131sal aktivite ili\u015fkisi (SAR) \u00e7al\u0131\u015fmalar\u0131<\/span><\/span><\/li>\n<li><span dir=\"auto\" style=\"vertical-align: inherit;\"><span dir=\"auto\" style=\"vertical-align: inherit;\">Bilin\u00e7 mod\u00fclasyonunun n\u00f6rokimyasal mekanizmalar\u0131<\/span><\/span><\/li>\n<\/ul>\n<h2><span dir=\"auto\" style=\"vertical-align: inherit;\"><span dir=\"auto\" style=\"vertical-align: inherit;\">Kritik Kalite \u00d6zellikleri<\/span><\/span><\/h2>\n<p><span dir=\"auto\" style=\"vertical-align: inherit;\"><span dir=\"auto\" style=\"vertical-align: inherit;\">\u2713 <\/span><\/span><strong><span dir=\"auto\" style=\"vertical-align: inherit;\"><span dir=\"auto\" style=\"vertical-align: inherit;\">Optimize edilmi\u015f serbest taban formu<\/span><\/span><\/strong><span dir=\"auto\" style=\"vertical-align: inherit;\"><span dir=\"auto\" style=\"vertical-align: inherit;\"> organik \u00e7\u00f6z\u00fcc\u00fclerde \u00fcst\u00fcn \u00e7\u00f6z\u00fcn\u00fcrl\u00fck i\u00e7in <\/span><\/span><br \/>\n<span dir=\"auto\" style=\"vertical-align: inherit;\"><span dir=\"auto\" style=\"vertical-align: inherit;\">\u2713 <\/span><\/span><strong><span dir=\"auto\" style=\"vertical-align: inherit;\"><span dir=\"auto\" style=\"vertical-align: inherit;\">Geli\u015fmi\u015f ar\u0131tma y\u00f6ntemi<\/span><\/span><\/strong><span dir=\"auto\" style=\"vertical-align: inherit;\"><span dir=\"auto\" style=\"vertical-align: inherit;\"> (yeniden kristalle\u015ftirme + kromatografi) <\/span><\/span><br \/>\n<span dir=\"auto\" style=\"vertical-align: inherit;\"><span dir=\"auto\" style=\"vertical-align: inherit;\">\u2713 <\/span><\/span><strong><span dir=\"auto\" style=\"vertical-align: inherit;\"><span dir=\"auto\" style=\"vertical-align: inherit;\">Kararl\u0131 parti tutarl\u0131l\u0131\u011f\u0131<\/span><\/span><\/strong><span dir=\"auto\" style=\"vertical-align: inherit;\"><span dir=\"auto\" style=\"vertical-align: inherit;\"> \u00dcretim partileri aras\u0131nda &lt;1% varyasyonu ile <\/span><\/span><br \/>\n<span dir=\"auto\" style=\"vertical-align: inherit;\"><span dir=\"auto\" style=\"vertical-align: inherit;\">\u2713 <\/span><\/span><strong><span dir=\"auto\" style=\"vertical-align: inherit;\"><span dir=\"auto\" style=\"vertical-align: inherit;\">Kapsaml\u0131 analitik dok\u00fcmantasyon<\/span><\/span><\/strong><span dir=\"auto\" style=\"vertical-align: inherit;\"><span dir=\"auto\" style=\"vertical-align: inherit;\"> NMR, MS ve HPLC verileri dahil<\/span><\/span><\/p>\n<h2><span dir=\"auto\" style=\"vertical-align: inherit;\"><span dir=\"auto\" style=\"vertical-align: inherit;\">Laboratuvar uygulamalar\u0131<\/span><\/span><\/h2>\n<p><span dir=\"auto\" style=\"vertical-align: inherit;\"><span dir=\"auto\" style=\"vertical-align: inherit;\">\u25b8 Resept\u00f6r ba\u011flanma deneyleri <\/span><\/span><br \/>\n<span dir=\"auto\" style=\"vertical-align: inherit;\"><span dir=\"auto\" style=\"vertical-align: inherit;\">\u25b8 In vitro metabolik stabilite \u00e7al\u0131\u015fmalar\u0131 <\/span><\/span><br \/>\n<span dir=\"auto\" style=\"vertical-align: inherit;\"><span dir=\"auto\" style=\"vertical-align: inherit;\">\u25b8 Klinik \u00f6ncesi farmakokinetik modelleme<\/span><\/span><\/p>\n<h2><span dir=\"auto\" style=\"vertical-align: inherit;\"><span dir=\"auto\" style=\"vertical-align: inherit;\">G\u00fcvenlik protokol\u00fc<\/span><\/span><\/h2>\n<p><span dir=\"auto\" style=\"vertical-align: inherit;\"><span dir=\"auto\" style=\"vertical-align: inherit;\">\u2022 <\/span><\/span><strong><span dir=\"auto\" style=\"vertical-align: inherit;\"><span dir=\"auto\" style=\"vertical-align: inherit;\">Kesinlikle in vitro kullan\u0131m i\u00e7indir<\/span><\/span><\/strong><br \/>\n<span dir=\"auto\" style=\"vertical-align: inherit;\"><span dir=\"auto\" style=\"vertical-align: inherit;\"> \u2022 <\/span><\/span><strong><span dir=\"auto\" style=\"vertical-align: inherit;\"><span dir=\"auto\" style=\"vertical-align: inherit;\">Gereklilikler:<\/span><\/span><\/strong><span dir=\"auto\" style=\"vertical-align: inherit;\"><span dir=\"auto\" style=\"vertical-align: inherit;\"> Davlumbaz, nitril eldiven, laboratuvar \u00f6nl\u00fc\u011f\u00fc <\/span><\/span><br \/>\n<span dir=\"auto\" style=\"vertical-align: inherit;\"><span dir=\"auto\" style=\"vertical-align: inherit;\">\u2022 <\/span><\/span><strong><span dir=\"auto\" style=\"vertical-align: inherit;\"><span dir=\"auto\" style=\"vertical-align: inherit;\">Uyumlu \u00e7\u00f6z\u00fcc\u00fcler:<\/span><\/span><\/strong><span dir=\"auto\" style=\"vertical-align: inherit;\"><span dir=\"auto\" style=\"vertical-align: inherit;\"> Aseton, metanol, DMSO (\u226599.9% saf) <\/span><\/span><br \/>\n<span dir=\"auto\" style=\"vertical-align: inherit;\"><span dir=\"auto\" style=\"vertical-align: inherit;\">\u2022 <\/span><\/span><strong><span dir=\"auto\" style=\"vertical-align: inherit;\"><span dir=\"auto\" style=\"vertical-align: inherit;\">Kararl\u0131l\u0131k:<\/span><\/span><\/strong><span dir=\"auto\" style=\"vertical-align: inherit;\"><span dir=\"auto\" style=\"vertical-align: inherit;\"> Do\u011fru \u015fekilde sakland\u0131\u011f\u0131nda 36 ay<\/span><\/span><\/p>\n<h2><span dir=\"auto\" style=\"vertical-align: inherit;\"><span dir=\"auto\" style=\"vertical-align: inherit;\">Paketleme se\u00e7enekleri<\/span><\/span><\/h2>\n<ul>\n<li><span dir=\"auto\" style=\"vertical-align: inherit;\"><span dir=\"auto\" style=\"vertical-align: inherit;\">Standart: Argon bo\u015flu\u011fu i\u00e7eren 1 g kehribar cam \u015fi\u015fe<\/span><\/span><\/li>\n<li><span dir=\"auto\" style=\"vertical-align: inherit;\"><span dir=\"auto\" style=\"vertical-align: inherit;\">Toplu: \u015eartland\u0131r\u0131lm\u0131\u015f \u015fi\u015felerde 5 g \/ 10 g<\/span><\/span><\/li>\n<li><span dir=\"auto\" style=\"vertical-align: inherit;\"><span dir=\"auto\" style=\"vertical-align: inherit;\">\u0130ste\u011fe ba\u011fl\u0131: Kalibre edilmi\u015f analitik referans standart paketi<\/span><\/span><\/li>\n<\/ul>\n<h2><span dir=\"auto\" style=\"vertical-align: inherit;\"><span dir=\"auto\" style=\"vertical-align: inherit;\">Analitik Garanti<\/span><\/span><\/h2>\n<p><span dir=\"auto\" style=\"vertical-align: inherit;\"><span dir=\"auto\" style=\"vertical-align: inherit;\">Her sevkiyat \u015funlar\u0131 i\u00e7erir:<\/span><\/span><\/p>\n<p><span dir=\"auto\" style=\"vertical-align: inherit;\"><span dir=\"auto\" style=\"vertical-align: inherit;\">1. K\u00fctle spektrumu (GC-MS) <\/span><\/span><br \/>\n<span dir=\"auto\" style=\"vertical-align: inherit;\"><span dir=\"auto\" style=\"vertical-align: inherit;\">\u2461 Safl\u0131k sertifikal\u0131 HPLC kromatogram\u0131 <\/span><\/span><br \/>\n<span dir=\"auto\" style=\"vertical-align: inherit;\"><span dir=\"auto\" style=\"vertical-align: inherit;\">\u2462 Yap\u0131sal do\u011frulama i\u00e7in FT-IR spektrumu<\/span><\/span><\/p>\n<h2><span dir=\"auto\" style=\"vertical-align: inherit;\"><span dir=\"auto\" style=\"vertical-align: inherit;\">Yasal Uyar\u0131<\/span><\/span><\/h2>\n<p><span dir=\"auto\" style=\"vertical-align: inherit;\"><span dir=\"auto\" style=\"vertical-align: inherit;\">Bu \u00fcr\u00fcn, yaln\u0131zca kalifiye uzmanlar taraf\u0131ndan yetkilendirilmi\u015f bilimsel ara\u015ft\u0131rmalar i\u00e7in tasarlanm\u0131\u015ft\u0131r. Tan\u0131 veya tedavi ama\u00e7l\u0131 de\u011fildir. Al\u0131c\u0131lar, t\u00fcm yerel d\u00fczenlemelere uymaktan sorumludur.<\/span><\/span><\/p>\n<h2><span dir=\"auto\" style=\"vertical-align: inherit;\"><span dir=\"auto\" style=\"vertical-align: inherit;\">Teknik Destek<\/span><\/span><\/h2>\n<p><span dir=\"auto\" style=\"vertical-align: inherit;\"><span dir=\"auto\" style=\"vertical-align: inherit;\">Doktora sahibi kimyagerlerimiz bilimsel dan\u0131\u015fmanl\u0131k i\u00e7in hizmetinizdedir <\/span><\/span><a href=\"http:\/\/google.nl\" target=\"_blank\" rel=\"noopener\"><span dir=\"auto\" style=\"vertical-align: inherit;\"><span dir=\"auto\" style=\"vertical-align: inherit;\">A\u00e7\u0131k<\/span><\/span><\/a><span dir=\"auto\" style=\"vertical-align: inherit;\"><span dir=\"auto\" style=\"vertical-align: inherit;\"> ara\u015ft\u0131rma uygulamalar\u0131.<\/span><\/span><\/p>\n<h2><span dir=\"auto\" style=\"vertical-align: inherit;\"><span dir=\"auto\" style=\"vertical-align: inherit;\">Sipari\u015f bilgileri<\/span><\/span><\/h2>\n<p><strong><span dir=\"auto\" style=\"vertical-align: inherit;\"><span dir=\"auto\" style=\"vertical-align: inherit;\">\u015eimdi sipari\u015f verin ve \u015funlardan yararlan\u0131n:<\/span><\/span><\/strong><\/p>\n<p><span dir=\"auto\" style=\"vertical-align: inherit;\"><span dir=\"auto\" style=\"vertical-align: inherit;\">\u2022 \u00d6ncelikli laboratuvardan laboratuvara nakliye <\/span><\/span><br \/>\n<span dir=\"auto\" style=\"vertical-align: inherit;\"><span dir=\"auto\" style=\"vertical-align: inherit;\">\u2022 Ta\u015f\u0131ma s\u0131ras\u0131nda izlenebilir so\u011futma <\/span><\/span><br \/>\n<span dir=\"auto\" style=\"vertical-align: inherit;\"><span dir=\"auto\" style=\"vertical-align: inherit;\">\u2022 \u0130ste\u011fe ba\u011fl\u0131 \u00f6zel sentez hizmetleri<\/span><\/span><\/p>\n<p><a href=\"https:\/\/globalsourcechemicals.com\/tr\/magaza\/lizergamidler\/1v-lsd-150-mcg-blotters\/\"><span dir=\"auto\" style=\"vertical-align: inherit;\"><span dir=\"auto\" style=\"vertical-align: inherit;\">1V-LSD 150 MCG Blotterlar <\/span><\/span><\/a><a href=\"https:\/\/globalsourcechemicals.com\/tr\/magaza\/fenetilamin\/2c-ef-2-mg-kapsul\/\"><span dir=\"auto\" style=\"vertical-align: inherit;\"><span dir=\"auto\" style=\"vertical-align: inherit;\">2C-EF 2 mg Kaps\u00fcller <\/span><\/span><\/a><a href=\"https:\/\/globalsourcechemicals.com\/tr\/magaza\/neredeyse-yasaklandi\/6-cl-adba\/\"><span dir=\"auto\" style=\"vertical-align: inherit;\"><span dir=\"auto\" style=\"vertical-align: inherit;\">6-CL-ADBA <\/span><\/span><\/a><a href=\"https:\/\/globalsourcechemicals.com\/tr\/magaza\/katinonlar\/2-cmc-satin-al\/\"><span dir=\"auto\" style=\"vertical-align: inherit;\"><span dir=\"auto\" style=\"vertical-align: inherit;\">2-CMC 250 mg peletler <\/span><\/span><\/a><a href=\"https:\/\/globalsourcechemicals.com\/tr\/magaza\/diger\/meai\/\"><span dir=\"auto\" style=\"vertical-align: inherit;\"><span dir=\"auto\" style=\"vertical-align: inherit;\">MEAI<\/span><\/span><\/a><\/p>","protected":false},"excerpt":{"rendered":"<h3><span dir=\"auto\" style=\"vertical-align: inherit;\"><span dir=\"auto\" style=\"vertical-align: inherit;\">5-MeO-MiPT freebase properties<\/span><\/span><\/h3>\n<p><strong><span dir=\"auto\" style=\"vertical-align: inherit;\"><span dir=\"auto\" style=\"vertical-align: inherit;\">Synonym:<\/span><\/span><\/strong><span dir=\"auto\" style=\"vertical-align: inherit;\"><span dir=\"auto\" style=\"vertical-align: inherit;\"> 5-methoxy-N-isopropyl-N-methyltryptamine freebase <\/span><\/span><br \/>\n<strong><span dir=\"auto\" style=\"vertical-align: inherit;\"><span dir=\"auto\" style=\"vertical-align: inherit;\">CAS Number:<\/span><\/span><\/strong><span dir=\"auto\" style=\"vertical-align: inherit;\"><span dir=\"auto\" style=\"vertical-align: inherit;\"> 96096-55-8 <\/span><\/span><br \/>\n<strong><span dir=\"auto\" style=\"vertical-align: inherit;\"><span dir=\"auto\" style=\"vertical-align: inherit;\">Formula:<\/span><\/span><\/strong><span dir=\"auto\" style=\"vertical-align: inherit;\"><span dir=\"auto\" style=\"vertical-align: inherit;\"> 3-[2-(isopropylmethylamino)ethyl]-5-methoxyindole freebase <\/span><\/span><br \/>\n<strong><span dir=\"auto\" style=\"vertical-align: inherit;\"><span dir=\"auto\" style=\"vertical-align: inherit;\">Molecular weight:<\/span><\/span><\/strong><span dir=\"auto\" style=\"vertical-align: inherit;\"><span dir=\"auto\" style=\"vertical-align: inherit;\"> 282.8 g\/mol <\/span><\/span><br \/>\n<strong><span dir=\"auto\" style=\"vertical-align: inherit;\"><span dir=\"auto\" style=\"vertical-align: inherit;\">Purity:<\/span><\/span><\/strong><span dir=\"auto\" style=\"vertical-align: inherit;\"><span dir=\"auto\" style=\"vertical-align: inherit;\"> &gt;97%<\/span><\/span><\/p>\n","protected":false},"featured_media":27832,"comment_status":"closed","ping_status":"closed","template":"","meta":[],"product_brand":[82],"product_cat":[436,381],"product_tag":[650,643,326],"class_list":{"0":"post-23715","1":"product","2":"type-product","3":"status-publish","4":"has-post-thumbnail","6":"product_brand-research-chemical","7":"product_cat-5-meo-mipt","8":"product_cat-tryptamines","9":"product_tag-5-meo-mipt","10":"product_tag-5meomipt","11":"product_tag-nl","13":"first","14":"instock","15":"taxable","16":"shipping-taxable","17":"purchasable","18":"product-type-variable"},"_links":{"self":[{"href":"https:\/\/globalsourcechemicals.com\/tr\/wp-json\/wp\/v2\/product\/23715","targetHints":{"allow":["GET"]}}],"collection":[{"href":"https:\/\/globalsourcechemicals.com\/tr\/wp-json\/wp\/v2\/product"}],"about":[{"href":"https:\/\/globalsourcechemicals.com\/tr\/wp-json\/wp\/v2\/types\/product"}],"replies":[{"embeddable":true,"href":"https:\/\/globalsourcechemicals.com\/tr\/wp-json\/wp\/v2\/comments?post=23715"}],"version-history":[{"count":5,"href":"https:\/\/globalsourcechemicals.com\/tr\/wp-json\/wp\/v2\/product\/23715\/revisions"}],"predecessor-version":[{"id":28052,"href":"https:\/\/globalsourcechemicals.com\/tr\/wp-json\/wp\/v2\/product\/23715\/revisions\/28052"}],"wp:featuredmedia":[{"embeddable":true,"href":"https:\/\/globalsourcechemicals.com\/tr\/wp-json\/wp\/v2\/media\/27832"}],"wp:attachment":[{"href":"https:\/\/globalsourcechemicals.com\/tr\/wp-json\/wp\/v2\/media?parent=23715"}],"wp:term":[{"taxonomy":"product_brand","embeddable":true,"href":"https:\/\/globalsourcechemicals.com\/tr\/wp-json\/wp\/v2\/product_brand?post=23715"},{"taxonomy":"product_cat","embeddable":true,"href":"https:\/\/globalsourcechemicals.com\/tr\/wp-json\/wp\/v2\/product_cat?post=23715"},{"taxonomy":"product_tag","embeddable":true,"href":"https:\/\/globalsourcechemicals.com\/tr\/wp-json\/wp\/v2\/product_tag?post=23715"}],"curies":[{"name":"wp","href":"https:\/\/api.w.org\/{rel}","templated":true}]}}