{"id":27216,"date":"2025-08-14T11:20:44","date_gmt":"2025-08-14T11:20:44","guid":{"rendered":"https:\/\/globalsourcechemicals.com\/?page_id=27216"},"modified":"2025-10-13T09:52:58","modified_gmt":"2025-10-13T09:52:58","slug":"geri-donmek","status":"publish","type":"page","link":"https:\/\/globalsourcechemicals.com\/tr\/geri-donmek\/","title":{"rendered":"\u0130adeler"},"content":{"rendered":"<p><strong>\u0130ade Politikas\u0131<\/strong><\/p>\n\n\n\n<p>Mesafeli Sat\u0131\u015f Kanunu kapsam\u0131nda, t\u00fcketicilere internet \u00fczerinden yapt\u0131klar\u0131 al\u0131\u015fveri\u015flerde, \u00fcr\u00fcn\u00fc teslim ald\u0131klar\u0131 tarihten itibaren 14 g\u00fcnl\u00fck cayma hakk\u0131 tan\u0131nmaktad\u0131r. Bu s\u00fcre i\u00e7erisinde t\u00fcketiciler, herhangi bir gerek\u00e7e g\u00f6stermeksizin \u00fcr\u00fcn\u00fc iade edebilirler.<\/p>\n\n\n\n<p><strong>\u015eartlar ve ko\u015fullar<\/strong><\/p>\n\n\n\n<p>Cayma hakk\u0131n\u0131n kullan\u0131lmas\u0131 belirli yasal h\u00fck\u00fcmlere tabidir. Cayma s\u00fcresi boyunca t\u00fcketici, hem \u00fcr\u00fcn\u00fc hem de ambalaj\u0131n\u0131 \u00f6zenle kullanmal\u0131d\u0131r. \u00dcr\u00fcn, yaln\u0131zca t\u00fcketicinin \u00fcr\u00fcn\u00fc saklamak isteyip istemedi\u011fini de\u011ferlendirebilmesi i\u00e7in gerekli oldu\u011fu \u00f6l\u00e7\u00fcde ambalaj\u0131ndan \u00e7\u0131kar\u0131labilir veya kullan\u0131labilir. Cayma hakk\u0131n\u0131n kullan\u0131lmas\u0131 durumunda, \u00fcr\u00fcn, t\u00fcm aksesuarlar\u0131yla birlikte orijinal durumu ve ambalaj\u0131yla birlikte globalsourcechemicals.com&#039;a iade edilmelidir.<\/p>\n\n\n\n<p>Hasarl\u0131, eksik iade edilen veya \u00e7ok kullan\u0131lm\u0131\u015f \u00fcr\u00fcnler i\u00e7in tam iade yap\u0131lmamaktad\u0131r.<\/p>\n\n\n\n<p>\u0130ade kargo masraflar\u0131 ve riskleri m\u00fc\u015fteriye aittir. globalsourcechemicals.com, iade kargo masraflar\u0131 hari\u00e7 olmak \u00fczere \u00f6denen tutar\u0131 30 g\u00fcn i\u00e7inde iade etmekle y\u00fck\u00fcml\u00fcd\u00fcr.<\/p>\n\n\n\n<p><strong>G\u00f6nderimden \u00f6nce iptal edin<\/strong><\/p>\n\n\n\n<p>Sipari\u015finiz hen\u00fcz \u00f6denmemi\u015f, paketlenmemi\u015f ve\/veya g\u00f6nderilmemi\u015fse info adresine e-posta g\u00f6ndererek iptal edebilirsiniz.<a>@globalsourcechemicals.com<\/a><\/p>\n\n\n\n<p><strong>Al\u0131nd\u0131ktan sonra iade<\/strong><\/p>\n\n\n\n<p>Sipari\u015finizi ald\u0131ktan sonra ve iade etmek isterseniz, \u00f6ncelikle info adresine bir e-posta g\u00f6ndermeniz gerekmektedir.<a>@globalsourcechemicals.com<\/a><\/p>\n\n\n\n<p>Yaln\u0131zca iade kargo \u00fccretlerinden siz sorumlusunuz. \u0130ade edilen \u00fcr\u00fcn globalsourcechemicals.com&#039;a ula\u015ft\u0131\u011f\u0131nda tam para iadeniz yap\u0131lacakt\u0131r.<\/p>\n\n\n\n<p>\u0130ptal sebebiniz ne olursa olsun, yasal s\u00fcre i\u00e7inde i\u015flem yapman\u0131z gerekti\u011fini l\u00fctfen unutmay\u0131n. Bu, sipari\u015finizi ald\u0131ktan sonraki 14 g\u00fcn i\u00e7inde globalsourcechemicals.com&#039;u bilgilendirmeniz ve \u00fcr\u00fcn\u00fc 14 g\u00fcn i\u00e7inde iade etmeniz gerekti\u011fi anlam\u0131na gelir.<\/p>\n\n\n\n<p><strong>\u0130ade politikasi<\/strong><\/p>\n\n\n\n<p>Cayma hakk\u0131 kapsam\u0131nda a\u015fa\u011f\u0131daki durumlarda \u00fcr\u00fcn\u00fc iade edebilirsiniz:<\/p>\n\n\n\n<ul class=\"wp-block-list\">\n<li>\u00dcr\u00fcn kullan\u0131lmam\u0131\u015ft\u0131r.<\/li>\n\n\n\n<li>G\u00f6r\u00fcn\u00fcrde herhangi bir hasar veya kullan\u0131m izi bulunmamaktad\u0131r.<\/li>\n\n\n\n<li>\u00dcr\u00fcn, t\u00fcm par\u00e7alar\u0131yla birlikte, teslim al\u0131nd\u0131\u011f\u0131 haliyle iade edilir.<\/li>\n<\/ul>\n\n\n\n<p>\u0130ade edilen tutar a\u015fa\u011f\u0131daki durumlarda azalt\u0131labilir:<\/p>\n\n\n\n<ul class=\"wp-block-list\">\n<li>\u00dcr\u00fcn kullan\u0131c\u0131 taraf\u0131ndan veya iade kargosu s\u0131ras\u0131nda hasar g\u00f6rm\u00fc\u015fse.<\/li>\n\n\n\n<li>Ambalaj malzemesinin orijinal durumunda olmamas\u0131 (\u00f6rne\u011fin ambalaj\u0131n a\u00e7\u0131lm\u0131\u015f veya hasarl\u0131 olmas\u0131).<\/li>\n<\/ul>\n\n\n\n<p>Sipari\u015finizi reddederseniz veya cayma hakk\u0131n\u0131z\u0131 belirtilen s\u00fcre i\u00e7inde a\u00e7\u0131k\u00e7a belirtmezseniz, globalsourcechemicals.com sipari\u015fin neden reddedildi\u011fini belirleyemez. Bu gibi durumlarda, hem sipari\u015f bedeli hem de ek masraflar sizden tahsil edilecektir. \u00dcr\u00fcnleri kararla\u015ft\u0131r\u0131lan s\u00fcre i\u00e7inde iade etme niyetinizi Researchchemicalskopen.net&#039;e zaman\u0131nda bildirmek yasal y\u00fck\u00fcml\u00fcl\u00fc\u011f\u00fcn\u00fczd\u00fcr.<\/p>\n\n\n\n<p>\u0130ade edilen \u00fcr\u00fcnlerin depomuzdan \u00e7\u0131kt\u0131\u011f\u0131 haliyle ayn\u0131 durumda olmas\u0131 gerekmektedir.<\/p>","protected":false},"excerpt":{"rendered":"<p>Retourbeleid Volgens de Wet Kopen op Afstand heeft de consument bij online aankopen recht op een bedenktijd van 14 dagen<\/p>","protected":false},"author":1,"featured_media":0,"parent":0,"menu_order":0,"comment_status":"closed","ping_status":"closed","template":"","meta":{"footnotes":""},"class_list":["post-27216","page","type-page","status-publish","hentry"],"_links":{"self":[{"href":"https:\/\/globalsourcechemicals.com\/tr\/wp-json\/wp\/v2\/pages\/27216","targetHints":{"allow":["GET"]}}],"collection":[{"href":"https:\/\/globalsourcechemicals.com\/tr\/wp-json\/wp\/v2\/pages"}],"about":[{"href":"https:\/\/globalsourcechemicals.com\/tr\/wp-json\/wp\/v2\/types\/page"}],"author":[{"embeddable":true,"href":"https:\/\/globalsourcechemicals.com\/tr\/wp-json\/wp\/v2\/users\/1"}],"replies":[{"embeddable":true,"href":"https:\/\/globalsourcechemicals.com\/tr\/wp-json\/wp\/v2\/comments?post=27216"}],"version-history":[{"count":2,"href":"https:\/\/globalsourcechemicals.com\/tr\/wp-json\/wp\/v2\/pages\/27216\/revisions"}],"predecessor-version":[{"id":27515,"href":"https:\/\/globalsourcechemicals.com\/tr\/wp-json\/wp\/v2\/pages\/27216\/revisions\/27515"}],"wp:attachment":[{"href":"https:\/\/globalsourcechemicals.com\/tr\/wp-json\/wp\/v2\/media?parent=27216"}],"curies":[{"name":"wp","href":"https:\/\/api.w.org\/{rel}","templated":true}]}}