{"id":27214,"date":"2025-08-14T11:19:38","date_gmt":"2025-08-14T11:19:38","guid":{"rendered":"https:\/\/globalsourcechemicals.com\/?page_id=27214"},"modified":"2025-10-13T09:54:25","modified_gmt":"2025-10-13T09:54:25","slug":"sevk-etmek","status":"publish","type":"page","link":"https:\/\/globalsourcechemicals.com\/tr\/sevk-etmek\/","title":{"rendered":"Sevk etmek"},"content":{"rendered":"<p>globalsourcechemicals.com&#039;da, paketlerinizi m\u00fcmk\u00fcn olan en k\u0131sa s\u00fcrede g\u00f6nderiyoruz. Saat 17:00&#039;den \u00f6nce verilen ve \u00f6demesi al\u0131nan sipari\u015fler, &quot;Teslim Al&quot; se\u00e7ene\u011fini se\u00e7medi\u011finiz s\u00fcrece ayn\u0131 g\u00fcn kargoya teslim edilir.<\/p>\n\n\n\n<p>T\u00fcm sipari\u015fleriniz se\u00e7ti\u011finiz kargo \u015firketiyle g\u00f6nderilir. Sipari\u015finizi takip edebilmeniz i\u00e7in her zaman bir takip ve izleme kodu al\u0131rs\u0131n\u0131z.<\/p>\n\n\n\n<p>Paketiniz 10 i\u015f g\u00fcn\u00fc i\u00e7erisinde teslim edilmediyse l\u00fctfen daha detayl\u0131 ara\u015ft\u0131rma yapabilmemiz i\u00e7in bizimle ileti\u015fime ge\u00e7in.<\/p>\n\n\n\n<p><strong>Hollanda ve Bel\u00e7ika&#039;ya \u00fccretsiz kargo: 75 \u20ac veya \u00fczeri sipari\u015flerde<\/strong><br><strong>Di\u011fer \u00fclkelere \u00fccretsiz g\u00f6nderim: 250 \u20ac veya \u00fczeri sipari\u015flerde<\/strong><\/p>\n\n\n\n<hr class=\"wp-block-separator has-alpha-channel-opacity\"\/>\n\n\n\n<figure class=\"wp-block-table\"><table class=\"has-fixed-layout\"><tbody><tr><td><strong>\u00dclke<\/strong><\/td><td><strong>Teslimat s\u00fcresi<\/strong><br><small><em>Saat 17:00&#039;den \u00f6nce \u00f6dendi,<br>ayn\u0131 g\u00fcn kargoya verilir<\/em><\/small><\/td><td><strong>PostNL<\/strong><\/td><td><strong>DHL<\/strong><\/td><td><strong>DPD<\/strong><\/td><\/tr><tr><td>Hollanda<\/td><td>1-2 i\u015f g\u00fcn\u00fc<\/td><td>\u20ac4,95<\/td><td>\u20ac4,95<\/td><td>sonras\u0131nda<\/td><\/tr><tr><td>Bel\u00e7ika<\/td><td>1-4 i\u015f g\u00fcn\u00fc<\/td><td>\u20ac4,95<\/td><td>\u20ac7,95<\/td><td>sonras\u0131nda<\/td><\/tr><tr><td>Bulgaristan<\/td><td>2-8 i\u015f g\u00fcn\u00fc<\/td><td>sonras\u0131nda<\/td><td>\u20ac17,95<\/td><td>\u20ac9,95<\/td><\/tr><tr><td>Estonya<\/td><td>2-8 i\u015f g\u00fcn\u00fc<\/td><td>sonras\u0131nda<\/td><td>\u20ac34,95<\/td><td>\u20ac14,95<\/td><\/tr><tr><td>Fransa<\/td><td>2-8 i\u015f g\u00fcn\u00fc<\/td><td>sonras\u0131nda<\/td><td>\u20ac12,95<\/td><td>\u20ac8,95<\/td><\/tr><tr><td>Yunanistan<\/td><td>2-8 i\u015f g\u00fcn\u00fc<\/td><td>sonras\u0131nda<\/td><td>\u20ac14,95<\/td><td>\u20ac39,95<\/td><\/tr><tr><td>Macaristan<\/td><td>2-8 i\u015f g\u00fcn\u00fc<\/td><td>sonras\u0131nda<\/td><td>\u20ac14,95<\/td><td>\u20ac9,95<\/td><\/tr><tr><td>\u0130rlanda<\/td><td>2-8 i\u015f g\u00fcn\u00fc<\/td><td>sonras\u0131nda<\/td><td>\u20ac12,95<\/td><td>\u20ac24,95<\/td><\/tr><tr><td>\u0130talya<\/td><td>2-8 i\u015f g\u00fcn\u00fc<\/td><td>sonras\u0131nda<\/td><td>\u20ac10,95<\/td><td>\u20ac9,95<\/td><\/tr><tr><td>H\u0131rvatistan<\/td><td>2-8 i\u015f g\u00fcn\u00fc<\/td><td>sonras\u0131nda<\/td><td>\u20ac19,95<\/td><td>\u20ac10,95<\/td><\/tr><tr><td>Letonya<\/td><td>2-8 i\u015f g\u00fcn\u00fc<\/td><td>sonras\u0131nda<\/td><td>\u20ac34,95<\/td><td>\u20ac15,95<\/td><\/tr><tr><td>Litvanya<\/td><td>2-8 i\u015f g\u00fcn\u00fc<\/td><td>sonras\u0131nda<\/td><td>\u20ac34,95<\/td><td>\u20ac12,95<\/td><\/tr><tr><td>L\u00fcksemburg<\/td><td>2-8 i\u015f g\u00fcn\u00fc<\/td><td>sonras\u0131nda<\/td><td>sonras\u0131nda<\/td><td>\u20ac8,95<\/td><\/tr><tr><td>Avusturya<\/td><td>2-8 i\u015f g\u00fcn\u00fc<\/td><td>sonras\u0131nda<\/td><td>\u20ac11,95<\/td><td>\u20ac9,95<\/td><\/tr><tr><td>Polonya<\/td><td>2-8 i\u015f g\u00fcn\u00fc<\/td><td>sonras\u0131nda<\/td><td>\u20ac14,95<\/td><td>\u20ac9,95<\/td><\/tr><tr><td>Portekiz<\/td><td>2-8 i\u015f g\u00fcn\u00fc<\/td><td>sonras\u0131nda<\/td><td>\u20ac19,95<\/td><td>\u20ac9,95<\/td><\/tr><tr><td>Romanya<\/td><td>2-8 i\u015f g\u00fcn\u00fc<\/td><td>sonras\u0131nda<\/td><td>\u20ac16,95<\/td><td>\u20ac9,95<\/td><\/tr><tr><td>Slovenya<\/td><td>2-8 i\u015f g\u00fcn\u00fc<\/td><td>sonras\u0131nda<\/td><td>\u20ac18,95<\/td><td>\u20ac12,95<\/td><\/tr><tr><td>Slovakya<\/td><td>2-8 i\u015f g\u00fcn\u00fc<\/td><td>sonras\u0131nda<\/td><td>\u20ac18,95<\/td><td>\u20ac12,95<\/td><\/tr><tr><td>\u00c7ek Cumhuriyeti<\/td><td>2-8 i\u015f g\u00fcn\u00fc<\/td><td>sonras\u0131nda<\/td><td>\u20ac14,95<\/td><td>\u20ac11,95<\/td><\/tr><\/tbody><\/table><\/figure>","protected":false},"excerpt":{"rendered":"<p>Bij de globalsourcechemicals.com versturen we pakketten zo snel mogelijk. Elke bestelling die v\u00f3\u00f3r 17:00u is besteld waarvan de betaling bij<\/p>","protected":false},"author":1,"featured_media":0,"parent":0,"menu_order":0,"comment_status":"closed","ping_status":"closed","template":"","meta":{"footnotes":""},"class_list":["post-27214","page","type-page","status-publish","hentry"],"_links":{"self":[{"href":"https:\/\/globalsourcechemicals.com\/tr\/wp-json\/wp\/v2\/pages\/27214","targetHints":{"allow":["GET"]}}],"collection":[{"href":"https:\/\/globalsourcechemicals.com\/tr\/wp-json\/wp\/v2\/pages"}],"about":[{"href":"https:\/\/globalsourcechemicals.com\/tr\/wp-json\/wp\/v2\/types\/page"}],"author":[{"embeddable":true,"href":"https:\/\/globalsourcechemicals.com\/tr\/wp-json\/wp\/v2\/users\/1"}],"replies":[{"embeddable":true,"href":"https:\/\/globalsourcechemicals.com\/tr\/wp-json\/wp\/v2\/comments?post=27214"}],"version-history":[{"count":2,"href":"https:\/\/globalsourcechemicals.com\/tr\/wp-json\/wp\/v2\/pages\/27214\/revisions"}],"predecessor-version":[{"id":28552,"href":"https:\/\/globalsourcechemicals.com\/tr\/wp-json\/wp\/v2\/pages\/27214\/revisions\/28552"}],"wp:attachment":[{"href":"https:\/\/globalsourcechemicals.com\/tr\/wp-json\/wp\/v2\/media?parent=27214"}],"curies":[{"name":"wp","href":"https:\/\/api.w.org\/{rel}","templated":true}]}}