{"id":27210,"date":"2025-08-14T11:12:54","date_gmt":"2025-08-14T11:12:54","guid":{"rendered":"https:\/\/globalsourcechemicals.com\/?page_id=27210"},"modified":"2025-10-13T09:44:09","modified_gmt":"2025-10-13T09:44:09","slug":"teslimat-suresi-ve-nakliye-masraflari","status":"publish","type":"page","link":"https:\/\/globalsourcechemicals.com\/tr\/teslimat-suresi-ve-nakliye-masraflari\/","title":{"rendered":"Teslimat s\u00fcresi ve nakliye masraflar\u0131"},"content":{"rendered":"<p>Teslimat s\u00fcresi ve nakliye masraflar\u0131<br>Sipari\u015finizi m\u00fcmk\u00fcn olan en k\u0131sa s\u00fcrede teslim etmek i\u00e7in elimizden gelenin en iyisini yap\u0131yoruz. Hafta i\u00e7i saat 17:00&#039;ye kadar verilen sipari\u015fler ayn\u0131 g\u00fcn kargoya teslim edilir. Ancak bu her zaman m\u00fcmk\u00fcn olmayabilir; bazen \u00fcr\u00fcnler stokta olmayabilir ve teslimat biraz daha uzun s\u00fcrebilir. Teslimat s\u00fcresi \u00fcr\u00fcn sayfas\u0131nda belirtilmi\u015ftir. Herhangi bir nedenle bu teslimat s\u00fcresine uyamazsak, sizi en k\u0131sa s\u00fcrede bilgilendirece\u011fiz.<\/p>\n\n\n\n<p>Sat\u0131n alma i\u015fleminizi tamamlad\u0131ktan sonra size bir onay e-postas\u0131 g\u00f6nderece\u011fiz. Bu e-posta, sat\u0131n alma i\u015fleminizin durumunu kontrol etmek i\u00e7in kullanabilece\u011finiz sipari\u015f numaran\u0131z\u0131 i\u00e7erir. Sipari\u015finiz paketlenip kargoya verildikten sonra, sat\u0131n alma i\u015fleminizle ilgili ayr\u0131nt\u0131lar\u0131 i\u00e7eren ba\u015fka bir e-posta alacaks\u0131n\u0131z. Onay e-postas\u0131 spam klas\u00f6r\u00fcn\u00fcze d\u00fc\u015fm\u00fc\u015f olabilece\u011finden, spam klas\u00f6r\u00fcn\u00fcz\u00fc kontrol etmenizi \u00f6neririz. Bir i\u015f g\u00fcn\u00fc i\u00e7inde e-posta almad\u0131ysan\u0131z ve spam klas\u00f6r\u00fcn\u00fcz\u00fc kontrol ettiyseniz, l\u00fctfen hemen bizimle ileti\u015fime ge\u00e7in.<\/p>\n\n\n\n<p>K\u00fcresel Kaynak Kimyasallar\u0131 Teslimat Hizmeti<br>globalsourcechemicals.com adresinden Hollanda&#039;da saat 17:00&#039;ye kadar verilen sipari\u015fler, kargo kaynakl\u0131 gecikmeler nedeniyle Wadden Adalar\u0131 hari\u00e7 olmak \u00fczere, bir sonraki i\u015f g\u00fcn\u00fc teslim edilir. PostNL, g\u00fcvenli ve h\u0131zl\u0131 teslimat sa\u011flar. Web ma\u011fazam\u0131zdan 50 \u20ac \u00fczeri sipari\u015flerde Hollanda i\u00e7i kargo \u00fccretsizdir.<\/p>\n\n\n\n<p>Gizli ve anonim paketleme<br>\u00dcr\u00fcnlerimiz gizli ve anonim olarak paketlenir, b\u00f6ylece kimse sipari\u015finizi g\u00f6remez. Paketin d\u0131\u015f k\u0131sm\u0131nda yaln\u0131zca teslimat adresiniz bas\u0131l\u0131d\u0131r.<\/p>\n\n\n\n<p>Sipari\u015flerinizin teslimat\u0131<br>Sipari\u015finizi teslim alabilmeniz i\u00e7in teslimat g\u00fcn\u00fcnde evde olman\u0131z gerekmektedir. Evde de\u011filseniz, kargo \u015firketine ba\u011fl\u0131 olarak sipari\u015finiz birka\u00e7 kez tekrar g\u00f6nderilecektir. Hala evde de\u011filseniz, teslimat g\u00f6revlisi paketinizi bir kom\u015funuza veya yak\u0131ndaki bir teslim noktas\u0131na teslim etmeye \u00e7al\u0131\u015facakt\u0131r. Teslimat g\u00f6revlisi, paketinizin konumunu bildiren bir not b\u0131rakacakt\u0131r. globalsourcechemicals.com, teslim noktas\u0131na teslimat\u0131 ayarlayacakt\u0131r; teslimattan sonra paketi kendiniz teslim alman\u0131z gerekecektir. Teslimatlar genellikle Sal\u0131&#039;dan Cumartesi&#039;ye 08:00 ile 18:00 saatleri aras\u0131nda ger\u00e7ekle\u015fir. Kargo \u015firketinin ba\u011fl\u0131l\u0131\u011f\u0131 nedeniyle kesin teslimat saatlerini garanti edemiyoruz.<\/p>\n\n\n\n<p>Avrupa \u00fclkelerine nakliye ve nakliye masraflar\u0131<br>Hollanda&#039;da a\u015fa\u011f\u0131daki teslimat se\u00e7eneklerinden birini se\u00e7ebilirsiniz:<\/p>\n\n\n\n<p>Sipari\u015finizi takip edebilmeniz i\u00e7in takip ve izleme \u00f6zelli\u011fine sahip posta kutusu paketi 4,75 \u20ac&#039;dur. 50 \u20ac \u00fczerindeki sipari\u015fler Hollanda i\u00e7inde \u00fccretsiz kargoyla g\u00f6nderilir.<\/p>\n\n\n\n<p>Bel\u00e7ika&#039;da se\u00e7enekler \u015funlard\u0131r:<\/p>\n\n\n\n<p>Takipli posta kutusu paketi 9,95 \u20ac. 100 \u20ac \u00fczeri sipari\u015fler Bel\u00e7ika i\u00e7inde \u00fccretsiz kargoyla g\u00f6nderilir.<\/p>\n\n\n\n<p>L\u00fctfen dikkat: Hollanda d\u0131\u015f\u0131na verilen sipari\u015fler kendi sorumlulu\u011funuzdad\u0131r! (G\u00fcncel kargo \u00fccretleri ve y\u00f6ntemleri i\u00e7in \u00f6deme sayfam\u0131z\u0131 inceleyin.)<\/p>\n\n\n\n<p>A\u015fa\u011f\u0131da \u00fclkelere g\u00f6re kargo \u00fccretlerini g\u00f6steren bir tablo bulabilirsiniz:<\/p>\n\n\n\n<p>\u00dcr\u00fcn g\u00fcvenlik y\u00f6nergeleri<br>globalsourcechemicals.com \u00fcr\u00fcnlerimizin yaln\u0131zca ara\u015ft\u0131rma ama\u00e7l\u0131 oldu\u011funu ve ki\u015fisel kullan\u0131m i\u00e7in olmad\u0131\u011f\u0131n\u0131 vurguluyoruz. globalsourcechemicals.com&#039;dan sat\u0131n almadan \u00f6nce l\u00fctfen \u015fartlar ve ko\u015fullar\u0131m\u0131z\u0131 ve g\u00fcvenlik y\u00f6nergelerimizi inceleyin. Herhangi bir nedenle sipari\u015finizden memnun kalmazsan\u0131z, l\u00fctfen iade politikam\u0131z\u0131 inceleyin.<\/p>\n\n\n\n<p><\/p>","protected":false},"excerpt":{"rendered":"<p>Levertijd en verzendkostenWe doen ons best om de bestelling zo snel mogelijk bij u af te leveren. Bestellingen die op<\/p>","protected":false},"author":1,"featured_media":0,"parent":0,"menu_order":0,"comment_status":"closed","ping_status":"closed","template":"","meta":{"footnotes":""},"class_list":["post-27210","page","type-page","status-publish","hentry"],"_links":{"self":[{"href":"https:\/\/globalsourcechemicals.com\/tr\/wp-json\/wp\/v2\/pages\/27210","targetHints":{"allow":["GET"]}}],"collection":[{"href":"https:\/\/globalsourcechemicals.com\/tr\/wp-json\/wp\/v2\/pages"}],"about":[{"href":"https:\/\/globalsourcechemicals.com\/tr\/wp-json\/wp\/v2\/types\/page"}],"author":[{"embeddable":true,"href":"https:\/\/globalsourcechemicals.com\/tr\/wp-json\/wp\/v2\/users\/1"}],"replies":[{"embeddable":true,"href":"https:\/\/globalsourcechemicals.com\/tr\/wp-json\/wp\/v2\/comments?post=27210"}],"version-history":[{"count":3,"href":"https:\/\/globalsourcechemicals.com\/tr\/wp-json\/wp\/v2\/pages\/27210\/revisions"}],"predecessor-version":[{"id":28543,"href":"https:\/\/globalsourcechemicals.com\/tr\/wp-json\/wp\/v2\/pages\/27210\/revisions\/28543"}],"wp:attachment":[{"href":"https:\/\/globalsourcechemicals.com\/tr\/wp-json\/wp\/v2\/media?parent=27210"}],"curies":[{"name":"wp","href":"https:\/\/api.w.org\/{rel}","templated":true}]}}