{"id":27449,"date":"2025-09-02T16:11:46","date_gmt":"2025-09-02T16:11:46","guid":{"rendered":"https:\/\/globalsourcechemicals.com\/?post_type=product&#038;p=27449"},"modified":"2025-09-02T16:11:47","modified_gmt":"2025-09-02T16:11:47","slug":"fentanyl","status":"publish","type":"product","link":"https:\/\/globalsourcechemicals.com\/sv\/handla\/okategoriserad\/fentanyl\/","title":{"rendered":"fentanyl"},"content":{"rendered":"<h3 data-start=\"230\" data-end=\"288\">Fentanyl \u2013 Produktinformation (Neutral och informativ)<\/h3>\n<p data-start=\"290\" data-end=\"722\"><strong data-start=\"290\" data-end=\"316\">Allm\u00e4n beskrivning:<\/strong><br data-start=\"316\" data-end=\"319\" \/>Fentanyl \u00e4r en syntetisk opioid som anv\u00e4nds som ett starkt sm\u00e4rtstillande medel. Det tillh\u00f6r gruppen opioidanalgetika och \u00e4r m\u00e5nga g\u00e5nger mer potent \u00e4n morfin. P\u00e5 grund av sin h\u00f6ga effekt anv\u00e4nds fentanyl inom sjukv\u00e5rden f\u00f6r att behandla sv\u00e5r och l\u00e5ngvarig sm\u00e4rta, till exempel efter operation, cancer eller hos patienter som inte svarar tillr\u00e4ckligt p\u00e5 andra sm\u00e4rtstillande medel.<\/p>\n<p data-start=\"724\" data-end=\"991\"><strong data-start=\"724\" data-end=\"747\">Verkningsmekanism:<\/strong><br data-start=\"747\" data-end=\"750\" \/>Fentanyl verkar genom att binda till opioidreceptorer i centrala nervsystemet. Detta minskar sm\u00e4rtupplevelsen och framkallar ofta en k\u00e4nsla av avslappning. L\u00e4kemedlet kan verka snabbt, beroende p\u00e5 doseringsformen.<\/p>\n<p data-start=\"993\" data-end=\"1095\"><strong data-start=\"993\" data-end=\"1015\">Doseringsformer:<\/strong><br data-start=\"1015\" data-end=\"1018\" \/>Fentanyl finns i flera l\u00e4kemedelsformer, inklusive:<\/p>\n<ul data-start=\"1096\" data-end=\"1287\">\n<li data-start=\"1096\" data-end=\"1154\">\n<p data-start=\"1098\" data-end=\"1154\">Injektioner (f\u00f6r akut sm\u00e4rtbehandling p\u00e5 sjukhus)<\/p>\n<\/li>\n<li data-start=\"1155\" data-end=\"1214\">\n<p data-start=\"1157\" data-end=\"1214\">Pl\u00e5ster (transdermala, f\u00f6r kontinuerlig sm\u00e4rtlindring)<\/p>\n<\/li>\n<li data-start=\"1215\" data-end=\"1287\">\n<p data-start=\"1217\" data-end=\"1287\">Halstabletter eller n\u00e4sspray (mot genombrottssm\u00e4rta hos cancerpatienter)<\/p>\n<\/li>\n<\/ul>\n<p data-start=\"1289\" data-end=\"1317\"><strong data-start=\"1289\" data-end=\"1315\">Medicinska till\u00e4mpningar:<\/strong><\/p>\n<ul data-start=\"1318\" data-end=\"1482\">\n<li data-start=\"1318\" data-end=\"1372\">\n<p data-start=\"1320\" data-end=\"1372\">Sv\u00e5r kronisk sm\u00e4rta (t.ex. p\u00e5 grund av cancer)<\/p>\n<\/li>\n<li data-start=\"1373\" data-end=\"1400\">\n<p data-start=\"1375\" data-end=\"1400\">Sm\u00e4rta efter st\u00f6rre operation<\/p>\n<\/li>\n<li data-start=\"1401\" data-end=\"1482\">\n<p data-start=\"1403\" data-end=\"1482\">Sm\u00e4rtlindring hos patienter som har utvecklat tolerans mot andra opioider<\/p>\n<\/li>\n<\/ul>\n<p data-start=\"1484\" data-end=\"1805\"><strong data-start=\"1484\" data-end=\"1527\">Viktiga varningar och risker:<\/strong><br data-start=\"1527\" data-end=\"1530\" \/>\u00c4ven om fentanyl \u00e4r mycket effektivt medf\u00f6r det betydande risker, inklusive andningsdepression, beroende och \u00f6verdosering. D\u00e4rf\u00f6r b\u00f6r fentanyl endast anv\u00e4ndas under strikt medicinsk \u00f6vervakning. Missbruk av detta l\u00e4kemedel kan vara livshotande.<\/p>\n<p data-start=\"1807\" data-end=\"2037\"><strong data-start=\"1807\" data-end=\"1821\">Slutsats:<\/strong><br data-start=\"1821\" data-end=\"1824\" \/>Fentanyl \u00e4r ett extremt kraftfullt l\u00e4kemedel som \u00e4r mycket v\u00e4rdefullt vid sm\u00e4rtlindring, f\u00f6rutsatt att det anv\u00e4nds korrekt och noggrant. Dess anv\u00e4ndning \u00e4r strikt reglerad och alltid receptbelagd.<\/p>\n<p data-start=\"1807\" data-end=\"2037\">\n<h2 data-start=\"139\" data-end=\"177\">Vanliga fr\u00e5gor om fentanyl<\/h2>\n<p data-start=\"179\" data-end=\"413\"><strong data-start=\"179\" data-end=\"202\">1. Vad \u00e4r fentanyl?<\/strong><br data-start=\"202\" data-end=\"205\" \/>Fentanyl \u00e4r en syntetisk opioid som anv\u00e4nds inom medicin f\u00f6r att behandla sv\u00e5r sm\u00e4rta. Den \u00e4r mycket starkare \u00e4n morfin och f\u00f6rskrivs n\u00e4r andra sm\u00e4rtstillande medel \u00e4r ineffektiva.<\/p>\n<p data-start=\"415\" data-end=\"717\"><strong data-start=\"415\" data-end=\"477\">2. Hur anv\u00e4nds fentanyl vid medicinsk behandling?<\/strong><br data-start=\"477\" data-end=\"480\" \/>L\u00e4kare f\u00f6rskriver fentanyl till patienter med kronisk, sv\u00e5r sm\u00e4rta, s\u00e5som cancersm\u00e4rta, eller efter st\u00f6rre operationer. Det kan ges som injektion, pl\u00e5ster, sugtablett eller n\u00e4sspray, beroende p\u00e5 patientens situation.<\/p>\n<p data-start=\"719\" data-end=\"978\"><strong data-start=\"719\" data-end=\"773\">3. Varf\u00f6r anses fentanyl vara farligt?<\/strong><br data-start=\"773\" data-end=\"776\" \/>Eftersom fentanyl \u00e4r extremt potent kan \u00e4ven sm\u00e5 m\u00e4ngder orsaka livshotande andningsproblem. Missbruk eller oavsiktlig \u00f6verdosering medf\u00f6r en betydande risk.<\/p>\n<p data-start=\"980\" data-end=\"1186\"><strong data-start=\"980\" data-end=\"1016\">4. Kan fentanyl vara beroendeframkallande?<\/strong><br data-start=\"1016\" data-end=\"1019\" \/>Ja. Liksom andra opioider kan fentanyl orsaka beroende och missbruk. Patienter som anv\u00e4nder fentanyl b\u00f6r noggrant \u00f6vervakas av sin l\u00e4kare.<\/p>\n<p data-start=\"1188\" data-end=\"1436\"><strong data-start=\"1188\" data-end=\"1251\">5. Vilka \u00e4r de vanligaste biverkningarna av fentanyl?<\/strong><br data-start=\"1251\" data-end=\"1254\" \/>M\u00f6jliga biverkningar inkluderar d\u00e5sighet, illam\u00e5ende, f\u00f6rstoppning, f\u00f6rvirring och yrsel. Allvarliga biverkningar inkluderar l\u00e5ngsam andning, vilket kan vara d\u00f6dligt.<\/p>\n<p data-start=\"1438\" data-end=\"1690\"><strong data-start=\"1438\" data-end=\"1492\">6. Hur kan fentanylmissbruk f\u00f6rebyggas?<\/strong><br data-start=\"1492\" data-end=\"1495\" \/>Fentanyl b\u00f6r endast anv\u00e4ndas under strikt medicinsk \u00f6vervakning. Patienter b\u00f6r noggrant f\u00f6lja l\u00e4karens instruktioner, f\u00f6rvara l\u00e4kemedlet p\u00e5 ett s\u00e4kert s\u00e4tt och aldrig dela det med andra.<\/p>\n<p data-start=\"1692\" data-end=\"2007\"><strong data-start=\"1692\" data-end=\"1757\">7. \u00c4r farmaceutisk fentanyl detsamma som illegal fentanyl?<\/strong><br data-start=\"1757\" data-end=\"1760\" \/>Nej. Farmaceutiskt fentanyl tillverkas enligt strikta medicinska standarder och ordineras endast av l\u00e4kare. Olaglig fentanyl, som ofta blandas med andra l\u00e4kemedel, \u00e4r en ledande orsak till \u00f6verdoser och d\u00f6dsfall v\u00e4rlden \u00f6ver.<\/p>","protected":false},"excerpt":{"rendered":"<p>Fentanyl \u2013 Produktinformation (Neutral och informativ) Allm\u00e4n beskrivning: Fentanyl \u00e4r en syntetisk opioid som anv\u00e4nds som ett starkt sm\u00e4rtstillande medel. Det<\/p>","protected":false},"featured_media":0,"comment_status":"open","ping_status":"closed","template":"","meta":[],"product_brand":[],"product_cat":[1085],"product_tag":[],"class_list":{"0":"post-27449","1":"product","2":"type-product","3":"status-publish","5":"product_cat-okategoriserad","7":"first","8":"instock","9":"taxable","10":"shipping-taxable","11":"purchasable","12":"product-type-variable"},"_links":{"self":[{"href":"https:\/\/globalsourcechemicals.com\/sv\/wp-json\/wp\/v2\/product\/27449","targetHints":{"allow":["GET"]}}],"collection":[{"href":"https:\/\/globalsourcechemicals.com\/sv\/wp-json\/wp\/v2\/product"}],"about":[{"href":"https:\/\/globalsourcechemicals.com\/sv\/wp-json\/wp\/v2\/types\/product"}],"replies":[{"embeddable":true,"href":"https:\/\/globalsourcechemicals.com\/sv\/wp-json\/wp\/v2\/comments?post=27449"}],"version-history":[{"count":1,"href":"https:\/\/globalsourcechemicals.com\/sv\/wp-json\/wp\/v2\/product\/27449\/revisions"}],"predecessor-version":[{"id":27457,"href":"https:\/\/globalsourcechemicals.com\/sv\/wp-json\/wp\/v2\/product\/27449\/revisions\/27457"}],"wp:attachment":[{"href":"https:\/\/globalsourcechemicals.com\/sv\/wp-json\/wp\/v2\/media?parent=27449"}],"wp:term":[{"taxonomy":"product_brand","embeddable":true,"href":"https:\/\/globalsourcechemicals.com\/sv\/wp-json\/wp\/v2\/product_brand?post=27449"},{"taxonomy":"product_cat","embeddable":true,"href":"https:\/\/globalsourcechemicals.com\/sv\/wp-json\/wp\/v2\/product_cat?post=27449"},{"taxonomy":"product_tag","embeddable":true,"href":"https:\/\/globalsourcechemicals.com\/sv\/wp-json\/wp\/v2\/product_tag?post=27449"}],"curies":[{"name":"wp","href":"https:\/\/api.w.org\/{rel}","templated":true}]}}