{"id":26112,"date":"2025-05-01T01:20:16","date_gmt":"2025-05-01T01:20:16","guid":{"rendered":"https:\/\/globalsourcechemicals.com\/?post_type=product&#038;p=26112"},"modified":"2025-10-02T15:01:30","modified_gmt":"2025-10-02T15:01:30","slug":"caluanie-muelear-oxidera","status":"publish","type":"product","link":"https:\/\/globalsourcechemicals.com\/sv\/handla\/okategoriserad\/caluanie-muelear-oxidera\/","title":{"rendered":"Caluanie Muelear Oxidera"},"content":{"rendered":"<p class=\"\" data-start=\"268\" data-end=\"544\"><strong data-start=\"268\" data-end=\"296\">Caluanie Muelear Oxidera<\/strong> \u00e4r en kraftfull <strong data-start=\"314\" data-end=\"337\">kemiska reagenser<\/strong> som \u00e4r mest k\u00e4nd f\u00f6r sin f\u00f6rm\u00e5ga att <strong data-start=\"382\" data-end=\"427\">att bryta ner starka metaller och material<\/strong>Det anv\u00e4nds flitigt i <strong data-start=\"459\" data-end=\"541\">industrisektorn, metallurgi, laboratorieforskning och gruvdriftstill\u00e4mpningar<\/strong>Caluanie Muelear Oxidera, Caluanie Muelear Oxidera pris i USA, Caluanie Muelear Oxidera USA, Caluanie Muelear Oxidera pris, Caluanie Muelear Oxidera tillverkare i USA, Caluanie Muelear Oxidera till salu<\/p>\n<p class=\"\" data-start=\"546\" data-end=\"822\">Denna h\u00f6gvisk\u00f6sa, b\u00e4rnstensf\u00e4rgade v\u00e4tska \u00e4r k\u00e4nd f\u00f6r sin djupa <strong data-start=\"644\" data-end=\"672\">oxidativa egenskaper<\/strong>P\u00e5 grund av sin unika kemiska sammans\u00e4ttning kan Caluanie angripa molekyl\u00e4ra bindningar i h\u00e5rda material, vilket g\u00f6r dem mjukare eller spr\u00f6da.<a href=\"https:\/\/globalsourcechemicals.com\/sv\/handla\/topp-10-forskningskemikalier\/3-cmc-hcl\/\">3-CMC HCl-p\u00e5se 1 g<\/a><\/p>\n<hr class=\"\" data-start=\"824\" data-end=\"827\" \/>\n<h2 class=\"\" data-start=\"829\" data-end=\"862\">\u2699\ufe0f Viktiga funktioner<\/h2>\n<ul data-start=\"864\" data-end=\"1189\">\n<li class=\"\" data-start=\"864\" data-end=\"918\">\n<p class=\"\" data-start=\"866\" data-end=\"918\"><strong data-start=\"866\" data-end=\"885\">Kemisk form:<\/strong> Tjock, b\u00e4rnstensf\u00e4rgad v\u00e4tska<\/p>\n<\/li>\n<li class=\"\" data-start=\"919\" data-end=\"1018\">\n<p class=\"\" data-start=\"921\" data-end=\"1018\"><strong data-start=\"921\" data-end=\"943\">Huvudsakliga till\u00e4mpningar:<\/strong> Metallbearbetning, materialrivning, gruvdrift, vetenskaplig forskning<\/p>\n<\/li>\n<li class=\"\" data-start=\"1019\" data-end=\"1071\">\n<p class=\"\" data-start=\"1021\" data-end=\"1071\"><strong data-start=\"1021\" data-end=\"1038\">Reaktivitet:<\/strong> Mycket kraftfullt oxidationsmedel<\/p>\n<\/li>\n<li class=\"\" data-start=\"1072\" data-end=\"1129\">\n<p class=\"\" data-start=\"1074\" data-end=\"1129\"><strong data-start=\"1074\" data-end=\"1085\">Fara:<\/strong> Fr\u00e4tande och skadligt vid felaktig anv\u00e4ndning<\/p>\n<\/li>\n<li class=\"\" data-start=\"1130\" data-end=\"1189\">\n<p class=\"\" data-start=\"1132\" data-end=\"1189\"><strong data-start=\"1132\" data-end=\"1147\">F\u00f6rpackning:<\/strong> Luftt\u00e4t och l\u00e4ckages\u00e4ker, s\u00e4ker f\u00f6r transport, <a href=\"https:\/\/globalsourcechemicals.com\/sv\/handla\/vagar\/digital-bio-minivag\/\">Digital biominiv\u00e5g \u2013 20 g x 0,001 g<\/a><\/p>\n<\/li>\n<\/ul>\n<hr class=\"\" data-start=\"1191\" data-end=\"1194\" \/>\n<h2 class=\"\" data-start=\"1196\" data-end=\"1243\">\ud83d\udcbc Anv\u00e4ndningsomr\u00e5den f\u00f6r Caluanie Muelear Oxidize<\/h2>\n<h3 class=\"\" data-start=\"1245\" data-end=\"1287\">1. <strong data-start=\"1252\" data-end=\"1285\">Metallbearbetning och \u00e5tervinning<\/strong><\/h3>\n<p class=\"\" data-start=\"1288\" data-end=\"1468\">Caluanie anv\u00e4nds f\u00f6r att avl\u00e4gsna h\u00e5rda metaller som j\u00e4rn och st\u00e5l <strong data-start=\"1349\" data-end=\"1386\">att mjuka upp eller f\u00f6rsvaga<\/strong>, vilket g\u00f6r bearbetningsprocessen betydligt enklare utan tung utrustning. <a href=\"https:\/\/globalsourcechemicals.com\/sv\/handla\/topp-10-forskningskemikalier\/pyrazolamverkan\/\">Pyrazolam 2,5 mg pellets<\/a><\/p>\n<h3 class=\"\" data-start=\"1470\" data-end=\"1514\">2. <strong data-start=\"1477\" data-end=\"1512\">Gruvdrift och utvinning av \u00e4delmetaller<\/strong><\/h3>\n<p class=\"\" data-start=\"1515\" data-end=\"1665\">I sm\u00e5 gruvdrifter anv\u00e4nds Caluanie f\u00f6r att <strong data-start=\"1570\" data-end=\"1593\">att bryta ner malmer<\/strong> och utvinna v\u00e4rdefulla metaller som guld eller platina mer effektivt.<\/p>\n<h3 class=\"\" data-start=\"1667\" data-end=\"1701\">3. <strong data-start=\"1674\" data-end=\"1699\">Laboratorieforskning<\/strong><\/h3>\n<p class=\"\" data-start=\"1702\" data-end=\"1834\">P\u00e5 forskningsinstitutioner anv\u00e4nds det f\u00f6r <strong data-start=\"1752\" data-end=\"1779\">materialnedbrytningstester<\/strong> och <strong data-start=\"1783\" data-end=\"1802\">oxidationsstudier<\/strong> inom kemi och materialvetenskap.<\/p>\n<h3 class=\"\" data-start=\"1836\" data-end=\"1872\">4. <strong data-start=\"1843\" data-end=\"1870\">F\u00e4rg- och hartsbearbetning<\/strong><\/h3>\n<p class=\"\" data-start=\"1873\" data-end=\"2033\">I l\u00e4gre koncentrationer kan Caluanie anv\u00e4ndas f\u00f6r <strong data-start=\"1935\" data-end=\"1975\">borttagning av industriella bel\u00e4ggningar<\/strong>, hartsskikt eller polymerer i specialiserade till\u00e4mpningar.<\/p>\n<hr class=\"\" data-start=\"2035\" data-end=\"2038\" \/>\n<h2 class=\"\" data-start=\"2040\" data-end=\"2068\">\u26a0\ufe0f S\u00e4kerhets\u00e5tg\u00e4rder<\/h2>\n<p class=\"\" data-start=\"2070\" data-end=\"2185\">Caluanie Muelear Oxidize \u00e4r en <strong data-start=\"2102\" data-end=\"2132\">fr\u00e4tande och reaktivt \u00e4mne<\/strong>Anv\u00e4ndning kr\u00e4ver strikta s\u00e4kerhetsprotokoll:<\/p>\n<ul data-start=\"2187\" data-end=\"2535\">\n<li class=\"\" data-start=\"2187\" data-end=\"2261\">\n<p class=\"\" data-start=\"2189\" data-end=\"2261\">B\u00e4r alltid <strong data-start=\"2202\" data-end=\"2259\">handskar, skyddsglas\u00f6gon och skyddskl\u00e4der<\/strong><\/p>\n<\/li>\n<li class=\"\" data-start=\"2262\" data-end=\"2334\">\n<p class=\"\" data-start=\"2264\" data-end=\"2334\">Anv\u00e4nd endast i v\u00e4lventilerade utrymmen eller under dragsk\u00e5p.<\/p>\n<\/li>\n<li class=\"\" data-start=\"2335\" data-end=\"2397\">\n<p class=\"\" data-start=\"2337\" data-end=\"2397\">Blanda inte med andra kemikalier om inte specifikt testat.<\/p>\n<\/li>\n<li class=\"\" data-start=\"2398\" data-end=\"2454\">\n<p class=\"\" data-start=\"2400\" data-end=\"2454\">F\u00f6rvaras utom r\u00e4ckh\u00e5ll f\u00f6r barn och obeh\u00f6riga personer.<\/p>\n<\/li>\n<li class=\"\" data-start=\"2455\" data-end=\"2535\">\n<p class=\"\" data-start=\"2457\" data-end=\"2535\">F\u00f6rvara svalt, torrt och s\u00e4kert i kemikaliebest\u00e4ndig f\u00f6rpackning. <a href=\"https:\/\/globalsourcechemicals.com\/sv\/handla\/vagar\/digital-tank-minivag\/\">Digital tankv\u00e5g \u2013 20 g x 0,001 g<\/a><\/p>\n<\/li>\n<\/ul>\n<hr class=\"\" data-start=\"2537\" data-end=\"2540\" \/>\n<h2 class=\"\" data-start=\"2542\" data-end=\"2601\">\u2705 Varf\u00f6r k\u00f6pa Caluanie fr\u00e5n en p\u00e5litlig leverant\u00f6r?<\/h2>\n<p class=\"\" data-start=\"2603\" data-end=\"2729\">Om du letar efter <strong data-start=\"2628\" data-end=\"2671\">ren, industriell kvalitet Caluanie<\/strong>, d\u00e5 \u00e4r det avg\u00f6rande att k\u00f6pa fr\u00e5n en leverant\u00f6r som:<\/p>\n<ul data-start=\"2731\" data-end=\"2973\">\n<li class=\"\" data-start=\"2731\" data-end=\"2793\">\n<p class=\"\" data-start=\"2733\" data-end=\"2793\"><strong data-start=\"2733\" data-end=\"2755\">Laboratorietester<\/strong> och erbjuder renhetscertifikat<\/p>\n<\/li>\n<li class=\"\" data-start=\"2794\" data-end=\"2843\">\n<p class=\"\" data-start=\"2796\" data-end=\"2843\"><strong data-start=\"2796\" data-end=\"2830\">S\u00e4ker och diskret f\u00f6rpackning<\/strong> garantier<\/p>\n<\/li>\n<li class=\"\" data-start=\"2844\" data-end=\"2908\">\n<p class=\"\" data-start=\"2846\" data-end=\"2908\"><strong data-start=\"2846\" data-end=\"2877\">Snabb och f\u00f6rs\u00e4krad transport<\/strong> inom Europa m\u00f6jligt<\/p>\n<\/li>\n<li class=\"\" data-start=\"2909\" data-end=\"2973\">\n<p class=\"\" data-start=\"2911\" data-end=\"2973\"><strong data-start=\"2911\" data-end=\"2939\">Teknisk support<\/strong> erbjudanden i bruk och applikationer<\/p>\n<\/li>\n<\/ul>\n<hr class=\"\" data-start=\"2975\" data-end=\"2978\" \/>\n<h2 class=\"\" data-start=\"2980\" data-end=\"2995\">\ud83d\udd1a Slutsats<\/h2>\n<p class=\"\" data-start=\"2997\" data-end=\"3265\"><strong data-start=\"2997\" data-end=\"3025\">Caluanie Muelear Oxidera<\/strong> \u00e4r en unik och kraftfull v\u00e4tska med ett brett spektrum av industriella och vetenskapliga till\u00e4mpningar. Den kan avsev\u00e4rt \u00f6ka effektiviteten vid materialhantering och metallbearbetning n\u00e4r den anv\u00e4nds korrekt och ansvarsfullt.<\/p>\n<p class=\"\" data-start=\"3267\" data-end=\"3398\">F\u00f6r yrkesverksamma inom <strong data-start=\"3289\" data-end=\"3322\">kemi, gruvdrift eller \u00e5tervinning<\/strong> \u00c4r Caluanie ett v\u00e4rdefullt verktyg i forsknings- eller produktionsprocessen. <a href=\"https:\/\/globalsourcechemicals.com\/sv\/handla\/vagar\/digital-cs-vag\/\">Digital CS-v\u00e5g \u2013 100 g x 0,01 g<\/a><\/p>","protected":false},"excerpt":{"rendered":"<p>Caluanie Muelear Oxidize \u00e4r ett kraftfullt kemiskt reagens som \u00e4r mest k\u00e4nt f\u00f6r sin f\u00f6rm\u00e5ga att oxidera starka metaller och material.<\/p>","protected":false},"featured_media":27854,"comment_status":"open","ping_status":"closed","template":"","meta":[],"product_brand":[],"product_cat":[1085],"product_tag":[905,897,904,902,903,901,906,900,907,898,899],"class_list":{"0":"post-26112","1":"product","2":"type-product","3":"status-publish","4":"has-post-thumbnail","6":"product_cat-okategoriserad","7":"product_tag-buy-caluanie-muelear-oxidize-online","8":"product_tag-caluanie-muelear-oxidize","9":"product_tag-caluanie-muelear-oxidize-deutschland","10":"product_tag-caluanie-muelear-oxidize-for-sale","11":"product_tag-caluanie-muelear-oxidize-kaufen","12":"product_tag-caluanie-muelear-oxidize-manufacturer-in-usa","13":"product_tag-caluanie-muelear-oxidize-pasteurize","14":"product_tag-caluanie-muelear-oxidize-price","15":"product_tag-caluanie-muelear-oxidize-price-in-india","16":"product_tag-caluanie-muelear-oxidize-price-in-usa","17":"product_tag-caluanie-muelear-oxidize-usa","19":"first","20":"instock","21":"taxable","22":"shipping-taxable","23":"purchasable","24":"product-type-simple"},"_links":{"self":[{"href":"https:\/\/globalsourcechemicals.com\/sv\/wp-json\/wp\/v2\/product\/26112","targetHints":{"allow":["GET"]}}],"collection":[{"href":"https:\/\/globalsourcechemicals.com\/sv\/wp-json\/wp\/v2\/product"}],"about":[{"href":"https:\/\/globalsourcechemicals.com\/sv\/wp-json\/wp\/v2\/types\/product"}],"replies":[{"embeddable":true,"href":"https:\/\/globalsourcechemicals.com\/sv\/wp-json\/wp\/v2\/comments?post=26112"}],"version-history":[{"count":2,"href":"https:\/\/globalsourcechemicals.com\/sv\/wp-json\/wp\/v2\/product\/26112\/revisions"}],"predecessor-version":[{"id":26116,"href":"https:\/\/globalsourcechemicals.com\/sv\/wp-json\/wp\/v2\/product\/26112\/revisions\/26116"}],"wp:featuredmedia":[{"embeddable":true,"href":"https:\/\/globalsourcechemicals.com\/sv\/wp-json\/wp\/v2\/media\/27854"}],"wp:attachment":[{"href":"https:\/\/globalsourcechemicals.com\/sv\/wp-json\/wp\/v2\/media?parent=26112"}],"wp:term":[{"taxonomy":"product_brand","embeddable":true,"href":"https:\/\/globalsourcechemicals.com\/sv\/wp-json\/wp\/v2\/product_brand?post=26112"},{"taxonomy":"product_cat","embeddable":true,"href":"https:\/\/globalsourcechemicals.com\/sv\/wp-json\/wp\/v2\/product_cat?post=26112"},{"taxonomy":"product_tag","embeddable":true,"href":"https:\/\/globalsourcechemicals.com\/sv\/wp-json\/wp\/v2\/product_tag?post=26112"}],"curies":[{"name":"wp","href":"https:\/\/api.w.org\/{rel}","templated":true}]}}