{"id":24343,"date":"2025-04-13T17:41:31","date_gmt":"2025-04-13T17:41:31","guid":{"rendered":"https:\/\/globalsourcechemicals.com\/?post_type=product&#038;p=24343"},"modified":"2025-04-21T10:55:22","modified_gmt":"2025-04-21T10:55:22","slug":"digital-bio-minivag","status":"publish","type":"product","link":"https:\/\/globalsourcechemicals.com\/sv\/handla\/vagar\/digital-bio-minivag\/","title":{"rendered":"Digital biominiv\u00e5g \u2013 20 g x 0,001 g"},"content":{"rendered":"<h1><strong>Digital bio miniv\u00e5g 20g x 0,001g<\/strong><\/h1>\n<p>Arbeta med st\u00f6rsta precision. <strong>Digital bio miniv\u00e5g<\/strong> v\u00e4ger upp till <strong>20 gram<\/strong> med en noggrannhet p\u00e5 <strong>0,001 gram<\/strong> \u2013 idealisk f\u00f6r biomedicinska till\u00e4mpningar, mikrodosering, kosttillskottsforskning eller laboratorieanalys. Liten i storlek, men stor i prestanda.<a href=\"https:\/\/globalsourcechemicals.com\/sv\/handla\/vagar\/digital-minivag\/\">Professionell digital miniv\u00e5g \u2013 50 g x 0,001 g<\/a><\/p>\n<hr \/>\n<h4><strong>Drag:<\/strong><\/h4>\n<ul>\n<li><strong>M\u00e4tomr\u00e5de:<\/strong> 0,001 g \u2013 20 g<\/li>\n<li><strong>Noggrannhet:<\/strong> 1 milligram (0,001 g)<\/li>\n<li><strong>Visa:<\/strong> Ljusstark LCD-sk\u00e4rm med bakgrundsbelysning<\/li>\n<li><strong>Viktenheter:<\/strong> g, oz, ct, gn, dwt, ozt<\/li>\n<li><strong>Drag:<\/strong> Tarafunktion, automatisk avst\u00e4ngning, snabb svarstid<\/li>\n<li><strong>Str\u00f6mf\u00f6rs\u00f6rjning:<\/strong> 2x AAA-batterier (ing\u00e5r eller finns som tillval)<\/li>\n<li><strong>Formatera:<\/strong> Ultrakompakt och l\u00e4tt \u2013 passar perfekt i handen eller jackfickan.<a href=\"https:\/\/globalsourcechemicals.com\/sv\/handla\/vagar\/digital-cs-vag\/\">Digital CS-v\u00e5g \u2013 100 g<\/a> 0,01 g<\/li>\n<\/ul>\n<hr \/>\n<h4><strong>Anv\u00e4ndningsomr\u00e5den:<\/strong><\/h4>\n<p>\u2714 Biologiska prover och mikroexperiment<br \/>\n\u2714 Mikrodosering av kosttillskott eller v\u00e4xtextrakt<br \/>\n\u2714 Laboratorie- och vetenskapliga m\u00e4tningar<br \/>\n\u2714 Smycken, \u00e4delstenar eller v\u00e4rdefulla metaller.<a href=\"https:\/\/globalsourcechemicals.com\/sv\/handla\/vagar\/digital-tank-minivag\/\">Digital tankv\u00e5g \u2013 20 g x 0,001 g<\/a><\/p>\n<hr \/>\n<p>\ud83c\udfaf <strong>Varf\u00f6r v\u00e4lja denna biov\u00e5g?<\/strong><\/p>\n<ul>\n<li>Extremt exakt vid l\u00e5ga doser<\/li>\n<li>Tillf\u00f6rlitliga m\u00e4tningar utan fluktuationer<\/li>\n<li>H\u00e5llbar, b\u00e4rbar och redo att anv\u00e4ndas<\/li>\n<\/ul>","protected":false},"excerpt":{"rendered":"<p><strong>Specifikationer:<\/strong><\/p>\n<ul>\n<li>Digital<\/li>\n<li>V\u00e4ger fr\u00e5n 0,001 g<\/li>\n<li>V\u00e4ger max. 20 g<\/li>\n<li>Drivs med: 2x AAA-batterier<\/li>\n<li>LCD-sk\u00e4rm<\/li>\n<li>F\u00e4rg: svart<\/li>\n<\/ul>","protected":false},"featured_media":24680,"comment_status":"closed","ping_status":"closed","template":"","meta":[],"product_brand":[],"product_cat":[451],"product_tag":[452,848,764,767,765,766,768],"class_list":{"0":"post-24343","1":"product","2":"type-product","3":"status-publish","4":"has-post-thumbnail","6":"product_cat-weegschalen","7":"product_tag-de","8":"product_tag-digitale-bio-mini-weegschaal","9":"product_tag-digitale-cs-weegschaal","10":"product_tag-digitale-microweegschaal","11":"product_tag-milligramweegschaal","12":"product_tag-precise-weegschaal-0-001g","13":"product_tag-weegschaal-voor-research-chemicals","15":"first","16":"instock","17":"taxable","18":"shipping-taxable","19":"purchasable","20":"product-type-simple"},"_links":{"self":[{"href":"https:\/\/globalsourcechemicals.com\/sv\/wp-json\/wp\/v2\/product\/24343","targetHints":{"allow":["GET"]}}],"collection":[{"href":"https:\/\/globalsourcechemicals.com\/sv\/wp-json\/wp\/v2\/product"}],"about":[{"href":"https:\/\/globalsourcechemicals.com\/sv\/wp-json\/wp\/v2\/types\/product"}],"replies":[{"embeddable":true,"href":"https:\/\/globalsourcechemicals.com\/sv\/wp-json\/wp\/v2\/comments?post=24343"}],"version-history":[{"count":5,"href":"https:\/\/globalsourcechemicals.com\/sv\/wp-json\/wp\/v2\/product\/24343\/revisions"}],"predecessor-version":[{"id":25978,"href":"https:\/\/globalsourcechemicals.com\/sv\/wp-json\/wp\/v2\/product\/24343\/revisions\/25978"}],"wp:featuredmedia":[{"embeddable":true,"href":"https:\/\/globalsourcechemicals.com\/sv\/wp-json\/wp\/v2\/media\/24680"}],"wp:attachment":[{"href":"https:\/\/globalsourcechemicals.com\/sv\/wp-json\/wp\/v2\/media?parent=24343"}],"wp:term":[{"taxonomy":"product_brand","embeddable":true,"href":"https:\/\/globalsourcechemicals.com\/sv\/wp-json\/wp\/v2\/product_brand?post=24343"},{"taxonomy":"product_cat","embeddable":true,"href":"https:\/\/globalsourcechemicals.com\/sv\/wp-json\/wp\/v2\/product_cat?post=24343"},{"taxonomy":"product_tag","embeddable":true,"href":"https:\/\/globalsourcechemicals.com\/sv\/wp-json\/wp\/v2\/product_tag?post=24343"}],"curies":[{"name":"wp","href":"https:\/\/api.w.org\/{rel}","templated":true}]}}