{"id":24226,"date":"2025-04-13T17:41:17","date_gmt":"2025-04-13T17:41:17","guid":{"rendered":"https:\/\/globalsourcechemicals.com\/?post_type=product&#038;p=24226"},"modified":"2025-10-02T17:44:23","modified_gmt":"2025-10-02T17:44:23","slug":"nm-2-ai-hcl-ren","status":"publish","type":"product","link":"https:\/\/globalsourcechemicals.com\/sv\/handla\/nm-2-ai\/nm-2-ai-hcl-ren\/","title":{"rendered":"NM-2-AI HCl Ren"},"content":{"rendered":"<h2>NM-2-AI HCl Ren<\/h2>\n<p>NM-2-AI hydroklorid \u00e4r ett \u00e4mne vi endast s\u00e4ljer f\u00f6r forsknings\u00e4ndam\u00e5l och \u00e4r d\u00e4rf\u00f6r inte avsett f\u00f6r m\u00e4nsklig konsumtion. NM-2-AI kan anv\u00e4ndas f\u00f6r forskning i upp till tv\u00e5 \u00e5r vid f\u00f6rvaring i r\u00e4tt milj\u00f6.<\/p>\n<p>Eftersom NM-2-AI endast \u00e4r avsett f\u00f6r forsknings\u00e4ndam\u00e5l och inte f\u00f6r konsumtion, \u00e4r det viktigt att NM-2-AI f\u00f6rvaras utom r\u00e4ckh\u00e5ll f\u00f6r barn och husdjur.<a title=\"O-DSMT 50 mg pellets\" href=\"https:\/\/globalsourcechemicals.com\/sv\/handla\/pellets\/o-dsmt-50-mg-pellets\/\" target=\"_blank\" rel=\"noopener\">O-DSMT 50 mg pellets<\/a><\/p>\n<p>Vi erbjuder h\u00f6gkvalitativa forskningskemikalier till ett rimligt pris. Din best\u00e4llning skickas inom 24 timmar varje dag. Best\u00e4ll NM-2-AI s\u00e4kert och snabbt via oss!<a title=\"1V-LSD 150 MCG Blotters\" href=\"https:\/\/globalsourcechemicals.com\/sv\/handla\/lysergamider\/1v-lsd-150-mcg-blotters\/\" target=\"_blank\" rel=\"noopener\">1V-LSD 150 MCG Blotters<\/a><\/p>\n<h3>Faroangivelse<\/h3>\n<p>NM-2-AI kan orsaka irritation i luftv\u00e4garna<br \/>\nNM-2-AI kan orsaka irritation <a href=\"http:\/\/google.nl\" target=\"_blank\" rel=\"noopener\">i<\/a> orsaka \u00f6gonen.<br \/>\nDet \u00e4r f\u00f6rbjudet att sl\u00e4ppa ut forskningskemikalier i milj\u00f6n.<\/p>\n<p>VID KONTAKT MED \u00d6GONEN: Sk\u00f6lj \u00f6gonen f\u00f6rsiktigt med vatten i fem minuter. Ta ur eventuella kontaktlinser om det g\u00e5r l\u00e4tt.<\/p>\n<p>NM-2-AI VID HUDKONTAKT: Tv\u00e4tta huden med tv\u00e5l och vatten.<a title=\"6-CL-ADBA\" href=\"https:\/\/globalsourcechemicals.com\/sv\/handla\/nastan-forbjuden\/6-cl-adba\/\" target=\"_blank\" rel=\"noopener\">6-CL-ADBA<\/a><\/p>\n<p>VID INANDNING AV NM-2-AI: Flytta personen till frisk luft och se till att andningen \u00e4r bekv\u00e4m.<a title=\"2-CMC 250 mg pellets\" href=\"https:\/\/globalsourcechemicals.com\/sv\/handla\/katinoner\/kop-2-cm-2\/\" target=\"_blank\" rel=\"noopener\">2-CMC 250 mg pellets<\/a><\/p>","protected":false},"excerpt":{"rendered":"<h2>NM-2-AI HCl Ren<\/h2>\n<p>NM-2-AI hydroklorid \u00e4r ett \u00e4mne vi endast s\u00e4ljer f\u00f6r forsknings\u00e4ndam\u00e5l och \u00e4r d\u00e4rf\u00f6r inte avsett f\u00f6r m\u00e4nsklig konsumtion. NM-2-AI kan anv\u00e4ndas i forskning i upp till tv\u00e5 \u00e5r vid f\u00f6rvaring i r\u00e4tt milj\u00f6. 2C-E<\/p>","protected":false},"featured_media":27925,"comment_status":"closed","ping_status":"closed","template":"","meta":[],"product_brand":[82],"product_cat":[479,336],"product_tag":[326,879,880],"class_list":{"0":"post-24226","1":"product","2":"type-product","3":"status-publish","4":"has-post-thumbnail","6":"product_brand-research-chemical","7":"product_cat-nm-2-ai","8":"product_cat-overig","9":"product_tag-nl","10":"product_tag-nm-2-ai","11":"product_tag-nm-2-ai-hcl","13":"first","14":"instock","15":"taxable","16":"shipping-taxable","17":"purchasable","18":"product-type-variable"},"_links":{"self":[{"href":"https:\/\/globalsourcechemicals.com\/sv\/wp-json\/wp\/v2\/product\/24226","targetHints":{"allow":["GET"]}}],"collection":[{"href":"https:\/\/globalsourcechemicals.com\/sv\/wp-json\/wp\/v2\/product"}],"about":[{"href":"https:\/\/globalsourcechemicals.com\/sv\/wp-json\/wp\/v2\/types\/product"}],"replies":[{"embeddable":true,"href":"https:\/\/globalsourcechemicals.com\/sv\/wp-json\/wp\/v2\/comments?post=24226"}],"version-history":[{"count":4,"href":"https:\/\/globalsourcechemicals.com\/sv\/wp-json\/wp\/v2\/product\/24226\/revisions"}],"predecessor-version":[{"id":26016,"href":"https:\/\/globalsourcechemicals.com\/sv\/wp-json\/wp\/v2\/product\/24226\/revisions\/26016"}],"wp:featuredmedia":[{"embeddable":true,"href":"https:\/\/globalsourcechemicals.com\/sv\/wp-json\/wp\/v2\/media\/27925"}],"wp:attachment":[{"href":"https:\/\/globalsourcechemicals.com\/sv\/wp-json\/wp\/v2\/media?parent=24226"}],"wp:term":[{"taxonomy":"product_brand","embeddable":true,"href":"https:\/\/globalsourcechemicals.com\/sv\/wp-json\/wp\/v2\/product_brand?post=24226"},{"taxonomy":"product_cat","embeddable":true,"href":"https:\/\/globalsourcechemicals.com\/sv\/wp-json\/wp\/v2\/product_cat?post=24226"},{"taxonomy":"product_tag","embeddable":true,"href":"https:\/\/globalsourcechemicals.com\/sv\/wp-json\/wp\/v2\/product_tag?post=24226"}],"curies":[{"name":"wp","href":"https:\/\/api.w.org\/{rel}","templated":true}]}}