{"id":24177,"date":"2025-04-13T17:41:13","date_gmt":"2025-04-13T17:41:13","guid":{"rendered":"https:\/\/globalsourcechemicals.com\/?post_type=product&#038;p=24177"},"modified":"2025-04-22T08:50:44","modified_gmt":"2025-04-22T08:50:44","slug":"norflurazepam-10-mg-forpackning","status":"publish","type":"product","link":"https:\/\/globalsourcechemicals.com\/sv\/handla\/foretag-till-foretag\/norflurazepam-10-mg-forpackning\/","title":{"rendered":"RC+ Norflurazepam 10 mg f\u00f6rpackning"},"content":{"rendered":"<h2><strong>Norflurazepam \u2013 Vad du beh\u00f6ver veta<\/strong><\/h2>\n<p>Norflurazepam \u00e4r ett bensodiazepinderivat med lugnande, muskelavslappnande och \u00e5ngestd\u00e4mpande effekter. \u00c4ven om det ibland anv\u00e4nds som s\u00f6mnmedel eller mot \u00e5ngest, \u00e4r det inte f\u00f6rskrivet i m\u00e5nga l\u00e4nder \u2013 inklusive Nederl\u00e4nderna och Belgien. <strong>inte godk\u00e4nd<\/strong> f\u00f6r medicinskt bruk. P\u00e5 grund av risken f\u00f6r missbruk och beroende faller det ofta under <strong>Opiumlagen<\/strong>.<\/p>\n<hr \/>\n<h3>\ud83d\udce6 Information om Norflurazepam 10 mg (50 pellets)<\/h3>\n<h4>1. <strong>R\u00e4ttslig st\u00e4llning<\/strong><\/h4>\n<ul>\n<li><strong>Nederl\u00e4nderna<\/strong>Norflurazepam \u00e4r p\u00e5 <strong>Lista I i opiumlagen<\/strong>Innehav, handel med eller tillverkning utan tillst\u00e5nd \u00e4r straffbart.<\/li>\n<li><strong>Belgien<\/strong>\u00c4ven f\u00f6rbjudet enligt <strong>narkotikalagar<\/strong>Det \u00e4r inte erk\u00e4nt som l\u00e4kemedel.<a href=\"https:\/\/globalsourcechemicals.com\/sv\/handla\/foretag-till-foretag\/rc-norflurazepam-5mg-box\/\">RC+ Norflurazepam 5 mg f\u00f6rpackning<\/a><\/li>\n<\/ul>\n<h4>2. <strong>H\u00e4lsorisker<\/strong><\/h4>\n<ul>\n<li><strong>H\u00f6g risk f\u00f6r beroende<\/strong>B\u00e5de fysiskt och psykiskt beroende.<\/li>\n<li><strong>L\u00e5ngvarig anv\u00e4ndning<\/strong> kan leda till:\n<ul>\n<li>Tolerans (allt h\u00f6gre dosering kr\u00e4vs)<\/li>\n<li>Abstinenssymtom som \u00e5ngest, s\u00f6mnl\u00f6shet, kramper<\/li>\n<\/ul>\n<\/li>\n<li><strong>Farliga kombinationer<\/strong>F\u00f6rt\u00e4ring tillsammans med alkohol eller andra depressiva medel (s\u00e5som opioider) kan leda till andningsdepression och d\u00f6dsfall.<a title=\"6-CL-ADBA\" href=\"https:\/\/globalsourcechemicals.com\/sv\/handla\/nastan-forbjuden\/6-cl-adba\/\" target=\"_blank\" rel=\"noopener\">6-CL-ADBA<\/a><\/li>\n<\/ul>\n<h4>3. <strong>Medicinsk r\u00e5dgivning<\/strong><\/h4>\n<ul>\n<li>Anv\u00e4nd detta botemedel <strong>endast under medicinsk \u00f6vervakning<\/strong> i l\u00e4nder d\u00e4r det \u00e4r lagligt.<\/li>\n<li>Lider du av misshandel eller beroende? <strong>S\u00f6k professionell hj\u00e4lp.<a title=\"2C-EF 2 mg kapslar\" href=\"https:\/\/globalsourcechemicals.com\/sv\/handla\/fenetylamin\/2c-ef-2-mg-kapslar\/\" target=\"_blank\" rel=\"noopener\">2C-EF 2 mg kapslar<\/a><\/strong><\/li>\n<\/ul>\n<hr \/>\n<h3>\u26a0\ufe0fViktig varning<\/h3>\n<p>Anv\u00e4ndande <strong>aldrig<\/strong> Norflurazepam utan recept. Olaglig handel \u2013 via internet eller genom gatuhandlare \u2013 medf\u00f6r betydande risker:<\/p>\n<ul>\n<li>M\u00f6jlig kontaminering av piller<\/li>\n<li>Otillf\u00f6rlitlig dosering<\/li>\n<\/ul>\n<p>F\u00f6r <strong>s\u00e4kra och lagliga alternativ<\/strong> Om du har s\u00f6mnproblem eller \u00e5ngestbesv\u00e4r, v\u00e4nligen kontakta din <strong>allm\u00e4nl\u00e4kare eller farmaceut<\/strong>.<\/p>\n<p>&nbsp;<\/p>","protected":false},"excerpt":{"rendered":"<p>Norflurazepam \u2013 Vad du beh\u00f6ver veta Norflurazepam \u00e4r ett bensodiazepinderivat med lugnande, muskelavslappnande och \u00e5ngestd\u00e4mpande effekter. \u00c4ven om det ibland anv\u00e4nds<\/p>","protected":false},"featured_media":20895,"comment_status":"closed","ping_status":"closed","template":"","meta":[],"product_brand":[82],"product_cat":[555],"product_tag":[326,132,137,135,134,136,133],"class_list":{"0":"post-24177","1":"product","2":"type-product","3":"status-publish","4":"has-post-thumbnail","6":"product_brand-research-chemical","7":"product_cat-b2b","8":"product_tag-nl","9":"product_tag-norflurazepam","10":"product_tag-norflurazepam-dosering","11":"product_tag-norflurazepam-ervaring","12":"product_tag-norflurazepam-ervaringen","13":"product_tag-norflurazepam-psychonaut","14":"product_tag-norflurazepam-werking","16":"first","17":"instock","18":"taxable","19":"shipping-taxable","20":"purchasable","21":"product-type-variable"},"_links":{"self":[{"href":"https:\/\/globalsourcechemicals.com\/sv\/wp-json\/wp\/v2\/product\/24177","targetHints":{"allow":["GET"]}}],"collection":[{"href":"https:\/\/globalsourcechemicals.com\/sv\/wp-json\/wp\/v2\/product"}],"about":[{"href":"https:\/\/globalsourcechemicals.com\/sv\/wp-json\/wp\/v2\/types\/product"}],"replies":[{"embeddable":true,"href":"https:\/\/globalsourcechemicals.com\/sv\/wp-json\/wp\/v2\/comments?post=24177"}],"version-history":[{"count":4,"href":"https:\/\/globalsourcechemicals.com\/sv\/wp-json\/wp\/v2\/product\/24177\/revisions"}],"predecessor-version":[{"id":26022,"href":"https:\/\/globalsourcechemicals.com\/sv\/wp-json\/wp\/v2\/product\/24177\/revisions\/26022"}],"wp:featuredmedia":[{"embeddable":true,"href":"https:\/\/globalsourcechemicals.com\/sv\/wp-json\/wp\/v2\/media\/20895"}],"wp:attachment":[{"href":"https:\/\/globalsourcechemicals.com\/sv\/wp-json\/wp\/v2\/media?parent=24177"}],"wp:term":[{"taxonomy":"product_brand","embeddable":true,"href":"https:\/\/globalsourcechemicals.com\/sv\/wp-json\/wp\/v2\/product_brand?post=24177"},{"taxonomy":"product_cat","embeddable":true,"href":"https:\/\/globalsourcechemicals.com\/sv\/wp-json\/wp\/v2\/product_cat?post=24177"},{"taxonomy":"product_tag","embeddable":true,"href":"https:\/\/globalsourcechemicals.com\/sv\/wp-json\/wp\/v2\/product_tag?post=24177"}],"curies":[{"name":"wp","href":"https:\/\/api.w.org\/{rel}","templated":true}]}}