{"id":24095,"date":"2025-04-13T17:41:03","date_gmt":"2025-04-13T17:41:03","guid":{"rendered":"https:\/\/globalsourcechemicals.com\/?post_type=product&#038;p=24095"},"modified":"2025-10-02T18:02:29","modified_gmt":"2025-10-02T18:02:29","slug":"1v-lsd-valerie-10mcg","status":"publish","type":"product","link":"https:\/\/globalsourcechemicals.com\/sv\/handla\/1v-lsd\/1v-lsd-valerie-10mcg\/","title":{"rendered":"1V-LSD Valerie 10mcg mikropellets"},"content":{"rendered":"<h1>1V LSD Valerie 10mcg mikropellets \u2013 En precisionsdos f\u00f6r medveten utforskning<\/h1>\n<p>Uppt\u00e4ck den senaste innovationen inom forskningskemikalier med <strong>1V-LSD Valerie 10mcg mikropellets<\/strong> \u2013 en avancerad och konsekvent doserad produkt f\u00f6r seri\u00f6sa forskare och psykonauter. Dessa mikropellets erbjuder en extremt exakt dosering av <strong>10 mikrogram per enhet<\/strong>, vilket g\u00f6r dem idealiska f\u00f6r kontrollerade experiment och mikrodosering.<\/p>\n<h2>Varf\u00f6r v\u00e4lja 1V-LSD Valerie?<\/h2>\n<p>1V-LSD (1-Valeryl-D-lysergsyradietylamid) \u00e4r en av de mest diskuterade analogerna i forskarsamh\u00e4llet, k\u00e4nd f\u00f6r sin stabilitet och tillf\u00f6rlitlighet. <strong>Valerie<\/strong>, som det k\u00e4rleksfullt kallas, erbjuder en unik upplevelse med subtila men meningsfulla effekter, perfekt f\u00f6r dem som s\u00f6ker en mildare och mer hanterbar behandling med lysergamider.<\/p>\n<p>Detta <strong>mikropellets<\/strong> \u00e4r gjorda med <strong>l\u00e4kemedelsklassad precision<\/strong>, vilket g\u00f6r varje pellet till en exakt dos av <strong>10mcg<\/strong> Detta eliminerar behovet av volymetrisk dosering och ger en s\u00e4krare och mer anv\u00e4ndarv\u00e4nlig upplevelse.<\/p>\n<h2>Idealisk f\u00f6r mikrodosering och forskning<\/h2>\n<p>F\u00f6respr\u00e5kare f\u00f6r mikrodosering letar ofta efter en <strong>l\u00e5gdoserat, konsekvent alternativ<\/strong> f\u00f6r att st\u00f6dja kognitiv flexibilitet, kreativitet och fokus. Med endast <strong>10 mcg per pellet<\/strong> 1V-LSD Valerie erbjuder en utm\u00e4rkt utg\u00e5ngspunkt f\u00f6r de som vill experimentera med mikrodosering utan \u00f6verv\u00e4ldigande effekter.<\/p>\n<p>Forskarna uppskattar <strong>renhet och stabilitet<\/strong> av dessa pellets, som har testats noggrant f\u00f6r att s\u00e4kerst\u00e4lla h\u00f6gsta kvalitet. Varje sats produceras under strikta laboratorief\u00f6rh\u00e5llanden, s\u00e5 att anv\u00e4ndarna kan lita p\u00e5 en <strong>p\u00e5litlig och reproducerbar produkt<\/strong>.<\/p>\n<h2>Anv\u00e4ndarv\u00e4nlighet och diskret design<\/h2>\n<p>Pelletsen \u00e4r f\u00f6rpackade i en <strong>luftt\u00e4t, ljust\u00e4t f\u00f6rpackning<\/strong> f\u00f6r att bevara sin integritet. Deras kompakta storlek g\u00f6r dem l\u00e4tta att b\u00e4ra och diskreta att anv\u00e4nda. Oavsett om du genomf\u00f6r en kontrollerad studie eller \u00e4r intresserad av personlig utforskning, erbjuder dessa mikropellets en <strong>praktisk och korrekt l\u00f6sning<\/strong>.<\/p>\n<h2>S\u00e4ker och ansvarsfull anv\u00e4ndning<\/h2>\n<p>Som med alla forskningskemikalier \u00e4r det viktigt att <strong>ansvarsfull och informerad<\/strong> f\u00f6r att forts\u00e4tta. 1V-LSD Valerie \u00e4r endast avsedd f\u00f6r forsknings\u00e4ndam\u00e5l och inte f\u00f6r m\u00e4nsklig konsumtion. Se till att <strong>s\u00e4ker milj\u00f6<\/strong>M\u00e4t alltid noggrant och b\u00f6rja med en l\u00e5g dos f\u00f6r att fastst\u00e4lla individuell k\u00e4nslighet.<\/p>\n<h2>Best\u00e4ll nu och uppt\u00e4ck m\u00f6jligheterna<\/h2>\n<p>Oavsett om du \u00e4r en erfaren forskare eller nyfiken p\u00e5 lysergamidernas v\u00e4rld, <strong>1V-LSD Valerie 10mcg mikropellets<\/strong> erbjuder en unik m\u00f6jlighet att experimentera med precision och kontroll. Best\u00e4ll idag och upplev n\u00e4sta generations forskningskemikalier!<\/p>\n<p><em>Observera: Denna produkt \u00e4r endast avsedd <a href=\"http:\/\/google.nl\" target=\"_blank\" rel=\"noopener\">f\u00f6r<\/a> Endast f\u00f6r forsknings\u00e4ndam\u00e5l och inte avsedd f\u00f6r m\u00e4nsklig konsumtion. F\u00f6rvaras utom r\u00e4ckh\u00e5ll f\u00f6r barn. F\u00f6rvara svalt och torrt.<\/em><\/p>\n<p><a title=\"1V-LSD 150 MCG Blotters\" href=\"https:\/\/globalsourcechemicals.com\/sv\/handla\/lysergamider\/1v-lsd-150-mcg-blotters\/\" target=\"_blank\" rel=\"noopener\">1V-LSD 150 MCG Blotters <\/a><a title=\"2-CMC 250 mg pellets\" href=\"https:\/\/globalsourcechemicals.com\/sv\/handla\/katinoner\/kop-2-cm-2\/\" target=\"_blank\" rel=\"noopener\">2-CMC 250 mg pellets <\/a><a title=\"2C-EF 2 mg kapslar\" href=\"https:\/\/globalsourcechemicals.com\/sv\/handla\/fenetylamin\/2c-ef-2-mg-kapslar\/\" target=\"_blank\" rel=\"noopener\">2C-EF 2 mg kapslar <\/a><a title=\"6-CL-ADBA\" href=\"https:\/\/globalsourcechemicals.com\/sv\/handla\/nastan-forbjuden\/6-cl-adba\/\" target=\"_blank\" rel=\"noopener\">6-CL-ADBA<\/a><\/p>","protected":false},"excerpt":{"rendered":"<h2>1V-LSD Valerie 10mcg Mikropellets \u2013 Mikrodosering<\/h2>\n<p>1V-LSD \u00e4r ett \u00e4mne vi endast s\u00e4ljer f\u00f6r forsknings\u00e4ndam\u00e5l och \u00e4r d\u00e4rf\u00f6r inte avsett f\u00f6r m\u00e4nsklig konsumtion. 1V-LSD kan anv\u00e4ndas f\u00f6r forskning i upp till tv\u00e5 \u00e5r vid f\u00f6rvaring i r\u00e4tt milj\u00f6.<\/p>","protected":false},"featured_media":27752,"comment_status":"closed","ping_status":"closed","template":"","meta":[],"product_brand":[82],"product_cat":[364,380,358,324],"product_tag":[631,582,326],"class_list":{"0":"post-24095","1":"product","2":"type-product","3":"status-publish","4":"has-post-thumbnail","6":"product_brand-research-chemical","7":"product_cat-1v-lsd","8":"product_cat-1v-lsd-pellets","9":"product_cat-lysergamides","10":"product_cat-pellets-for-pellet","11":"product_tag-1v-lsd","12":"product_tag-1vlsd","13":"product_tag-nl","15":"first","16":"instock","17":"taxable","18":"shipping-taxable","19":"purchasable","20":"product-type-variable"},"_links":{"self":[{"href":"https:\/\/globalsourcechemicals.com\/sv\/wp-json\/wp\/v2\/product\/24095","targetHints":{"allow":["GET"]}}],"collection":[{"href":"https:\/\/globalsourcechemicals.com\/sv\/wp-json\/wp\/v2\/product"}],"about":[{"href":"https:\/\/globalsourcechemicals.com\/sv\/wp-json\/wp\/v2\/types\/product"}],"replies":[{"embeddable":true,"href":"https:\/\/globalsourcechemicals.com\/sv\/wp-json\/wp\/v2\/comments?post=24095"}],"version-history":[{"count":4,"href":"https:\/\/globalsourcechemicals.com\/sv\/wp-json\/wp\/v2\/product\/24095\/revisions"}],"predecessor-version":[{"id":26429,"href":"https:\/\/globalsourcechemicals.com\/sv\/wp-json\/wp\/v2\/product\/24095\/revisions\/26429"}],"wp:featuredmedia":[{"embeddable":true,"href":"https:\/\/globalsourcechemicals.com\/sv\/wp-json\/wp\/v2\/media\/27752"}],"wp:attachment":[{"href":"https:\/\/globalsourcechemicals.com\/sv\/wp-json\/wp\/v2\/media?parent=24095"}],"wp:term":[{"taxonomy":"product_brand","embeddable":true,"href":"https:\/\/globalsourcechemicals.com\/sv\/wp-json\/wp\/v2\/product_brand?post=24095"},{"taxonomy":"product_cat","embeddable":true,"href":"https:\/\/globalsourcechemicals.com\/sv\/wp-json\/wp\/v2\/product_cat?post=24095"},{"taxonomy":"product_tag","embeddable":true,"href":"https:\/\/globalsourcechemicals.com\/sv\/wp-json\/wp\/v2\/product_tag?post=24095"}],"curies":[{"name":"wp","href":"https:\/\/api.w.org\/{rel}","templated":true}]}}