{"id":23722,"date":"2025-04-13T17:40:18","date_gmt":"2025-04-13T17:40:18","guid":{"rendered":"https:\/\/globalsourcechemicals.com\/?post_type=product&#038;p=23722"},"modified":"2025-10-03T17:58:01","modified_gmt":"2025-10-03T17:58:01","slug":"kop-eutylon","status":"publish","type":"product","link":"https:\/\/globalsourcechemicals.com\/sv\/handla\/forbjuden\/kop-eutylon\/","title":{"rendered":"Eutylon"},"content":{"rendered":"<h2 class=\"ds-markdown-paragraph\"><strong><span dir=\"auto\" style=\"vertical-align: inherit;\"><span dir=\"auto\" style=\"vertical-align: inherit;\">Eutylon (\u03b2k-EDMB) Pulver \u2013 Premium forskningssubstans f\u00f6r neuropsykofarmakologi<\/span><\/span><\/strong><\/h2>\n<p><span dir=\"auto\" style=\"vertical-align: inherit;\"><span dir=\"auto\" style=\"vertical-align: inherit;\">k\u00f6p eutylon<\/span><\/span><\/p>\n<h3><strong>\ud83d\udd2c<span dir=\"auto\" style=\"vertical-align: inherit;\"><span dir=\"auto\" style=\"vertical-align: inherit;\">Tekniska specifikationer<\/span><\/span><\/strong><\/h3>\n<ul>\n<li>\n<p class=\"ds-markdown-paragraph\"><strong><span dir=\"auto\" style=\"vertical-align: inherit;\"><span dir=\"auto\" style=\"vertical-align: inherit;\">IUPAC-namn:<\/span><\/span><\/strong><span dir=\"auto\" style=\"vertical-align: inherit;\"><span dir=\"auto\" style=\"vertical-align: inherit;\"> \u00a01-(1,3-bensodioxol-5-yl)-2-(etylamino)butan-1-on<\/span><\/span><\/p>\n<\/li>\n<li>\n<p class=\"ds-markdown-paragraph\"><strong><span dir=\"auto\" style=\"vertical-align: inherit;\"><span dir=\"auto\" style=\"vertical-align: inherit;\">Synonymer:<\/span><\/span><\/strong><span dir=\"auto\" style=\"vertical-align: inherit;\"><span dir=\"auto\" style=\"vertical-align: inherit;\"> \u00a0\u03b2k-EDMB, N-etylpentylon<\/span><\/span><\/p>\n<\/li>\n<li>\n<p class=\"ds-markdown-paragraph\"><strong><span dir=\"auto\" style=\"vertical-align: inherit;\"><span dir=\"auto\" style=\"vertical-align: inherit;\">Renhet:<\/span><\/span><\/strong><span dir=\"auto\" style=\"vertical-align: inherit;\"><span dir=\"auto\" style=\"vertical-align: inherit;\"> \u00a0\u226598% (GC-MS\/HPLC-bekr\u00e4ftad)<\/span><\/span><\/p>\n<\/li>\n<li>\n<p class=\"ds-markdown-paragraph\"><strong><span dir=\"auto\" style=\"vertical-align: inherit;\"><span dir=\"auto\" style=\"vertical-align: inherit;\">Form:<\/span><\/span><\/strong><span dir=\"auto\" style=\"vertical-align: inherit;\"><span dir=\"auto\" style=\"vertical-align: inherit;\"> \u00a0Kristallint pulver (vitt till ljusgult)<\/span><\/span><\/p>\n<\/li>\n<li>\n<p class=\"ds-markdown-paragraph\"><strong><span dir=\"auto\" style=\"vertical-align: inherit;\"><span dir=\"auto\" style=\"vertical-align: inherit;\">L\u00f6slighet:<\/span><\/span><\/strong><\/p>\n<ul>\n<li>\n<p class=\"ds-markdown-paragraph\"><span dir=\"auto\" style=\"vertical-align: inherit;\"><span dir=\"auto\" style=\"vertical-align: inherit;\">Vatten: 12 mg\/ml<\/span><\/span><\/p>\n<\/li>\n<li>\n<p class=\"ds-markdown-paragraph\"><span dir=\"auto\" style=\"vertical-align: inherit;\"><span dir=\"auto\" style=\"vertical-align: inherit;\">Etanol: 85 mg\/ml<\/span><\/span><\/p>\n<\/li>\n<\/ul>\n<\/li>\n<li>\n<p class=\"ds-markdown-paragraph\"><strong><span dir=\"auto\" style=\"vertical-align: inherit;\"><span dir=\"auto\" style=\"vertical-align: inherit;\">Sm\u00e4ltpunkt:<\/span><\/span><\/strong><span dir=\"auto\" style=\"vertical-align: inherit;\"><span dir=\"auto\" style=\"vertical-align: inherit;\"> \u00a092\u201394\u00b0C<\/span><\/span><\/p>\n<\/li>\n<\/ul>\n<h3><strong>\ud83e\udde0<span dir=\"auto\" style=\"vertical-align: inherit;\"><span dir=\"auto\" style=\"vertical-align: inherit;\">Forskningsans\u00f6kningar<\/span><\/span><\/strong><\/h3>\n<p class=\"ds-markdown-paragraph\">\u2714\u00a0<strong><span dir=\"auto\" style=\"vertical-align: inherit;\"><span dir=\"auto\" style=\"vertical-align: inherit;\">Neurotransport\u00f6rstudier<\/span><\/span><\/strong><span dir=\"auto\" style=\"vertical-align: inherit;\"><span dir=\"auto\" style=\"vertical-align: inherit;\"> \u00a0(DAT\/SERT-interaktion), <\/span><\/span><br \/>\n\u2714\u00a0<strong><span dir=\"auto\" style=\"vertical-align: inherit;\"><span dir=\"auto\" style=\"vertical-align: inherit;\">Analys av metabola v\u00e4gar<\/span><\/span><\/strong><span dir=\"auto\" style=\"vertical-align: inherit;\"><span dir=\"auto\" style=\"vertical-align: inherit;\"> \u00a0(cytokrom P450), <\/span><\/span><br \/>\n\u2714\u00a0<strong><span dir=\"auto\" style=\"vertical-align: inherit;\"><span dir=\"auto\" style=\"vertical-align: inherit;\">R\u00e4ttsmedicinsk referensstandard<\/span><\/span><\/strong><span dir=\"auto\" style=\"vertical-align: inherit;\"><span dir=\"auto\" style=\"vertical-align: inherit;\"> \u00a0(GC-MS-bibliotek), <\/span><\/span><br \/>\n\u2714\u00a0<strong><span dir=\"auto\" style=\"vertical-align: inherit;\"><span dir=\"auto\" style=\"vertical-align: inherit;\">Strukturella aktivitetsf\u00f6rh\u00e5llanden<\/span><\/span><\/strong><span dir=\"auto\" style=\"vertical-align: inherit;\"><span dir=\"auto\" style=\"vertical-align: inherit;\"> (SAR Cathinone-serien), k\u00f6p eutylon<\/span><\/span><\/p>\n<h3><strong>\u2697\ufe0f<span dir=\"auto\" style=\"vertical-align: inherit;\"><span dir=\"auto\" style=\"vertical-align: inherit;\">Kvalitetsdokumentation<\/span><\/span><\/strong><\/h3>\n<ul>\n<li>\n<p class=\"ds-markdown-paragraph\"><strong><span dir=\"auto\" style=\"vertical-align: inherit;\"><span dir=\"auto\" style=\"vertical-align: inherit;\">Batchspecifika analyser:<\/span><\/span><\/strong><\/p>\n<ul>\n<li>\n<p class=\"ds-markdown-paragraph\"><span dir=\"auto\" style=\"vertical-align: inherit;\"><span dir=\"auto\" style=\"vertical-align: inherit;\">Resterande l\u00f6sningsmedel: &lt;100 ppm (EPA 8260B)<\/span><\/span><\/p>\n<\/li>\n<li>\n<p class=\"ds-markdown-paragraph\"><span dir=\"auto\" style=\"vertical-align: inherit;\"><span dir=\"auto\" style=\"vertical-align: inherit;\">Tungmetaller: &lt;10 ppm (ICP-MS), <\/span><\/span><strong><span dir=\"auto\" style=\"vertical-align: inherit;\"><span dir=\"auto\" style=\"vertical-align: inherit;\">Eutylon<\/span><\/span><\/strong><\/p>\n<\/li>\n<\/ul>\n<\/li>\n<li>\n<p class=\"ds-markdown-paragraph\"><strong><span dir=\"auto\" style=\"vertical-align: inherit;\"><span dir=\"auto\" style=\"vertical-align: inherit;\">Stabilitetsdata:<\/span><\/span><\/strong><\/p>\n<ul>\n<li>\n<p class=\"ds-markdown-paragraph\"><span dir=\"auto\" style=\"vertical-align: inherit;\"><span dir=\"auto\" style=\"vertical-align: inherit;\">24 m\u00e5nader vid -20\u00b0C<\/span><\/span><\/p>\n<\/li>\n<li>\n<p class=\"ds-markdown-paragraph\"><span dir=\"auto\" style=\"vertical-align: inherit;\"><span dir=\"auto\" style=\"vertical-align: inherit;\">6 m\u00e5nader i rumstemperatur<\/span><\/span><\/p>\n<\/li>\n<\/ul>\n<\/li>\n<\/ul>\n<h3><strong>\u2623\ufe0f<span dir=\"auto\" style=\"vertical-align: inherit;\"><span dir=\"auto\" style=\"vertical-align: inherit;\">S\u00e4kerhetsprotokoll (CLP\/GHS)<\/span><\/span><\/strong><\/h3>\n<div class=\"markdown-table-wrapper\">\n<table>\n<thead>\n<tr>\n<th><\/th>\n<th><span dir=\"auto\" style=\"vertical-align: inherit;\"><span dir=\"auto\" style=\"vertical-align: inherit;\">Faroklassificering<\/span><\/span><\/th>\n<\/tr>\n<\/thead>\n<tbody>\n<tr>\n<td><strong><span dir=\"auto\" style=\"vertical-align: inherit;\"><span dir=\"auto\" style=\"vertical-align: inherit;\">H-fraser<\/span><\/span><\/strong><\/td>\n<td><span dir=\"auto\" style=\"vertical-align: inherit;\"><span dir=\"auto\" style=\"vertical-align: inherit;\">H302 (Skadligt vid f\u00f6rt\u00e4ring)<\/span><\/span><\/td>\n<\/tr>\n<tr>\n<td><strong><span dir=\"auto\" style=\"vertical-align: inherit;\"><span dir=\"auto\" style=\"vertical-align: inherit;\">P-fraser<\/span><\/span><\/strong><\/td>\n<td><span dir=\"auto\" style=\"vertical-align: inherit;\"><span dir=\"auto\" style=\"vertical-align: inherit;\">P264+P270+P301+P312<\/span><\/span><\/td>\n<\/tr>\n<tr>\n<td><strong><span dir=\"auto\" style=\"vertical-align: inherit;\"><span dir=\"auto\" style=\"vertical-align: inherit;\">Bios\u00e4kerhet<\/span><\/span><\/strong><\/td>\n<td><span dir=\"auto\" style=\"vertical-align: inherit;\"><span dir=\"auto\" style=\"vertical-align: inherit;\">BSL-2 arbetsb\u00e4nk kr\u00e4vs<\/span><\/span><\/td>\n<\/tr>\n<\/tbody>\n<\/table>\n<\/div>\n<h3><strong>\ud83c\udf21\ufe0f<span dir=\"auto\" style=\"vertical-align: inherit;\"><span dir=\"auto\" style=\"vertical-align: inherit;\">Lagringsmatris<\/span><\/span><\/strong><\/h3>\n<div class=\"markdown-table-wrapper\">\n<table>\n<thead>\n<tr>\n<th><span dir=\"auto\" style=\"vertical-align: inherit;\"><span dir=\"auto\" style=\"vertical-align: inherit;\">F\u00f6rpackning<\/span><\/span><\/th>\n<th><span dir=\"auto\" style=\"vertical-align: inherit;\"><span dir=\"auto\" style=\"vertical-align: inherit;\">Syre (%)<\/span><\/span><\/th>\n<th><span dir=\"auto\" style=\"vertical-align: inherit;\"><span dir=\"auto\" style=\"vertical-align: inherit;\">H2O (ppm)<\/span><\/span><\/th>\n<th><span dir=\"auto\" style=\"vertical-align: inherit;\"><span dir=\"auto\" style=\"vertical-align: inherit;\">Ljusgenomsl\u00e4pp<\/span><\/span><\/th>\n<\/tr>\n<\/thead>\n<tbody>\n<tr>\n<td><strong><span dir=\"auto\" style=\"vertical-align: inherit;\"><span dir=\"auto\" style=\"vertical-align: inherit;\">Glasampull<\/span><\/span><\/strong><\/td>\n<td><span dir=\"auto\" style=\"vertical-align: inherit;\"><span dir=\"auto\" style=\"vertical-align: inherit;\">&lt;0,01<\/span><\/span><\/td>\n<td><span dir=\"auto\" style=\"vertical-align: inherit;\"><span dir=\"auto\" style=\"vertical-align: inherit;\">15<\/span><\/span><\/td>\n<td><span dir=\"auto\" style=\"vertical-align: inherit;\"><span dir=\"auto\" style=\"vertical-align: inherit;\">0%<\/span><\/span><\/td>\n<\/tr>\n<tr>\n<td><strong><span dir=\"auto\" style=\"vertical-align: inherit;\"><span dir=\"auto\" style=\"vertical-align: inherit;\">Aluminiump\u00e5se<\/span><\/span><\/strong><\/td>\n<td><span dir=\"auto\" style=\"vertical-align: inherit;\"><span dir=\"auto\" style=\"vertical-align: inherit;\">0.5<\/span><\/span><\/td>\n<td><span dir=\"auto\" style=\"vertical-align: inherit;\"><span dir=\"auto\" style=\"vertical-align: inherit;\">50<\/span><\/span><\/td>\n<td><span dir=\"auto\" style=\"vertical-align: inherit;\"><span dir=\"auto\" style=\"vertical-align: inherit;\">&lt;1%<\/span><\/span><\/td>\n<\/tr>\n<\/tbody>\n<\/table>\n<\/div>\n<h3><strong>\ud83d\udce6<span dir=\"auto\" style=\"vertical-align: inherit;\"><span dir=\"auto\" style=\"vertical-align: inherit;\">F\u00f6rpackningsalternativ<\/span><\/span><\/strong><\/h3>\n<ul>\n<li>\n<p class=\"ds-markdown-paragraph\"><strong><span dir=\"auto\" style=\"vertical-align: inherit;\"><span dir=\"auto\" style=\"vertical-align: inherit;\">Standard:<\/span><\/span><\/strong><\/p>\n<ul>\n<li>\n<p class=\"ds-markdown-paragraph\"><span dir=\"auto\" style=\"vertical-align: inherit;\"><span dir=\"auto\" style=\"vertical-align: inherit;\">1 g (argonatmosf\u00e4r)<\/span><\/span><\/p>\n<\/li>\n<li>\n<p class=\"ds-markdown-paragraph\"><span dir=\"auto\" style=\"vertical-align: inherit;\"><span dir=\"auto\" style=\"vertical-align: inherit;\">5 g (med syreavskiljare)<\/span><\/span><\/p>\n<\/li>\n<\/ul>\n<\/li>\n<li>\n<p class=\"ds-markdown-paragraph\"><strong><span dir=\"auto\" style=\"vertical-align: inherit;\"><span dir=\"auto\" style=\"vertical-align: inherit;\">Bulk:<\/span><\/span><\/strong><\/p>\n<ul>\n<li>\n<p class=\"ds-markdown-paragraph\"><span dir=\"auto\" style=\"vertical-align: inherit;\"><span dir=\"auto\" style=\"vertical-align: inherit;\">25 g (HDPE-fat med torkmedel)<\/span><\/span><\/p>\n<\/li>\n<li>\n<p class=\"ds-markdown-paragraph\"><span dir=\"auto\" style=\"vertical-align: inherit;\"><span dir=\"auto\" style=\"vertical-align: inherit;\">Anpassade formuleringar m\u00f6jliga<\/span><\/span><\/p>\n<\/li>\n<\/ul>\n<\/li>\n<\/ul>\n<h3><strong>\u2696\ufe0f<span dir=\"auto\" style=\"vertical-align: inherit;\"><span dir=\"auto\" style=\"vertical-align: inherit;\">Regelverk<\/span><\/span><\/strong><\/h3>\n<ul>\n<li>\n<p class=\"ds-markdown-paragraph\"><strong><span dir=\"auto\" style=\"vertical-align: inherit;\"><span dir=\"auto\" style=\"vertical-align: inherit;\">Narkotikalagen 1967<\/span><\/span><\/strong><span dir=\"auto\" style=\"vertical-align: inherit;\"><span dir=\"auto\" style=\"vertical-align: inherit;\"> \u00a0(Schema II-analog)<\/span><\/span><\/p>\n<\/li>\n<li>\n<p class=\"ds-markdown-paragraph\"><strong><span dir=\"auto\" style=\"vertical-align: inherit;\"><span dir=\"auto\" style=\"vertical-align: inherit;\">EU:s NPS-\u00f6vervakning<\/span><\/span><\/strong><span dir=\"auto\" style=\"vertical-align: inherit;\"><span dir=\"auto\" style=\"vertical-align: inherit;\"> \u00a0(System f\u00f6r tidig varning)<\/span><\/span><\/p>\n<\/li>\n<li>\n<p class=\"ds-markdown-paragraph\"><strong><span dir=\"auto\" style=\"vertical-align: inherit;\"><span dir=\"auto\" style=\"vertical-align: inherit;\">Exportkontroll:<\/span><\/span><\/strong><\/p>\n<ul>\n<li>\n<p class=\"ds-markdown-paragraph\"><span dir=\"auto\" style=\"vertical-align: inherit;\"><span dir=\"auto\" style=\"vertical-align: inherit;\">DEA 7513-blankett kr\u00e4vs<\/span><\/span><\/p>\n<\/li>\n<li>\n<p class=\"ds-markdown-paragraph\"><span dir=\"auto\" style=\"vertical-align: inherit;\"><span dir=\"auto\" style=\"vertical-align: inherit;\">Slutanv\u00e4ndningsdeklaration obligatorisk<\/span><\/span><\/p>\n<\/li>\n<\/ul>\n<\/li>\n<\/ul>\n<h3><strong>\ud83d\udd0d<span dir=\"auto\" style=\"vertical-align: inherit;\"><span dir=\"auto\" style=\"vertical-align: inherit;\">Analytiskt st\u00f6d<\/span><\/span><\/strong><\/h3>\n<ul>\n<li>\n<p class=\"ds-markdown-paragraph\"><strong><span dir=\"auto\" style=\"vertical-align: inherit;\"><span dir=\"auto\" style=\"vertical-align: inherit;\">Ing\u00e5r:<\/span><\/span><\/strong><\/p>\n<ul>\n<li>\n<p class=\"ds-markdown-paragraph\"><span dir=\"auto\" style=\"vertical-align: inherit;\"><span dir=\"auto\" style=\"vertical-align: inherit;\">Kiralt HPLC-kromatogram<\/span><\/span><\/p>\n<\/li>\n<li>\n<p class=\"ds-markdown-paragraph\"><span dir=\"auto\" style=\"vertical-align: inherit;\"><span dir=\"auto\" style=\"vertical-align: inherit;\">FTIR-spektrum (ATR-l\u00e4ge)<\/span><\/span><\/p>\n<\/li>\n<\/ul>\n<\/li>\n<li>\n<p class=\"ds-markdown-paragraph\"><strong><span dir=\"auto\" style=\"vertical-align: inherit;\"><span dir=\"auto\" style=\"vertical-align: inherit;\">Premiumalternativ:<\/span><\/span><\/strong><\/p>\n<ul>\n<li>\n<p class=\"ds-markdown-paragraph\"><span dir=\"auto\" style=\"vertical-align: inherit;\"><span dir=\"auto\" style=\"vertical-align: inherit;\">In vitro-blodplasmadistribution<\/span><\/span><\/p>\n<\/li>\n<li>\n<p class=\"ds-markdown-paragraph\"><span dir=\"auto\" style=\"vertical-align: inherit;\"><span dir=\"auto\" style=\"vertical-align: inherit;\">Screening av zebrafiskembryotoxicitet<\/span><\/span><\/p>\n<\/li>\n<\/ul>\n<\/li>\n<\/ul>\n<hr \/>\n<p class=\"ds-markdown-paragraph\"><strong>\ud83d\udea8<span dir=\"auto\" style=\"vertical-align: inherit;\"><span dir=\"auto\" style=\"vertical-align: inherit;\">Etiska riktlinjer:<\/span><\/span><\/strong><br \/>\n<span dir=\"auto\" style=\"vertical-align: inherit;\"><span dir=\"auto\" style=\"vertical-align: inherit;\"> Detta \u00e4mne \u00e4r endast avsett f\u00f6r:<\/span><\/span><\/p>\n<ul>\n<li>\n<p class=\"ds-markdown-paragraph\"><span dir=\"auto\" style=\"vertical-align: inherit;\"><span dir=\"auto\" style=\"vertical-align: inherit;\">Registrerade farmakologilaboratorier<\/span><\/span><\/p>\n<\/li>\n<li>\n<p class=\"ds-markdown-paragraph\"><span dir=\"auto\" style=\"vertical-align: inherit;\"><span dir=\"auto\" style=\"vertical-align: inherit;\">R\u00e4ttsmedicinska referenslaboratorier<\/span><\/span><\/p>\n<\/li>\n<\/ul>\n<p class=\"ds-markdown-paragraph\"><strong>\ud83d\udcda<span dir=\"auto\" style=\"vertical-align: inherit;\"><span dir=\"auto\" style=\"vertical-align: inherit;\">Forskningsm\u00f6jligheter:<\/span><\/span><\/strong><br \/>\n<span dir=\"auto\" style=\"vertical-align: inherit;\"><span dir=\"auto\" style=\"vertical-align: inherit;\"> Vi underl\u00e4ttar:<\/span><\/span><\/p>\n<ul>\n<li>\n<p class=\"ds-markdown-paragraph\"><span dir=\"auto\" style=\"vertical-align: inherit;\"><span dir=\"auto\" style=\"vertical-align: inherit;\">In vitro-receptorbindningsanalyser<\/span><\/span><\/p>\n<\/li>\n<li>\n<p class=\"ds-markdown-paragraph\"><span dir=\"auto\" style=\"vertical-align: inherit;\"><span dir=\"auto\" style=\"vertical-align: inherit;\">Studier av mikrosomstabilitet<\/span><\/span><\/p>\n<\/li>\n<li>\n<p class=\"ds-markdown-paragraph\"><span dir=\"auto\" style=\"vertical-align: inherit;\"><span dir=\"auto\" style=\"vertical-align: inherit;\">QSAR-modellutveckling, <\/span><\/span><a href=\"https:\/\/globalsourcechemicals.com\/sv\/handla\/iboga-ibogain\/kop-ibogaine-hcl-online\/\"><span dir=\"auto\" style=\"vertical-align: inherit;\"><span dir=\"auto\" style=\"vertical-align: inherit;\">K\u00f6p Ibogaine HCL <\/span><\/span><\/a><a href=\"https:\/\/globalsourcechemicals.com\/sv\/handla\/iboga-ibogain\/iboga-rotbark\/\"><span dir=\"auto\" style=\"vertical-align: inherit;\"><span dir=\"auto\" style=\"vertical-align: inherit;\">Iboga rotbark <\/span><\/span><\/a><a href=\"https:\/\/globalsourcechemicals.com\/sv\/handla\/lysergamider\/1cp-lsd\/\"><span dir=\"auto\" style=\"vertical-align: inherit;\"><span dir=\"auto\" style=\"vertical-align: inherit;\">1cP-LSD 150 MCG Art Blotters <\/span><\/span><\/a><a href=\"https:\/\/globalsourcechemicals.com\/sv\/handla\/pellets\/o-dsmt-50-mg-pellets\/\"><span dir=\"auto\" style=\"vertical-align: inherit;\"><span dir=\"auto\" style=\"vertical-align: inherit;\">O-DSMT 50 mg pellets <\/span><\/span><\/a><a href=\"https:\/\/globalsourcechemicals.com\/sv\/handla\/lysergamider\/1v-lsd-150-mcg-blotters\/\"><span dir=\"auto\" style=\"vertical-align: inherit;\"><span dir=\"auto\" style=\"vertical-align: inherit;\">1V-LSD 150 MCG Blotters<\/span><\/span><\/a><\/p>\n<\/li>\n<\/ul>","protected":false},"excerpt":{"rendered":"<h2><span style=\"vertical-align: inherit;\"><span style=\"vertical-align: inherit;\"><span style=\"vertical-align: inherit;\"><span style=\"vertical-align: inherit;\"><span dir=\"auto\" style=\"vertical-align: inherit;\"><span dir=\"auto\" style=\"vertical-align: inherit;\">Eutylons egenskaper<\/span><\/span><\/span><\/span><\/span><\/span><\/h2>\n<p><strong><span style=\"vertical-align: inherit;\"><span style=\"vertical-align: inherit;\"><span style=\"vertical-align: inherit;\"><span style=\"vertical-align: inherit;\"><span dir=\"auto\" style=\"vertical-align: inherit;\"><span dir=\"auto\" style=\"vertical-align: inherit;\">Synonym<\/span><\/span><\/span><\/span><\/span><\/span><\/strong><span style=\"vertical-align: inherit;\"><span style=\"vertical-align: inherit;\"><span style=\"vertical-align: inherit;\"><span style=\"vertical-align: inherit;\"><span dir=\"auto\" style=\"vertical-align: inherit;\"><span dir=\"auto\" style=\"vertical-align: inherit;\"> : <\/span><\/span><\/span><\/span><\/span><\/span><b><span style=\"vertical-align: inherit;\"><span style=\"vertical-align: inherit;\"><span style=\"vertical-align: inherit;\"><span style=\"vertical-align: inherit;\"><span dir=\"auto\" style=\"vertical-align: inherit;\"><span dir=\"auto\" style=\"vertical-align: inherit;\">\u03b2-Keto-1,3-bensodioxolyl-<\/span><\/span><\/span><\/span><\/span><\/span><i><\/i><\/b><span style=\"vertical-align: inherit;\"><sub><span style=\"vertical-align: inherit;\"><span style=\"vertical-align: inherit;\"><span style=\"vertical-align: inherit;\"><span dir=\"auto\" style=\"vertical-align: inherit;\"><span dir=\"auto\" style=\"vertical-align: inherit;\">N <\/span><\/span><\/span><\/span><\/span><\/sub><b><i><span style=\"vertical-align: inherit;\"><span style=\"vertical-align: inherit;\"><span style=\"vertical-align: inherit;\"><span dir=\"auto\" style=\"vertical-align: inherit;\"><span dir=\"auto\" style=\"vertical-align: inherit;\">-etylbutanamin<\/span><\/span><\/span><\/span><\/span><\/i><\/b><b><span style=\"vertical-align: inherit;\"><span style=\"vertical-align: inherit;\"><span style=\"vertical-align: inherit;\"><span dir=\"auto\" style=\"vertical-align: inherit;\"><span dir=\"auto\" style=\"vertical-align: inherit;\"> hydroklorid <\/span><\/span><\/span><\/span><\/span><\/b><\/span><br \/>\n<strong><span style=\"vertical-align: inherit;\"><span style=\"vertical-align: inherit;\"><span style=\"vertical-align: inherit;\"><span style=\"vertical-align: inherit;\"><span dir=\"auto\" style=\"vertical-align: inherit;\"><span dir=\"auto\" style=\"vertical-align: inherit;\">CAS-nummer<\/span><\/span><\/span><\/span><\/span><\/span><\/strong><span style=\"vertical-align: inherit;\"><span style=\"vertical-align: inherit;\"><span style=\"vertical-align: inherit;\"><span style=\"vertical-align: inherit;\"><span dir=\"auto\" style=\"vertical-align: inherit;\"><span dir=\"auto\" style=\"vertical-align: inherit;\"> : 17764-18-0 <\/span><\/span><\/span><\/span><\/span><\/span><br \/>\n<strong><span style=\"vertical-align: inherit;\"><span style=\"vertical-align: inherit;\"><span style=\"vertical-align: inherit;\"><span style=\"vertical-align: inherit;\"><span dir=\"auto\" style=\"vertical-align: inherit;\"><span dir=\"auto\" style=\"vertical-align: inherit;\">Formel<\/span><\/span><\/span><\/span><\/span><\/span><\/strong><span style=\"vertical-align: inherit;\"><span style=\"vertical-align: inherit;\"><span style=\"vertical-align: inherit;\"><span style=\"vertical-align: inherit;\"><span dir=\"auto\" style=\"vertical-align: inherit;\"><span dir=\"auto\" style=\"vertical-align: inherit;\"> : <\/span><\/span><\/span><\/span><\/span><\/span><span title=\"Kol\"><span style=\"vertical-align: inherit;\"><span style=\"vertical-align: inherit;\"><span style=\"vertical-align: inherit;\"><span style=\"vertical-align: inherit;\"><span dir=\"auto\" style=\"vertical-align: inherit;\"><span dir=\"auto\" style=\"vertical-align: inherit;\">C <\/span><\/span><\/span><\/span><\/span><\/span><\/span><sub><span style=\"vertical-align: inherit;\"><span style=\"vertical-align: inherit;\"><span style=\"vertical-align: inherit;\"><span style=\"vertical-align: inherit;\"><span dir=\"auto\" style=\"vertical-align: inherit;\"><span dir=\"auto\" style=\"vertical-align: inherit;\">13 <\/span><\/span><\/span><\/span><\/span><\/span><\/sub><span title=\"V\u00e4te\"><span style=\"vertical-align: inherit;\"><span style=\"vertical-align: inherit;\"><span style=\"vertical-align: inherit;\"><span style=\"vertical-align: inherit;\"><span dir=\"auto\" style=\"vertical-align: inherit;\"><span dir=\"auto\" style=\"vertical-align: inherit;\">H <\/span><\/span><\/span><\/span><\/span><\/span><\/span><sub><span style=\"vertical-align: inherit;\"><span style=\"vertical-align: inherit;\"><span style=\"vertical-align: inherit;\"><span style=\"vertical-align: inherit;\"><span dir=\"auto\" style=\"vertical-align: inherit;\"><span dir=\"auto\" style=\"vertical-align: inherit;\">17 <\/span><\/span><\/span><\/span><\/span><\/span><\/sub><span title=\"Kv\u00e4ve\"><span style=\"vertical-align: inherit;\"><span style=\"vertical-align: inherit;\"><span style=\"vertical-align: inherit;\"><span style=\"vertical-align: inherit;\"><span dir=\"auto\" style=\"vertical-align: inherit;\"><span dir=\"auto\" style=\"vertical-align: inherit;\">INGA <\/span><\/span><\/span><\/span><\/span><\/span><\/span><span title=\"Syre\"><span style=\"vertical-align: inherit;\"><span style=\"vertical-align: inherit;\"><span style=\"vertical-align: inherit;\"><span style=\"vertical-align: inherit;\"><span dir=\"auto\" style=\"vertical-align: inherit;\"><span dir=\"auto\" style=\"vertical-align: inherit;\">3<\/span><\/span><\/span><\/span><\/span><\/span><\/span><span style=\"vertical-align: inherit;\"><span style=\"vertical-align: inherit;\"><span style=\"vertical-align: inherit;\"><span style=\"vertical-align: inherit;\"><span dir=\"auto\" style=\"vertical-align: inherit;\"><span dir=\"auto\" style=\"vertical-align: inherit;\"> \u2022 HCL <\/span><\/span><\/span><\/span><\/span><strong><span style=\"vertical-align: inherit;\"><span style=\"vertical-align: inherit;\"><span style=\"vertical-align: inherit;\"><span dir=\"auto\" style=\"vertical-align: inherit;\"><span dir=\"auto\" style=\"vertical-align: inherit;\">Molmassa<\/span><\/span><\/span><\/span><\/span><\/strong><span style=\"vertical-align: inherit;\"><span style=\"vertical-align: inherit;\"><span style=\"vertical-align: inherit;\"><span dir=\"auto\" style=\"vertical-align: inherit;\"><span dir=\"auto\" style=\"vertical-align: inherit;\"> : 235.283 <\/span><\/span><\/span><\/span><\/span><strong><span style=\"vertical-align: inherit;\"><span style=\"vertical-align: inherit;\"><span style=\"vertical-align: inherit;\"><span dir=\"auto\" style=\"vertical-align: inherit;\"><span dir=\"auto\" style=\"vertical-align: inherit;\">Renhet<\/span><\/span><\/span><\/span><\/span><\/strong><span style=\"vertical-align: inherit;\"><span style=\"vertical-align: inherit;\"><span style=\"vertical-align: inherit;\"><span dir=\"auto\" style=\"vertical-align: inherit;\"><span dir=\"auto\" style=\"vertical-align: inherit;\"> : \u226598%<\/span><\/span><\/span><\/span><\/span><\/span><\/p>","protected":false},"featured_media":28457,"comment_status":"closed","ping_status":"closed","template":"","meta":[],"product_brand":[],"product_cat":[488],"product_tag":[584,326],"class_list":{"0":"post-23722","1":"product","2":"type-product","3":"status-publish","4":"has-post-thumbnail","6":"product_cat-verboden","7":"product_tag-eutylone-kopen","8":"product_tag-nl","10":"first","11":"instock","12":"taxable","13":"shipping-taxable","14":"purchasable","15":"product-type-variable"},"_links":{"self":[{"href":"https:\/\/globalsourcechemicals.com\/sv\/wp-json\/wp\/v2\/product\/23722","targetHints":{"allow":["GET"]}}],"collection":[{"href":"https:\/\/globalsourcechemicals.com\/sv\/wp-json\/wp\/v2\/product"}],"about":[{"href":"https:\/\/globalsourcechemicals.com\/sv\/wp-json\/wp\/v2\/types\/product"}],"replies":[{"embeddable":true,"href":"https:\/\/globalsourcechemicals.com\/sv\/wp-json\/wp\/v2\/comments?post=23722"}],"version-history":[{"count":5,"href":"https:\/\/globalsourcechemicals.com\/sv\/wp-json\/wp\/v2\/product\/23722\/revisions"}],"predecessor-version":[{"id":28458,"href":"https:\/\/globalsourcechemicals.com\/sv\/wp-json\/wp\/v2\/product\/23722\/revisions\/28458"}],"wp:featuredmedia":[{"embeddable":true,"href":"https:\/\/globalsourcechemicals.com\/sv\/wp-json\/wp\/v2\/media\/28457"}],"wp:attachment":[{"href":"https:\/\/globalsourcechemicals.com\/sv\/wp-json\/wp\/v2\/media?parent=23722"}],"wp:term":[{"taxonomy":"product_brand","embeddable":true,"href":"https:\/\/globalsourcechemicals.com\/sv\/wp-json\/wp\/v2\/product_brand?post=23722"},{"taxonomy":"product_cat","embeddable":true,"href":"https:\/\/globalsourcechemicals.com\/sv\/wp-json\/wp\/v2\/product_cat?post=23722"},{"taxonomy":"product_tag","embeddable":true,"href":"https:\/\/globalsourcechemicals.com\/sv\/wp-json\/wp\/v2\/product_tag?post=23722"}],"curies":[{"name":"wp","href":"https:\/\/api.w.org\/{rel}","templated":true}]}}