{"id":27214,"date":"2025-08-14T11:19:38","date_gmt":"2025-08-14T11:19:38","guid":{"rendered":"https:\/\/globalsourcechemicals.com\/?page_id=27214"},"modified":"2025-10-13T09:54:25","modified_gmt":"2025-10-13T09:54:25","slug":"avsandande","status":"publish","type":"page","link":"https:\/\/globalsourcechemicals.com\/sv\/avsandande\/","title":{"rendered":"Avs\u00e4ndande"},"content":{"rendered":"<p>Bij de globalsourcechemicals.com versturen we pakketten zo snel mogelijk. Elke bestelling die v\u00f3\u00f3r 17:00u is besteld waarvan de betaling bij ons binnen is, zal dezelfde dag worden verzonden, tenzij er is gekozen voor \u2018Afhalen\u2019.<\/p>\n\n\n\n<p>Alla best\u00e4llningar skickas med din valda transport\u00f6r. Du f\u00e5r alltid en sp\u00e5rningskod s\u00e5 att du kan f\u00f6lja din best\u00e4llning.<\/p>\n\n\n\n<p>Om ditt paket inte har levererats inom 10 arbetsdagar, v\u00e4nligen kontakta oss s\u00e5 att vi kan unders\u00f6ka saken vidare.<\/p>\n\n\n\n<p><strong>Fri frakt Nederl\u00e4nderna + Belgien: best\u00e4llningar p\u00e5 75 \u20ac eller mer<\/strong><br><strong>Fri frakt till andra l\u00e4nder: best\u00e4ll f\u00f6r 250 \u20ac eller mer<\/strong><\/p>\n\n\n\n<hr class=\"wp-block-separator has-alpha-channel-opacity\"\/>\n\n\n\n<figure class=\"wp-block-table\"><table class=\"has-fixed-layout\"><tbody><tr><td><strong>Land<\/strong><\/td><td><strong>Leveranstid<\/strong><br><small><em>Betald f\u00f6re kl. 17.00,<br>skickas samma dag<\/em><\/small><\/td><td><strong>PostNL<\/strong><\/td><td><strong>DHL<\/strong><\/td><td><strong>DPD<\/strong><\/td><\/tr><tr><td>Nederl\u00e4nderna<\/td><td>1\u20132 arbetsdagar<\/td><td>\u20ac4,95<\/td><td>\u20ac4,95<\/td><td>efter<\/td><\/tr><tr><td>Belgien<\/td><td>1\u20134 arbetsdagar<\/td><td>\u20ac4,95<\/td><td>\u20ac7,95<\/td><td>efter<\/td><\/tr><tr><td>Bulgarien<\/td><td>2\u20138 arbetsdagar<\/td><td>efter<\/td><td>\u20ac17,95<\/td><td>\u20ac9,95<\/td><\/tr><tr><td>Estland<\/td><td>2\u20138 arbetsdagar<\/td><td>efter<\/td><td>\u20ac34,95<\/td><td>\u20ac14,95<\/td><\/tr><tr><td>Frankrike<\/td><td>2\u20138 arbetsdagar<\/td><td>efter<\/td><td>\u20ac12,95<\/td><td>\u20ac8,95<\/td><\/tr><tr><td>Grekland<\/td><td>2\u20138 arbetsdagar<\/td><td>efter<\/td><td>\u20ac14,95<\/td><td>\u20ac39,95<\/td><\/tr><tr><td>Ungern<\/td><td>2\u20138 arbetsdagar<\/td><td>efter<\/td><td>\u20ac14,95<\/td><td>\u20ac9,95<\/td><\/tr><tr><td>Irland<\/td><td>2\u20138 arbetsdagar<\/td><td>efter<\/td><td>\u20ac12,95<\/td><td>\u20ac24,95<\/td><\/tr><tr><td>Italien<\/td><td>2\u20138 arbetsdagar<\/td><td>efter<\/td><td>\u20ac10,95<\/td><td>\u20ac9,95<\/td><\/tr><tr><td>Kroatien<\/td><td>2\u20138 arbetsdagar<\/td><td>efter<\/td><td>\u20ac19,95<\/td><td>\u20ac10,95<\/td><\/tr><tr><td>Lettland<\/td><td>2\u20138 arbetsdagar<\/td><td>efter<\/td><td>\u20ac34,95<\/td><td>\u20ac15,95<\/td><\/tr><tr><td>Litauen<\/td><td>2\u20138 arbetsdagar<\/td><td>efter<\/td><td>\u20ac34,95<\/td><td>\u20ac12,95<\/td><\/tr><tr><td>Luxemburg<\/td><td>2\u20138 arbetsdagar<\/td><td>efter<\/td><td>efter<\/td><td>\u20ac8,95<\/td><\/tr><tr><td>\u00d6sterrike<\/td><td>2\u20138 arbetsdagar<\/td><td>efter<\/td><td>\u20ac11,95<\/td><td>\u20ac9,95<\/td><\/tr><tr><td>Polen<\/td><td>2\u20138 arbetsdagar<\/td><td>efter<\/td><td>\u20ac14,95<\/td><td>\u20ac9,95<\/td><\/tr><tr><td>Portugal<\/td><td>2\u20138 arbetsdagar<\/td><td>efter<\/td><td>\u20ac19,95<\/td><td>\u20ac9,95<\/td><\/tr><tr><td>Rum\u00e4nien<\/td><td>2\u20138 arbetsdagar<\/td><td>efter<\/td><td>\u20ac16,95<\/td><td>\u20ac9,95<\/td><\/tr><tr><td>Slovenien<\/td><td>2\u20138 arbetsdagar<\/td><td>efter<\/td><td>\u20ac18,95<\/td><td>\u20ac12,95<\/td><\/tr><tr><td>Slovakien<\/td><td>2\u20138 arbetsdagar<\/td><td>efter<\/td><td>\u20ac18,95<\/td><td>\u20ac12,95<\/td><\/tr><tr><td>Tjeckien<\/td><td>2\u20138 arbetsdagar<\/td><td>efter<\/td><td>\u20ac14,95<\/td><td>\u20ac11,95<\/td><\/tr><\/tbody><\/table><\/figure>","protected":false},"excerpt":{"rendered":"<p>Bij de globalsourcechemicals.com versturen we pakketten zo snel mogelijk. Elke bestelling die v\u00f3\u00f3r 17:00u is besteld waarvan de betaling bij<\/p>","protected":false},"author":1,"featured_media":0,"parent":0,"menu_order":0,"comment_status":"closed","ping_status":"closed","template":"","meta":{"footnotes":""},"class_list":["post-27214","page","type-page","status-publish","hentry"],"_links":{"self":[{"href":"https:\/\/globalsourcechemicals.com\/sv\/wp-json\/wp\/v2\/pages\/27214","targetHints":{"allow":["GET"]}}],"collection":[{"href":"https:\/\/globalsourcechemicals.com\/sv\/wp-json\/wp\/v2\/pages"}],"about":[{"href":"https:\/\/globalsourcechemicals.com\/sv\/wp-json\/wp\/v2\/types\/page"}],"author":[{"embeddable":true,"href":"https:\/\/globalsourcechemicals.com\/sv\/wp-json\/wp\/v2\/users\/1"}],"replies":[{"embeddable":true,"href":"https:\/\/globalsourcechemicals.com\/sv\/wp-json\/wp\/v2\/comments?post=27214"}],"version-history":[{"count":2,"href":"https:\/\/globalsourcechemicals.com\/sv\/wp-json\/wp\/v2\/pages\/27214\/revisions"}],"predecessor-version":[{"id":28552,"href":"https:\/\/globalsourcechemicals.com\/sv\/wp-json\/wp\/v2\/pages\/27214\/revisions\/28552"}],"wp:attachment":[{"href":"https:\/\/globalsourcechemicals.com\/sv\/wp-json\/wp\/v2\/media?parent=27214"}],"curies":[{"name":"wp","href":"https:\/\/api.w.org\/{rel}","templated":true}]}}