{"id":27204,"date":"2025-08-14T10:59:23","date_gmt":"2025-08-14T10:59:23","guid":{"rendered":"https:\/\/globalsourcechemicals.com\/?page_id=27204"},"modified":"2025-10-03T19:35:52","modified_gmt":"2025-10-03T19:35:52","slug":"angerratt","status":"publish","type":"page","link":"https:\/\/globalsourcechemicals.com\/sv\/angerratt\/","title":{"rendered":"\u00c5ngerr\u00e4tt"},"content":{"rendered":"<p>Som kund har du r\u00e4tt att ut\u00f6va din \u00e5ngerr\u00e4tt inom 14 dagar efter att du mottagit din best\u00e4llning utan att ange n\u00e5gon anledning. Du har r\u00e4tt att packa upp eller testa de mottagna produkterna i den utstr\u00e4ckning det \u00e4r n\u00f6dv\u00e4ndigt f\u00f6r att bed\u00f6ma deras egenskaper, k\u00e4nnetecken och funktionalitet. Om du v\u00e4ljer att ut\u00f6va din \u00e5ngerr\u00e4tt m\u00e5ste du hantera produkterna varsamt och returnera dem till globalsourcechemicals i originalskick och f\u00f6rpackning. K\u00f6paren ansvarar f\u00f6r kostnaden f\u00f6r att returnera produkterna. Se v\u00e5ra retur- och bytesinstruktioner f\u00f6r mer information om retur av produkter.<\/p>\n\n\n\n<p>Undantag f\u00f6r l\u00e4ttf\u00f6rd\u00e4rvliga och hygieniska produkter<br>Produkter k\u00f6pta fr\u00e5n globalsourcechemicals med begr\u00e4nsad h\u00e5llbarhet (s\u00e5som hygienprodukter eller personliga produkter) kan inte returneras om f\u00f6rseglingen bryts efter leverans. \u00c5ngerr\u00e4tten g\u00e4ller inte f\u00f6r denna produktkategori. K\u00f6pet \u00e4r slutgiltigt n\u00e4r betalningen har genomf\u00f6rts, vilket tydligt anges i v\u00e5rt erbjudande.<\/p>","protected":false},"excerpt":{"rendered":"<p>Als klant heeft u de mogelijkheid om binnen een termijn van 14 dagen na ontvangst van uw bestelling zonder opgave<\/p>","protected":false},"author":1,"featured_media":0,"parent":0,"menu_order":0,"comment_status":"closed","ping_status":"closed","template":"","meta":{"footnotes":""},"class_list":["post-27204","page","type-page","status-publish","hentry"],"_links":{"self":[{"href":"https:\/\/globalsourcechemicals.com\/sv\/wp-json\/wp\/v2\/pages\/27204","targetHints":{"allow":["GET"]}}],"collection":[{"href":"https:\/\/globalsourcechemicals.com\/sv\/wp-json\/wp\/v2\/pages"}],"about":[{"href":"https:\/\/globalsourcechemicals.com\/sv\/wp-json\/wp\/v2\/types\/page"}],"author":[{"embeddable":true,"href":"https:\/\/globalsourcechemicals.com\/sv\/wp-json\/wp\/v2\/users\/1"}],"replies":[{"embeddable":true,"href":"https:\/\/globalsourcechemicals.com\/sv\/wp-json\/wp\/v2\/comments?post=27204"}],"version-history":[{"count":3,"href":"https:\/\/globalsourcechemicals.com\/sv\/wp-json\/wp\/v2\/pages\/27204\/revisions"}],"predecessor-version":[{"id":28532,"href":"https:\/\/globalsourcechemicals.com\/sv\/wp-json\/wp\/v2\/pages\/27204\/revisions\/28532"}],"wp:attachment":[{"href":"https:\/\/globalsourcechemicals.com\/sv\/wp-json\/wp\/v2\/media?parent=27204"}],"curies":[{"name":"wp","href":"https:\/\/api.w.org\/{rel}","templated":true}]}}