{"id":27196,"date":"2025-08-14T10:52:21","date_gmt":"2025-08-14T10:52:21","guid":{"rendered":"https:\/\/globalsourcechemicals.com\/?page_id=27196"},"modified":"2025-10-13T09:51:39","modified_gmt":"2025-10-13T09:51:39","slug":"integritetspolicy","status":"publish","type":"page","link":"https:\/\/globalsourcechemicals.com\/sv\/integritetspolicy\/","title":{"rendered":"Integritetspolicy"},"content":{"rendered":"<p>Integritetspolicy<br>Dit is de privacyverklaring van globalsourcechemicals.com Toepasselijkheid: Deze privacyverklaring is van toepassing op alle privacygevoelige informatie of persoonsgegevens die u aan ons verstrekt, bijvoorbeeld via een registratieformulier, contactformulier of bestellingen die u plaatst.<\/p>\n\n\n\n<p>Vi v\u00e4rdes\u00e4tter v\u00e5ra kunders integritet och ut\u00f6var d\u00e4rf\u00f6r st\u00f6rsta m\u00f6jliga f\u00f6rsiktighet vid hantering och skydd av personuppgifter. Vi behandlar uppgifter i enlighet med villkoren i den allm\u00e4nna dataskyddsf\u00f6rordningen (GDPR).<\/p>\n\n\n\n<p>globalsourcechemicals.com is verantwoordelijke in de zin van de AVG ten aanzien van de verwerking van uw persoonsgegevens. Dit betekent dat alleen wij bepalen welke persoonsgegevens worden verwerkt, met welk doel en op welke wijze. Wij zijn ervoor verantwoordelijk dat uw persoonsgegevens op een behoorlijke en zorgvuldige wijze worden verwerkt in overeenstemming met de AVG. In deze privacyverklaring leggen wij uit welke gegevens wij verwerken en voor welke doeleinden deze worden gebruikt. Overzicht persoonsgegevens Hieronder vindt u een overzicht van de persoonsgegevens die wij verwerken:<\/p>\n\n\n\n<ul class=\"wp-block-list\">\n<li>F\u00f6rnamn och efternamn<\/li>\n\n\n\n<li>Adress<\/li>\n\n\n\n<li>Telefonnummer<\/li>\n\n\n\n<li>E-postadress<\/li>\n\n\n\n<li>IP-adress f\u00f6r en webbplatsbes\u00f6kare<br>\u00c4NDAM\u00c5L OCH GRUND F\u00d6R BEHANDLING AV PERSONUPPGIFTER<br>Genom att godk\u00e4nna denna integritetspolicy samtycker du uttryckligen, enligt definitionen i artikel 6.1 a i GDPR, till behandling av dina personuppgifter f\u00f6r de \u00e4ndam\u00e5l som anges nedan. Du kan n\u00e4r som helst \u00e5terkalla detta samtycke. Om du dock inte l\u00e4mnar vissa uppgifter till oss eller inte till\u00e5ter oss att behandla dem, kan vi eventuellt inte ge dig b\u00e4sta m\u00f6jliga service.<\/li>\n<\/ul>\n\n\n\n<p>Indien u ons geen expliciete toestemming heeft gegeven voor de verwerking van uw persoonsgegevens of indien u deze toestemming heeft ingetrokken, kan de verwerking van uw persoonsgegevens gebaseerd zijn op artikel 6 lid 1 onder b, c en\/of f van de AVG. In dat geval kan de verwerking van uw persoonsgegevens zonder uw toestemming plaatsvinden, mits dit noodzakelijk is voor de uitvoering van een overeenkomst waarbij u partij bent of wordt, of noodzakelijk is voor de behartiging van de gerechtvaardigde belangen van globalsourcechemicals.com Daarnaast kunnen wij wettelijk verplicht zijn uw persoonsgegevens te verwerken.<\/p>\n\n\n\n<p>Vi behandlar dina personuppgifter f\u00f6r f\u00f6ljande \u00e4ndam\u00e5l:<\/p>\n\n\n\n<p>\u2013 F\u00f6r att tillhandah\u00e5lla v\u00e5ra tj\u00e4nster (f\u00f6r att leverera varor till dig)<\/p>\n\n\n\n<ul class=\"wp-block-list\">\n<li>F\u00f6r att behandla din betalning<br>\u2013 F\u00f6r att skicka v\u00e5rt nyhetsbrev<\/li>\n\n\n\n<li>F\u00f6r att informera dig om \u00e4ndringar i v\u00e5ra tj\u00e4nster och produkter<\/li>\n\n\n\n<li>F\u00f6r att ge dig m\u00f6jligheten att skapa ett konto<br>Vi lagrar inte dina personuppgifter l\u00e4ngre \u00e4n vad som \u00e4r absolut n\u00f6dv\u00e4ndigt f\u00f6r att uppn\u00e5 de \u00e4ndam\u00e5l f\u00f6r vilka dina uppgifter samlas in.<\/li>\n\n\n\n<li>UPPLYSNINGAR TILL TREDJE PARTER<\/li>\n\n\n\n<li>Vi kan komma att dela dina personuppgifter med tredje part om detta \u00e4r f\u00f6renligt med de syften som anges ovan. Utl\u00e4mnande till tredje part kan vara n\u00f6dv\u00e4ndigt f\u00f6r att fullg\u00f6ra det avtal vi ing\u00e5r med dig, n\u00f6dv\u00e4ndigt f\u00f6r att tillvarata ett ber\u00e4ttigat intresse f\u00f6r oss eller n\u00f6dv\u00e4ndigt f\u00f6r att uppfylla en r\u00e4ttslig f\u00f6rpliktelse som vi \u00e4r underkastade.<\/li>\n\n\n\n<li>Vi har databehandlingsavtal med f\u00f6retag som behandlar dina uppgifter f\u00f6r v\u00e5r r\u00e4kning f\u00f6r att s\u00e4kerst\u00e4lla samma s\u00e4kerhets- och sekretessniv\u00e5 f\u00f6r dina uppgifter. Vi ansvarar fortfarande f\u00f6r dessa behandlingar. Ut\u00f6ver de situationer som n\u00e4mns ovan kommer vi endast att l\u00e4mna ut dina personuppgifter till andra tredje parter med ditt uttryckliga samtycke.<\/li>\n\n\n\n<li>KOMMERSIELLA M\u00c5L<\/li>\n\n\n\n<li>Vi kan komma att anv\u00e4nda dina personuppgifter f\u00f6r kommersiella \u00e4ndam\u00e5l, till exempel f\u00f6r att ge dig ytterligare information om v\u00e5ra tj\u00e4nster eller relevanta produkter, eller om lag\u00e4ndringar som \u00e4r relevanta f\u00f6r v\u00e5rt erbjudande. I s\u00e5dana fall kommer du endast att meddelas till den e-postadress du registrerade. Om du inte vill ta emot information om relevanta produkter eller tj\u00e4nster kan du helt enkelt avsluta prenumerationen genom att klicka p\u00e5 &quot;avsluta prenumeration&quot; i e-postmeddelandet du f\u00e5r. Dina personuppgifter kommer att anonymiseras f\u00f6r marknadsunders\u00f6knings\u00e4ndam\u00e5l innan de anv\u00e4nds f\u00f6r att optimera v\u00e5ra tj\u00e4nster, och de kommer inte l\u00e4ngre att kunna sp\u00e5ras till dig.<\/li>\n\n\n\n<li>Dina uppgifter kommer inte att s\u00e4ljas eller delas med tredje part f\u00f6r kommersiella \u00e4ndam\u00e5l om du inte uttryckligen ger ditt tillst\u00e5nd till detta.<\/li>\n\n\n\n<li>Sm\u00e5kakor<\/li>\n\n\n\n<li>En cookie \u00e4r en liten textfil som lagras p\u00e5 din dator, surfplatta eller smartphone n\u00e4r du bes\u00f6ker den h\u00e4r webbplatsen f\u00f6r f\u00f6rsta g\u00e5ngen. Du kan inaktivera dessa cookies genom att konfigurera din webbl\u00e4sare s\u00e5 att de inte l\u00e4ngre lagras. Du kan ocks\u00e5 radera all tidigare lagrad information via dina webbl\u00e4sarinst\u00e4llningar.<\/li>\n\n\n\n<li>Vi anv\u00e4nder f\u00f6ljande cookies:<\/li>\n\n\n\n<li>Funktionskakor: dessa \u00e4r kakor som \u00e4r n\u00f6dv\u00e4ndiga f\u00f6r webbplatsens tekniska drift och din anv\u00e4ndarv\u00e4nlighet. De s\u00e4kerst\u00e4ller att webbplatsen fungerar korrekt och kommer ih\u00e5g, till exempel, dina preferenser. De g\u00f6r det ocks\u00e5 m\u00f6jligt f\u00f6r oss att optimera v\u00e5r webbplats. Dessa \u00e4r analytiska kakor som inte inkr\u00e4ktar p\u00e5 din integritet. Vi kr\u00e4ver inte ditt f\u00f6rhandsgodk\u00e4nnande f\u00f6r dessa.<\/li>\n\n\n\n<li>&#8221; Google Analytics: via deze website worden cookies geplaatst van het Amerikaanse bedrijf Google, als deel van de &#8220;Analytics&#8221;-dienst. globalsourcechemicals.com gebruikt deze dienst om rapportages te ontvangen over hoe de website wordt gebruikt en om de kwaliteit en effectiviteit ervan te meten. Wij gebruiken Google Analytics op de wijze zoals voorgeschreven door de Autoriteit Persoonsgegevens om te vallen onder de uitzondering in de cookiewet. Dit betekent dat wij geen voorafgaande toestemming van u nodig hebben om Google Analytics te gebruiken.<\/li>\n\n\n\n<li>INSIKT, KORRIGERA ELLER TA BORT<\/li>\n\n\n\n<li>Du har r\u00e4tt att f\u00e5 tillg\u00e5ng till, korrigera eller radera dina personuppgifter. Du har ocks\u00e5 r\u00e4tt att \u00e5terkalla ditt samtycke till behandling av dina personuppgifter eller att inv\u00e4nda mot behandlingen av dina personuppgifter. Du har r\u00e4tt till dataportabilitet om vi innehar digitala personuppgifter som vi behandlar antingen med ditt samtycke eller f\u00f6r att fullg\u00f6ra ett avtal vi har med dig.<\/li>\n\n\n\n<li>Det inneb\u00e4r att du kan skicka en beg\u00e4ran till oss om att skicka de digitala personuppgifter som vi lagrar om dig i en l\u00e4sbar datorfil till dig eller en annan organisation som du namnger.<\/li>\n\n\n\n<li>Du kan skicka en beg\u00e4ran om \u00e5tkomst, r\u00e4ttelse, radering, data\u00f6verf\u00f6ring av dina personuppgifter eller beg\u00e4ran om \u00e5terkallande av ditt samtycke eller inv\u00e4ndning mot behandlingen av dina personuppgifter till info@globalsourcechemicals.com.<\/li>\n\n\n\n<li>F\u00f6r att bekr\u00e4fta att beg\u00e4ran om \u00e5tkomst har gjorts av dig ber vi dig att bifoga en kopia av din legitimation med beg\u00e4ran. I denna kopia, v\u00e4nligen stryk ditt passfoto, MRZ (maskinl\u00e4sbar zon, remsan med siffror l\u00e4ngst ner i passet), passnummer och medborgarnummer (BSN). Detta \u00e4r f\u00f6r att skydda din integritet. Vi kommer att svara p\u00e5 din beg\u00e4ran s\u00e5 snabbt som m\u00f6jligt, men inom fyra veckor.<\/li>\n\n\n\n<li>Vi vill ocks\u00e5 p\u00e5peka att du har m\u00f6jlighet att l\u00e4mna in ett klagom\u00e5l till den nationella tillsynsmyndigheten, den nederl\u00e4ndska dataskyddsmyndigheten.<\/li>\n\n\n\n<li>Kontakta<\/li>\n\n\n\n<li>Vi tar skyddet av dina uppgifter p\u00e5 st\u00f6rsta allvar och vidtar l\u00e4mpliga \u00e5tg\u00e4rder f\u00f6r att f\u00f6rhindra missbruk, f\u00f6rlust, obeh\u00f6rig \u00e5tkomst, o\u00f6nskat avsl\u00f6jande och obeh\u00f6rig \u00e4ndring. Om du tror att dina uppgifter inte \u00e4r ordentligt skyddade eller om det finns tecken p\u00e5 missbruk, v\u00e4nligen kontakta v\u00e5r kundtj\u00e4nst eller maila oss p\u00e5 info@globalsourcechemicals.com.<\/li>\n<\/ul>","protected":false},"excerpt":{"rendered":"<p>PrivacyverklaringDit is de privacyverklaring van globalsourcechemicals.com Toepasselijkheid: Deze privacyverklaring is van toepassing op alle privacygevoelige informatie of persoonsgegevens die u<\/p>","protected":false},"author":1,"featured_media":0,"parent":0,"menu_order":0,"comment_status":"closed","ping_status":"closed","template":"","meta":{"footnotes":""},"class_list":["post-27196","page","type-page","status-publish","hentry"],"_links":{"self":[{"href":"https:\/\/globalsourcechemicals.com\/sv\/wp-json\/wp\/v2\/pages\/27196","targetHints":{"allow":["GET"]}}],"collection":[{"href":"https:\/\/globalsourcechemicals.com\/sv\/wp-json\/wp\/v2\/pages"}],"about":[{"href":"https:\/\/globalsourcechemicals.com\/sv\/wp-json\/wp\/v2\/types\/page"}],"author":[{"embeddable":true,"href":"https:\/\/globalsourcechemicals.com\/sv\/wp-json\/wp\/v2\/users\/1"}],"replies":[{"embeddable":true,"href":"https:\/\/globalsourcechemicals.com\/sv\/wp-json\/wp\/v2\/comments?post=27196"}],"version-history":[{"count":2,"href":"https:\/\/globalsourcechemicals.com\/sv\/wp-json\/wp\/v2\/pages\/27196\/revisions"}],"predecessor-version":[{"id":28551,"href":"https:\/\/globalsourcechemicals.com\/sv\/wp-json\/wp\/v2\/pages\/27196\/revisions\/28551"}],"wp:attachment":[{"href":"https:\/\/globalsourcechemicals.com\/sv\/wp-json\/wp\/v2\/media?parent=27196"}],"curies":[{"name":"wp","href":"https:\/\/api.w.org\/{rel}","templated":true}]}}