{"id":25980,"date":"2025-04-21T12:25:45","date_gmt":"2025-04-21T12:25:45","guid":{"rendered":"https:\/\/globalsourcechemicals.com\/?page_id=25980"},"modified":"2025-10-13T07:55:12","modified_gmt":"2025-10-13T07:55:12","slug":"bestallning-och-leverans","status":"publish","type":"page","link":"https:\/\/globalsourcechemicals.com\/sv\/bestallning-och-leverans\/","title":{"rendered":"Best\u00e4llning och leverans"},"content":{"rendered":"<p><strong>Orderinformation<\/strong><br>Efter att du lagt en best\u00e4llning via v\u00e5r webbplats f\u00e5r du omedelbart ett bekr\u00e4ftelsemejl. Detta kan hamna i din skr\u00e4ppostmapp, s\u00e5 kontrollera det om du inte ser det. Bekr\u00e4ftelsemejlet inneh\u00e5ller ditt ordernummer, som du kan anv\u00e4nda f\u00f6r att sp\u00e5ra din best\u00e4llnings status. N\u00e4r din best\u00e4llning har skickats f\u00e5r du ett sp\u00e5rningsnummer via e-post. Observera att den h\u00e4r processen kan ta lite l\u00e4ngre tid p\u00e5 helger. Om du inte har f\u00e5tt ett sp\u00e5rningsnummer efter en arbetsdag, v\u00e4nligen kontakta v\u00e5r kundtj\u00e4nst via WhatsApp p\u00e5 +31620245658.<\/p>\n\n\n\n<p><strong>Leveransmetoder<\/strong><br>Vi erbjuder olika fraktalternativ, inklusive paketpost och brevl\u00e5depost.<\/p>\n\n\n\n<p><strong>Paketpost<\/strong><\/p>\n\n\n\n<ol class=\"wp-block-list\">\n<li>Ingen sj\u00e4lvrisk: globalsourcechemicals.com ansvarar om ditt paket inte levereras enligt sp\u00e5rningsanvisningen.<\/li>\n\n\n\n<li>Leverans till ett upph\u00e4mtningsst\u00e4lle: Du kan v\u00e4lja att f\u00e5 din best\u00e4llning levererad till ett upph\u00e4mtningsst\u00e4lle.<\/li>\n\n\n\n<li>Sp\u00e5rning: Alltid tillg\u00e4nglig.<\/li>\n\n\n\n<li>M\u00e5ndagsleverans: Paketpost levereras \u00e4ven p\u00e5 m\u00e5ndagar.<\/li>\n\n\n\n<li>Best\u00e4llningar som g\u00f6rs f\u00f6re 19:30 skickas samma arbetsdag.<\/li>\n<\/ol>\n\n\n\n<p>Observera: Du m\u00e5ste vara hemma f\u00f6r att ta emot din f\u00f6rs\u00e4ndelse. Om du inte \u00e4r hemma kan du h\u00e4mta ditt paket fr\u00e5n n\u00e4rmaste upph\u00e4mtningsst\u00e4lle. Vi garanterar leverans till upph\u00e4mtningsst\u00e4llet; d\u00e4refter ansvarar du sj\u00e4lv f\u00f6r att h\u00e4mta din best\u00e4llning.<\/p>\n\n\n\n<p><strong>Brevl\u00e5depost<\/strong><\/p>\n\n\n\n<ol class=\"wp-block-list\">\n<li>P\u00e5 egen risk: globalsourcechemicals.com kan inte h\u00e5llas ansvarigt f\u00f6r eventuella problem med post i brevl\u00e5dan.<\/li>\n\n\n\n<li>Inget alternativ f\u00f6r uppsamlingsplatser.<\/li>\n\n\n\n<li>Begr\u00e4nsad sp\u00e5rning: Den f\u00f6rsta skanningen utf\u00f6rs alltid korrekt, s\u00e5 du kan vara s\u00e4ker p\u00e5 att vi har skickat brevet.<\/li>\n\n\n\n<li>Inga leveranser p\u00e5 s\u00f6ndagar och m\u00e5ndagar.<\/li>\n\n\n\n<li>Best\u00e4llningar som g\u00f6rs f\u00f6re kl. 17.00 skickas samma arbetsdag.<\/li>\n<\/ol>\n\n\n\n<p>F\u00f6rdel: Du beh\u00f6ver inte vara hemma f\u00f6r att ta emot din f\u00f6rs\u00e4ndelse.<\/p>\n\n\n\n<p><strong>Leveransinformation<\/strong><\/p>\n\n\n\n<ul class=\"wp-block-list\">\n<li><strong>Paketpost:<\/strong>&nbsp;Best\u00e4llningar via paketpost skickas varje arbetsdag klockan 19:30.<\/li>\n\n\n\n<li><strong>Brevl\u00e5depost:<\/strong>&nbsp;Best\u00e4llningar som skickas via brevl\u00e5depost skickas varje arbetsdag klockan 17.00.<\/li>\n<\/ul>\n\n\n\n<p><strong>Priser<\/strong><\/p>\n\n\n\n<ul class=\"wp-block-list\">\n<li>Leverans via paketpost: 6,95 \u20ac<\/li>\n\n\n\n<li>Leverans via brevl\u00e5depost: 3,95 \u20ac<\/li>\n<\/ul>\n\n\n\n<p><strong>Diskret f\u00f6rpackning<\/strong><br>Alla best\u00e4llningar paketeras diskret. Den enda informationen p\u00e5 utsidan \u00e4r din adress och v\u00e5r returadress. Returadressen \u00e4r en postbox (finns hos kundtj\u00e4nst), inte globalsourcechemicals.com-logotypen.<br><\/p>\n\n\n\n<p><strong>Vi skickar endast best\u00e4llningar till f\u00f6ljande l\u00e4nder:<br><em>(endast fastlandet, inga \u00f6ar)<\/em><\/strong><\/p>\n\n\n\n<ul class=\"wp-block-list\">\n<li>Nederl\u00e4nderna<\/li>\n\n\n\n<li>Belgien<\/li>\n\n\n\n<li>Bulgarien<\/li>\n\n\n\n<li>Estland<\/li>\n\n\n\n<li>Frankrike<\/li>\n\n\n\n<li>Grekland<\/li>\n\n\n\n<li>Ungern<\/li>\n\n\n\n<li>Irland<\/li>\n\n\n\n<li>Italien<\/li>\n\n\n\n<li>Kroatien<\/li>\n\n\n\n<li>Lettland<\/li>\n\n\n\n<li>Litauen<\/li>\n\n\n\n<li>Luxemburg<\/li>\n\n\n\n<li>\u00d6sterrike<\/li>\n\n\n\n<li>Polen<\/li>\n\n\n\n<li>Portugal<\/li>\n\n\n\n<li>Rum\u00e4nien<\/li>\n\n\n\n<li>Slovenien<\/li>\n\n\n\n<li>Slovakien<\/li>\n\n\n\n<li>Tjeckien<\/li>\n\n\n\n<li>Kina<\/li>\n\n\n\n<li>Danmark<\/li>\n\n\n\n<li>Tyskland&nbsp;<em>(Snart till\u00e5tet: 1D-LSD \/ NB-5-MeO-DALT Oxalat \/ NB-5-MeO-MiPT Oxalat)<\/em><\/li>\n\n\n\n<li>Finland<\/li>\n\n\n\n<li>Storbritannien<\/li>\n\n\n\n<li>Norge<\/li>\n\n\n\n<li>Spanien<\/li>\n\n\n\n<li>F\u00f6renta staterna<\/li>\n\n\n\n<li>Sydkorea<\/li>\n\n\n\n<li>Sverige<\/li>\n\n\n\n<li>Schweiz<\/li>\n<\/ul>\n\n\n\n<p><strong>Ansvarsfriskrivning<\/strong><\/p>\n\n\n\n<p>Som kund p\u00e5 globalsourcechemicals.com \u00e4r du ansvarig f\u00f6r att ange en korrekt leveransadress inom de till\u00e5tna l\u00e4nderna. Du ansvarar f\u00f6r att kontrollera i ditt eget land om den produkt du best\u00e4ller \u00e4r till\u00e5ten.<\/p>\n\n\n\n<p><strong>Returer<\/strong><br>Du kan anv\u00e4nda den postl\u00e5da vi tillhandah\u00e5ller vid varje f\u00f6rs\u00e4ndelse f\u00f6r att returnera din\/dina produkt(er). Du kan returnera o\u00f6ppnade produkter inom tv\u00e5 veckor efter mottagandet f\u00f6r full \u00e5terbetalning eller byte.<\/p>\n\n\n\n<p><strong>F\u00f6rpackning<\/strong><br>Vi packar produkterna i p\u00e5sar med olika f\u00e4rger och inneh\u00e5ll:<\/p>\n\n\n\n<ul class=\"wp-block-list\">\n<li>Silverp\u00e5se: 1 vara<\/li>\n\n\n\n<li>Guldp\u00e5se: 2 artiklar<\/li>\n\n\n\n<li>Lila v\u00e4ska: 5 artiklar<\/li>\n\n\n\n<li>Bl\u00e5 p\u00e5se: 10 artiklar<\/li>\n\n\n\n<li>Svart v\u00e4ska: 25 artiklar<\/li>\n<\/ul>\n\n\n\n<p><strong>Betalningsmetoder<\/strong><br>iDEAL har f\u00f6r n\u00e4rvarande problem, men du kan fortfarande betala via bank\u00f6verf\u00f6ring. V\u00e4nligen \u00f6verf\u00f6r k\u00f6pesumman till v\u00e5rt konto och ange de f\u00f6rsta siffrorna i ditt ordernummer som beskrivning.<\/p>","protected":false},"excerpt":{"rendered":"<p>BestelinformatieNa het plaatsen van een bestelling via onze website ontvang je direct een bevestigingsmail. Deze kan mogelijk in je spambox<\/p>","protected":false},"author":1,"featured_media":0,"parent":0,"menu_order":0,"comment_status":"closed","ping_status":"closed","template":"","meta":{"footnotes":""},"class_list":["post-25980","page","type-page","status-publish","hentry"],"_links":{"self":[{"href":"https:\/\/globalsourcechemicals.com\/sv\/wp-json\/wp\/v2\/pages\/25980","targetHints":{"allow":["GET"]}}],"collection":[{"href":"https:\/\/globalsourcechemicals.com\/sv\/wp-json\/wp\/v2\/pages"}],"about":[{"href":"https:\/\/globalsourcechemicals.com\/sv\/wp-json\/wp\/v2\/types\/page"}],"author":[{"embeddable":true,"href":"https:\/\/globalsourcechemicals.com\/sv\/wp-json\/wp\/v2\/users\/1"}],"replies":[{"embeddable":true,"href":"https:\/\/globalsourcechemicals.com\/sv\/wp-json\/wp\/v2\/comments?post=25980"}],"version-history":[{"count":2,"href":"https:\/\/globalsourcechemicals.com\/sv\/wp-json\/wp\/v2\/pages\/25980\/revisions"}],"predecessor-version":[{"id":28542,"href":"https:\/\/globalsourcechemicals.com\/sv\/wp-json\/wp\/v2\/pages\/25980\/revisions\/28542"}],"wp:attachment":[{"href":"https:\/\/globalsourcechemicals.com\/sv\/wp-json\/wp\/v2\/media?parent=25980"}],"curies":[{"name":"wp","href":"https:\/\/api.w.org\/{rel}","templated":true}]}}