{"id":27570,"date":"2025-09-23T07:05:38","date_gmt":"2025-09-23T07:05:38","guid":{"rendered":"https:\/\/globalsourcechemicals.com\/?post_type=product&#038;p=27570"},"modified":"2026-04-24T12:51:03","modified_gmt":"2026-04-24T12:51:03","slug":"kupi-4mmc","status":"publish","type":"product","link":"https:\/\/globalsourcechemicals.com\/sl\/trgovina\/okategoriserad\/kupi-4mmc\/","title":{"rendered":"Kupite mefedron (4MMC)"},"content":{"rendered":"<h1 data-start=\"660\" data-end=\"708\"><strong data-start=\"662\" data-end=\"706\">4-MMC (mefedron) \u2013 Profil snovi in pogosta vpra\u0161anja<\/strong><\/h1>\n<h3 data-start=\"710\" data-end=\"732\"><strong data-start=\"714\" data-end=\"730\">Opis<\/strong><\/h3>\n<p data-start=\"733\" data-end=\"1149\">Kupi 4mmc, 4-MMC, druga\u010de bekannt als <strong data-start=\"757\" data-end=\"770\">Mefedron<\/strong>, povezano s sinteti\u010dno skupino <strong data-start=\"808\" data-end=\"821\">Katinona<\/strong>Samo po sebi deluje s psihoaktivno snovjo, ki je bila v 2000-ih kot sogenannte <strong data-start=\"910\" data-end=\"933\">Raziskovalna kemikalija<\/strong> (RC) auftauchte. Aufgrund ihrer <strong data-start=\"966\" data-end=\"1009\">stimulativni in empatogeni u\u010dinek<\/strong> \u010ce bi delovali kot &quot;legalni drogerji&quot;, bi bili za\u0161\u010diteni v de\u017eeli in tudi v Nem\u010diji, <strong data-start=\"1117\" data-end=\"1140\">zakonsko prepovedano<\/strong> postal.<\/p>\n<p data-start=\"1151\" data-end=\"1386\">Mefedron je kemi\u010dno soroden njemu. <strong data-start=\"1187\" data-end=\"1203\">Amfetamini<\/strong> in <strong data-start=\"1208\" data-end=\"1216\">MDMA<\/strong> in v obliki mi je visok <strong data-start=\"1245\" data-end=\"1280\">Prah, kristali ali kapsule<\/strong> ponudbe. Danes je na voljo tudi <strong data-start=\"1310\" data-end=\"1328\">nezakonito suho<\/strong> z dobrim tveganjem za zdravje in dobro po\u010dutje.<\/p>\n<h3 data-start=\"1393\" data-end=\"1432\"><strong data-start=\"1397\" data-end=\"1430\">Delovanje 4-MMC (mefedrona)<\/strong><\/h3>\n<p data-start=\"1433\" data-end=\"1503\">Delo je moje <strong data-start=\"1455\" data-end=\"1468\">kratkotrajen<\/strong> in drugi stimulansi:<\/p>\n<ul data-start=\"1504\" data-end=\"1691\">\n<li data-start=\"1504\" data-end=\"1549\">\n<p data-start=\"1506\" data-end=\"1549\">Vi\u0161ina <strong data-start=\"1514\" data-end=\"1526\">Evforija<\/strong> in <strong data-start=\"1531\" data-end=\"1547\">Dru\u017eabnost<\/strong><\/p>\n<\/li>\n<li data-start=\"1550\" data-end=\"1616\">\n<p data-start=\"1552\" data-end=\"1616\">Intenzivni te\u010daji <strong data-start=\"1563\" data-end=\"1579\">Wohlbefinden<\/strong> in odra <strong data-start=\"1596\" data-end=\"1614\">pogovorne sposobnosti<\/strong><\/p>\n<\/li>\n<li data-start=\"1617\" data-end=\"1659\">\n<p data-start=\"1619\" data-end=\"1659\">Vi\u0161ina <strong data-start=\"1627\" data-end=\"1657\">Sr\u010dna pogostost in krvni tlak<\/strong><\/p>\n<\/li>\n<li data-start=\"1660\" data-end=\"1691\">\n<p data-start=\"1662\" data-end=\"1691\">Podtlak mehurja<\/p>\n<\/li>\n<\/ul>\n<h3 data-start=\"1698\" data-end=\"1732\"><strong data-start=\"1702\" data-end=\"1730\">Tveganja in negativne posledice<\/strong><\/h3>\n<p data-start=\"1733\" data-end=\"1813\">Der Konsum von Mephedron ist mit <strong data-start=\"1766\" data-end=\"1800\">resna zdravstvena tveganja<\/strong> povezan:<\/p>\n<ul data-start=\"1814\" data-end=\"2094\">\n<li data-start=\"1814\" data-end=\"1893\">\n<p data-start=\"1816\" data-end=\"1893\"><strong data-start=\"1816\" data-end=\"1844\">Davek na Heart-Round-Run<\/strong> (Herzrasen, Bluthochdruck, Herzinfarkt-Risiko)<\/p>\n<\/li>\n<li data-start=\"1894\" data-end=\"1965\">\n<p data-start=\"1896\" data-end=\"1965\"><strong data-start=\"1896\" data-end=\"1918\">Psihi\u010dni u\u010dinki<\/strong> wie Angstzust\u00e4nde, Paranoia, Schlaflosigkeit<\/p>\n<\/li>\n<li data-start=\"1966\" data-end=\"2020\">\n<p data-start=\"1968\" data-end=\"2020\"><strong data-start=\"1968\" data-end=\"1994\">Potencial za obe\u0161anje<\/strong> pri rednem povpra\u0161evanju<\/p>\n<\/li>\n<li data-start=\"2021\" data-end=\"2094\">\n<p data-start=\"2023\" data-end=\"2094\"><strong data-start=\"2023\" data-end=\"2053\">Akute \u00dcberdosierungsgefahr<\/strong> durch unsichere Cleanheit und Dosierung<\/p>\n<\/li>\n<\/ul>\n<h3 data-start=\"2101\" data-end=\"2136\"><strong data-start=\"2105\" data-end=\"2134\">Sodni postopki v Nem\u010diji<\/strong><\/h3>\n<ul data-start=\"2137\" data-end=\"2384\">\n<li data-start=\"2137\" data-end=\"2232\">\n<p data-start=\"2139\" data-end=\"2232\">4-MMC je v Nem\u010diji <strong data-start=\"2164\" data-end=\"2175\">nezakonito<\/strong> in pade pod <strong data-start=\"2196\" data-end=\"2229\">Zakon o povra\u010dilnih sredstvih (BtMG)<\/strong>.<\/p>\n<\/li>\n<li data-start=\"2233\" data-end=\"2287\">\n<p data-start=\"2235\" data-end=\"2287\">Besitz, Handel oder Herstellung sind <strong data-start=\"2272\" data-end=\"2284\">kaznivo<\/strong>.<\/p>\n<\/li>\n<li data-start=\"2288\" data-end=\"2384\">\n<p data-start=\"2290\" data-end=\"2384\">Der Kauf (&quot;kupi&quot;) im Internet ist <strong data-start=\"2325\" data-end=\"2343\">zakonodajalec<\/strong> in se lahko kazensko preganja.<\/p>\n<\/li>\n<\/ul>\n<h2 data-start=\"2391\" data-end=\"2450\"><strong data-start=\"2394\" data-end=\"2448\">Osnovne informacije (pogosta vpra\u0161anja) za 4-MMC (mefedron)<\/strong><\/h2>\n<p data-start=\"2452\" data-end=\"2575\"><strong data-start=\"2452\" data-end=\"2473\">1. Je bil to 4-MMC?<\/strong><br data-start=\"2473\" data-end=\"2476\" \/>4-MMC (mefedron) je sinteti\u010dni suhi iz skupine <strong data-start=\"2541\" data-end=\"2572\">kathinonhaltigen Substanzen<\/strong>.<\/p>\n<p data-start=\"2577\" data-end=\"2779\"><strong data-start=\"2577\" data-end=\"2609\">2. Zakaj je 4-MMC prepovedan?<\/strong><br data-start=\"2609\" data-end=\"2612\" \/>Na\u010dini <strong data-start=\"2622\" data-end=\"2707\">zdravstvena tveganja, zdravstvene koristi in zdravstvena oskrba<\/strong> so bile ugotovljene v dr\u017eavah v skladu z zakonodajo, ki ureja zakonodajo.<\/p>\n<p data-start=\"2781\" data-end=\"2914\"><strong data-start=\"2781\" data-end=\"2817\">3. Kako uporabljate mefedron?<\/strong><br data-start=\"2817\" data-end=\"2820\" \/>Deluje <strong data-start=\"2829\" data-end=\"2876\">spodbudno, evfori\u010dno in empati\u010dno<\/strong>, tudi z MDMA ali amfetaminom.<\/p>\n<p data-start=\"2916\" data-end=\"3090\"><strong data-start=\"2916\" data-end=\"2958\">4. Kako udobno se po\u010dutite?<\/strong><br data-start=\"2958\" data-end=\"2961\" \/>Nebenefrungen reichen von <strong data-start=\"2988\" data-end=\"3022\">Herzrasen, \u00dcbelkeit, Schwitzen<\/strong> bis hin zu <strong data-start=\"3034\" data-end=\"3059\">psiholo\u0161ke motnje<\/strong> kot strah ali agresija.<\/p>\n<p data-start=\"3092\" data-end=\"3224\"><strong data-start=\"3092\" data-end=\"3130\">5. Ali je 4-MMC v Nem\u010diji legalen?<\/strong><br data-start=\"3130\" data-end=\"3133\" \/>Ne, mefedron je v Nem\u010diji. <strong data-start=\"3168\" data-end=\"3187\">strogo prepovedano<\/strong>. Besitz und Verkauf je kaznivo po zakonu.<\/p>\n<p data-start=\"3226\" data-end=\"3495\"><strong data-start=\"3226\" data-end=\"3261\">6. Ali so na voljo pravne alternative?<\/strong><br data-start=\"3261\" data-end=\"3264\" \/>Ne obstaja <strong data-start=\"3284\" data-end=\"3322\">varne ali zakonite nadomestne snovi<\/strong> z enakimi metodami dela. Seri\u00f6se Beratung empfiehlt ausschlie\u00dflich <strong data-start=\"3390\" data-end=\"3414\">zdrave alternative<\/strong> wie Sport, Ern\u00e4hrung und psychologische Unterst\u00fctzung zur Stimmungsaufhellung.<\/p>","protected":false},"excerpt":{"rendered":"<p>4-MMC (Mephedron) \u2013 Substanzprofil &amp; FAQ Beschreibung 4mmc kopen, 4-MMC, auch bekannt als Mephedron, geh\u00f6rt zur Gruppe der synthetischen Cathinone.<\/p>","protected":false},"featured_media":0,"comment_status":"open","ping_status":"closed","template":"","meta":[],"product_brand":[],"product_cat":[1085],"product_tag":[],"class_list":{"0":"post-27570","1":"product","2":"type-product","3":"status-publish","5":"product_cat-okategoriserad","7":"first","8":"instock","9":"taxable","10":"shipping-taxable","11":"purchasable","12":"product-type-variable"},"_links":{"self":[{"href":"https:\/\/globalsourcechemicals.com\/sl\/wp-json\/wp\/v2\/product\/27570","targetHints":{"allow":["GET"]}}],"collection":[{"href":"https:\/\/globalsourcechemicals.com\/sl\/wp-json\/wp\/v2\/product"}],"about":[{"href":"https:\/\/globalsourcechemicals.com\/sl\/wp-json\/wp\/v2\/types\/product"}],"replies":[{"embeddable":true,"href":"https:\/\/globalsourcechemicals.com\/sl\/wp-json\/wp\/v2\/comments?post=27570"}],"version-history":[{"count":1,"href":"https:\/\/globalsourcechemicals.com\/sl\/wp-json\/wp\/v2\/product\/27570\/revisions"}],"predecessor-version":[{"id":27572,"href":"https:\/\/globalsourcechemicals.com\/sl\/wp-json\/wp\/v2\/product\/27570\/revisions\/27572"}],"wp:attachment":[{"href":"https:\/\/globalsourcechemicals.com\/sl\/wp-json\/wp\/v2\/media?parent=27570"}],"wp:term":[{"taxonomy":"product_brand","embeddable":true,"href":"https:\/\/globalsourcechemicals.com\/sl\/wp-json\/wp\/v2\/product_brand?post=27570"},{"taxonomy":"product_cat","embeddable":true,"href":"https:\/\/globalsourcechemicals.com\/sl\/wp-json\/wp\/v2\/product_cat?post=27570"},{"taxonomy":"product_tag","embeddable":true,"href":"https:\/\/globalsourcechemicals.com\/sl\/wp-json\/wp\/v2\/product_tag?post=27570"}],"curies":[{"name":"delovni list","href":"https:\/\/api.w.org\/{rel}","templated":true}]}}