{"id":27449,"date":"2025-09-02T16:11:46","date_gmt":"2025-09-02T16:11:46","guid":{"rendered":"https:\/\/globalsourcechemicals.com\/?post_type=product&#038;p=27449"},"modified":"2025-09-02T16:11:47","modified_gmt":"2025-09-02T16:11:47","slug":"fentanil","status":"publish","type":"product","link":"https:\/\/globalsourcechemicals.com\/sl\/trgovina\/okategoriserad\/fentanil\/","title":{"rendered":"fentanil"},"content":{"rendered":"<h3 data-start=\"230\" data-end=\"288\">Fentanil \u2013 informacije o izdelku (nevtralne in informativne)<\/h3>\n<p data-start=\"290\" data-end=\"722\"><strong data-start=\"290\" data-end=\"316\">Splo\u0161ni opis:<\/strong><br data-start=\"316\" data-end=\"319\" \/>Fentanil je sinteti\u010dni opioid, ki se uporablja kot mo\u010dno zdravilo proti bole\u010dinam. Spada v skupino opioidnih analgetikov in je velikokrat mo\u010dnej\u0161i od morfina. Zaradi visoke u\u010dinkovitosti se fentanil uporablja v medicini za zdravljenje hude in dolgotrajne bole\u010dine, na primer po operaciji, raku ali pri bolnikih, ki se ne odzivajo ustrezno na druga zdravila proti bole\u010dinam.<\/p>\n<p data-start=\"724\" data-end=\"991\"><strong data-start=\"724\" data-end=\"747\">Mehanizem delovanja:<\/strong><br data-start=\"747\" data-end=\"750\" \/>Fentanil deluje tako, da se ve\u017ee na opioidne receptorje v osrednjem \u017eiv\u010dnem sistemu. To zmanj\u0161a zaznavanje bole\u010dine in pogosto povzro\u010di ob\u010dutek sprostitve. Zdravilo lahko za\u010dne delovati hitro, odvisno od farmacevtske oblike.<\/p>\n<p data-start=\"993\" data-end=\"1095\"><strong data-start=\"993\" data-end=\"1015\">Odmerne oblike:<\/strong><br data-start=\"1015\" data-end=\"1018\" \/>Fentanil je na voljo v ve\u010d farmacevtskih oblikah, vklju\u010dno z:<\/p>\n<ul data-start=\"1096\" data-end=\"1287\">\n<li data-start=\"1096\" data-end=\"1154\">\n<p data-start=\"1098\" data-end=\"1154\">Injekcije (za zdravljenje akutne bole\u010dine v bolni\u0161nicah)<\/p>\n<\/li>\n<li data-start=\"1155\" data-end=\"1214\">\n<p data-start=\"1157\" data-end=\"1214\">Obli\u017ei (transdermalni, za neprekinjeno laj\u0161anje bole\u010din)<\/p>\n<\/li>\n<li data-start=\"1215\" data-end=\"1287\">\n<p data-start=\"1217\" data-end=\"1287\">Pastile ali nosni spreji (za prebijajo\u010do bole\u010dino pri bolnikih z rakom)<\/p>\n<\/li>\n<\/ul>\n<p data-start=\"1289\" data-end=\"1317\"><strong data-start=\"1289\" data-end=\"1315\">Medicinske aplikacije:<\/strong><\/p>\n<ul data-start=\"1318\" data-end=\"1482\">\n<li data-start=\"1318\" data-end=\"1372\">\n<p data-start=\"1320\" data-end=\"1372\">Huda kroni\u010dna bole\u010dina (npr. zaradi raka)<\/p>\n<\/li>\n<li data-start=\"1373\" data-end=\"1400\">\n<p data-start=\"1375\" data-end=\"1400\">Bole\u010dina po ve\u010dji operaciji<\/p>\n<\/li>\n<li data-start=\"1401\" data-end=\"1482\">\n<p data-start=\"1403\" data-end=\"1482\">Obvladovanje bole\u010dine pri bolnikih, ki so postali tolerantni na druge opioide<\/p>\n<\/li>\n<\/ul>\n<p data-start=\"1484\" data-end=\"1805\"><strong data-start=\"1484\" data-end=\"1527\">Pomembna opozorila in tveganja:<\/strong><br data-start=\"1527\" data-end=\"1530\" \/>\u010ceprav je fentanil zelo u\u010dinkovit, prina\u0161a znatna tveganja, vklju\u010dno z depresijo dihanja, odvisnostjo in prevelikim odmerjanjem. Zato se sme fentanil uporabljati le pod strogim zdravni\u0161kim nadzorom. Zloraba tega zdravila je lahko smrtno nevarna.<\/p>\n<p data-start=\"1807\" data-end=\"2037\"><strong data-start=\"1807\" data-end=\"1821\">Zaklju\u010dek:<\/strong><br data-start=\"1821\" data-end=\"1824\" \/>Fentanil je izjemno mo\u010dno zdravilo, ki je zelo dragoceno pri laj\u0161anju bole\u010din, \u010de se uporablja pravilno in previdno. Njegova uporaba je strogo regulirana in vedno na zdravni\u0161ki recept.<\/p>\n<p data-start=\"1807\" data-end=\"2037\">\n<h2 data-start=\"139\" data-end=\"177\">Pogosto zastavljena vpra\u0161anja o fentanilu<\/h2>\n<p data-start=\"179\" data-end=\"413\"><strong data-start=\"179\" data-end=\"202\">1. Kaj je fentanil?<\/strong><br data-start=\"202\" data-end=\"205\" \/>Fentanil je sinteti\u010dni opioid, ki se v medicini uporablja za zdravljenje hudih bole\u010din. Je veliko mo\u010dnej\u0161i od morfija in se predpisuje, kadar druga zdravila proti bole\u010dinam niso u\u010dinkovita.<\/p>\n<p data-start=\"415\" data-end=\"717\"><strong data-start=\"415\" data-end=\"477\">2. Kako se fentanil uporablja pri zdravljenju?<\/strong><br data-start=\"477\" data-end=\"480\" \/>Zdravniki predpisujejo fentanil bolnikom s kroni\u010dnimi, hudimi bole\u010dinami, kot so bole\u010dine pri raku ali po ve\u010djih operacijah. Lahko se daje kot injekcija, obli\u017e, pastila ali pr\u0161ilo za nos, odvisno od bolnikovega stanja.<\/p>\n<p data-start=\"719\" data-end=\"978\"><strong data-start=\"719\" data-end=\"773\">3. Zakaj velja fentanil za nevarnega?<\/strong><br data-start=\"773\" data-end=\"776\" \/>Ker je izjemno mo\u010dan, lahko \u017ee majhne koli\u010dine fentanila povzro\u010dijo smrtno nevarne te\u017eave z dihanjem. Zloraba ali nenamerno preveliko odmerjanje predstavljata veliko tveganje.<\/p>\n<p data-start=\"980\" data-end=\"1186\"><strong data-start=\"980\" data-end=\"1016\">4. Ali lahko fentanil povzro\u010di odvisnost?<\/strong><br data-start=\"1016\" data-end=\"1019\" \/>Da. Tako kot drugi opioidi lahko tudi fentanil povzro\u010di odvisnost. Bolnike, ki uporabljajo fentanil, mora zdravnik skrbno spremljati.<\/p>\n<p data-start=\"1188\" data-end=\"1436\"><strong data-start=\"1188\" data-end=\"1251\">5. Kateri so najpogostej\u0161i ne\u017eeleni u\u010dinki fentanila?<\/strong><br data-start=\"1251\" data-end=\"1254\" \/>Mo\u017eni ne\u017eeleni u\u010dinki vklju\u010dujejo zaspanost, slabost, zaprtje, zmedenost in omotico. Resni ne\u017eeleni u\u010dinki vklju\u010dujejo upo\u010dasnjeno dihanje, ki je lahko usodno.<\/p>\n<p data-start=\"1438\" data-end=\"1690\"><strong data-start=\"1438\" data-end=\"1492\">6. Kako se lahko prepre\u010di zloraba fentanila?<\/strong><br data-start=\"1492\" data-end=\"1495\" \/>Fentanil se sme uporabljati le pod strogim zdravni\u0161kim nadzorom. Bolniki morajo skrbno upo\u0161tevati zdravnikova navodila, zdravilo varno shranjevati in ga nikoli ne deliti z drugimi.<\/p>\n<p data-start=\"1692\" data-end=\"2007\"><strong data-start=\"1692\" data-end=\"1757\">7. Ali je farmacevtski fentanil enak nezakonitemu fentanilu?<\/strong><br data-start=\"1757\" data-end=\"1760\" \/>Ne. Farmacevtski fentanil se proizvaja po strogih medicinskih standardih in ga predpisujejo le zdravniki. Nedovoljen fentanil, ki se pogosto me\u0161a z drugimi drogami, je vodilni vzrok prevelikih odmerkov in smrti po vsem svetu.<\/p>","protected":false},"excerpt":{"rendered":"<p>Fentanyl \u2013 Productinformatie (Neutraal en Informatief) Algemene beschrijving:Fentanyl is een synthetisch opio\u00efd dat wordt gebruikt als sterk pijnstillend middel. Het<\/p>","protected":false},"featured_media":0,"comment_status":"open","ping_status":"closed","template":"","meta":[],"product_brand":[],"product_cat":[1085],"product_tag":[],"class_list":{"0":"post-27449","1":"product","2":"type-product","3":"status-publish","5":"product_cat-okategoriserad","7":"first","8":"instock","9":"taxable","10":"shipping-taxable","11":"purchasable","12":"product-type-variable"},"_links":{"self":[{"href":"https:\/\/globalsourcechemicals.com\/sl\/wp-json\/wp\/v2\/product\/27449","targetHints":{"allow":["GET"]}}],"collection":[{"href":"https:\/\/globalsourcechemicals.com\/sl\/wp-json\/wp\/v2\/product"}],"about":[{"href":"https:\/\/globalsourcechemicals.com\/sl\/wp-json\/wp\/v2\/types\/product"}],"replies":[{"embeddable":true,"href":"https:\/\/globalsourcechemicals.com\/sl\/wp-json\/wp\/v2\/comments?post=27449"}],"version-history":[{"count":1,"href":"https:\/\/globalsourcechemicals.com\/sl\/wp-json\/wp\/v2\/product\/27449\/revisions"}],"predecessor-version":[{"id":27457,"href":"https:\/\/globalsourcechemicals.com\/sl\/wp-json\/wp\/v2\/product\/27449\/revisions\/27457"}],"wp:attachment":[{"href":"https:\/\/globalsourcechemicals.com\/sl\/wp-json\/wp\/v2\/media?parent=27449"}],"wp:term":[{"taxonomy":"product_brand","embeddable":true,"href":"https:\/\/globalsourcechemicals.com\/sl\/wp-json\/wp\/v2\/product_brand?post=27449"},{"taxonomy":"product_cat","embeddable":true,"href":"https:\/\/globalsourcechemicals.com\/sl\/wp-json\/wp\/v2\/product_cat?post=27449"},{"taxonomy":"product_tag","embeddable":true,"href":"https:\/\/globalsourcechemicals.com\/sl\/wp-json\/wp\/v2\/product_tag?post=27449"}],"curies":[{"name":"delovni list","href":"https:\/\/api.w.org\/{rel}","templated":true}]}}