{"id":24966,"date":"2025-04-13T17:43:53","date_gmt":"2025-04-13T17:43:53","guid":{"rendered":"https:\/\/globalsourcechemicals.com\/?post_type=product&#038;p=24966"},"modified":"2025-10-02T15:04:28","modified_gmt":"2025-10-02T15:04:28","slug":"1vlsd","status":"publish","type":"product","link":"https:\/\/globalsourcechemicals.com\/sl\/trgovina\/1v-lsd\/1vlsd\/","title":{"rendered":"1V-LSD 150 MCG pivniki"},"content":{"rendered":"<h1 class=\"ds-markdown-paragraph\"><strong>1V-LSD 150 mcg pivniki \u2013 zmogljivi in zanesljivi za raziskave<\/strong><\/h1>\n<p>1vlsd<\/p>\n<h3><strong>Kaj je 1V-LSD?<\/strong><\/h3>\n<p class=\"ds-markdown-paragraph\">1vlsd, 1V-LSD (dietilamid 1-valeril-D-lizerginske kisline) je raziskovalna kemikalija, strukturno sorodna LSD-ju. Znana je po svojih potencialnih psihoaktivnih lastnostih in se uporablja v znanstvenih in farmakolo\u0161kih \u0161tudijah.<\/p>\n<h3><strong>Zakaj izbrati na\u0161e 1V-LSD 150 mcg pivnike?<\/strong><\/h3>\n<p class=\"ds-markdown-paragraph\">\u2714\u00a0<strong>Natan\u010dno odmerjanje<\/strong>\u00a0\u2013 Vsaka pivska blazinica vsebuje natanko 150 mcg za dosledne rezultate raziskav.<br \/>\n\u2714\u00a0<strong>Visoka kakovost<\/strong>\u00a0\u2013 Proizvedeno v strogih laboratorijskih pogojih za optimalno \u010distost.<br \/>\n\u2714\u00a0<strong>Enostavna uporaba<\/strong>\u00a0\u2013 Oblika pivnika omogo\u010da enostavno odmerjanje in shranjevanje.<\/p>\n<h3><strong>Pogosto zastavljena vpra\u0161anja (FAQ)<\/strong><\/h3>\n<h4><strong>1. Ali je 1V-LSD legalen?<\/strong><\/h4>\n<p class=\"ds-markdown-paragraph\">Zakonitost 1V-LSD se razlikuje glede na dr\u017eavo.\u00a0<strong>namenjeno samo za raziskovalne namene<\/strong>\u00a0in ni za \u010dlove\u0161ko prehrano. Pred naro\u010dilom vedno preverite lokalne predpise.<\/p>\n<h4><strong>2. Kako naj shranjujem pivnike 1V-LSD?<\/strong><\/h4>\n<p class=\"ds-markdown-paragraph\">Pivnike shranite v\u00a0<strong>hladnem, suhem in temnem mestu<\/strong>, po mo\u017enosti v nepredu\u0161no zaprti posodi. Za dalj\u0161i rok uporabnosti se izogibajte izpostavljanju svetlobi in vlagi.<\/p>\n<h4><strong>3. Ali so ti pivniki varni za uporabo pri ljudeh?<\/strong><\/h4>\n<p class=\"ds-markdown-paragraph\"><em>Ne.<\/em>\u00a0Ta izdelek je\u00a0<strong>namenjeno samo znanstvenim raziskavam<\/strong>\u00a0in ne za rekreacijsko ali medicinsko uporabo. Na\u0161i blotterji so namenjeni izklju\u010dno za nadzorovane laboratorijske \u0161tudije.<\/p>\n<h4><strong>4. Katere so mo\u017ene raziskovalne aplikacije?<\/strong><\/h4>\n<p class=\"ds-markdown-paragraph\">\ud83d\udd2c\u00a0<strong>Nevrofarmakolo\u0161ke \u0161tudije<\/strong><br \/>\n\ud83e\udde0\u00a0<strong>Raziskave vedenjskih znanosti<\/strong><br \/>\n\ud83d\udcca\u00a0<strong>Analitska kemija in presnovne \u0161tudije<\/strong><\/p>\n<h3><strong>Naro\u010dite zdaj za hitro dostavo!<\/strong><\/h3>\n<p class=\"ds-markdown-paragraph\">Na voljo samo registriranim raziskovalcem in laboratorijem. Diskretna embala\u017ea in hitra storitev zagotovljeni.<\/p>\n<p><a href=\"https:\/\/globalsourcechemicals.com\/sl\/trgovina\/iboga-ibogain\/lubje-korenine-iboge\/\">Lubje korenine iboge<\/a><a href=\"https:\/\/globalsourcechemicals.com\/sl\/trgovina\/iboga-ibogain\/kupiti-ibogain-hcl-na-spletu\/\">Kupite ibogain HCl<\/a><a href=\"https:\/\/globalsourcechemicals.com\/sl\/trgovina\/lisergamidi\/1cp-lsd\/\">1cP-LSD 150 MCG Art Blotters<\/a><a href=\"https:\/\/globalsourcechemicals.com\/sl\/trgovina\/pellets\/o-dsmt-50-mg-pelete\/\">O-DSMT 50 mg peleti<\/a><a href=\"https:\/\/globalsourcechemicals.com\/sl\/trgovina\/skoraj-prepovedano\/6-cl-adba\/\">6-CL-ADBA<\/a><\/p>","protected":false},"excerpt":{"rendered":"<h2>Lastnosti 1V-LSD blotterja<\/h2>\n<p><strong>Sinonimi<\/strong>1-valeroil-lizerginska kislina dietilamid hemi-L-tartrat<br \/>\n<strong>\u0160tevilka CAS<\/strong>: ni na voljo<br \/>\n<strong>Formula<\/strong>C25H33N3O2<br \/>\n<strong>Molska masa<\/strong>: 407,558 g\/mol<br \/>\n<strong>\u010cistost<\/strong>: \u226599,3%<\/p>","protected":false},"featured_media":27751,"comment_status":"open","ping_status":"closed","template":"","meta":[],"product_brand":[],"product_cat":[364,358],"product_tag":[631,582,326],"class_list":{"0":"post-24966","1":"product","2":"type-product","3":"status-publish","4":"has-post-thumbnail","6":"product_cat-1v-lsd","7":"product_cat-lysergamides","8":"product_tag-1v-lsd","9":"product_tag-1vlsd","10":"product_tag-nl","12":"first","13":"instock","14":"taxable","15":"shipping-taxable","16":"purchasable","17":"product-type-variable"},"_links":{"self":[{"href":"https:\/\/globalsourcechemicals.com\/sl\/wp-json\/wp\/v2\/product\/24966","targetHints":{"allow":["GET"]}}],"collection":[{"href":"https:\/\/globalsourcechemicals.com\/sl\/wp-json\/wp\/v2\/product"}],"about":[{"href":"https:\/\/globalsourcechemicals.com\/sl\/wp-json\/wp\/v2\/types\/product"}],"replies":[{"embeddable":true,"href":"https:\/\/globalsourcechemicals.com\/sl\/wp-json\/wp\/v2\/comments?post=24966"}],"version-history":[{"count":8,"href":"https:\/\/globalsourcechemicals.com\/sl\/wp-json\/wp\/v2\/product\/24966\/revisions"}],"predecessor-version":[{"id":26287,"href":"https:\/\/globalsourcechemicals.com\/sl\/wp-json\/wp\/v2\/product\/24966\/revisions\/26287"}],"wp:featuredmedia":[{"embeddable":true,"href":"https:\/\/globalsourcechemicals.com\/sl\/wp-json\/wp\/v2\/media\/27751"}],"wp:attachment":[{"href":"https:\/\/globalsourcechemicals.com\/sl\/wp-json\/wp\/v2\/media?parent=24966"}],"wp:term":[{"taxonomy":"product_brand","embeddable":true,"href":"https:\/\/globalsourcechemicals.com\/sl\/wp-json\/wp\/v2\/product_brand?post=24966"},{"taxonomy":"product_cat","embeddable":true,"href":"https:\/\/globalsourcechemicals.com\/sl\/wp-json\/wp\/v2\/product_cat?post=24966"},{"taxonomy":"product_tag","embeddable":true,"href":"https:\/\/globalsourcechemicals.com\/sl\/wp-json\/wp\/v2\/product_tag?post=24966"}],"curies":[{"name":"delovni list","href":"https:\/\/api.w.org\/{rel}","templated":true}]}}