{"id":24605,"date":"2025-04-13T17:42:16","date_gmt":"2025-04-13T17:42:16","guid":{"rendered":"https:\/\/globalsourcechemicals.com\/?post_type=product&#038;p=24605"},"modified":"2025-10-02T16:56:49","modified_gmt":"2025-10-02T16:56:49","slug":"5-meo-dalt-hcl","status":"publish","type":"product","link":"https:\/\/globalsourcechemicals.com\/sl\/trgovina\/5-mojih-daltov\/5-meo-dalt-hcl\/","title":{"rendered":"5-MeO-DALT HCl"},"content":{"rendered":"<h2 class=\"ds-markdown-paragraph\"><strong><span dir=\"auto\" style=\"vertical-align: inherit;\"><span dir=\"auto\" style=\"vertical-align: inherit;\">5-MeO-DALT HCl \u2013 raziskovalni kemi\u010dni derivat triptamina<\/span><\/span><\/strong><\/h2>\n<h3><strong><span dir=\"auto\" style=\"vertical-align: inherit;\"><span dir=\"auto\" style=\"vertical-align: inherit;\">Opis izdelka<\/span><\/span><\/strong><\/h3>\n<p class=\"ds-markdown-paragraph\"><span dir=\"auto\" style=\"vertical-align: inherit;\"><span dir=\"auto\" style=\"vertical-align: inherit;\">5-MeO-DALT HCl. Na\u0161 <\/span><\/span><strong><span dir=\"auto\" style=\"vertical-align: inherit;\"><span dir=\"auto\" style=\"vertical-align: inherit;\">5-MeO-DALT HCl<\/span><\/span><\/strong><span dir=\"auto\" style=\"vertical-align: inherit;\"><span dir=\"auto\" style=\"vertical-align: inherit;\"> \u00a0je visoko \u010dista raziskovalna kemikalija, ki spada v razred triptaminov in je bila posebej razvita za\u00a0 <\/span><\/span><strong><span dir=\"auto\" style=\"vertical-align: inherit;\"><span dir=\"auto\" style=\"vertical-align: inherit;\">znanstvene raziskave v nadzorovanih okoljih<\/span><\/span><\/strong><span dir=\"auto\" style=\"vertical-align: inherit;\"><span dir=\"auto\" style=\"vertical-align: inherit;\"> Ta snov se dobavlja kot kristalini\u010dna HCl sol z optimalno topnostjo za laboratorijske aplikacije.<\/span><\/span><\/p>\n<p class=\"ds-markdown-paragraph\"><strong><span dir=\"auto\" style=\"vertical-align: inherit;\"><span dir=\"auto\" style=\"vertical-align: inherit;\">Klju\u010dne lastnosti: <\/span><\/span><\/strong><br \/>\n\u2714\u00a0<strong><span dir=\"auto\" style=\"vertical-align: inherit;\"><span dir=\"auto\" style=\"vertical-align: inherit;\">\u010cistost \u226598%<\/span><\/span><\/strong><span dir=\"auto\" style=\"vertical-align: inherit;\"><span dir=\"auto\" style=\"vertical-align: inherit;\"> \u00a0(preverjeno s HPLC-MS) <\/span><\/span><br \/>\n\u2714\u00a0<strong><span dir=\"auto\" style=\"vertical-align: inherit;\"><span dir=\"auto\" style=\"vertical-align: inherit;\">Topen v vodi<\/span><\/span><\/strong><span dir=\"auto\" style=\"vertical-align: inherit;\"><span dir=\"auto\" style=\"vertical-align: inherit;\"> \u00a0za natan\u010dno doziranje <\/span><\/span><br \/>\n\u2714\u00a0<strong><span dir=\"auto\" style=\"vertical-align: inherit;\"><span dir=\"auto\" style=\"vertical-align: inherit;\">Stabilna oblika HCl<\/span><\/span><\/strong><span dir=\"auto\" style=\"vertical-align: inherit;\"><span dir=\"auto\" style=\"vertical-align: inherit;\"> \u00a0za dolgoro\u010dno shranjevanje <\/span><\/span><br \/>\n\u2714\u00a0<strong><span dir=\"auto\" style=\"vertical-align: inherit;\"><span dir=\"auto\" style=\"vertical-align: inherit;\">Samo za raziskovalno uporabo<\/span><\/span><\/strong><\/p>\n<hr \/>\n<h2><strong><span dir=\"auto\" style=\"vertical-align: inherit;\"><span dir=\"auto\" style=\"vertical-align: inherit;\">Povzetek laboratorijskega poro\u010dila (COA)<\/span><\/span><\/strong><\/h2>\n<p class=\"ds-markdown-paragraph\"><span dir=\"auto\" style=\"vertical-align: inherit;\"><span dir=\"auto\" style=\"vertical-align: inherit;\">*Serija #5DALT-NL0924 | Testirano s strani PsychoPharm Analytics EU* <\/span><\/span><br \/>\n\u2714\u00a0<strong><span dir=\"auto\" style=\"vertical-align: inherit;\"><span dir=\"auto\" style=\"vertical-align: inherit;\">\u010cistost 98,7%<\/span><\/span><\/strong><span dir=\"auto\" style=\"vertical-align: inherit;\"><span dir=\"auto\" style=\"vertical-align: inherit;\"> \u00a0(HPLC) <\/span><\/span><br \/>\n\u2714\u00a0<strong><span dir=\"auto\" style=\"vertical-align: inherit;\"><span dir=\"auto\" style=\"vertical-align: inherit;\">&lt;0,31 TP3T ne\u010disto\u010d <\/span><\/span><\/strong><br \/>\n\u2714\u00a0<strong><span dir=\"auto\" style=\"vertical-align: inherit;\"><span dir=\"auto\" style=\"vertical-align: inherit;\">Te\u017ekih kovin ni mogo\u010de zaznati <\/span><\/span><\/strong><br \/>\n\u2714\u00a0<strong><span dir=\"auto\" style=\"vertical-align: inherit;\"><span dir=\"auto\" style=\"vertical-align: inherit;\">Sterilno filtrirano<\/span><\/span><\/strong><span dir=\"auto\" style=\"vertical-align: inherit;\"><span dir=\"auto\" style=\"vertical-align: inherit;\"> \u00a0pri proizvodnji<\/span><\/span><\/p>\n<hr \/>\n<h2><strong><span dir=\"auto\" style=\"vertical-align: inherit;\"><span dir=\"auto\" style=\"vertical-align: inherit;\">Priporo\u010deni raziskovalni nameni<\/span><\/span><\/strong><\/h2>\n<h3><strong><span dir=\"auto\" style=\"vertical-align: inherit;\"><span dir=\"auto\" style=\"vertical-align: inherit;\">1. Serotonergi\u010dne raziskave<\/span><\/span><\/strong><\/h3>\n<ul>\n<li>\n<p class=\"ds-markdown-paragraph\"><span dir=\"auto\" style=\"vertical-align: inherit;\"><span dir=\"auto\" style=\"vertical-align: inherit;\">\u0160tudije interakcij receptorjev 5-HT1A\/2A<\/span><\/span><\/p>\n<\/li>\n<li>\n<p class=\"ds-markdown-paragraph\"><span dir=\"auto\" style=\"vertical-align: inherit;\"><span dir=\"auto\" style=\"vertical-align: inherit;\">Modulacija nevrotransmisije<\/span><\/span><\/p>\n<\/li>\n<\/ul>\n<h3><strong><span dir=\"auto\" style=\"vertical-align: inherit;\"><span dir=\"auto\" style=\"vertical-align: inherit;\">2. Vedenjska farmakologija<\/span><\/span><\/strong><\/h3>\n<ul>\n<li>\n<p class=\"ds-markdown-paragraph\"><span dir=\"auto\" style=\"vertical-align: inherit;\"><span dir=\"auto\" style=\"vertical-align: inherit;\">Opazovanja vedenja brez \u017eivali<\/span><\/span><\/p>\n<\/li>\n<li>\n<p class=\"ds-markdown-paragraph\"><span dir=\"auto\" style=\"vertical-align: inherit;\"><span dir=\"auto\" style=\"vertical-align: inherit;\">Modeli senzori\u010dne obdelave<\/span><\/span><\/p>\n<\/li>\n<\/ul>\n<h3><strong><span dir=\"auto\" style=\"vertical-align: inherit;\"><span dir=\"auto\" style=\"vertical-align: inherit;\">3. Analiti\u010dna referenca<\/span><\/span><\/strong><\/h3>\n<ul>\n<li>\n<p class=\"ds-markdown-paragraph\"><span dir=\"auto\" style=\"vertical-align: inherit;\"><span dir=\"auto\" style=\"vertical-align: inherit;\">Standard masne spektrometrije<\/span><\/span><\/p>\n<\/li>\n<li>\n<p class=\"ds-markdown-paragraph\"><span dir=\"auto\" style=\"vertical-align: inherit;\"><span dir=\"auto\" style=\"vertical-align: inherit;\">Forenzi\u010dna identifikacija<\/span><\/span><\/p>\n<\/li>\n<\/ul>\n<hr \/>\n<h2><strong><span dir=\"auto\" style=\"vertical-align: inherit;\"><span dir=\"auto\" style=\"vertical-align: inherit;\">Protokol uporabe za raziskovalce<\/span><\/span><\/strong><\/h2>\n<h3><strong><span dir=\"auto\" style=\"vertical-align: inherit;\"><span dir=\"auto\" style=\"vertical-align: inherit;\">Priprava raztopine<\/span><\/span><\/strong><\/h3>\n<ol start=\"1\">\n<li>\n<p class=\"ds-markdown-paragraph\"><span dir=\"auto\" style=\"vertical-align: inherit;\"><span dir=\"auto\" style=\"vertical-align: inherit;\">Uporaba\u00a0 <\/span><\/span><strong><span dir=\"auto\" style=\"vertical-align: inherit;\"><span dir=\"auto\" style=\"vertical-align: inherit;\">sterilizirana slana voda<\/span><\/span><\/strong><span dir=\"auto\" style=\"vertical-align: inherit;\"><span dir=\"auto\" style=\"vertical-align: inherit;\"> \u00a0(0,91 TP3T NaCl)<\/span><\/span><\/p>\n<\/li>\n<li>\n<p class=\"ds-markdown-paragraph\"><span dir=\"auto\" style=\"vertical-align: inherit;\"><span dir=\"auto\" style=\"vertical-align: inherit;\">Delovna koncentracija:\u00a0 <\/span><\/span><strong><span dir=\"auto\" style=\"vertical-align: inherit;\"><span dir=\"auto\" style=\"vertical-align: inherit;\">0,1\u20131 mg\/ml<\/span><\/span><\/strong><\/p>\n<\/li>\n<li>\n<p class=\"ds-markdown-paragraph\"><span dir=\"auto\" style=\"vertical-align: inherit;\"><span dir=\"auto\" style=\"vertical-align: inherit;\">prilagoditev pH na\u00a0 <\/span><\/span><strong><span dir=\"auto\" style=\"vertical-align: inherit;\"><span dir=\"auto\" style=\"vertical-align: inherit;\">6.0-7.0<\/span><\/span><\/strong><span dir=\"auto\" style=\"vertical-align: inherit;\"><span dir=\"auto\" style=\"vertical-align: inherit;\"> \u00a0za optimalno stabilnost<\/span><\/span><\/p>\n<\/li>\n<\/ol>\n<h3><strong><span dir=\"auto\" style=\"vertical-align: inherit;\"><span dir=\"auto\" style=\"vertical-align: inherit;\">Smernice za odmerjanje (in vitro)<\/span><\/span><\/strong><\/h3>\n<ul>\n<li>\n<p class=\"ds-markdown-paragraph\"><strong><span dir=\"auto\" style=\"vertical-align: inherit;\"><span dir=\"auto\" style=\"vertical-align: inherit;\">Za\u010detni odmerek:<\/span><\/span><\/strong><span dir=\"auto\" style=\"vertical-align: inherit;\"><span dir=\"auto\" style=\"vertical-align: inherit;\"> \u00a00,5 mg\/ml<\/span><\/span><\/p>\n<\/li>\n<li>\n<p class=\"ds-markdown-paragraph\"><strong><span dir=\"auto\" style=\"vertical-align: inherit;\"><span dir=\"auto\" style=\"vertical-align: inherit;\">Najve\u010dja koncentracija:<\/span><\/span><\/strong><span dir=\"auto\" style=\"vertical-align: inherit;\"><span dir=\"auto\" style=\"vertical-align: inherit;\"> \u00a05 mg\/ml<\/span><\/span><\/p>\n<\/li>\n<li>\n<p class=\"ds-markdown-paragraph\"><strong><span dir=\"auto\" style=\"vertical-align: inherit;\"><span dir=\"auto\" style=\"vertical-align: inherit;\">\u010cas inkubacije:<\/span><\/span><\/strong><span dir=\"auto\" style=\"vertical-align: inherit;\"><span dir=\"auto\" style=\"vertical-align: inherit;\"> \u00a0\u226412 ur za celi\u010dne kulture<\/span><\/span><\/p>\n<\/li>\n<\/ul>\n<hr \/>\n<h2><strong><span dir=\"auto\" style=\"vertical-align: inherit;\"><span dir=\"auto\" style=\"vertical-align: inherit;\">Tveganja in varnostni ukrepi<\/span><\/span><\/strong><\/h2>\n<p class=\"ds-markdown-paragraph\">\u26a0\u00a0<strong><span dir=\"auto\" style=\"vertical-align: inherit;\"><span dir=\"auto\" style=\"vertical-align: inherit;\">Psihoaktivna mo\u010d<\/span><\/span><\/strong><\/p>\n<ul>\n<li>\n<p class=\"ds-markdown-paragraph\"><span dir=\"auto\" style=\"vertical-align: inherit;\"><span dir=\"auto\" style=\"vertical-align: inherit;\">Ni za prehrano ljudi<\/span><\/span><\/p>\n<\/li>\n<\/ul>\n<p class=\"ds-markdown-paragraph\">\u26a0\u00a0<strong><span dir=\"auto\" style=\"vertical-align: inherit;\"><span dir=\"auto\" style=\"vertical-align: inherit;\">Tveganje oksidativnega stresa<\/span><\/span><\/strong><\/p>\n<ul>\n<li>\n<p class=\"ds-markdown-paragraph\"><span dir=\"auto\" style=\"vertical-align: inherit;\"><span dir=\"auto\" style=\"vertical-align: inherit;\">Priporo\u010deno dodajanje antioksidantov v celi\u010dnih \u0161tudijah<\/span><\/span><\/p>\n<\/li>\n<\/ul>\n<p class=\"ds-markdown-paragraph\">\u26a0\u00a0<strong><span dir=\"auto\" style=\"vertical-align: inherit;\"><span dir=\"auto\" style=\"vertical-align: inherit;\">Pravni status<\/span><\/span><\/strong><\/p>\n<ul>\n<li>\n<p class=\"ds-markdown-paragraph\"><span dir=\"auto\" style=\"vertical-align: inherit;\"><span dir=\"auto\" style=\"vertical-align: inherit;\">Morda urejeno v skladu z\u00a0 <\/span><\/span><strong><span dir=\"auto\" style=\"vertical-align: inherit;\"><span dir=\"auto\" style=\"vertical-align: inherit;\">Zakon o opiju<\/span><\/span><\/strong><span dir=\"auto\" style=\"vertical-align: inherit;\"><span dir=\"auto\" style=\"vertical-align: inherit;\"> \u00a0\u2013 Posvetujte se s pravnim svetovalcem<\/span><\/span><\/p>\n<\/li>\n<\/ul>\n<p class=\"ds-markdown-paragraph\">\u26a0\u00a0<strong><span dir=\"auto\" style=\"vertical-align: inherit;\"><span dir=\"auto\" style=\"vertical-align: inherit;\">Pogoji shranjevanja<\/span><\/span><\/strong><\/p>\n<ul>\n<li>\n<p class=\"ds-markdown-paragraph\"><span dir=\"auto\" style=\"vertical-align: inherit;\"><span dir=\"auto\" style=\"vertical-align: inherit;\">Shranite na\u00a0 <\/span><\/span><strong><span dir=\"auto\" style=\"vertical-align: inherit;\"><span dir=\"auto\" style=\"vertical-align: inherit;\">-20\u00b0C<\/span><\/span><\/strong><span dir=\"auto\" style=\"vertical-align: inherit;\"><span dir=\"auto\" style=\"vertical-align: inherit;\"> \u00a0v atmosferi argona za dolgotrajno shranjevanje<\/span><\/span><\/p>\n<\/li>\n<\/ul>\n<hr \/>\n<h2><strong><span dir=\"auto\" style=\"vertical-align: inherit;\"><span dir=\"auto\" style=\"vertical-align: inherit;\">Pogosto zastavljena vpra\u0161anja (FAQ)<\/span><\/span><\/strong><\/h2>\n<h3><strong><span dir=\"auto\" style=\"vertical-align: inherit;\"><span dir=\"auto\" style=\"vertical-align: inherit;\">V: Kako se to primerja s 5-MeO-DMT?<\/span><\/span><\/strong><\/h3>\n<div class=\"markdown-table-wrapper\">\n<table>\n<thead>\n<tr>\n<th><span dir=\"auto\" style=\"vertical-align: inherit;\"><span dir=\"auto\" style=\"vertical-align: inherit;\">Parameter<\/span><\/span><\/th>\n<th><span dir=\"auto\" style=\"vertical-align: inherit;\"><span dir=\"auto\" style=\"vertical-align: inherit;\">5-MeO-DALT<\/span><\/span><\/th>\n<th><span dir=\"auto\" style=\"vertical-align: inherit;\"><span dir=\"auto\" style=\"vertical-align: inherit;\">5-MeO-DMT<\/span><\/span><\/th>\n<\/tr>\n<\/thead>\n<tbody>\n<tr>\n<td><span dir=\"auto\" style=\"vertical-align: inherit;\"><span dir=\"auto\" style=\"vertical-align: inherit;\">Potencial<\/span><\/span><\/td>\n<td><span dir=\"auto\" style=\"vertical-align: inherit;\"><span dir=\"auto\" style=\"vertical-align: inherit;\">\u2605\u2605\u2606<\/span><\/span><\/td>\n<td><span dir=\"auto\" style=\"vertical-align: inherit;\"><span dir=\"auto\" style=\"vertical-align: inherit;\">\u2605\u2605\u2605\u2605<\/span><\/span><\/td>\n<\/tr>\n<tr>\n<td><span dir=\"auto\" style=\"vertical-align: inherit;\"><span dir=\"auto\" style=\"vertical-align: inherit;\">Trajanje delovanja<\/span><\/span><\/td>\n<td><span dir=\"auto\" style=\"vertical-align: inherit;\"><span dir=\"auto\" style=\"vertical-align: inherit;\">3\u20135 ur<\/span><\/span><\/td>\n<td><span dir=\"auto\" style=\"vertical-align: inherit;\"><span dir=\"auto\" style=\"vertical-align: inherit;\">1\u20132 uri<\/span><\/span><\/td>\n<\/tr>\n<tr>\n<td><span dir=\"auto\" style=\"vertical-align: inherit;\"><span dir=\"auto\" style=\"vertical-align: inherit;\">Afiniteta receptorja<\/span><\/span><\/td>\n<td><span dir=\"auto\" style=\"vertical-align: inherit;\"><span dir=\"auto\" style=\"vertical-align: inherit;\">5-HT1A &gt; 2A<\/span><\/span><\/td>\n<td><span dir=\"auto\" style=\"vertical-align: inherit;\"><span dir=\"auto\" style=\"vertical-align: inherit;\">5-HT2A &gt; 1A<\/span><\/span><\/td>\n<\/tr>\n<\/tbody>\n<\/table>\n<\/div>\n<h3><strong><span dir=\"auto\" style=\"vertical-align: inherit;\"><span dir=\"auto\" style=\"vertical-align: inherit;\">V: Ali je to primerno za EEG raziskave?<\/span><\/span><\/strong><\/h3>\n<p class=\"ds-markdown-paragraph\"><span dir=\"auto\" style=\"vertical-align: inherit;\"><span dir=\"auto\" style=\"vertical-align: inherit;\">O:\u00a0 <\/span><\/span><strong><span dir=\"auto\" style=\"vertical-align: inherit;\"><span dir=\"auto\" style=\"vertical-align: inherit;\">Da<\/span><\/span><\/strong><span dir=\"auto\" style=\"vertical-align: inherit;\"><span dir=\"auto\" style=\"vertical-align: inherit;\"> \u00a0\u2013 Uporabno v nizkih odmerkih (0,1\u20130,5 mg\/kg) za modele qEEG.<\/span><\/span><\/p>\n<h3><strong><span dir=\"auto\" style=\"vertical-align: inherit;\"><span dir=\"auto\" style=\"vertical-align: inherit;\">V: Ali lahko to zdravilo dajem peroralno v \u0161tudijah na \u017eivalih?<\/span><\/span><\/strong><\/h3>\n<p class=\"ds-markdown-paragraph\"><span dir=\"auto\" style=\"vertical-align: inherit;\"><span dir=\"auto\" style=\"vertical-align: inherit;\">O:\u00a0 <\/span><\/span><strong><span dir=\"auto\" style=\"vertical-align: inherit;\"><span dir=\"auto\" style=\"vertical-align: inherit;\">Ni priporo\u010dljivo<\/span><\/span><\/strong><span dir=\"auto\" style=\"vertical-align: inherit;\"><span dir=\"auto\" style=\"vertical-align: inherit;\"> \u00a0\u2013 Prednost imajo subkutane ali intraperitonealne poti.<\/span><\/span><\/p>\n<h3><strong><span dir=\"auto\" style=\"vertical-align: inherit;\"><span dir=\"auto\" style=\"vertical-align: inherit;\">V: Kaj pa o\u010desni stik?<\/span><\/span><\/strong><\/h3>\n<p class=\"ds-markdown-paragraph\"><span dir=\"auto\" style=\"vertical-align: inherit;\"><span dir=\"auto\" style=\"vertical-align: inherit;\">O: Takoj sperite z\u00a0 <\/span><\/span><strong><span dir=\"auto\" style=\"vertical-align: inherit;\"><span dir=\"auto\" style=\"vertical-align: inherit;\">fiziolo\u0161ka raztopina<\/span><\/span><\/strong><span dir=\"auto\" style=\"vertical-align: inherit;\"><span dir=\"auto\" style=\"vertical-align: inherit;\"> \u00a0za 15 minut + posvet z oftalmologom.<\/span><\/span><\/p>\n<hr \/>\n<h2><strong><span dir=\"auto\" style=\"vertical-align: inherit;\"><span dir=\"auto\" style=\"vertical-align: inherit;\">Zmanj\u0161evanje \u0161kode za laboratorije<\/span><\/span><\/strong><\/h2>\n<p class=\"ds-markdown-paragraph\"><span dir=\"auto\" style=\"vertical-align: inherit;\"><span dir=\"auto\" style=\"vertical-align: inherit;\">\u2022\u00a0 <\/span><\/span><strong><span dir=\"auto\" style=\"vertical-align: inherit;\"><span dir=\"auto\" style=\"vertical-align: inherit;\">Vedno nosite dvojne rokavice<\/span><\/span><\/strong><span dir=\"auto\" style=\"vertical-align: inherit;\"><span dir=\"auto\" style=\"vertical-align: inherit;\"> \u00a0(nitril + lateks) <\/span><\/span><br \/>\n<span dir=\"auto\" style=\"vertical-align: inherit;\"><span dir=\"auto\" style=\"vertical-align: inherit;\">\u2022\u00a0 <\/span><\/span><strong><span dir=\"auto\" style=\"vertical-align: inherit;\"><span dir=\"auto\" style=\"vertical-align: inherit;\">Delajte samo pod digestorjem<\/span><\/span><\/strong><br \/>\n<span dir=\"auto\" style=\"vertical-align: inherit;\"><span dir=\"auto\" style=\"vertical-align: inherit;\"> \u2022\u00a0 <\/span><\/span><strong><span dir=\"auto\" style=\"vertical-align: inherit;\"><span dir=\"auto\" style=\"vertical-align: inherit;\">Imejte na voljo tu\u0161 za nujne primere<\/span><\/span><\/strong><\/p>\n<p class=\"ds-markdown-paragraph\"><span dir=\"auto\" style=\"vertical-align: inherit;\"><span dir=\"auto\" style=\"vertical-align: inherit;\">*Omejitev odgovornosti: Samo za legitimne znanstvene raziskave. Ni za \u010dlove\u0161ko uporabo. Samo za osebe, starej\u0161e od 21 let. Hranite v zaklenjeni omari.* <\/span><\/span><a href=\"https:\/\/globalsourcechemicals.com\/sl\/trgovina\/iboga-ibogain\/lubje-korenine-iboge\/\"><span dir=\"auto\" style=\"vertical-align: inherit;\"><span dir=\"auto\" style=\"vertical-align: inherit;\">lubje korenine iboge<\/span><\/span><\/a><a href=\"https:\/\/globalsourcechemicals.com\/sl\/trgovina\/iboga-ibogain\/kupiti-ibogain-hcl-na-spletu\/\"><span dir=\"auto\" style=\"vertical-align: inherit;\"><span dir=\"auto\" style=\"vertical-align: inherit;\">kupiti ibogain HCl na spletu<\/span><\/span><\/a><a href=\"https:\/\/globalsourcechemicals.com\/sl\/trgovina\/lisergamidi\/1cp-lsd\/\"><span dir=\"auto\" style=\"vertical-align: inherit;\"><span dir=\"auto\" style=\"vertical-align: inherit;\">1cp lsd <\/span><\/span><\/a><a href=\"https:\/\/globalsourcechemicals.com\/sl\/trgovina\/peleti-za-pelete\/o-dsmt-50-mg-pelete\/\"><span dir=\"auto\" style=\"vertical-align: inherit;\"><span dir=\"auto\" style=\"vertical-align: inherit;\">o-dsmt <\/span><\/span><\/a><a href=\"https:\/\/globalsourcechemicals.com\/sl\/trgovina\/lisergamidi\/1vlsd\/\"><span dir=\"auto\" style=\"vertical-align: inherit;\"><span dir=\"auto\" style=\"vertical-align: inherit;\">1vlsd<\/span><\/span><\/a><\/p>","protected":false},"excerpt":{"rendered":"<h3><span data-sheets-value=\"{\" data-sheets-userformat=\"{\"><span dir=\"auto\" style=\"vertical-align: inherit;\"><span dir=\"auto\" style=\"vertical-align: inherit;\">Lastnosti 5-MeO-DALT HCl<\/span><\/span><\/span><\/h3>\n<p><strong><span dir=\"auto\" style=\"vertical-align: inherit;\"><span dir=\"auto\" style=\"vertical-align: inherit;\">Sinonim:<\/span><\/span><\/strong><span dir=\"auto\" style=\"vertical-align: inherit;\"><span dir=\"auto\" style=\"vertical-align: inherit;\"> N,N-dialil-5-metoksitriptamin <\/span><\/span><br \/>\n<strong><span dir=\"auto\" style=\"vertical-align: inherit;\"><span dir=\"auto\" style=\"vertical-align: inherit;\">\u0160tevilka CAS:<\/span><\/span><\/strong><span dir=\"auto\" style=\"vertical-align: inherit;\"><span dir=\"auto\" style=\"vertical-align: inherit;\"> 928822-98-4 <\/span><\/span><br \/>\n<strong><span dir=\"auto\" style=\"vertical-align: inherit;\"><span dir=\"auto\" style=\"vertical-align: inherit;\">Formula: <\/span><\/span><\/strong> <span title=\"Ogljik\"><span dir=\"auto\" style=\"vertical-align: inherit;\"><span dir=\"auto\" style=\"vertical-align: inherit;\">C <\/span><\/span><\/span><sub><span dir=\"auto\" style=\"vertical-align: inherit;\"><span dir=\"auto\" style=\"vertical-align: inherit;\">17 <\/span><\/span><\/sub><span title=\"Vodik\"><span dir=\"auto\" style=\"vertical-align: inherit;\"><span dir=\"auto\" style=\"vertical-align: inherit;\">H <\/span><\/span><\/span><sub><span dir=\"auto\" style=\"vertical-align: inherit;\"><span dir=\"auto\" style=\"vertical-align: inherit;\">22 <\/span><\/span><\/sub><span title=\"Du\u0161ik\"><span dir=\"auto\" style=\"vertical-align: inherit;\"><span dir=\"auto\" style=\"vertical-align: inherit;\">S <\/span><\/span><\/span><sub><span dir=\"auto\" style=\"vertical-align: inherit;\"><span dir=\"auto\" style=\"vertical-align: inherit;\">2 <\/span><\/span><\/sub><span title=\"Kisik\"><span dir=\"auto\" style=\"vertical-align: inherit;\"><span dir=\"auto\" style=\"vertical-align: inherit;\">O <\/span><\/span><\/span><br \/>\n<strong><span dir=\"auto\" style=\"vertical-align: inherit;\"><span dir=\"auto\" style=\"vertical-align: inherit;\">Molska masa:<\/span><\/span><\/strong><span dir=\"auto\" style=\"vertical-align: inherit;\"><span dir=\"auto\" style=\"vertical-align: inherit;\"> 270,376 g\/mol <\/span><\/span><br \/>\n<strong><span dir=\"auto\" style=\"vertical-align: inherit;\"><span dir=\"auto\" style=\"vertical-align: inherit;\">\u010cistost:<\/span><\/span><\/strong><span dir=\"auto\" style=\"vertical-align: inherit;\"><span dir=\"auto\" style=\"vertical-align: inherit;\"> &gt;97%<\/span><\/span><\/p>","protected":false},"featured_media":27827,"comment_status":"closed","ping_status":"closed","template":"","meta":[],"product_brand":[82],"product_cat":[455,381],"product_tag":[700,704,705,706,702,701,703,326],"class_list":{"0":"post-24605","1":"product","2":"type-product","3":"status-publish","4":"has-post-thumbnail","6":"product_brand-research-chemical","7":"product_cat-5-meo-dalt","8":"product_cat-tryptamines","9":"product_tag-5-meo-dalt","10":"product_tag-5-meo-dalt-cluster-headaches","11":"product_tag-5-meo-dalt-dosage","12":"product_tag-5-meo-dalt-effects","13":"product_tag-5-meo-dalt-ervaring","14":"product_tag-5-meo-dalt-hcl","15":"product_tag-5-meo-dalt-hcl-erowid","16":"product_tag-nl","18":"first","19":"instock","20":"taxable","21":"shipping-taxable","22":"purchasable","23":"product-type-variable"},"_links":{"self":[{"href":"https:\/\/globalsourcechemicals.com\/sl\/wp-json\/wp\/v2\/product\/24605","targetHints":{"allow":["GET"]}}],"collection":[{"href":"https:\/\/globalsourcechemicals.com\/sl\/wp-json\/wp\/v2\/product"}],"about":[{"href":"https:\/\/globalsourcechemicals.com\/sl\/wp-json\/wp\/v2\/types\/product"}],"replies":[{"embeddable":true,"href":"https:\/\/globalsourcechemicals.com\/sl\/wp-json\/wp\/v2\/comments?post=24605"}],"version-history":[{"count":6,"href":"https:\/\/globalsourcechemicals.com\/sl\/wp-json\/wp\/v2\/product\/24605\/revisions"}],"predecessor-version":[{"id":27997,"href":"https:\/\/globalsourcechemicals.com\/sl\/wp-json\/wp\/v2\/product\/24605\/revisions\/27997"}],"wp:featuredmedia":[{"embeddable":true,"href":"https:\/\/globalsourcechemicals.com\/sl\/wp-json\/wp\/v2\/media\/27827"}],"wp:attachment":[{"href":"https:\/\/globalsourcechemicals.com\/sl\/wp-json\/wp\/v2\/media?parent=24605"}],"wp:term":[{"taxonomy":"product_brand","embeddable":true,"href":"https:\/\/globalsourcechemicals.com\/sl\/wp-json\/wp\/v2\/product_brand?post=24605"},{"taxonomy":"product_cat","embeddable":true,"href":"https:\/\/globalsourcechemicals.com\/sl\/wp-json\/wp\/v2\/product_cat?post=24605"},{"taxonomy":"product_tag","embeddable":true,"href":"https:\/\/globalsourcechemicals.com\/sl\/wp-json\/wp\/v2\/product_tag?post=24605"}],"curies":[{"name":"delovni list","href":"https:\/\/api.w.org\/{rel}","templated":true}]}}