{"id":23509,"date":"2025-04-13T17:39:53","date_gmt":"2025-04-13T17:39:53","guid":{"rendered":"https:\/\/globalsourcechemicals.com\/?post_type=product&#038;p=23509"},"modified":"2025-07-01T07:51:02","modified_gmt":"2025-07-01T07:51:02","slug":"5-meo-s-fumaratom","status":"publish","type":"product","link":"https:\/\/globalsourcechemicals.com\/sl\/trgovina\/5-maja-z\/5-meo-s-fumaratom\/","title":{"rendered":"5-MeO-MET fumarat"},"content":{"rendered":"<h3><strong>5-MeO-MET fumarat \u2013 opis izdelka, uporaba, koristi in slabosti ter pogosta vpra\u0161anja<\/strong><\/h3>\n<h4><strong>Opis izdelka<\/strong><\/h4>\n<p class=\"ds-markdown-paragraph\">5-MeO-MET (5-metoksi-N-metil-N-etiltriptamin) fumarat je raziskovalna kemikalija, ki spada v razred triptaminov. Je analog 5-MeO-DMT in MET z edinstvenimi psihoaktivnimi lastnostmi, zaradi katerih je zanimiv za znanstvene raziskave. Ta izdelek se prodaja izklju\u010dno v raziskovalne namene in je...\u00a0<strong>ni namenjeno za prehrano ljudi<\/strong>.<\/p>\n<ul>\n<li>\n<p class=\"ds-markdown-paragraph\"><strong>Kemijsko ime:<\/strong>\u00a05-metoksi-N-metil-N-etiltriptamin fumarat<\/p>\n<\/li>\n<li>\n<p class=\"ds-markdown-paragraph\"><strong>Formula:<\/strong>\u00a0C\u2081\u2084H\u2082\u2080N\u2082O\u2082 \u00b7 C\u2084H\u2084O\u2084<\/p>\n<\/li>\n<li>\n<p class=\"ds-markdown-paragraph\"><strong>Molekulska masa:<\/strong>\u00a0332,36 g\/mol<\/p>\n<\/li>\n<li>\n<p class=\"ds-markdown-paragraph\"><strong>\u010cistost:<\/strong>\u00a0\u226598% (preverjeno s HPLC)<\/p>\n<\/li>\n<li>\n<p class=\"ds-markdown-paragraph\"><strong>Obrazec:<\/strong>\u00a0Bel do svetlo obarvan kristalini\u010den prah<\/p>\n<\/li>\n<li>\n<p class=\"ds-markdown-paragraph\"><strong>Topnost:<\/strong>\u00a0Topen v vodi in alkoholu<\/p>\n<\/li>\n<\/ul>\n<hr \/>\n<h3><strong>Primeri uporabe (raziskovalni nameni)<\/strong><\/h3>\n<p class=\"ds-markdown-paragraph\">5-MeO-MET fumarat se v znanstvenih okoljih preiskuje za:<\/p>\n<ol start=\"1\">\n<li>\n<p class=\"ds-markdown-paragraph\"><strong>Psihoaktivni u\u010dinki:<\/strong>\u00a0\u0160tudija serotonergi\u010dnih interakcij in mo\u017enih halucinogenih lastnosti.<\/p>\n<\/li>\n<li>\n<p class=\"ds-markdown-paragraph\"><strong>Nevrofarmakologija:<\/strong>\u00a0Raziskave afinitete receptorjev (predvsem 5-HT\u2082A).<\/p>\n<\/li>\n<li>\n<p class=\"ds-markdown-paragraph\"><strong>Primerjalne \u0161tudije:<\/strong>\u00a0Analiza razlik s sorodnimi snovmi, kot sta 5-MeO-DMT in 4-HO-MET.<\/p>\n<\/li>\n<\/ol>\n<hr \/>\n<h3><strong>Priporo\u010deni odmerek (za raziskave)<\/strong><\/h3>\n<p class=\"ds-markdown-paragraph\"><em>Opomba: Ta izdelek ni namenjen uporabi pri ljudeh. Odmerki temeljijo na teoreti\u010dnih raziskavah.<\/em><\/p>\n<ul>\n<li>\n<p class=\"ds-markdown-paragraph\"><strong>Nizek odmerek:<\/strong>\u00a05\u201310 mg (blagi u\u010dinki v predklini\u010dnih modelih)<\/p>\n<\/li>\n<li>\n<p class=\"ds-markdown-paragraph\"><strong>Povpre\u010dni odmerek:<\/strong>\u00a010\u201320 mg (intenzivnej\u0161i u\u010dinki)<\/p>\n<\/li>\n<li>\n<p class=\"ds-markdown-paragraph\"><strong>Visok odmerek:<\/strong>\u00a020\u201330 mg (mo\u010dnej\u0161e reakcije, samo za izku\u0161ene raziskovalce)<\/p>\n<\/li>\n<\/ul>\n<p class=\"ds-markdown-paragraph\"><strong>Na\u010din uporabe:<\/strong><\/p>\n<ul>\n<li>\n<p class=\"ds-markdown-paragraph\"><strong>Peroralno (v raztopini):<\/strong>\u00a0Uporabite destilirano vodo ali primerno topilo.<\/p>\n<\/li>\n<li>\n<p class=\"ds-markdown-paragraph\"><strong>Vaporizacija (teoreti\u010dno):<\/strong>\u00a0Za testiranje izhlapevanja bo morda potrebno nadaljnje \u010di\u0161\u010denje.<\/p>\n<\/li>\n<li>\n<p class=\"ds-markdown-paragraph\"><strong>Intranazalna uporaba (teoreti\u010dno):<\/strong>\u00a0Najprej ga je treba pretvoriti v prosto bazo.<\/p>\n<\/li>\n<\/ul>\n<hr \/>\n<h3><strong>Slabosti in tveganja<\/strong><\/h3>\n<ol start=\"1\">\n<li>\n<p class=\"ds-markdown-paragraph\"><strong>Nepredvidljivi u\u010dinki:<\/strong>\u00a0Lahko povzro\u010di znatne vidne in senzori\u010dne spremembe v raziskovalnih modelih.<\/p>\n<\/li>\n<li>\n<p class=\"ds-markdown-paragraph\"><strong>Mo\u017eni stranski u\u010dinki:<\/strong><\/p>\n<ul>\n<li>\n<p class=\"ds-markdown-paragraph\">Slabost (v nekaterih predklini\u010dnih opazovanjih)<\/p>\n<\/li>\n<li>\n<p class=\"ds-markdown-paragraph\">Povi\u0161an sr\u010dni utrip<\/p>\n<\/li>\n<li>\n<p class=\"ds-markdown-paragraph\">Anksiozne reakcije<\/p>\n<\/li>\n<\/ul>\n<\/li>\n<li>\n<p class=\"ds-markdown-paragraph\"><strong>Pomanjkanje dolgoro\u010dnih \u0161tudij:<\/strong>\u00a0O kroni\u010dni izpostavljenosti je znanega malo.<\/p>\n<\/li>\n<li>\n<p class=\"ds-markdown-paragraph\"><strong>Zakonitost:<\/strong>\u00a0Preverite lokalne zakone \u2013 v mnogih dr\u017eavah je to kemikalija za raziskave z omejeno uporabo.<\/p>\n<\/li>\n<\/ol>\n<hr \/>\n<h3><strong>Pogosto zastavljena vpra\u0161anja (FAQs)<\/strong><\/h3>\n<p class=\"ds-markdown-paragraph\"><strong>1. Ali je 5-MeO-MET legalen na Nizozemskem?<\/strong><\/p>\n<ul>\n<li>\n<p class=\"ds-markdown-paragraph\">Ta izdelek je namenjen samo za raziskovalno uporabo in spada pod\u00a0<strong>Zakon o opiju<\/strong>Ni odobreno za uporabo pri ljudeh.<\/p>\n<\/li>\n<\/ul>\n<p class=\"ds-markdown-paragraph\"><strong>2. Kak\u0161na je razlika med 5-MeO-MET in 4-HO-MET?<\/strong><\/p>\n<ul>\n<li>\n<p class=\"ds-markdown-paragraph\">5-MeO-MET ima metoksi skupino na polo\u017eaju 5 triptaminskega jedra, kar mu daje druga\u010den farmakolo\u0161ki profil kot 4-HO-MET (hidroksi skupina na polo\u017eaju 4).<\/p>\n<\/li>\n<\/ul>\n<p class=\"ds-markdown-paragraph\"><strong>3. Ali lahko zahtevam laboratorijsko poro\u010dilo?<\/strong><\/p>\n<ul>\n<li>\n<p class=\"ds-markdown-paragraph\">Da, z vsako serijo a\u00a0<strong>COA (Potrdilo o analizi)<\/strong>\u00a0vklju\u010deno z rezultati HPLC in GC\/MS.<\/p>\n<\/li>\n<\/ul>\n<p class=\"ds-markdown-paragraph\"><strong>4. Kako naj shranjujem ta izdelek?<\/strong><\/p>\n<ul>\n<li>\n<p class=\"ds-markdown-paragraph\">Shrani v\u00a0<strong>nepredu\u0161no embala\u017eo<\/strong>, za\u0161\u010diteno pred svetlobo in vlago, pri temperaturi pod 25 \u00b0C.<\/p>\n<\/li>\n<\/ul>\n<p class=\"ds-markdown-paragraph\"><strong>5. Ali je 5-MeO-MET primeren za za\u010detnike?<\/strong><\/p>\n<ul>\n<li>\n<p class=\"ds-markdown-paragraph\"><strong>Ne<\/strong>, zaradi svoje mo\u010di in nepredvidljivosti je priporo\u010dljiv le za izku\u0161ene raziskovalce.<\/p>\n<\/li>\n<\/ul>\n<hr \/>\n<h3><strong>Zaklju\u010dek<\/strong><\/h3>\n<p class=\"ds-markdown-paragraph\">5-MeO-MET fumarat je zanimiva raziskovalna kemikalija z edinstvenimi lastnostmi znotraj dru\u017eine triptaminov. Zaradi mo\u010dnih u\u010dinkov in potencialnih tveganj se ji je treba izogibati.\u00a0<strong>samo v nadzorovanih laboratorijskih pogojih<\/strong>\u00a0se uporabljajo.<\/p>\n<p class=\"ds-markdown-paragraph\"><em>Izjava o omejitvi odgovornosti: Ta izdelek ni namenjen za prehrano ljudi in je namenjen zgolj znanstvenim raziskavam. Kupec potrjuje, da je seznanjen z lokalnimi predpisi in prevzema polno odgovornost za njegovo uporabo.<\/em><\/p>\n<hr \/>\n<p class=\"ds-markdown-paragraph\"><strong>Vpra\u0161ati?<\/strong>\u00a0Za dodatne podrobnosti glede varne uporabe in analiti\u010dnih podatkov se obrnite na na\u0161o znanstveno podporno ekipo.<\/p>","protected":false},"excerpt":{"rendered":"<h3><span data-sheets-value=\"{\" data-sheets-userformat=\"{\">5-MeO-MET fumarate eigenschappen<\/span><\/h3>\n<p><strong><span style=\"vertical-align: inherit;\"><span style=\"vertical-align: inherit;\">Synonym:<\/span><\/span><\/strong><span style=\"vertical-align: inherit;\"><span style=\"vertical-align: inherit;\"> 5-methoxy-N-methyl-N-ethyltryptamine fumarate <\/span><\/span><br \/>\n<strong><span style=\"vertical-align: inherit;\"><span style=\"vertical-align: inherit;\">CAS Number:<\/span><\/span><\/strong><span style=\"vertical-align: inherit;\"><span style=\"vertical-align: inherit;\"> n\/a <\/span><\/span><br \/>\n<strong><span style=\"vertical-align: inherit;\"><span style=\"vertical-align: inherit;\">Formula:<\/span><\/span><\/strong><span style=\"vertical-align: inherit;\"><span style=\"vertical-align: inherit;\"> 3-[2-(ethylmethylamino)ethyl]-5-methoxyindole fumarate <\/span><\/span><br \/>\n<strong><span style=\"vertical-align: inherit;\"><span style=\"vertical-align: inherit;\">Molar Mass:<\/span><\/span><\/strong><span style=\"vertical-align: inherit;\"><span style=\"vertical-align: inherit;\"> 348.4 g\/mol <\/span><\/span><br \/>\n<strong><span style=\"vertical-align: inherit;\"><span style=\"vertical-align: inherit;\">Purity:<\/span><\/span><\/strong><span style=\"vertical-align: inherit;\"><span style=\"vertical-align: inherit;\"> &gt;97%<\/span><\/span><\/p>\n","protected":false},"featured_media":20399,"comment_status":"closed","ping_status":"closed","template":"","meta":[],"product_brand":[],"product_cat":[545,381],"product_tag":[326],"class_list":{"0":"post-23509","1":"product","2":"type-product","3":"status-publish","4":"has-post-thumbnail","6":"product_cat-5-meo-met","7":"product_cat-tryptamines","8":"product_tag-nl","10":"first","11":"instock","12":"taxable","13":"shipping-taxable","14":"purchasable","15":"product-type-variable"},"_links":{"self":[{"href":"https:\/\/globalsourcechemicals.com\/sl\/wp-json\/wp\/v2\/product\/23509","targetHints":{"allow":["GET"]}}],"collection":[{"href":"https:\/\/globalsourcechemicals.com\/sl\/wp-json\/wp\/v2\/product"}],"about":[{"href":"https:\/\/globalsourcechemicals.com\/sl\/wp-json\/wp\/v2\/types\/product"}],"replies":[{"embeddable":true,"href":"https:\/\/globalsourcechemicals.com\/sl\/wp-json\/wp\/v2\/comments?post=23509"}],"version-history":[{"count":3,"href":"https:\/\/globalsourcechemicals.com\/sl\/wp-json\/wp\/v2\/product\/23509\/revisions"}],"predecessor-version":[{"id":26616,"href":"https:\/\/globalsourcechemicals.com\/sl\/wp-json\/wp\/v2\/product\/23509\/revisions\/26616"}],"wp:featuredmedia":[{"embeddable":true,"href":"https:\/\/globalsourcechemicals.com\/sl\/wp-json\/wp\/v2\/media\/20399"}],"wp:attachment":[{"href":"https:\/\/globalsourcechemicals.com\/sl\/wp-json\/wp\/v2\/media?parent=23509"}],"wp:term":[{"taxonomy":"product_brand","embeddable":true,"href":"https:\/\/globalsourcechemicals.com\/sl\/wp-json\/wp\/v2\/product_brand?post=23509"},{"taxonomy":"product_cat","embeddable":true,"href":"https:\/\/globalsourcechemicals.com\/sl\/wp-json\/wp\/v2\/product_cat?post=23509"},{"taxonomy":"product_tag","embeddable":true,"href":"https:\/\/globalsourcechemicals.com\/sl\/wp-json\/wp\/v2\/product_tag?post=23509"}],"curies":[{"name":"delovni list","href":"https:\/\/api.w.org\/{rel}","templated":true}]}}