{"id":27218,"date":"2025-08-14T11:23:19","date_gmt":"2025-08-14T11:23:19","guid":{"rendered":"https:\/\/globalsourcechemicals.com\/?page_id=27218"},"modified":"2025-10-13T09:49:38","modified_gmt":"2025-10-13T09:49:38","slug":"politika-zasebnosti","status":"publish","type":"page","link":"https:\/\/globalsourcechemicals.com\/sl\/politika-zasebnosti\/","title":{"rendered":"Pravilnik o zasebnosti"},"content":{"rendered":"<p>To je izjava o zasebnosti spletne strani Researchchemicalskopen.net, ki jo najdete na\u00a0<a href=\"https:\/\/globalsourcechemicals.com\/sl\/\">globalsourcechemicals.com<\/a><\/p>\n\n\n\n<h3 class=\"wp-block-heading\">Uporabnost<\/h3>\n\n\n\n<p>Ta izjava o zasebnosti velja za vse ob\u010dutljive informacije ali osebne podatke, ki nam jih posredujete, na primer prek registracijskega obrazca, kontaktnega obrazca ali naro\u010dil, ki jih oddate. Cenimo zasebnost na\u0161ih strank, zato z obdelavo in varstvom osebnih podatkov ravnamo z najve\u010djo skrbnostjo. Obdelava na\u0161ih podatkov se izvaja v skladu s pogoji, dolo\u010denimi v Splo\u0161ni uredbi o varstvu podatkov (GDPR). globalsourcechemicals.com je upravljavec v smislu GDPR v zvezi z va\u0161imi osebnimi podatki. To pomeni, da mi dolo\u010damo, kateri osebni podatki se obdelujejo, za kak\u0161en namen in na kak\u0161en na\u010din. Zagotavljamo, da se va\u0161i osebni podatki obdelujejo pravilno in skrbno v skladu z GDPR. V tej izjavi o zasebnosti pojasnjujemo, katere podatke obdelujemo in za kak\u0161ne namene se uporabljajo.<\/p>\n\n\n\n<h3 class=\"wp-block-heading\">Pregled osebnih podatkov<\/h3>\n\n\n\n<p>Spodaj je pregled osebnih podatkov, ki jih obdelujemo:<\/p>\n\n\n\n<ul class=\"wp-block-list\">\n<li>Ime in priimek<\/li>\n\n\n\n<li>Podrobnosti o naslovu<\/li>\n\n\n\n<li>Telefonska \u0161tevilka<\/li>\n\n\n\n<li>E-po\u0161tni naslov<\/li>\n\n\n\n<li>IP naslov obiskovalca spletnega mesta<\/li>\n<\/ul>\n\n\n\n<h3 class=\"wp-block-heading\">Namen in podlaga obdelave podatkov<\/h3>\n\n\n\n<p>S soglasjem k tej izjavi o zasebnosti izrecno sogla\u0161ate, kot je opredeljeno v \u010dlenu 6, odstavku 1, pododstavku a, GDPR, z obdelavo va\u0161ih osebnih podatkov za spodaj navedene namene. To soglasje lahko kadar koli prekli\u010dete. \u010ce pa nam dolo\u010denih podatkov ne posredujete ali nam ne dovolite njihove obdelave, vam morda ne bomo mogli zagotoviti optimalne storitve.<\/p>\n\n\n\n<p>\u010ce nam niste dali izrecnega soglasja za obdelavo va\u0161ih osebnih podatkov ali \u010de ste to soglasje preklicali, lahko obdelava va\u0161ih osebnih podatkov temelji na \u010dlenu 6, odstavku 1, pododstavkih b, c in\/ali f GDPR. V tem primeru se lahko obdelava va\u0161ih osebnih podatkov izvede brez va\u0161ega soglasja, \u010de je to potrebno za izvajanje pogodbe, katere stranka ste, ali \u010de je to potrebno za za\u0161\u010dito legitimnih interesov Professor.nl. Poleg tega smo lahko zakonsko zavezani k obdelavi va\u0161ih osebnih podatkov.<\/p>\n\n\n\n<p>Va\u0161e osebne podatke obdelujemo za naslednje namene:<\/p>\n\n\n\n<ul class=\"wp-block-list\">\n<li>Nudenje na\u0161ih storitev (na primer dostava blaga)<\/li>\n\n\n\n<li>Obdelava va\u0161ega pla\u010dila<\/li>\n\n\n\n<li>Po\u0161iljanje na\u0161ega glasila<\/li>\n\n\n\n<li>Obve\u0161\u010damo vas o spremembah na\u0161ih storitev in izdelkov<\/li>\n\n\n\n<li>Ponujamo vam mo\u017enost ustvarjanja ra\u010duna<\/li>\n<\/ul>\n\n\n\n<p>Va\u0161ih osebnih podatkov ne hranimo dlje, kot je nujno potrebno za dosego namenov, za katere so bili zbrani.<\/p>\n\n\n\n<h3 class=\"wp-block-heading\">Razkritje tretjim osebam<\/h3>\n\n\n\n<p>Va\u0161e osebne podatke lahko delimo s tretjimi osebami, \u010de je to zdru\u017eljivo z zgoraj navedenimi nameni. Razkritje tretjim osebam je lahko potrebno za izpolnitev pogodbe, ki jo sklenemo z vami, za uresni\u010devanje na\u0161ih legitimnih interesov ali za izpolnitev zakonske obveznosti. S podjetji, ki obdelujejo va\u0161e podatke v na\u0161em imenu, imamo sklenjene pogodbe o obdelavi podatkov, da zagotovimo enako raven varnosti in zaupnosti va\u0161ih podatkov. Za te postopke obdelave ostajamo odgovorni mi. Zunaj zgoraj navedenih primerov bomo va\u0161e osebne podatke drugim tretjim osebam posredovali le z va\u0161im izrecnim soglasjem.<\/p>\n\n\n\n<h3 class=\"wp-block-heading\">Komercialni nameni<\/h3>\n\n\n\n<p>Va\u0161e osebne podatke lahko uporabimo v komercialne namene, na primer za obve\u0161\u010danje o na\u0161ih storitvah, ustreznih izdelkih ali spremembah zakonodaje, ki lahko vplivajo na na\u0161o ponudbo. V tem primeru vas bomo kontaktirali le prek e-po\u0161tnega naslova, ki ste ga registrirali pri nas. \u010ce ne \u017eelite prejemati informacij o ustreznih izdelkih ali storitvah, lahko to preprosto ozna\u010dite s klikom na \u00bbodjava\u00ab v prejetem e-po\u0161tnem sporo\u010dilu. Za tr\u017ene raziskave se va\u0161i osebni podatki lahko anonimizirajo, tako da jih ni ve\u010d mogo\u010de izslediti do vas.<\/p>\n\n\n\n<p>Va\u0161ih podatkov ne bomo prodajali ali delili s tretjimi osebami v komercialne namene, razen \u010de ste za to dali izrecno dovoljenje.<\/p>\n\n\n\n<h3 class=\"wp-block-heading\">Pi\u0161kotki<\/h3>\n\n\n\n<p>Pi\u0161kotek je majhna besedilna datoteka, ki se shrani v va\u0161 ra\u010dunalnik, tablico ali pametni telefon, ko prvi\u010d obi\u0161\u010dete na\u0161o spletno stran. Te pi\u0161kotke lahko onemogo\u010dite tako, da v svojem spletnem brskalniku nastavite, da jih ne shranjuje ve\u010d. V nastavitvah brskalnika lahko tudi izbri\u0161ete vse predhodno shranjene podatke.<\/p>\n\n\n\n<p>Uporabljamo naslednje pi\u0161kotke:<\/p>\n\n\n\n<ul class=\"wp-block-list\">\n<li><strong>Funkcionalni pi\u0161kotki:<\/strong>&nbsp;To so pi\u0161kotki, ki so potrebni za tehni\u010dno delovanje spletnega mesta in va\u0161o enostavno uporabo. Zagotavljajo, da spletno mesto deluje pravilno in si zapomni na primer va\u0161e nastavitve. Ti pi\u0161kotki nam omogo\u010dajo optimizacijo na\u0161ega spletnega mesta. To so analiti\u010dni pi\u0161kotki, ki ne posegajo v va\u0161o zasebnost in za katere ne potrebujemo va\u0161ega predhodnega soglasja.<\/li>\n\n\n\n<li><strong>Google Analytics:<\/strong>&nbsp;To spletno mesto uporablja pi\u0161kotke ameri\u0161kega podjetja Google kot del svoje storitve \u00bbAnalytics\u00ab. Researchchemicalskopen.net uporablja to storitev za ustvarjanje poro\u010dil o uporabi spletnega mesta ter za merjenje njegove kakovosti in u\u010dinkovitosti. Google Analytics uporabljamo na na\u010din, ki ga predpisuje nizozemski organ za varstvo podatkov (Autoriteit Persoonsgegevens), zato za uporabo Google Analytics ne potrebujemo va\u0161ega predhodnega soglasja.<\/li>\n<\/ul>\n\n\n\n<h3 class=\"wp-block-heading\">Dostop, popravek ali izbris<\/h3>\n\n\n\n<p>Imate pravico do dostopa do svojih osebnih podatkov, njihovega popravka ali izbrisa. Prav tako imate pravico, da prekli\u010dete svoje soglasje za obdelavo svojih osebnih podatkov ali da ugovarjate obdelavi svojih osebnih podatkov. Imate tudi pravico do prenosljivosti podatkov, \u010de hranimo digitalne osebne podatke, ki jih obdelujemo bodisi z va\u0161im soglasjem bodisi za izpolnitev pogodbe, ki smo jo sklenili z vami.<\/p>\n\n\n\n<p>To pomeni, da nam lahko po\u0161ljete zahtevo, da vam ali drugi organizaciji, ki jo imenujete, po\u0161ljemo digitalne osebne podatke, ki jih o vas hranimo, v berljivi ra\u010dunalni\u0161ki datoteki.<\/p>\n\n\n\n<p>Zahtevo za dostop, popravek, izbris, prenos va\u0161ih osebnih podatkov ali zahtevo za preklic soglasja ali ugovor na obdelavo va\u0161ih osebnih podatkov lahko po\u0161ljete na info@globalsourcechemicals.com.<\/p>\n\n\n\n<p><\/p>","protected":false},"excerpt":{"rendered":"<p>Dit is de privacyverklaring van Researchchemicalskopen.net, te vinden op\u00a0globalsourcechemicals.com Toepasselijkheid Deze privacyverklaring is van toepassing op alle gevoelige informatie of<\/p>","protected":false},"author":1,"featured_media":0,"parent":0,"menu_order":0,"comment_status":"closed","ping_status":"closed","template":"","meta":{"footnotes":""},"class_list":["post-27218","page","type-page","status-publish","hentry"],"_links":{"self":[{"href":"https:\/\/globalsourcechemicals.com\/sl\/wp-json\/wp\/v2\/pages\/27218","targetHints":{"allow":["GET"]}}],"collection":[{"href":"https:\/\/globalsourcechemicals.com\/sl\/wp-json\/wp\/v2\/pages"}],"about":[{"href":"https:\/\/globalsourcechemicals.com\/sl\/wp-json\/wp\/v2\/types\/page"}],"author":[{"embeddable":true,"href":"https:\/\/globalsourcechemicals.com\/sl\/wp-json\/wp\/v2\/users\/1"}],"replies":[{"embeddable":true,"href":"https:\/\/globalsourcechemicals.com\/sl\/wp-json\/wp\/v2\/comments?post=27218"}],"version-history":[{"count":2,"href":"https:\/\/globalsourcechemicals.com\/sl\/wp-json\/wp\/v2\/pages\/27218\/revisions"}],"predecessor-version":[{"id":28550,"href":"https:\/\/globalsourcechemicals.com\/sl\/wp-json\/wp\/v2\/pages\/27218\/revisions\/28550"}],"wp:attachment":[{"href":"https:\/\/globalsourcechemicals.com\/sl\/wp-json\/wp\/v2\/media?parent=27218"}],"curies":[{"name":"delovni list","href":"https:\/\/api.w.org\/{rel}","templated":true}]}}