{"id":27214,"date":"2025-08-14T11:19:38","date_gmt":"2025-08-14T11:19:38","guid":{"rendered":"https:\/\/globalsourcechemicals.com\/?page_id=27214"},"modified":"2025-10-13T09:54:25","modified_gmt":"2025-10-13T09:54:25","slug":"odpremljanje","status":"publish","type":"page","link":"https:\/\/globalsourcechemicals.com\/sl\/odpremljanje\/","title":{"rendered":"Odprema"},"content":{"rendered":"<p>Bij de globalsourcechemicals.com versturen we pakketten zo snel mogelijk. Elke bestelling die v\u00f3\u00f3r 17:00u is besteld waarvan de betaling bij ons binnen is, zal dezelfde dag worden verzonden, tenzij er is gekozen voor \u2018Afhalen\u2019.<\/p>\n\n\n\n<p>Vsa naro\u010dila so dostavljena z izbrano dostavno slu\u017ebo. Vedno boste prejeli kodo za sledenje, da boste lahko sledili svojemu naro\u010dilu.<\/p>\n\n\n\n<p>\u010ce va\u0161 paket ni bil dostavljen v 10 delovnih dneh, nas prosimo kontaktirajte, da bomo lahko zadevo dodatno preiskali.<\/p>\n\n\n\n<p><strong>Brezpla\u010dna dostava na Nizozemsko + Belgijo: naro\u010dilo v vrednosti 75 \u20ac ali ve\u010d<\/strong><br><strong>Brezpla\u010dna dostava v druge dr\u017eave: naro\u010dilo v vrednosti 250 \u20ac ali ve\u010d<\/strong><\/p>\n\n\n\n<hr class=\"wp-block-separator has-alpha-channel-opacity\"\/>\n\n\n\n<figure class=\"wp-block-table\"><table class=\"has-fixed-layout\"><tbody><tr><td><strong>Dr\u017eava<\/strong><\/td><td><strong>\u010cas dostave<\/strong><br><small><em>Pla\u010dano pred 17. uro,<br>odposlano isti dan<\/em><\/small><\/td><td><strong>PostNL<\/strong><\/td><td><strong>DHL<\/strong><\/td><td><strong>DPD<\/strong><\/td><\/tr><tr><td>Nizozemska<\/td><td>1\u20132 delovna dneva<\/td><td>\u20ac4,95<\/td><td>\u20ac4,95<\/td><td>po<\/td><\/tr><tr><td>Belgija<\/td><td>1\u20134 delovnih dni<\/td><td>\u20ac4,95<\/td><td>\u20ac7,95<\/td><td>po<\/td><\/tr><tr><td>Bolgarija<\/td><td>2\u20138 delovnih dni<\/td><td>po<\/td><td>\u20ac17,95<\/td><td>\u20ac9,95<\/td><\/tr><tr><td>Estonija<\/td><td>2\u20138 delovnih dni<\/td><td>po<\/td><td>\u20ac34,95<\/td><td>\u20ac14,95<\/td><\/tr><tr><td>Francija<\/td><td>2\u20138 delovnih dni<\/td><td>po<\/td><td>\u20ac12,95<\/td><td>\u20ac8,95<\/td><\/tr><tr><td>Gr\u010dija<\/td><td>2\u20138 delovnih dni<\/td><td>po<\/td><td>\u20ac14,95<\/td><td>\u20ac39,95<\/td><\/tr><tr><td>Mad\u017earska<\/td><td>2\u20138 delovnih dni<\/td><td>po<\/td><td>\u20ac14,95<\/td><td>\u20ac9,95<\/td><\/tr><tr><td>Irska<\/td><td>2\u20138 delovnih dni<\/td><td>po<\/td><td>\u20ac12,95<\/td><td>\u20ac24,95<\/td><\/tr><tr><td>Italija<\/td><td>2\u20138 delovnih dni<\/td><td>po<\/td><td>\u20ac10,95<\/td><td>\u20ac9,95<\/td><\/tr><tr><td>Hrva\u0161ka<\/td><td>2\u20138 delovnih dni<\/td><td>po<\/td><td>\u20ac19,95<\/td><td>\u20ac10,95<\/td><\/tr><tr><td>Latvija<\/td><td>2\u20138 delovnih dni<\/td><td>po<\/td><td>\u20ac34,95<\/td><td>\u20ac15,95<\/td><\/tr><tr><td>Litva<\/td><td>2\u20138 delovnih dni<\/td><td>po<\/td><td>\u20ac34,95<\/td><td>\u20ac12,95<\/td><\/tr><tr><td>Luksemburg<\/td><td>2\u20138 delovnih dni<\/td><td>po<\/td><td>po<\/td><td>\u20ac8,95<\/td><\/tr><tr><td>Avstrija<\/td><td>2\u20138 delovnih dni<\/td><td>po<\/td><td>\u20ac11,95<\/td><td>\u20ac9,95<\/td><\/tr><tr><td>Poljska<\/td><td>2\u20138 delovnih dni<\/td><td>po<\/td><td>\u20ac14,95<\/td><td>\u20ac9,95<\/td><\/tr><tr><td>Portugalska<\/td><td>2\u20138 delovnih dni<\/td><td>po<\/td><td>\u20ac19,95<\/td><td>\u20ac9,95<\/td><\/tr><tr><td>Romunija<\/td><td>2\u20138 delovnih dni<\/td><td>po<\/td><td>\u20ac16,95<\/td><td>\u20ac9,95<\/td><\/tr><tr><td>Slovenija<\/td><td>2\u20138 delovnih dni<\/td><td>po<\/td><td>\u20ac18,95<\/td><td>\u20ac12,95<\/td><\/tr><tr><td>Slova\u0161ka<\/td><td>2\u20138 delovnih dni<\/td><td>po<\/td><td>\u20ac18,95<\/td><td>\u20ac12,95<\/td><\/tr><tr><td>\u010ce\u0161ka republika<\/td><td>2\u20138 delovnih dni<\/td><td>po<\/td><td>\u20ac14,95<\/td><td>\u20ac11,95<\/td><\/tr><\/tbody><\/table><\/figure>","protected":false},"excerpt":{"rendered":"<p>Bij de globalsourcechemicals.com versturen we pakketten zo snel mogelijk. Elke bestelling die v\u00f3\u00f3r 17:00u is besteld waarvan de betaling bij<\/p>","protected":false},"author":1,"featured_media":0,"parent":0,"menu_order":0,"comment_status":"closed","ping_status":"closed","template":"","meta":{"footnotes":""},"class_list":["post-27214","page","type-page","status-publish","hentry"],"_links":{"self":[{"href":"https:\/\/globalsourcechemicals.com\/sl\/wp-json\/wp\/v2\/pages\/27214","targetHints":{"allow":["GET"]}}],"collection":[{"href":"https:\/\/globalsourcechemicals.com\/sl\/wp-json\/wp\/v2\/pages"}],"about":[{"href":"https:\/\/globalsourcechemicals.com\/sl\/wp-json\/wp\/v2\/types\/page"}],"author":[{"embeddable":true,"href":"https:\/\/globalsourcechemicals.com\/sl\/wp-json\/wp\/v2\/users\/1"}],"replies":[{"embeddable":true,"href":"https:\/\/globalsourcechemicals.com\/sl\/wp-json\/wp\/v2\/comments?post=27214"}],"version-history":[{"count":2,"href":"https:\/\/globalsourcechemicals.com\/sl\/wp-json\/wp\/v2\/pages\/27214\/revisions"}],"predecessor-version":[{"id":28552,"href":"https:\/\/globalsourcechemicals.com\/sl\/wp-json\/wp\/v2\/pages\/27214\/revisions\/28552"}],"wp:attachment":[{"href":"https:\/\/globalsourcechemicals.com\/sl\/wp-json\/wp\/v2\/media?parent=27214"}],"curies":[{"name":"delovni list","href":"https:\/\/api.w.org\/{rel}","templated":true}]}}