{"id":27212,"date":"2025-08-14T11:18:23","date_gmt":"2025-08-14T11:18:23","guid":{"rendered":"https:\/\/globalsourcechemicals.com\/?page_id=27212"},"modified":"2025-10-03T19:30:27","modified_gmt":"2025-10-03T19:30:27","slug":"placati","status":"publish","type":"page","link":"https:\/\/globalsourcechemicals.com\/sl\/placati\/","title":{"rendered":"Pla\u010dilo"},"content":{"rendered":"<p><strong>Pla\u010devanje na spletni strani globalsourcechemicals.com je hitro in varno.<\/strong><br>Na spletni strani globalsourcechemicals.com lahko pla\u010date enostavno in varno. Ponujamo razli\u010dne na\u010dine pla\u010dila, da lahko svoje naro\u010dilo prejmete \u010dim hitreje.<\/p>\n\n\n\n<p><strong>Uporabite enega od spodnjih na\u010dinov pla\u010dila in \u010dim prej prejmite svoje naro\u010dilo.<\/strong><br>Izbirate lahko med ve\u010d mo\u017enostmi pla\u010dila. Izberite na\u010din, ki vam najbolj ustreza, da zagotovite hitro dostavo va\u0161ega naro\u010dila.<\/p>\n\n\n\n<p><strong>\u010ce niste mogli dokon\u010dati pla\u010dila prek spleta in bi to \u0161e vedno radi storili? Nato ga naka\u017eite ro\u010dno:<\/strong><br>\u010ce imate te\u017eave pri spletnem pla\u010dilu, lahko znesek naka\u017eete ro\u010dno.<\/p>\n\n\n\n<p><strong>OPOMBA! \u010ce bo va\u0161e pla\u010dilo uspe\u0161no, boste prejeli samodejno obvestilo. To obdelamo ro\u010dno in ve\u010dkrat na dan preverimo na\u0161 ban\u010dni ra\u010dun.<\/strong><br>Opomba! Ko bo va\u0161e pla\u010dilo uspe\u0161no izvedeno, boste prejeli potrditveno sporo\u010dilo. Pla\u010dila obdelujemo ro\u010dno in ve\u010dkrat na dan preverjamo na\u0161 ban\u010dni ra\u010dun, da zagotovimo, da vse poteka gladko.<\/p>\n\n\n\n<p><strong>Razpolo\u017eljivi na\u010dini pla\u010dila:<\/strong><br>Trenutno ponujamo naslednje mo\u017enosti pla\u010dila:<\/p>\n\n\n\n<ul class=\"wp-block-list\">\n<li><strong>idealna ponudba<\/strong>&nbsp;(<em>Trenutno ni na voljo<\/em>)<br>Priljubljen na\u010din pla\u010dila na Nizozemskem. Trenutno za\u010dasno ni na voljo.<\/li>\n\n\n\n<li><strong>Takoj<\/strong>&nbsp;(<em>Trenutno ni na voljo<\/em>)<br>Pogosto uporabljena pla\u010dilna metoda v Nem\u010diji in drugih evropskih dr\u017eavah. Trenutno za\u010dasno ni na voljo.<\/li>\n\n\n\n<li><strong>Bancontact<\/strong>&nbsp;(<em>Trenutno ni na voljo<\/em>)<br>Najbolj raz\u0161irjena metoda pla\u010dila v Belgiji. Trenutno za\u010dasno ni na voljo.<\/li>\n\n\n\n<li><strong>Kreditna kartica (VISA \/ MasterCard) (prek Cointopaya)<\/strong><br>Pla\u010dajte z VISA ali MasterCard prek ponudnika pla\u010dilnih storitev Cointopay.<\/li>\n\n\n\n<li><strong>Ro\u010dni prenos<\/strong><br>Znesek ro\u010dno naka\u017eite na na\u0161 ban\u010dni ra\u010dun na Nizozemskem. To je dobra mo\u017enost, \u010de imate raje tradicionalno ban\u010dno nakazilo.<\/li>\n\n\n\n<li><strong>Pla\u010dajte s kriptovalutami<\/strong><br>Pla\u010dajte s kriptovaluto za hitro in varno transakcijo.<\/li>\n<\/ul>\n\n\n\n<p><br><strong>Zaklju\u010dek:<\/strong><\/p>\n\n\n\n<ul class=\"wp-block-list\">\n<li>\n<ul class=\"wp-block-list\">\n<li><\/li>\n<\/ul>\n<\/li>\n<\/ul>","protected":false},"excerpt":{"rendered":"<p>Betalen bij globalsourcechemicals.com doe je snel en veilig.Bij globalsourcechemicals.com kun je eenvoudig en veilig betalen. We bieden verschillende betaalmethodes aan,<\/p>","protected":false},"author":1,"featured_media":0,"parent":0,"menu_order":0,"comment_status":"closed","ping_status":"closed","template":"","meta":{"footnotes":""},"class_list":["post-27212","page","type-page","status-publish","hentry"],"_links":{"self":[{"href":"https:\/\/globalsourcechemicals.com\/sl\/wp-json\/wp\/v2\/pages\/27212","targetHints":{"allow":["GET"]}}],"collection":[{"href":"https:\/\/globalsourcechemicals.com\/sl\/wp-json\/wp\/v2\/pages"}],"about":[{"href":"https:\/\/globalsourcechemicals.com\/sl\/wp-json\/wp\/v2\/types\/page"}],"author":[{"embeddable":true,"href":"https:\/\/globalsourcechemicals.com\/sl\/wp-json\/wp\/v2\/users\/1"}],"replies":[{"embeddable":true,"href":"https:\/\/globalsourcechemicals.com\/sl\/wp-json\/wp\/v2\/comments?post=27212"}],"version-history":[{"count":3,"href":"https:\/\/globalsourcechemicals.com\/sl\/wp-json\/wp\/v2\/pages\/27212\/revisions"}],"predecessor-version":[{"id":28531,"href":"https:\/\/globalsourcechemicals.com\/sl\/wp-json\/wp\/v2\/pages\/27212\/revisions\/28531"}],"wp:attachment":[{"href":"https:\/\/globalsourcechemicals.com\/sl\/wp-json\/wp\/v2\/media?parent=27212"}],"curies":[{"name":"delovni list","href":"https:\/\/api.w.org\/{rel}","templated":true}]}}