{"id":27210,"date":"2025-08-14T11:12:54","date_gmt":"2025-08-14T11:12:54","guid":{"rendered":"https:\/\/globalsourcechemicals.com\/?page_id=27210"},"modified":"2025-10-13T09:44:09","modified_gmt":"2025-10-13T09:44:09","slug":"dobavni-rok-in-stroski-posiljanja","status":"publish","type":"page","link":"https:\/\/globalsourcechemicals.com\/sl\/dobavni-rok-in-stroski-posiljanja\/","title":{"rendered":"\u010cas dostave in stro\u0161ki po\u0161iljanja"},"content":{"rendered":"<p>\u010cas dostave in stro\u0161ki po\u0161iljanja<br>Potrudili se bomo, da va\u0161e naro\u010dilo dostavimo \u010dim hitreje. Naro\u010dila, oddana med tednom pred 17.00, bodo odposlana \u0161e isti dan. Vendar to ni vedno mogo\u010de; v\u010dasih izdelkov ni na zalogi in dostava lahko traja nekoliko dlje. Rok dobave je naveden na strani izdelka. \u010ce iz kakr\u0161nega koli razloga ne bomo mogli izpolniti tega roka dobave, vas bomo seveda o tem \u010dim prej obvestili.<\/p>\n\n\n\n<p>Po opravljenem nakupu vam bomo poslali potrditveno e-po\u0161to. To vsebuje va\u0161o \u0161tevilko naro\u010dila, s katero lahko preverite stanje nakupa. Ko bo va\u0161e naro\u010dilo zapakirano in odposlano, boste prejeli \u0161e eno e-po\u0161to s podrobnostmi o va\u0161em nakupu. Priporo\u010damo, da preverite mapo z ne\u017eeleno po\u0161to, saj je potrditvena e-po\u0161ta morda pristala tam. \u010ce v enem delovnem dnevu niste prejeli e-po\u0161te in ste preverili mapo z ne\u017eeleno po\u0161to, nas nemudoma kontaktirajte.<\/p>\n\n\n\n<p>Dostavna storitev kemikalij Global Source<br>Naro\u010dila, oddana na globalsourcechemicals.com pred 17.00 uro na Nizozemskem, bodo dostavljena naslednji delovni dan, z izjemo Waddenskih otokov zaradi zamud, ki jih povzro\u010da po\u0161iljanje. PostNL zagotavlja varno in hitro dostavo. Za naro\u010dila nad 50 \u20ac v na\u0161i spletni trgovini je dostava znotraj Nizozemske brezpla\u010dna.<\/p>\n\n\n\n<p>Diskretna in anonimna embala\u017ea<br>Na\u0161i izdelki so zapakirani diskretno in anonimno, tako da nih\u010de ne more videti, kaj ste naro\u010dili. Na zunanji strani paketa je natisnjen le va\u0161 naslov za dostavo.<\/p>\n\n\n\n<p>Dostava va\u0161ih naro\u010dil<br>Za prejem naro\u010dila morate biti na dan dostave doma. \u010ce vas ni doma, bo naro\u010dilo ve\u010dkrat ponovno oddano, odvisno od prevoznika. \u010ce vas \u0161e vedno ni doma, bo dostavljalec posku\u0161al dostaviti paket sosedu ali na bli\u017enje prevzemno mesto. Dostavljalec vam bo vedno pustil sporo\u010dilo, v katerem vas bo obvestil o lokaciji va\u0161ega paketa. globalsourcechemicals.com bo poskrbel za dostavo na prevzemno mesto, nato pa ga boste morali prevzeti sami. Dostave obi\u010dajno potekajo od torka do sobote med 8.00 in 18.00. Zaradi odvisnosti od prevoznika ne moremo zagotoviti natan\u010dnih \u010dasov dostave.<\/p>\n\n\n\n<p>Stro\u0161ki po\u0161iljanja in dostave v evropske dr\u017eave<br>Na Nizozemskem lahko izbirate med naslednjimi mo\u017enostmi dostave:<\/p>\n\n\n\n<p>Po\u0161tni nabiralnik s sledenjem, da lahko sledite svojemu naro\u010dilu, za 4,75 \u20ac. Naro\u010dila nad 50 \u20ac so brezpla\u010dno dostavljena znotraj Nizozemske.<\/p>\n\n\n\n<p>V Belgiji so mo\u017enosti:<\/p>\n\n\n\n<p>Po\u0161tni paket s sledenjem za 9,95 \u20ac. Naro\u010dila nad 100 \u20ac so dostavljena brezpla\u010dno znotraj Belgije.<\/p>\n\n\n\n<p>Opomba: Naro\u010dila, oddana zunaj Nizozemske, po\u0161iljate na lastno odgovornost! (Za trenutne cene in na\u010dine po\u0161iljanja si oglejte na\u0161o stran za pla\u010dilo.)<\/p>\n\n\n\n<p>Spodaj boste na\u0161li tabelo s stro\u0161ki po\u0161iljanja po dr\u017eavah:<\/p>\n\n\n\n<p>Smernice za varnost izdelkov<br>Poudarjamo, da so na\u0161i izdelki na spletni strani globalsourcechemicals.com namenjeni zgolj raziskovalnim namenom in ne za osebno uporabo. Pred nakupom na spletni strani globalsourcechemicals.com preberite na\u0161e pogoje poslovanja in varnostne smernice. \u010ce iz kakr\u0161nega koli razloga niste zadovoljni z naro\u010dilom, preberite na\u0161o politiko vra\u010dil.<\/p>\n\n\n\n<p><\/p>","protected":false},"excerpt":{"rendered":"<p>Levertijd en verzendkostenWe doen ons best om de bestelling zo snel mogelijk bij u af te leveren. Bestellingen die op<\/p>","protected":false},"author":1,"featured_media":0,"parent":0,"menu_order":0,"comment_status":"closed","ping_status":"closed","template":"","meta":{"footnotes":""},"class_list":["post-27210","page","type-page","status-publish","hentry"],"_links":{"self":[{"href":"https:\/\/globalsourcechemicals.com\/sl\/wp-json\/wp\/v2\/pages\/27210","targetHints":{"allow":["GET"]}}],"collection":[{"href":"https:\/\/globalsourcechemicals.com\/sl\/wp-json\/wp\/v2\/pages"}],"about":[{"href":"https:\/\/globalsourcechemicals.com\/sl\/wp-json\/wp\/v2\/types\/page"}],"author":[{"embeddable":true,"href":"https:\/\/globalsourcechemicals.com\/sl\/wp-json\/wp\/v2\/users\/1"}],"replies":[{"embeddable":true,"href":"https:\/\/globalsourcechemicals.com\/sl\/wp-json\/wp\/v2\/comments?post=27210"}],"version-history":[{"count":3,"href":"https:\/\/globalsourcechemicals.com\/sl\/wp-json\/wp\/v2\/pages\/27210\/revisions"}],"predecessor-version":[{"id":28543,"href":"https:\/\/globalsourcechemicals.com\/sl\/wp-json\/wp\/v2\/pages\/27210\/revisions\/28543"}],"wp:attachment":[{"href":"https:\/\/globalsourcechemicals.com\/sl\/wp-json\/wp\/v2\/media?parent=27210"}],"curies":[{"name":"delovni list","href":"https:\/\/api.w.org\/{rel}","templated":true}]}}