{"id":27204,"date":"2025-08-14T10:59:23","date_gmt":"2025-08-14T10:59:23","guid":{"rendered":"https:\/\/globalsourcechemicals.com\/?page_id=27204"},"modified":"2025-10-03T19:35:52","modified_gmt":"2025-10-03T19:35:52","slug":"pravica-do-odstopa-od-pogodbe","status":"publish","type":"page","link":"https:\/\/globalsourcechemicals.com\/sl\/pravica-do-odstopa-od-pogodbe\/","title":{"rendered":"Pravica do odstopa od pogodbe"},"content":{"rendered":"<p>Kot stranka imate pravico do uveljavljanja pravice do odstopa od pogodbe v 14 dneh od prejema naro\u010dila brez navedbe razloga. Prejete izdelke lahko razpakirate ali preizkusite v obsegu, ki je potreben za oceno njihovih lastnosti, zna\u010dilnosti in funkcionalnosti. \u010ce se odlo\u010dite za uveljavljanje pravice do odstopa od pogodbe, morate z izdelki ravnati skrbno in jih vrniti podjetju globalsourcechemicals v originalnem stanju in embala\u017ei. Kupec je odgovoren za stro\u0161ke vra\u010dila izdelkov. Za ve\u010d informacij o vra\u010dilu izdelkov glejte na\u0161a navodila za vra\u010dilo in zamenjavo.<\/p>\n\n\n\n<p>Izjeme za pokvarljive in higienske izdelke<br>Izdelkov, kupljenih pri globalsourcechemicals z omejenim rokom uporabnosti (kot so higienski izdelki ali izdelki po meri), ni mogo\u010de vrniti, \u010de je pe\u010dat po dostavi po\u0161kodovan. Pravica do odstopa od pogodbe ne velja za to kategorijo izdelkov. Prodaja je dokon\u010dna, ko je pla\u010dilo uspe\u0161no zaklju\u010deno, kot je jasno navedeno v na\u0161i ponudbi.<\/p>","protected":false},"excerpt":{"rendered":"<p>Als klant heeft u de mogelijkheid om binnen een termijn van 14 dagen na ontvangst van uw bestelling zonder opgave<\/p>","protected":false},"author":1,"featured_media":0,"parent":0,"menu_order":0,"comment_status":"closed","ping_status":"closed","template":"","meta":{"footnotes":""},"class_list":["post-27204","page","type-page","status-publish","hentry"],"_links":{"self":[{"href":"https:\/\/globalsourcechemicals.com\/sl\/wp-json\/wp\/v2\/pages\/27204","targetHints":{"allow":["GET"]}}],"collection":[{"href":"https:\/\/globalsourcechemicals.com\/sl\/wp-json\/wp\/v2\/pages"}],"about":[{"href":"https:\/\/globalsourcechemicals.com\/sl\/wp-json\/wp\/v2\/types\/page"}],"author":[{"embeddable":true,"href":"https:\/\/globalsourcechemicals.com\/sl\/wp-json\/wp\/v2\/users\/1"}],"replies":[{"embeddable":true,"href":"https:\/\/globalsourcechemicals.com\/sl\/wp-json\/wp\/v2\/comments?post=27204"}],"version-history":[{"count":3,"href":"https:\/\/globalsourcechemicals.com\/sl\/wp-json\/wp\/v2\/pages\/27204\/revisions"}],"predecessor-version":[{"id":28532,"href":"https:\/\/globalsourcechemicals.com\/sl\/wp-json\/wp\/v2\/pages\/27204\/revisions\/28532"}],"wp:attachment":[{"href":"https:\/\/globalsourcechemicals.com\/sl\/wp-json\/wp\/v2\/media?parent=27204"}],"curies":[{"name":"delovni list","href":"https:\/\/api.w.org\/{rel}","templated":true}]}}