{"id":27449,"date":"2025-09-02T16:11:46","date_gmt":"2025-09-02T16:11:46","guid":{"rendered":"https:\/\/globalsourcechemicals.com\/?post_type=product&#038;p=27449"},"modified":"2025-09-02T16:11:47","modified_gmt":"2025-09-02T16:11:47","slug":"fentanyl","status":"publish","type":"product","link":"https:\/\/globalsourcechemicals.com\/sk\/obchod\/okategoriserad\/fentanyl\/","title":{"rendered":"fentanyl"},"content":{"rendered":"<h3 data-start=\"230\" data-end=\"288\">Fentanyl \u2013 Inform\u00e1cie o produkte (neutr\u00e1lne a informat\u00edvne)<\/h3>\n<p data-start=\"290\" data-end=\"722\"><strong data-start=\"290\" data-end=\"316\">V\u0161eobecn\u00fd popis:<\/strong><br data-start=\"316\" data-end=\"319\" \/>Fentanyl je syntetick\u00fd opioid pou\u017e\u00edvan\u00fd ako siln\u00fd liek proti bolesti. Patr\u00ed do skupiny opioidn\u00fdch analget\u00edk a je mnohon\u00e1sobne \u00fa\u010dinnej\u0161\u00ed ako morf\u00edn. V\u010faka svojej vysokej \u00fa\u010dinnosti sa fentanyl pou\u017e\u00edva v lek\u00e1rskej starostlivosti na lie\u010dbu silnej a dlhodobej bolesti, napr\u00edklad po oper\u00e1cii, rakovine alebo u pacientov, ktor\u00ed nereaguj\u00fa dostato\u010dne na in\u00e9 lieky proti bolesti.<\/p>\n<p data-start=\"724\" data-end=\"991\"><strong data-start=\"724\" data-end=\"747\">Mechanizmus \u00fa\u010dinku:<\/strong><br data-start=\"747\" data-end=\"750\" \/>Fentanyl \u00fa\u010dinkuje v\u00e4zbou na opioidn\u00e9 receptory v centr\u00e1lnom nervovom syst\u00e9me. To zni\u017euje vn\u00edmanie bolesti a \u010dasto vyvol\u00e1va pocit uvo\u013enenia. Liek m\u00f4\u017ee \u00fa\u010dinkova\u0165 r\u00fdchlo v z\u00e1vislosti od d\u00e1vkovej formy.<\/p>\n<p data-start=\"993\" data-end=\"1095\"><strong data-start=\"993\" data-end=\"1015\">Liekov\u00e9 formy:<\/strong><br data-start=\"1015\" data-end=\"1018\" \/>Fentanyl je dostupn\u00fd v nieko\u013ek\u00fdch farmaceutick\u00fdch form\u00e1ch, vr\u00e1tane:<\/p>\n<ul data-start=\"1096\" data-end=\"1287\">\n<li data-start=\"1096\" data-end=\"1154\">\n<p data-start=\"1098\" data-end=\"1154\">Injekcie (na lie\u010dbu ak\u00fatnej bolesti v nemocniciach)<\/p>\n<\/li>\n<li data-start=\"1155\" data-end=\"1214\">\n<p data-start=\"1157\" data-end=\"1214\">N\u00e1plasti (transderm\u00e1lne, na nepretr\u017eit\u00fa \u00fa\u013eavu od bolesti)<\/p>\n<\/li>\n<li data-start=\"1215\" data-end=\"1287\">\n<p data-start=\"1217\" data-end=\"1287\">Pastilky alebo nosov\u00e9 spreje (na zmiernenie prelomovej bolesti u pacientov s rakovinou)<\/p>\n<\/li>\n<\/ul>\n<p data-start=\"1289\" data-end=\"1317\"><strong data-start=\"1289\" data-end=\"1315\">Medic\u00ednske aplik\u00e1cie:<\/strong><\/p>\n<ul data-start=\"1318\" data-end=\"1482\">\n<li data-start=\"1318\" data-end=\"1372\">\n<p data-start=\"1320\" data-end=\"1372\">Siln\u00e1 chronick\u00e1 boles\u0165 (napr. v d\u00f4sledku rakoviny)<\/p>\n<\/li>\n<li data-start=\"1373\" data-end=\"1400\">\n<p data-start=\"1375\" data-end=\"1400\">Boles\u0165 po rozsiahlej oper\u00e1cii<\/p>\n<\/li>\n<li data-start=\"1401\" data-end=\"1482\">\n<p data-start=\"1403\" data-end=\"1482\">Mana\u017ement bolesti u pacientov, ktor\u00ed si vytvorili toleranciu na in\u00e9 opioidy<\/p>\n<\/li>\n<\/ul>\n<p data-start=\"1484\" data-end=\"1805\"><strong data-start=\"1484\" data-end=\"1527\">D\u00f4le\u017eit\u00e9 upozornenia a rizik\u00e1:<\/strong><br data-start=\"1527\" data-end=\"1530\" \/>Hoci je fentanyl vysoko \u00fa\u010dinn\u00fd, nesie so sebou zna\u010dn\u00e9 rizik\u00e1 vr\u00e1tane respira\u010dnej depresie, z\u00e1vislosti a pred\u00e1vkovania. Preto by sa fentanyl mal pou\u017e\u00edva\u0165 iba pod pr\u00edsnym lek\u00e1rskym doh\u013eadom. Zneu\u017e\u00edvanie tohto lieku m\u00f4\u017ee by\u0165 \u017eivot ohrozuj\u00face.<\/p>\n<p data-start=\"1807\" data-end=\"2037\"><strong data-start=\"1807\" data-end=\"1821\">Z\u00e1ver:<\/strong><br data-start=\"1821\" data-end=\"1824\" \/>Fentanyl je mimoriadne siln\u00fd liek, ktor\u00fd je ve\u013emi cenn\u00fd pri lie\u010dbe bolesti, za predpokladu, \u017ee sa pou\u017e\u00edva spr\u00e1vne a opatrne. Jeho u\u017e\u00edvanie je pr\u00edsne regulovan\u00e9 a v\u017edy podlieha lek\u00e1rskemu predpisu.<\/p>\n<p data-start=\"1807\" data-end=\"2037\">\n<h2 data-start=\"139\" data-end=\"177\">\u010casto kladen\u00e9 ot\u00e1zky o fentanyle<\/h2>\n<p data-start=\"179\" data-end=\"413\"><strong data-start=\"179\" data-end=\"202\">1. \u010co je fentanyl?<\/strong><br data-start=\"202\" data-end=\"205\" \/>Fentanyl je syntetick\u00fd opioid pou\u017e\u00edvan\u00fd v medic\u00edne na lie\u010dbu silnej bolesti. Je ove\u013ea silnej\u0161\u00ed ako morf\u00edn a predpisuje sa, ke\u010f s\u00fa in\u00e9 lieky proti bolesti ne\u00fa\u010dinn\u00e9.<\/p>\n<p data-start=\"415\" data-end=\"717\"><strong data-start=\"415\" data-end=\"477\">2. Ako sa fentanyl pou\u017e\u00edva v lek\u00e1rskej starostlivosti?<\/strong><br data-start=\"477\" data-end=\"480\" \/>Lek\u00e1ri predpisuj\u00fa fentanyl pacientom s chronickou, silnou boles\u0165ou, ako je boles\u0165 pri rakovine alebo po rozsiahlej oper\u00e1cii. M\u00f4\u017ee sa pod\u00e1va\u0165 ako injekcia, n\u00e1plas\u0165, pastilka alebo nosov\u00fd sprej v z\u00e1vislosti od situ\u00e1cie pacienta.<\/p>\n<p data-start=\"719\" data-end=\"978\"><strong data-start=\"719\" data-end=\"773\">3. Pre\u010do sa fentanyl pova\u017euje za nebezpe\u010dn\u00fd?<\/strong><br data-start=\"773\" data-end=\"776\" \/>Ke\u010f\u017ee je fentanyl mimoriadne siln\u00fd, aj mal\u00e9 mno\u017estvo m\u00f4\u017ee sp\u00f4sobi\u0165 \u017eivot ohrozuj\u00face probl\u00e9my s d\u00fdchan\u00edm. Zneu\u017e\u00edvanie alebo n\u00e1hodn\u00e9 pred\u00e1vkovanie predstavuje zna\u010dn\u00e9 riziko.<\/p>\n<p data-start=\"980\" data-end=\"1186\"><strong data-start=\"980\" data-end=\"1016\">4. M\u00f4\u017ee by\u0165 fentanyl n\u00e1vykov\u00fd?<\/strong><br data-start=\"1016\" data-end=\"1019\" \/>\u00c1no. Tak ako in\u00e9 opioidy, aj fentanyl m\u00f4\u017ee sp\u00f4sobi\u0165 z\u00e1vislos\u0165. Pacientov u\u017e\u00edvaj\u00facich fentanyl m\u00e1 starostlivo sledova\u0165 ich lek\u00e1r.<\/p>\n<p data-start=\"1188\" data-end=\"1436\"><strong data-start=\"1188\" data-end=\"1251\">5. Ak\u00e9 s\u00fa naj\u010dastej\u0161ie ved\u013eaj\u0161ie \u00fa\u010dinky fentanylu?<\/strong><br data-start=\"1251\" data-end=\"1254\" \/>Medzi mo\u017en\u00e9 ved\u013eaj\u0161ie \u00fa\u010dinky patr\u00ed ospalos\u0165, nevo\u013enos\u0165, z\u00e1pcha, zm\u00e4tenos\u0165 a z\u00e1vraty. Medzi z\u00e1va\u017en\u00e9 ved\u013eaj\u0161ie \u00fa\u010dinky patr\u00ed spomalen\u00e9 d\u00fdchanie, ktor\u00e9 m\u00f4\u017ee by\u0165 smrte\u013en\u00e9.<\/p>\n<p data-start=\"1438\" data-end=\"1690\"><strong data-start=\"1438\" data-end=\"1492\">6. Ako sa d\u00e1 predch\u00e1dza\u0165 zneu\u017e\u00edvaniu fentanylu?<\/strong><br data-start=\"1492\" data-end=\"1495\" \/>Fentanyl sa m\u00e1 pou\u017e\u00edva\u0165 len pod pr\u00edsnym lek\u00e1rskym doh\u013eadom. Pacienti by mali starostlivo dodr\u017eiava\u0165 pokyny lek\u00e1ra, liek bezpe\u010dne uchov\u00e1va\u0165 a nikdy ho nezdie\u013ea\u0165 s in\u00fdmi osobami.<\/p>\n<p data-start=\"1692\" data-end=\"2007\"><strong data-start=\"1692\" data-end=\"1757\">7. Je farmaceutick\u00fd fentanyl to ist\u00e9 ako neleg\u00e1lny fentanyl?<\/strong><br data-start=\"1757\" data-end=\"1760\" \/>Nie. Farmaceutick\u00fd fentanyl sa vyr\u00e1ba pod\u013ea pr\u00edsnych lek\u00e1rskych \u0161tandardov a predpisuj\u00fa ho iba lek\u00e1ri. Neleg\u00e1lny fentanyl, ktor\u00fd sa \u010dasto mie\u0161a s in\u00fdmi drogami, je hlavnou pr\u00ed\u010dinou pred\u00e1vkovania a \u00famrt\u00ed na celom svete.<\/p>","protected":false},"excerpt":{"rendered":"<p>Fentanyl \u2013 Productinformatie (Neutraal en Informatief) Algemene beschrijving:Fentanyl is een synthetisch opio\u00efd dat wordt gebruikt als sterk pijnstillend middel. Het<\/p>","protected":false},"featured_media":0,"comment_status":"open","ping_status":"closed","template":"","meta":[],"product_brand":[],"product_cat":[1085],"product_tag":[],"class_list":{"0":"post-27449","1":"product","2":"type-product","3":"status-publish","5":"product_cat-okategoriserad","7":"first","8":"instock","9":"taxable","10":"shipping-taxable","11":"purchasable","12":"product-type-variable"},"_links":{"self":[{"href":"https:\/\/globalsourcechemicals.com\/sk\/wp-json\/wp\/v2\/product\/27449","targetHints":{"allow":["GET"]}}],"collection":[{"href":"https:\/\/globalsourcechemicals.com\/sk\/wp-json\/wp\/v2\/product"}],"about":[{"href":"https:\/\/globalsourcechemicals.com\/sk\/wp-json\/wp\/v2\/types\/product"}],"replies":[{"embeddable":true,"href":"https:\/\/globalsourcechemicals.com\/sk\/wp-json\/wp\/v2\/comments?post=27449"}],"version-history":[{"count":1,"href":"https:\/\/globalsourcechemicals.com\/sk\/wp-json\/wp\/v2\/product\/27449\/revisions"}],"predecessor-version":[{"id":27457,"href":"https:\/\/globalsourcechemicals.com\/sk\/wp-json\/wp\/v2\/product\/27449\/revisions\/27457"}],"wp:attachment":[{"href":"https:\/\/globalsourcechemicals.com\/sk\/wp-json\/wp\/v2\/media?parent=27449"}],"wp:term":[{"taxonomy":"product_brand","embeddable":true,"href":"https:\/\/globalsourcechemicals.com\/sk\/wp-json\/wp\/v2\/product_brand?post=27449"},{"taxonomy":"product_cat","embeddable":true,"href":"https:\/\/globalsourcechemicals.com\/sk\/wp-json\/wp\/v2\/product_cat?post=27449"},{"taxonomy":"product_tag","embeddable":true,"href":"https:\/\/globalsourcechemicals.com\/sk\/wp-json\/wp\/v2\/product_tag?post=27449"}],"curies":[{"name":"pracovn\u00fd list","href":"https:\/\/api.w.org\/{rel}","templated":true}]}}