{"id":26126,"date":"2025-05-01T01:31:17","date_gmt":"2025-05-01T01:31:17","guid":{"rendered":"https:\/\/globalsourcechemicals.com\/?post_type=product&#038;p=26126"},"modified":"2025-05-01T01:31:25","modified_gmt":"2025-05-01T01:31:25","slug":"buy-iboga-ta","status":"publish","type":"product","link":"https:\/\/globalsourcechemicals.com\/sk\/obchod\/iboga-ibogain\/buy-iboga-ta\/","title":{"rendered":"K\u00fapi\u0165 Iboga TA"},"content":{"rendered":"<h2>K\u00fapi\u0165 Iboga TA<\/h2>\n<p>K\u00fapte si Iboga TA, TA je skratka pre \u201ecelkov\u00fd alkaloid\u201c. Iboga TA je extrakt obsahuj\u00faci v\u0161etky alkaloidy pr\u00edtomn\u00e9 v k\u00f4re kore\u0148a iboga. Alkaloidy sa daj\u00fa pomerne \u013eahko extrahova\u0165 z kore\u0148ovej k\u00f4ry pomocou kyselinovo-z\u00e1saditej extrakcie. k\u00fapi\u0165 ibogu online<\/p>\n<p>Vedeck\u00fd v\u00fdskum ukazuje drastick\u00e9 zn\u00ed\u017eenie abstinen\u010dn\u00fdch pr\u00edznakov po u\u017eit\u00ed k\u00f4ry z kore\u0148a ibogy alebo extraktov zn\u00e1mych ako HCL a TA, a to do takej miery, \u017ee sa takmer \u00faplne rozklad\u00e1. V\u00fdskum ukazuje, \u017ee lie\u010dby pod\u013ea 90% s\u00fa \u00faspe\u0161n\u00e9 a dokonca aj mesiace po lie\u010dbe pacienti nemaj\u00fa nutkanie na recid\u00edvu. Okrem zbavenia sa z\u00e1vislosti poskytuje pacientom jasnos\u0165 a vh\u013ead do ich vlastn\u00e9ho \u017eivota.<\/p>\n<p>Pre \u00faspe\u0161n\u00fa prepravu 100% vykon\u00e1vame prepravu a balenie iboga pr\u00e1\u0161ku s profesionalitou. Pon\u00fakame odborn\u00e9 slu\u017eby v na\u0161ich pr\u00edslu\u0161n\u00fdch destin\u00e1ci\u00e1ch a na z\u00e1klade v\u00e1\u0161ho telefon\u00e1tu a dopytu v\u00e1m poskytneme adres\u00e1re oh\u013eadom sp\u00f4sobu pou\u017eitia, d\u00e1vkovania a \u010fal\u0161ie d\u00f4le\u017eit\u00e9 inform\u00e1cie.<\/p>","protected":false},"excerpt":{"rendered":"<p>K\u00fapi\u0165 Iboga TA K\u00fapi\u0165 Iboga TA, TA je skratka pre \u201ecelkov\u00fd alkaloid\u201c. Iboga TA je extrakt obsahuj\u00faci v\u0161etky alkaloidy.<\/p>","protected":false},"featured_media":26147,"comment_status":"closed","ping_status":"closed","template":"","meta":[],"product_brand":[],"product_cat":[908],"product_tag":[],"class_list":{"0":"post-26126","1":"product","2":"type-product","3":"status-publish","4":"has-post-thumbnail","6":"product_cat-iboga-ibogaine","8":"first","9":"instock","10":"taxable","11":"shipping-taxable","12":"purchasable","13":"product-type-variable"},"_links":{"self":[{"href":"https:\/\/globalsourcechemicals.com\/sk\/wp-json\/wp\/v2\/product\/26126","targetHints":{"allow":["GET"]}}],"collection":[{"href":"https:\/\/globalsourcechemicals.com\/sk\/wp-json\/wp\/v2\/product"}],"about":[{"href":"https:\/\/globalsourcechemicals.com\/sk\/wp-json\/wp\/v2\/types\/product"}],"replies":[{"embeddable":true,"href":"https:\/\/globalsourcechemicals.com\/sk\/wp-json\/wp\/v2\/comments?post=26126"}],"version-history":[{"count":1,"href":"https:\/\/globalsourcechemicals.com\/sk\/wp-json\/wp\/v2\/product\/26126\/revisions"}],"predecessor-version":[{"id":26148,"href":"https:\/\/globalsourcechemicals.com\/sk\/wp-json\/wp\/v2\/product\/26126\/revisions\/26148"}],"wp:featuredmedia":[{"embeddable":true,"href":"https:\/\/globalsourcechemicals.com\/sk\/wp-json\/wp\/v2\/media\/26147"}],"wp:attachment":[{"href":"https:\/\/globalsourcechemicals.com\/sk\/wp-json\/wp\/v2\/media?parent=26126"}],"wp:term":[{"taxonomy":"product_brand","embeddable":true,"href":"https:\/\/globalsourcechemicals.com\/sk\/wp-json\/wp\/v2\/product_brand?post=26126"},{"taxonomy":"product_cat","embeddable":true,"href":"https:\/\/globalsourcechemicals.com\/sk\/wp-json\/wp\/v2\/product_cat?post=26126"},{"taxonomy":"product_tag","embeddable":true,"href":"https:\/\/globalsourcechemicals.com\/sk\/wp-json\/wp\/v2\/product_tag?post=26126"}],"curies":[{"name":"pracovn\u00fd list","href":"https:\/\/api.w.org\/{rel}","templated":true}]}}