{"id":24948,"date":"2025-04-13T17:43:52","date_gmt":"2025-04-13T17:43:52","guid":{"rendered":"https:\/\/globalsourcechemicals.com\/?post_type=product&#038;p=24948"},"modified":"2025-10-02T15:05:38","modified_gmt":"2025-10-02T15:05:38","slug":"6-cl-adba","status":"publish","type":"product","link":"https:\/\/globalsourcechemicals.com\/sk\/obchod\/6-cl-adba\/6-cl-adba\/","title":{"rendered":"6-CL-ADBA"},"content":{"rendered":"<h3><strong>6-CL-ADBA \u2013 V\u00fdkonn\u00e1 a inovat\u00edvna v\u00fdskumn\u00e1 l\u00e1tka<\/strong><\/h3>\n<p class=\"ds-markdown-paragraph\"><strong>N\u00e1zov produktu:<\/strong>\u00a06-CL-ADBA<br \/>\n<strong>Chemick\u00fd n\u00e1zov:<\/strong>\u00a06-chl\u00f3r-ADB-A<br \/>\n<strong>\u010distota:<\/strong>\u00a0\u226598%<br \/>\n<strong>Formul\u00e1r:<\/strong>\u00a0Kry\u0161talick\u00fd pr\u00e1\u0161ok<br \/>\n<strong>Molekulov\u00fd vzorec:<\/strong>\u00a0C\u2081\u2089H\u2082\u2087ClN\u2082O\u2082<\/p>\n<h4><strong>Popis:<\/strong><\/h4>\n<p class=\"ds-markdown-paragraph\">6-CL-ADBA je pokro\u010dil\u00e1 v\u00fdskumn\u00e1 zl\u00fa\u010denina patriaca do skupiny indazolkarboxamidov. <a href=\"http:\/\/google.nl\" target=\"_blank\" rel=\"noopener\">Toto<\/a> l\u00e1tka sa pred\u00e1va v\u00fdhradne pre\u00a0<strong>vedeck\u00fd a analytick\u00fd v\u00fdskum<\/strong>\u00a0a nie je ur\u010den\u00fd na \u013eudsk\u00fa spotrebu.<\/p>\n<h4><strong>Vlastnosti:<\/strong><\/h4>\n<p class=\"ds-markdown-paragraph\">\u2705\u00a0<strong>Vysok\u00e1 \u010distota<\/strong>\u00a0(\u226598%) pre presn\u00e9 v\u00fdsledky<br \/>\n\u2705 Vhodn\u00e9 pre\u00a0<strong>laborat\u00f3rne \u0161t\u00fadie<\/strong>\u00a0a farmakologick\u00fd v\u00fdskum<br \/>\n\u2705 Balen\u00e9 v\u00a0<strong>vzduchotesn\u00e9 balenie<\/strong>\u00a0pre optim\u00e1lnu trvanlivos\u0165<\/p>\n<h4><strong>D\u00f4le\u017eit\u00e1 pozn\u00e1mka:<\/strong><\/h4>\n<p class=\"ds-markdown-paragraph\">Tento produkt je\u00a0<strong>nie je ur\u010den\u00e9 na pou\u017eitie \u013eu\u010fmi ani zvieratami<\/strong>Je ur\u010den\u00fd len na v\u00fdskumn\u00e9 pou\u017eitie v kontrolovanom prostred\u00ed. Pri manipul\u00e1cii s chemik\u00e1liami dodr\u017eiavajte pr\u00edslu\u0161n\u00e9 bezpe\u010dnostn\u00e9 opatrenia.<\/p>\n<h3><strong>6-CL-ADBA \u2013 \u010casto kladen\u00e9 ot\u00e1zky a odpovede<\/strong><\/h3>\n<h4><strong>1. \u010co je 6-CL-ADBA?<\/strong><\/h4>\n<p class=\"ds-markdown-paragraph\">6-CL-ADBA (6-chl\u00f3r-ADB-A) je syntetick\u00e1 v\u00fdskumn\u00e1 zl\u00fa\u010denina indazolkarboxamidovej skupiny. Pou\u017e\u00edva sa v\u00a0<strong>vedeck\u00e9 \u0161t\u00fadie<\/strong>, najm\u00e4 v oblastiach farmakol\u00f3gie a chemick\u00e9ho v\u00fdskumu.<\/p>\n<h4><strong>2. Ak\u00e1 je \u010distota tohto produktu?<\/strong><\/h4>\n<p class=\"ds-markdown-paragraph\">Na\u0161a 6-CL-ADBA m\u00e1\u00a0<strong>\u010distota \u226598%<\/strong>, \u010do zabezpe\u010duje spo\u013eahliv\u00e9 a reprodukovate\u013en\u00e9 v\u00fdsledky v\u00fdskumu.<\/p>\n<h4><strong>3. Je 6-CL-ADBA leg\u00e1lny?<\/strong><\/h4>\n<p class=\"ds-markdown-paragraph\">Tento produkt je\u00a0<strong>ur\u010den\u00e9 len na v\u00fdskumn\u00e9 \u00fa\u010dely<\/strong>\u00a0a nie je ur\u010den\u00e9 na \u013eudsk\u00fa ani \u017eivo\u010d\u00ed\u0161nu spotrebu. Legalita sa v jednotliv\u00fdch krajin\u00e1ch l\u00ed\u0161i \u2013 v\u017edy sa pora\u010fte s\u00a0<strong>miestna legislat\u00edva<\/strong>\u00a0pred objednan\u00edm.<\/p>\n<h4><strong>4. Ako m\u00e1m skladova\u0165 6-CL-ADBA?<\/strong><\/h4>\n<p class=\"ds-markdown-paragraph\">Uchov\u00e1vajte to v\u00a0<strong>chladnom, suchom prostred\u00ed<\/strong>, mimo dosahu priameho slne\u010dn\u00e9ho \u017eiarenia a na\u00a0<strong>vzduchotesn\u00e9 balenie<\/strong>\u00a0aby sa zabezpe\u010dila stabilita.<\/p>\n<h4><strong>5. Je tento produkt bezpe\u010dn\u00fd na pou\u017e\u00edvanie?<\/strong><\/h4>\n<p class=\"ds-markdown-paragraph\">6-CL-ADBA by sa mal pou\u017e\u00edva\u0165 iba v\u00a0<strong>kontrolovan\u00e9 laborat\u00f3rne prostredie<\/strong>\u00a0profesion\u00e1lmi. V\u017edy noste\u00a0<strong>osobn\u00e9 ochrann\u00e9 prostriedky (OOP)<\/strong>\u00a0ako s\u00fa rukavice a laborat\u00f3rny pl\u00e1\u0161\u0165.<\/p>\n<h4><strong>6. Na \u010do sa sk\u00fama 6-CL-ADBA?<\/strong><\/h4>\n<p class=\"ds-markdown-paragraph\">Vedci sk\u00famaj\u00fa t\u00fato l\u00e1tku kv\u00f4li jej\u00a0<strong>jedine\u010dn\u00e1 chemick\u00e1 \u0161trukt\u00fara<\/strong>, s potenci\u00e1lnymi aplik\u00e1ciami vo farmaceutickom a analytickom v\u00fdskume.<\/p>\n<h4><strong>7. M\u00f4\u017eu si tento produkt zak\u00fapi\u0165 aj s\u00fakromn\u00e9 osoby?<\/strong><\/h4>\n<p class=\"ds-markdown-paragraph\">Na\u0161e produkty s\u00fa dostupn\u00e9 len pre\u00a0<strong>kvalifikovan\u00ed v\u00fdskumn\u00edci a in\u0161tit\u00facie<\/strong>Nepred\u00e1vame s\u00fakromn\u00fdm osob\u00e1m bez riadnych referenci\u00ed.<a href=\"https:\/\/globalsourcechemicals.com\/sk\/obchod\/iboga-ibogain\/kupit-ibogain-hydrochlorid-online\/\">K\u00fapi\u0165 Iboga\u00edn HCL<\/a><a href=\"https:\/\/globalsourcechemicals.com\/sk\/obchod\/iboga-ibogain\/kora-korena-iboga\/\">K\u00f4ra kore\u0148a ibogy<\/a><a href=\"https:\/\/globalsourcechemicals.com\/sk\/obchod\/lysergamidy\/1cp-lsd-150-mcg-umelecke-pijavice\/\">Umeleck\u00e9 pijavice 1cP-LSD 150 MCG<\/a><a href=\"https:\/\/globalsourcechemicals.com\/sk\/obchod\/pelety\/o-dsmt-50-mg-pelety\/\">O-DSMT 50 mg pelety<\/a><a href=\"https:\/\/globalsourcechemicals.com\/sk\/obchod\/lysergamidy\/1v-lsd-150-mcg-blotters\/\">1V-LSD 150 MCG pijavice<\/a><\/p>","protected":false},"excerpt":{"rendered":"<h2>6-CL-ADBA vlastnosti<\/h2>\n<p><strong>Synonymum: <\/strong>6-CL-ADBA<strong><br \/>\n\u010c\u00edslo CAS<\/strong>: neuv\u00e1dza sa<br \/>\n<strong>Vzorec<\/strong>: neuv\u00e1dza sa<br \/>\n<strong>Mol\u00e1rna hmotnos\u0165<\/strong>n\/ag.mol<br \/>\n<strong>\u010cistota<\/strong>: \u226598%<\/p>","protected":false},"featured_media":27837,"comment_status":"closed","ping_status":"closed","template":"","meta":[],"product_brand":[],"product_cat":[368,322],"product_tag":[610,594,326],"class_list":{"0":"post-24948","1":"product","2":"type-product","3":"status-publish","4":"has-post-thumbnail","6":"product_cat-6-cl-adba","7":"product_cat-bijna-verboden","8":"product_tag-6-cl-adb-a","9":"product_tag-6-cl-adba","10":"product_tag-nl","12":"first","13":"instock","14":"taxable","15":"shipping-taxable","16":"purchasable","17":"product-type-variable"},"_links":{"self":[{"href":"https:\/\/globalsourcechemicals.com\/sk\/wp-json\/wp\/v2\/product\/24948","targetHints":{"allow":["GET"]}}],"collection":[{"href":"https:\/\/globalsourcechemicals.com\/sk\/wp-json\/wp\/v2\/product"}],"about":[{"href":"https:\/\/globalsourcechemicals.com\/sk\/wp-json\/wp\/v2\/types\/product"}],"replies":[{"embeddable":true,"href":"https:\/\/globalsourcechemicals.com\/sk\/wp-json\/wp\/v2\/comments?post=24948"}],"version-history":[{"count":4,"href":"https:\/\/globalsourcechemicals.com\/sk\/wp-json\/wp\/v2\/product\/24948\/revisions"}],"predecessor-version":[{"id":26262,"href":"https:\/\/globalsourcechemicals.com\/sk\/wp-json\/wp\/v2\/product\/24948\/revisions\/26262"}],"wp:featuredmedia":[{"embeddable":true,"href":"https:\/\/globalsourcechemicals.com\/sk\/wp-json\/wp\/v2\/media\/27837"}],"wp:attachment":[{"href":"https:\/\/globalsourcechemicals.com\/sk\/wp-json\/wp\/v2\/media?parent=24948"}],"wp:term":[{"taxonomy":"product_brand","embeddable":true,"href":"https:\/\/globalsourcechemicals.com\/sk\/wp-json\/wp\/v2\/product_brand?post=24948"},{"taxonomy":"product_cat","embeddable":true,"href":"https:\/\/globalsourcechemicals.com\/sk\/wp-json\/wp\/v2\/product_cat?post=24948"},{"taxonomy":"product_tag","embeddable":true,"href":"https:\/\/globalsourcechemicals.com\/sk\/wp-json\/wp\/v2\/product_tag?post=24948"}],"curies":[{"name":"pracovn\u00fd list","href":"https:\/\/api.w.org\/{rel}","templated":true}]}}