{"id":24941,"date":"2025-04-13T17:43:52","date_gmt":"2025-04-13T17:43:52","guid":{"rendered":"https:\/\/globalsourcechemicals.com\/?post_type=product&#038;p=24941"},"modified":"2025-10-02T15:05:16","modified_gmt":"2025-10-02T15:05:16","slug":"%f0%9f%92%a1-2-mmc-krystalicky-prasok-pre-vsetky-otazky-a-odpovede-na-nakup","status":"publish","type":"product","link":"https:\/\/globalsourcechemicals.com\/sk\/obchod\/2-cmc-pelety\/%f0%9f%92%a1-2-mmc-krystalicky-prasok-pre-vsetky-otazky-a-odpovede-na-nakup\/%f0%9f%92%a1-2-mmc-krystalicky-prasok-pre-vsetky-otazky-a-odpovede-na-nakup\/","title":{"rendered":"2-CMC 250 mg pelety"},"content":{"rendered":"<h1 class=\"ds-markdown-paragraph\"><strong>2-CMC 250mg pelety \u2013 v\u00fdskumn\u00fd materi\u00e1l pr\u00e9miovej kvality<\/strong><\/h1>\n<p>K\u00fapi\u0165 2 cmc<\/p>\n<h3><strong>\ud83d\udd2c \u0160pecifik\u00e1cie produktu<\/strong><\/h3>\n<ul>\n<li>\n<p class=\"ds-markdown-paragraph\"><strong>N\u00e1zov l\u00e1tky:<\/strong>\u00a02-chl\u00f3rmet\u00e1nkatin\u00f3n (2-CMC)<\/p>\n<\/li>\n<li>\n<p class=\"ds-markdown-paragraph\"><strong>D\u00e1vkovanie:<\/strong>\u00a0250 mg na peletu (presne d\u00e1vkovan\u00e9)<\/p>\n<\/li>\n<li>\n<p class=\"ds-markdown-paragraph\"><strong>Formul\u00e1r:<\/strong>\u00a0Okr\u00fahle, rovnomern\u00e9 pelety (\u00d8 6 mm)<\/p>\n<\/li>\n<li>\n<p class=\"ds-markdown-paragraph\"><strong>\u010distota:<\/strong>\u00a0\u226598% (analyzovan\u00e9 GC-MS)<\/p>\n<\/li>\n<li>\n<p class=\"ds-markdown-paragraph\"><strong>Farba:<\/strong>\u00a0Svetlosiv\u00e1 a\u017e biela<\/p>\n<\/li>\n<li>\n<p class=\"ds-markdown-paragraph\"><strong>Stabilita:<\/strong>\u00a0Dlh\u00e1 trvanlivos\u0165 pri spr\u00e1vnom skladovan\u00ed<\/p>\n<\/li>\n<\/ul>\n<h3><strong>\ud83e\uddea V\u00fdskumn\u00e9 \u00fa\u010dely<\/strong><\/h3>\n<p class=\"ds-markdown-paragraph\">\u2714\u00a0<strong>Neurochemick\u00e9 \u0161t\u00fadie<\/strong>\u00a0\u2013 Interakcie s transport\u00e9rmi dopam\u00ednu\/noradrenal\u00ednu<br \/>\n\u2714\u00a0<strong>Forenzn\u00e1 anal\u00fdza<\/strong>\u00a0\u2013 Referen\u010dn\u00fd materi\u00e1l na testovanie drog<br \/>\n\u2714\u00a0<strong>Farmakologick\u00fd v\u00fdskum<\/strong>\u00a0\u2013 Vz\u0165ahy medzi \u0161trukt\u00farou a aktivitou<\/p>\n<h3><strong>\u2697\ufe0f Kontrola kvality<\/strong><\/h3>\n<ul>\n<li>\n<p class=\"ds-markdown-paragraph\">\u0160pecifick\u00e9 pre d\u00e1vku\u00a0<strong>Certifik\u00e1t anal\u00fdzy<\/strong>\u00a0zahrnut\u00e9<\/p>\n<\/li>\n<li>\n<p class=\"ds-markdown-paragraph\">V\u00fdroba v prostred\u00ed s certifik\u00e1tom GMP<\/p>\n<\/li>\n<li>\n<p class=\"ds-markdown-paragraph\">\u017diadne detekovate\u013en\u00e9 ne\u010distoty (&lt;0,5%)<\/p>\n<\/li>\n<\/ul>\n<h3><strong>\u26a0\ufe0f Bezpe\u010dnostn\u00fd protokol<\/strong><\/h3>\n<ul>\n<li>\n<p class=\"ds-markdown-paragraph\"><strong>LEN NA \u00da\u010cELY VEDECK\u00c9HO V\u00ddSKUMU<\/strong><\/p>\n<\/li>\n<li>\n<p class=\"ds-markdown-paragraph\"><strong>Nie je ur\u010den\u00e9 na pou\u017eitie u \u013eud\u00ed ani u zvierat<\/strong><\/p>\n<\/li>\n<li>\n<p class=\"ds-markdown-paragraph\"><strong>Povinn\u00e9 bezpe\u010dnostn\u00e9 opatrenia:<\/strong><\/p>\n<ul>\n<li>\n<p class=\"ds-markdown-paragraph\">Rukavice a laborat\u00f3rny pl\u00e1\u0161\u0165<\/p>\n<\/li>\n<li>\n<p class=\"ds-markdown-paragraph\">Pri pr\u00e1ci vo vetran\u00fdch podmienkach si k\u00fapte 2 cm\u00b3<\/p>\n<\/li>\n<\/ul>\n<\/li>\n<\/ul>\n<h3><strong>\ud83c\udf21 Rady t\u00fdkaj\u00face sa skladovania<\/strong><\/h3>\n<ul>\n<li>\n<p class=\"ds-markdown-paragraph\"><strong>Vzduchotesn\u00e9<\/strong>\u00a0balenie<\/p>\n<\/li>\n<li>\n<p class=\"ds-markdown-paragraph\"><strong>Chladn\u00e9 a tmav\u00e9<\/strong>\u00a0(optim\u00e1lne 4 \u2013 8 \u00b0C)<\/p>\n<\/li>\n<li>\n<p class=\"ds-markdown-paragraph\"><strong>Bez vlhkosti a svetla<\/strong>\u00a0ulo\u017ei\u0165<\/p>\n<\/li>\n<\/ul>\n<h3><strong>\ud83d\udce6 Mo\u017enosti balenia<\/strong><\/h3>\n<div class=\"markdown-table-wrapper\">\n<table>\n<thead>\n<tr>\n<th>Mno\u017estvo<\/th>\n<th>Typ balenia<\/th>\n<\/tr>\n<\/thead>\n<tbody>\n<tr>\n<td>10 peliet<\/td>\n<td>V\u00e1kuovo uzavret\u00fd blister<\/td>\n<\/tr>\n<tr>\n<td>50 peliet<\/td>\n<td>Vzduchotesn\u00e1 HDPE n\u00e1doba<\/td>\n<\/tr>\n<tr>\n<td>viac ako 100 peliet<\/td>\n<td>Hromadn\u00e9 balenie (na po\u017eiadanie)<\/td>\n<\/tr>\n<\/tbody>\n<\/table>\n<\/div>\n<h3><strong>\ud83d\udccc Pr\u00e1vne postavenie<\/strong><\/h3>\n<ul>\n<li>\n<p class=\"ds-markdown-paragraph\">V\u00fdhradne pre\u00a0<strong>kvalifikovan\u00ed v\u00fdskumn\u00edci<\/strong><\/p>\n<\/li>\n<li>\n<p class=\"ds-markdown-paragraph\">Nie je ur\u010den\u00e9 na konzum\u00e1ciu<\/p>\n<\/li>\n<li>\n<p class=\"ds-markdown-paragraph\">Kupuj\u00faci je zodpovedn\u00fd za miestne z\u00e1kony<\/p>\n<\/li>\n<\/ul>\n<h3><strong>\ud83d\udd0d Technick\u00e1 podpora<\/strong><\/h3>\n<ul>\n<li>\n<p class=\"ds-markdown-paragraph\">Zadarmo\u00a0<strong>Bezpe\u010dnostn\u00fd list<\/strong>\u00a0k dispoz\u00edcii<\/p>\n<\/li>\n<li>\n<p class=\"ds-markdown-paragraph\">NMR a HPLC \u00fadaje na po\u017eiadanie<\/p>\n<\/li>\n<li>\n<p class=\"ds-markdown-paragraph\">Mo\u017en\u00e9 v\u00fdskumn\u00e9 poradenstvo, <a href=\"https:\/\/globalsourcechemicals.com\/sk\/obchod\/iboga-ibogain\/kupit-ibogain-hydrochlorid-online\/\">K\u00fapi\u0165 Iboga\u00edn HCL<\/a><a href=\"https:\/\/globalsourcechemicals.com\/sk\/obchod\/iboga-ibogain\/kora-korena-iboga\/\">K\u00f4ra kore\u0148a ibogy<\/a><a href=\"https:\/\/globalsourcechemicals.com\/sk\/obchod\/lysergamidy\/1cp-lsd-150-mcg-umelecke-pijavice\/\">Umeleck\u00e9 pijavice 1cP-LSD 150 MCG<\/a><a href=\"https:\/\/globalsourcechemicals.com\/sk\/obchod\/pelety\/o-dsmt-50-mg-pelety\/\">O-DSMT 50 mg pelety<\/a><a href=\"https:\/\/globalsourcechemicals.com\/sk\/obchod\/lysergamidy\/1v-lsd-150-mcg-blotters\/\">1V-LSD 150 MCG pijavice<\/a><\/p>\n<\/li>\n<\/ul>","protected":false},"excerpt":{"rendered":"<h2>Vlastnosti 2-CMC<\/h2>\n<p><strong>\u010c\u00edslo CAS<\/strong>: 1246911-71-6<br \/>\n<strong>Vzorec<\/strong>: C11h15NO \u2022 HCL<br \/>\n<strong>Mol\u00e1rna hmotnos\u0165<\/strong>: 177.247<br \/>\n<strong>\u010cistota<\/strong>: \u226599%<\/p>","protected":false},"featured_media":27765,"comment_status":"closed","ping_status":"closed","template":"","meta":[],"product_brand":[],"product_cat":[371,421,322,79,324],"product_tag":[561,562,326],"class_list":{"0":"post-24941","1":"product","2":"type-product","3":"status-publish","4":"has-post-thumbnail","6":"product_cat-2-cmc-kopen","7":"product_cat-2-cmc-pellets","8":"product_cat-bijna-verboden","9":"product_cat-cathinonen","10":"product_cat-pellets-for-pellet","11":"product_tag-2-cmc-kopen","12":"product_tag-2-cmc-pellets-kopen","13":"product_tag-nl","15":"first","16":"instock","17":"taxable","18":"shipping-taxable","19":"purchasable","20":"product-type-variable"},"_links":{"self":[{"href":"https:\/\/globalsourcechemicals.com\/sk\/wp-json\/wp\/v2\/product\/24941","targetHints":{"allow":["GET"]}}],"collection":[{"href":"https:\/\/globalsourcechemicals.com\/sk\/wp-json\/wp\/v2\/product"}],"about":[{"href":"https:\/\/globalsourcechemicals.com\/sk\/wp-json\/wp\/v2\/types\/product"}],"replies":[{"embeddable":true,"href":"https:\/\/globalsourcechemicals.com\/sk\/wp-json\/wp\/v2\/comments?post=24941"}],"version-history":[{"count":6,"href":"https:\/\/globalsourcechemicals.com\/sk\/wp-json\/wp\/v2\/product\/24941\/revisions"}],"predecessor-version":[{"id":26269,"href":"https:\/\/globalsourcechemicals.com\/sk\/wp-json\/wp\/v2\/product\/24941\/revisions\/26269"}],"wp:featuredmedia":[{"embeddable":true,"href":"https:\/\/globalsourcechemicals.com\/sk\/wp-json\/wp\/v2\/media\/27765"}],"wp:attachment":[{"href":"https:\/\/globalsourcechemicals.com\/sk\/wp-json\/wp\/v2\/media?parent=24941"}],"wp:term":[{"taxonomy":"product_brand","embeddable":true,"href":"https:\/\/globalsourcechemicals.com\/sk\/wp-json\/wp\/v2\/product_brand?post=24941"},{"taxonomy":"product_cat","embeddable":true,"href":"https:\/\/globalsourcechemicals.com\/sk\/wp-json\/wp\/v2\/product_cat?post=24941"},{"taxonomy":"product_tag","embeddable":true,"href":"https:\/\/globalsourcechemicals.com\/sk\/wp-json\/wp\/v2\/product_tag?post=24941"}],"curies":[{"name":"pracovn\u00fd list","href":"https:\/\/api.w.org\/{rel}","templated":true}]}}