{"id":24939,"date":"2025-04-13T17:43:52","date_gmt":"2025-04-13T17:43:52","guid":{"rendered":"https:\/\/globalsourcechemicals.com\/?post_type=product&#038;p=24939"},"modified":"2025-10-02T15:04:54","modified_gmt":"2025-10-02T15:04:54","slug":"2c-ef-2mg-kapsuly","status":"publish","type":"product","link":"https:\/\/globalsourcechemicals.com\/sk\/obchod\/2c-ef\/2c-ef-2mg-kapsuly\/","title":{"rendered":"2C-EF 2 mg kapsuly"},"content":{"rendered":"<p class=\"ds-markdown-paragraph\"><strong>2C-EF 2mg kapsuly \u2013 pr\u00e9miov\u00e9 v\u00fdskumn\u00e9 chemik\u00e1lie pre vedeck\u00e9 \u0161t\u00fadie<\/strong><\/p>\n<h3><strong>\u010co je 2C-EF?<\/strong><\/h3>\n<p class=\"ds-markdown-paragraph\">2C-EF je vz\u00e1cna fenetylam\u00ednov\u00e1 zl\u00fa\u010denina patriaca do rodiny 2C-x, zn\u00e1ma svojou \u0161truktur\u00e1lnou podobnos\u0165ou s in\u00fdmi v\u00fdskumn\u00fdmi chemik\u00e1liami, ako s\u00fa 2C-B a 2C-E. T\u00e1to l\u00e1tka sa pou\u017e\u00edva v\u00fdlu\u010dne v kontrolovan\u00fdch vedeck\u00fdch prostrediach na farmakologick\u00fd a neurochemick\u00fd v\u00fdskum.<\/p>\n<h3><strong>Pre\u010do si vybra\u0165 na\u0161e kapsuly 2C-EF 2 mg?<\/strong><\/h3>\n<p class=\"ds-markdown-paragraph\">\u2714\u00a0<strong>Presn\u00e9 d\u00e1vkovanie<\/strong>\u00a0\u2013 Ka\u017ed\u00e1 kapsula obsahuje presne\u00a0<strong>2 mg<\/strong>\u00a0pre reprodukovate\u013en\u00e9 v\u00fdsledky v\u00fdskumu<br \/>\n\u2714\u00a0<strong>Farmaceutick\u00e1 kvalita<\/strong>\u00a0\u2013 Vyroben\u00e9 pod\u013ea smern\u00edc GMP pre maxim\u00e1lnu \u010distotu<br \/>\n\u2714\u00a0<strong>D\u00e1vkovanie pripraven\u00e9 na pou\u017eitie<\/strong>\u00a0\u2013 Tvar kapsuly eliminuje chyby v\u00e1\u017eenia a zjednodu\u0161uje laborat\u00f3rnu pr\u00e1cu<br \/>\n\u2714\u00a0<strong>Stabiln\u00e9 zlo\u017eenie<\/strong>\u00a0\u2013 Chr\u00e1nen\u00e9 pred oxid\u00e1ciou pre dlh\u0161iu trvanlivos\u0165<\/p>\n<h3><strong>\u010casto kladen\u00e9 ot\u00e1zky<\/strong><\/h3>\n<h4><strong>1. Ak\u00fd je v\u00fdskumn\u00fd potenci\u00e1l 2C-EF?<\/strong><\/h4>\n<p class=\"ds-markdown-paragraph\">T\u00e1to l\u00e1tka je zauj\u00edmav\u00e1 pre:<\/p>\n<ul>\n<li>\n<p class=\"ds-markdown-paragraph\">\u0160t\u00fadie serotonergn\u00fdch receptorov<\/p>\n<\/li>\n<li>\n<p class=\"ds-markdown-paragraph\">V\u00fdskum behavior\u00e1lnej neurovedy<\/p>\n<\/li>\n<li>\n<p class=\"ds-markdown-paragraph\">Porovn\u00e1vacie farmakodynamick\u00e9 anal\u00fdzy<\/p>\n<\/li>\n<\/ul>\n<h4><strong>2. Ako m\u00e1m tieto kapsuly optim\u00e1lne skladova\u0165?<\/strong><\/h4>\n<p class=\"ds-markdown-paragraph\">Skladujte v origin\u00e1lnom obale:<\/p>\n<ul>\n<li>\n<p class=\"ds-markdown-paragraph\">Pri izbovej teplote (15 \u2013 25 \u00b0C)<\/p>\n<\/li>\n<li>\n<p class=\"ds-markdown-paragraph\">V tmavom prostred\u00ed bez vlhkosti<\/p>\n<\/li>\n<li>\n<p class=\"ds-markdown-paragraph\">Uchov\u00e1vajte mimo dosahu neopr\u00e1vnen\u00fdch os\u00f4b<\/p>\n<\/li>\n<\/ul>\n<h4><strong>3. Je tento produkt leg\u00e1lny?<\/strong><\/h4>\n<p class=\"ds-markdown-paragraph\">Pr\u00e1vny status sa l\u00ed\u0161i v z\u00e1vislosti od krajiny. Tieto kapsuly s\u00fa\u00a0<strong>len na v\u00fdskumn\u00e9 \u00fa\u010dely<\/strong>\u00a0a nie je ur\u010den\u00e9 na \u013eudsk\u00fa spotrebu. V\u00fdskumn\u00edci s\u00fa zodpovedn\u00ed za dodr\u017eiavanie miestnych z\u00e1konov.<\/p>\n<h4><strong>4. Existuj\u00fa bezpe\u010dnostn\u00e9 protokoly pre v\u00fdskum?<\/strong><\/h4>\n<p class=\"ds-markdown-paragraph\">V\u017edy pou\u017e\u00edvajte:<\/p>\n<ul>\n<li>\n<p class=\"ds-markdown-paragraph\">Kontrolovan\u00e9 laborat\u00f3rne prostredie<\/p>\n<\/li>\n<li>\n<p class=\"ds-markdown-paragraph\">Osobn\u00e9 ochrann\u00e9 prostriedky<\/p>\n<\/li>\n<li>\n<p class=\"ds-markdown-paragraph\">Presn\u00e9 meracie zariadenia<\/p>\n<\/li>\n<\/ul>\n<h3><strong>Inform\u00e1cie o objedn\u00e1vke<\/strong><\/h3>\n<ul>\n<li>\n<p class=\"ds-markdown-paragraph\">Dostupn\u00e9 v baleniach po 10 kapsul\u00e1ch<\/p>\n<\/li>\n<li>\n<p class=\"ds-markdown-paragraph\">Diskr\u00e9tne doru\u010denie so sledovan\u00edm z\u00e1sielky<\/p>\n<\/li>\n<li>\n<p class=\"ds-markdown-paragraph\">Dostupn\u00e9 len pre kvalifikovan\u00fdch v\u00fdskumn\u00edkov.<\/p>\n<\/li>\n<\/ul>\n<p><a href=\"https:\/\/globalsourcechemicals.com\/sk\/obchod\/iboga-ibogain\/kupit-ibogain-hydrochlorid-online\/\">K\u00fapi\u0165 Iboga\u00edn HCL<\/a><a href=\"https:\/\/globalsourcechemicals.com\/sk\/obchod\/iboga-ibogain\/kora-korena-iboga\/\">K\u00f4ra kore\u0148a ibogy<\/a><a href=\"https:\/\/globalsourcechemicals.com\/sk\/obchod\/lysergamidy\/1cp-lsd-150-mcg-umelecke-pijavice\/\">Umeleck\u00e9 pijavice 1cP-LSD 150 MCG<\/a><a href=\"https:\/\/globalsourcechemicals.com\/sk\/obchod\/pelety\/o-dsmt-50-mg-pelety\/\">O-DSMT 50 mg pelety<\/a><a href=\"https:\/\/globalsourcechemicals.com\/sk\/obchod\/lysergamidy\/1v-lsd-150-mcg-blotters\/\">1V-LSD 150 MCG pijavice<\/a><\/p>","protected":false},"excerpt":{"rendered":"<h2>2C-EF eigenschappen<\/h2>\n<p><strong>Synoniemen<\/strong>: 2-[4-(2-Fluoroethyl)-2,5-dimethoxyphenyl]ethan-1-amine<br \/>\n<strong>CAS Nummer<\/strong>: 1222814-77-8<br \/>\n<strong>Formule<\/strong>: <span title=\"Carbon\">C<\/span><sub>12<\/sub><span title=\"Hydrogen\">H<\/span><sub>18<\/sub><span title=\"Fluorine\">F<\/span><span title=\"Nitrogen\">N<\/span><span title=\"Oxygen\">O<\/span><sub>2<\/sub><br \/>\n<strong>Molmassa<\/strong>: 227.279 g\/mol<br \/>\n<strong>Zuiverheid<\/strong>: \u226599%<\/p>\n","protected":false},"featured_media":27763,"comment_status":"closed","ping_status":"closed","template":"","meta":[],"product_brand":[],"product_cat":[401,322,80,398],"product_tag":[253,326],"class_list":{"0":"post-24939","1":"product","2":"type-product","3":"status-publish","4":"has-post-thumbnail","6":"product_cat-2c-ef","7":"product_cat-bijna-verboden","8":"product_cat-fenethylamine","9":"product_cat-verkoop","10":"product_tag-2c-ef","11":"product_tag-nl","13":"first","14":"instock","15":"sale","16":"taxable","17":"shipping-taxable","18":"purchasable","19":"product-type-variable"},"_links":{"self":[{"href":"https:\/\/globalsourcechemicals.com\/sk\/wp-json\/wp\/v2\/product\/24939","targetHints":{"allow":["GET"]}}],"collection":[{"href":"https:\/\/globalsourcechemicals.com\/sk\/wp-json\/wp\/v2\/product"}],"about":[{"href":"https:\/\/globalsourcechemicals.com\/sk\/wp-json\/wp\/v2\/types\/product"}],"replies":[{"embeddable":true,"href":"https:\/\/globalsourcechemicals.com\/sk\/wp-json\/wp\/v2\/comments?post=24939"}],"version-history":[{"count":4,"href":"https:\/\/globalsourcechemicals.com\/sk\/wp-json\/wp\/v2\/product\/24939\/revisions"}],"predecessor-version":[{"id":26288,"href":"https:\/\/globalsourcechemicals.com\/sk\/wp-json\/wp\/v2\/product\/24939\/revisions\/26288"}],"wp:featuredmedia":[{"embeddable":true,"href":"https:\/\/globalsourcechemicals.com\/sk\/wp-json\/wp\/v2\/media\/27763"}],"wp:attachment":[{"href":"https:\/\/globalsourcechemicals.com\/sk\/wp-json\/wp\/v2\/media?parent=24939"}],"wp:term":[{"taxonomy":"product_brand","embeddable":true,"href":"https:\/\/globalsourcechemicals.com\/sk\/wp-json\/wp\/v2\/product_brand?post=24939"},{"taxonomy":"product_cat","embeddable":true,"href":"https:\/\/globalsourcechemicals.com\/sk\/wp-json\/wp\/v2\/product_cat?post=24939"},{"taxonomy":"product_tag","embeddable":true,"href":"https:\/\/globalsourcechemicals.com\/sk\/wp-json\/wp\/v2\/product_tag?post=24939"}],"curies":[{"name":"pracovn\u00fd list","href":"https:\/\/api.w.org\/{rel}","templated":true}]}}