{"id":24332,"date":"2025-04-13T17:41:30","date_gmt":"2025-04-13T17:41:30","guid":{"rendered":"https:\/\/globalsourcechemicals.com\/?post_type=product&#038;p=24332"},"modified":"2025-04-22T05:25:33","modified_gmt":"2025-04-22T05:25:33","slug":"rc-moxy-10-mg-blister","status":"publish","type":"product","link":"https:\/\/globalsourcechemicals.com\/sk\/obchod\/b2b\/rc-moxy-10-mg-blister\/","title":{"rendered":"Blister RC+ Moxy 10 mg"},"content":{"rendered":"<p class=\"ds-markdown-paragraph\"><strong><span class=\"___SText_anxqe-ko_\" data-ui-name=\"Link.Text\">Moxy 5 meo mipt <\/span>10 mg blister \u2013 pr\u00e9miov\u00e1 v\u00fdskumn\u00e1 ch\u00e9mia na vedeck\u00e9 \u00fa\u010dely<\/strong><\/p>\n<p class=\"ds-markdown-paragraph\"><strong>N\u00e1zov produktu:<\/strong>\u00a0RC+ Moxy (5-MeO-MiPT) \u2013 10 mg na tabletu \u2013 Blistrov\u00e9 balenie<br \/>\n<strong>Kateg\u00f3ria:<\/strong>\u00a0V\u00fdskumn\u00e9 chemik\u00e1lie (trieda psychedelick\u00fdch\/tryptam\u00ednov\u00fdch l\u00e1tok)<br \/>\n<strong>Rozsah p\u00f4sobnosti:<\/strong> Neurochemick\u00fd v\u00fdskum a farmakologick\u00e9 \u0161t\u00fadie.<a title=\"Umeleck\u00e9 pijavice 1cP-LSD 150 MCG\" href=\"https:\/\/globalsourcechemicals.com\/sk\/obchod\/lysergamidy\/1-cp-lsd-150-mcg-peliet\/\" target=\"_blank\" rel=\"noopener\">Umeleck\u00e9 pijavice 1cP-LSD 150 MCG<\/a><\/p>\n<hr \/>\n<h3><strong>Vlastnosti produktu: <span class=\"___SText_anxqe-ko_\" data-ui-name=\"Link.Text\">moxy 5 meo mipt<\/span><\/strong><\/h3>\n<p class=\"ds-markdown-paragraph\">\ud83d\udd2c\u00a0<strong>Vysok\u00e1 \u010distota<\/strong>\u00a0(&gt;98%) \u2013 Optimalizovan\u00e9 pre presn\u00e9 v\u00fdsledky v\u00fdskumu<br \/>\n\ud83d\udc8a\u00a0<strong>10 mg na tabletu<\/strong>\u00a0\u2013 Presn\u00e9 mikrod\u00e1vkovanie pre kontrolovan\u00e9 experimenty<br \/>\n\ud83d\udce6\u00a0<strong>Profesion\u00e1lne blistrov\u00e9 balenie<\/strong>\u00a0\u2013 Chr\u00e1ni pred degrad\u00e1ciou svetlom\/vlhkos\u0165ou<br \/>\n\ud83d\udcca\u00a0<strong>Certifikovan\u00e1 kvalita<\/strong>\u00a0\u2013 Spr\u00e1vy z anal\u00fdz HPLC\/MS s\u00fa k dispoz\u00edcii na po\u017eiadanie<\/p>\n<h3><strong>O n\u00e1s <span class=\"___SText_anxqe-ko_\" data-ui-name=\"Link.Text\">moxy 5 meo mipt<\/span>:<\/strong><\/h3>\n<p class=\"ds-markdown-paragraph\">V\u00fdskumn\u00e1 l\u00e1tka z rodiny tryptam\u00ednov so zauj\u00edmav\u00fdmi farmakologick\u00fdmi vlastnos\u0165ami pre:<\/p>\n<ul>\n<li>\n<p class=\"ds-markdown-paragraph\">V\u00fdskum serotonergn\u00fdch receptorov<\/p>\n<\/li>\n<li>\n<p class=\"ds-markdown-paragraph\">\u0160t\u00fadie neurotransmisie<\/p>\n<\/li>\n<li>\n<p class=\"ds-markdown-paragraph\">Porovn\u00e1vacie anal\u00fdzy psychoakt\u00edvnych profilov.<a title=\"O-DSMT 50 mg pelety\" href=\"https:\/\/globalsourcechemicals.com\/sk\/obchod\/pelety\/o-dsmt-50-mg-pelety\/\" target=\"_blank\" rel=\"noopener\">O-DSMT 50 mg pelety<\/a><\/p>\n<\/li>\n<\/ul>\n<p class=\"ds-markdown-paragraph\"><strong>D\u00f4le\u017eit\u00e9:<\/strong><\/p>\n<ul>\n<li>\n<p class=\"ds-markdown-paragraph\">Len pre v\u00fdskum in vitro<\/p>\n<\/li>\n<li>\n<p class=\"ds-markdown-paragraph\">Nie je ur\u010den\u00e9 na \u013eudsk\u00fa\/zvieraciu spotrebu<\/p>\n<\/li>\n<li>\n<p class=\"ds-markdown-paragraph\">Nie je ur\u010den\u00e9 na lie\u010debn\u00e9 ani rekrea\u010dn\u00e9 pou\u017eitie.<a title=\"2-CMC 250 mg pelety\" href=\"https:\/\/globalsourcechemicals.com\/sk\/obchod\/katinony\/%f0%9f%92%a1-2-mmc-krystalicky-prasok-pre-vsetky-otazky-a-odpovede-na-nakup\/\" target=\"_blank\" rel=\"noopener\">2-CMC 250 mg pelety<\/a><\/p>\n<\/li>\n<\/ul>\n<hr \/>\n<h3><strong>Bezpe\u010dnostn\u00fd protokol:<span class=\"___SText_anxqe-ko_\" data-ui-name=\"Link.Text\">moxy 5 meo mipt<\/span><\/strong><\/h3>\n<p class=\"ds-markdown-paragraph\">\u26a0\u00a0<strong>Laborat\u00f3rne pokyny:<\/strong><\/p>\n<ul>\n<li>\n<p class=\"ds-markdown-paragraph\">V\u017edy pracujte v rukaviciach\/laborat\u00f3rnom pl\u00e1\u0161ti<\/p>\n<\/li>\n<li>\n<p class=\"ds-markdown-paragraph\">Pou\u017e\u00edvajte len v kontrolovanom laborat\u00f3rnom prostred\u00ed<\/p>\n<\/li>\n<li>\n<p class=\"ds-markdown-paragraph\">Zabr\u00e1\u0148te priamemu kontaktu s poko\u017ekou\/o\u010dami<\/p>\n<\/li>\n<\/ul>\n<p class=\"ds-markdown-paragraph\">\u26a0\u00a0<strong>Pr\u00e1vny stav:<\/strong><\/p>\n<ul>\n<li>\n<p class=\"ds-markdown-paragraph\">V Holandsku regulovan\u00e9 z\u00e1konom o \u00f3piu<\/p>\n<\/li>\n<li>\n<p class=\"ds-markdown-paragraph\">M\u00f4\u017eu plati\u0165 obmedzenia v celej E\u00da<\/p>\n<\/li>\n<li>\n<p class=\"ds-markdown-paragraph\">Zodpovednos\u0165 za n\u00e1kup nesie v\u00fdskumn\u00edk<\/p>\n<\/li>\n<\/ul>\n<hr \/>\n<h3><strong>Pre\u010do RC+ Moxy 10mg blister?<\/strong><\/h3>\n<p class=\"ds-markdown-paragraph\">\u2705\u00a0<strong>Pokro\u010dil\u00e1 kontrola kvality<\/strong>\u00a0\u2013 Ka\u017ed\u00e1 \u0161ar\u017ea je nez\u00e1visle testovan\u00e1<br \/>\n\u2705\u00a0<strong>Diskr\u00e9tna doprava<\/strong>\u00a0\u2013 \u00daplne anonymn\u00e9 balenie<br \/>\n\u2705\u00a0<strong>R\u00fdchle doru\u010denie do E\u00da<\/strong>\u00a0\u2013 Dostupn\u00e9 v eur\u00f3pskych skladoch<br \/>\n\u2705\u00a0<strong>Vedeck\u00e1 dokument\u00e1cia<\/strong> \u2013 K dispoz\u00edcii s\u00fa podrobn\u00e9 inform\u00e1cie o produkte.<a title=\"2C-EF 2 mg kapsuly\" href=\"https:\/\/globalsourcechemicals.com\/sk\/obchod\/fenetylamin\/2c-ef-2mg-kapsuly\/\" target=\"_blank\" rel=\"noopener\">2C-EF 2 mg kapsuly<\/a><\/p>","protected":false},"excerpt":{"rendered":"<p><strong>CAS Nummer:<\/strong> 96096-55-8<br \/>\n<strong>Formule:<\/strong> N-[2-(5-methoxy-1H-indol-3-yl)ethyl]-N-methylpropan-2-amine<br \/>\n<strong>Molmassa:<\/strong> 246.354 g\u00b7mol<br \/>\n<strong>Zuiverheid:<\/strong> &gt;97%<\/p>\n","protected":false},"featured_media":21602,"comment_status":"closed","ping_status":"closed","template":"","meta":[],"product_brand":[82],"product_cat":[555],"product_tag":[824,826,825,326,827],"class_list":{"0":"post-24332","1":"product","2":"type-product","3":"status-publish","4":"has-post-thumbnail","6":"product_brand-research-chemical","7":"product_cat-b2b","8":"product_tag-5-meo-mipt-moxy","9":"product_tag-5-meo-mipt-moxy-purifie","10":"product_tag-moxy-5-meo-mipt","11":"product_tag-nl","12":"product_tag-purifie-moxy-5-meo-mipt","14":"first","15":"instock","16":"taxable","17":"shipping-taxable","18":"purchasable","19":"product-type-variable"},"_links":{"self":[{"href":"https:\/\/globalsourcechemicals.com\/sk\/wp-json\/wp\/v2\/product\/24332","targetHints":{"allow":["GET"]}}],"collection":[{"href":"https:\/\/globalsourcechemicals.com\/sk\/wp-json\/wp\/v2\/product"}],"about":[{"href":"https:\/\/globalsourcechemicals.com\/sk\/wp-json\/wp\/v2\/types\/product"}],"replies":[{"embeddable":true,"href":"https:\/\/globalsourcechemicals.com\/sk\/wp-json\/wp\/v2\/comments?post=24332"}],"version-history":[{"count":3,"href":"https:\/\/globalsourcechemicals.com\/sk\/wp-json\/wp\/v2\/product\/24332\/revisions"}],"predecessor-version":[{"id":25994,"href":"https:\/\/globalsourcechemicals.com\/sk\/wp-json\/wp\/v2\/product\/24332\/revisions\/25994"}],"wp:featuredmedia":[{"embeddable":true,"href":"https:\/\/globalsourcechemicals.com\/sk\/wp-json\/wp\/v2\/media\/21602"}],"wp:attachment":[{"href":"https:\/\/globalsourcechemicals.com\/sk\/wp-json\/wp\/v2\/media?parent=24332"}],"wp:term":[{"taxonomy":"product_brand","embeddable":true,"href":"https:\/\/globalsourcechemicals.com\/sk\/wp-json\/wp\/v2\/product_brand?post=24332"},{"taxonomy":"product_cat","embeddable":true,"href":"https:\/\/globalsourcechemicals.com\/sk\/wp-json\/wp\/v2\/product_cat?post=24332"},{"taxonomy":"product_tag","embeddable":true,"href":"https:\/\/globalsourcechemicals.com\/sk\/wp-json\/wp\/v2\/product_tag?post=24332"}],"curies":[{"name":"pracovn\u00fd list","href":"https:\/\/api.w.org\/{rel}","templated":true}]}}