{"id":24265,"date":"2025-04-13T17:41:21","date_gmt":"2025-04-13T17:41:21","guid":{"rendered":"https:\/\/globalsourcechemicals.com\/?post_type=product&#038;p=24265"},"modified":"2025-04-22T06:22:19","modified_gmt":"2025-04-22T06:22:19","slug":"rc-metocinovy-vak-3-pelety","status":"publish","type":"product","link":"https:\/\/globalsourcechemicals.com\/sk\/obchod\/b2b\/rc-metocinovy-vak-3-pelety\/","title":{"rendered":"RC+ Metocin vak 3 pelety"},"content":{"rendered":"<h2 class=\"ds-markdown-paragraph\"><strong>Metoc\u00edn <span class=\"___SText_anxqe-ko_\" data-ui-name=\"Link.Text\">4-ho-met<\/span> 3 pelety \u2013 pr\u00e9miov\u00e1 v\u00fdskumn\u00e1 ch\u00e9mia pre vedeck\u00e9 \u0161t\u00fadium<\/strong><\/h2>\n<p class=\"ds-markdown-paragraph\"><strong>N\u00e1zov produktu:<\/strong>\u00a0RC+ Metocin (4-HO-MET \/ Metocin) \u2013 3 pelety na vrec\u00fa\u0161ko<br \/>\n<strong>Kateg\u00f3ria:<\/strong>\u00a0V\u00fdskumn\u00e9 chemik\u00e1lie (trieda psychedelick\u00fdch tryptam\u00ednov)<br \/>\n<strong>Aplik\u00e1cia:<\/strong> Neuropsychologick\u00fd v\u00fdskum a \u0161t\u00fadie receptorov.<a title=\"2C-EF 2 mg kapsuly\" href=\"https:\/\/globalsourcechemicals.com\/sk\/obchod\/fenetylamin\/2c-ef-2mg-kapsuly\/\" target=\"_blank\" rel=\"noopener\">2C-EF 2 mg kapsuly<\/a><\/p>\n<hr \/>\n<h3><strong>Vlastnosti produktu:<\/strong><\/h3>\n<p class=\"ds-markdown-paragraph\">\ud83d\udd2c\u00a0<strong>Vysoko \u010dist\u00e1 zl\u00fa\u010denina<\/strong>\u00a0(&gt;98% \u010distota)<br \/>\n\ud83d\udc8a\u00a0<strong>3 pelety na vrecko<\/strong>\u00a0(\u0161tandardn\u00e9 d\u00e1vkovanie)<br \/>\n\ud83d\udce6\u00a0<strong>Vzduchotesn\u00e9, svetlotesn\u00e9 balenie<\/strong><br \/>\n\ud83d\udcca\u00a0<strong>Rozsiahla kontrola kvality<\/strong> (Anal\u00fdza HPLC a GC\/MS).<a title=\"2-CMC 250 mg pelety\" href=\"https:\/\/globalsourcechemicals.com\/sk\/obchod\/katinony\/%f0%9f%92%a1-2-mmc-krystalicky-prasok-pre-vsetky-otazky-a-odpovede-na-nakup\/\" target=\"_blank\" rel=\"noopener\">2-CMC 250 mg pelety<\/a><\/p>\n<h3><strong>Vedeck\u00fd v\u00fdznam:<\/strong><\/h3>\n<p class=\"ds-markdown-paragraph\">4-HO-MET je zauj\u00edmav\u00e1 zl\u00fa\u010denina pre v\u00fdskum:<\/p>\n<ul>\n<li>\n<p class=\"ds-markdown-paragraph\">Interakcie serotonergn\u00fdch receptorov (5-HT2A)<\/p>\n<\/li>\n<li>\n<p class=\"ds-markdown-paragraph\">Vzory aktiv\u00e1cie vizu\u00e1lnej k\u00f4ry<\/p>\n<\/li>\n<li>\n<p class=\"ds-markdown-paragraph\">Porovn\u00e1vacia farmakol\u00f3gia s klasick\u00fdmi tryptam\u00ednmi.<a title=\"1V-LSD 150 MCG pijavice\" href=\"https:\/\/globalsourcechemicals.com\/sk\/obchod\/lysergamidy\/1v-lsd-150-mcg-blotters\/\" target=\"_blank\" rel=\"noopener\">1V-LSD 150 MCG pijavice<\/a><\/p>\n<\/li>\n<\/ul>\n<p class=\"ds-markdown-paragraph\"><strong>D\u00f4le\u017eit\u00e1 pozn\u00e1mka:<\/strong><\/p>\n<ul>\n<li>\n<p class=\"ds-markdown-paragraph\">Len pre v\u00fdskum in vitro<\/p>\n<\/li>\n<li>\n<p class=\"ds-markdown-paragraph\">Nie je ur\u010den\u00e9 na \u013eudsk\u00fa\/zvieraciu spotrebu<\/p>\n<\/li>\n<li>\n<p class=\"ds-markdown-paragraph\">Nie je ur\u010den\u00e9 na lie\u010debn\u00e9 alebo rekrea\u010dn\u00e9 pou\u017eitie<\/p>\n<\/li>\n<\/ul>\n<hr \/>\n<h3><strong>Laborat\u00f3rna bezpe\u010dnos\u0165:<\/strong><\/h3>\n<p class=\"ds-markdown-paragraph\">\u26a0\u00a0<strong>\u0160tandardn\u00e9 protokoly:<\/strong><\/p>\n<ul>\n<li>\n<p class=\"ds-markdown-paragraph\">Pr\u00e1ca v podmienenom prostred\u00ed<\/p>\n<\/li>\n<li>\n<p class=\"ds-markdown-paragraph\">Kompletn\u00e1 osobn\u00e1 ochrana (laborat\u00f3rny pl\u00e1\u0161\u0165, nitrilov\u00e9 rukavice, ochrann\u00e9 okuliare).<a title=\"2C-EF 2 mg kapsuly\" href=\"https:\/\/globalsourcechemicals.com\/sk\/obchod\/fenetylamin\/2c-ef-2mg-kapsuly\/\" target=\"_blank\" rel=\"noopener\">2C-EF 2 mg kapsuly<\/a><\/p>\n<\/li>\n<li>\n<p class=\"ds-markdown-paragraph\">Vy\u017eaduje sa primeran\u00e9 vetranie<\/p>\n<\/li>\n<\/ul>\n<p class=\"ds-markdown-paragraph\">\u26a0\u00a0<strong>Pr\u00e1vny stav:<\/strong><\/p>\n<ul>\n<li>\n<p class=\"ds-markdown-paragraph\">V mnoh\u00fdch krajin\u00e1ch regulovan\u00e1 ako NPS (nov\u00e1 psychoakt\u00edvna l\u00e1tka)<\/p>\n<\/li>\n<li>\n<p class=\"ds-markdown-paragraph\">V\u00fdskumn\u00edci by si mali overi\u0165 miestne z\u00e1kony<\/p>\n<\/li>\n<li>\n<p class=\"ds-markdown-paragraph\">Pln\u00e1 zodpovednos\u0165 s kupuj\u00facim<\/p>\n<\/li>\n<\/ul>\n<hr \/>\n<h3><strong>V\u00fdhody v\u00fdskumu:<\/strong><\/h3>\n<p class=\"ds-markdown-paragraph\">\u2705\u00a0<strong>\u0160tandardizovan\u00e1 kvalita<\/strong>\u00a0na d\u00e1vku<br \/>\n\u2705\u00a0<strong>Mal\u00e9 mno\u017estv\u00e1<\/strong>\u00a0pre pilotn\u00e9 \u0161t\u00fadie<br \/>\n\u2705\u00a0<strong>Vedeck\u00e1 podpora<\/strong>\u00a0k dispoz\u00edcii<br \/>\n\u2705\u00a0<strong>R\u00fdchle a diskr\u00e9tne doru\u010denie<\/strong>\u00a0v r\u00e1mci E\u00da<\/p>","protected":false},"excerpt":{"rendered":"<p>\u010c\u00edslo CAS: 77872-41-4<br \/>\nVzorec: C13H18N2O<br \/>\nMolov\u00e1 hmotnos\u0165: 218,3 g\/mol<br \/>\n\u010cistota: \u226598%<\/p>","protected":false},"featured_media":21348,"comment_status":"closed","ping_status":"closed","template":"","meta":[],"product_brand":[82],"product_cat":[555],"product_tag":[858,857,871,636,673,635,870,326],"class_list":{"0":"post-24265","1":"product","2":"type-product","3":"status-publish","4":"has-post-thumbnail","6":"product_brand-research-chemical","7":"product_cat-b2b","8":"product_tag-4-acetoxy-met","9":"product_tag-4-ho-met-psychonaut","10":"product_tag-methylcybin","11":"product_tag-metocin","12":"product_tag-metocin-4-ho-met","13":"product_tag-metocin-kopen","14":"product_tag-metocin-tablet","15":"product_tag-nl","17":"first","18":"instock","19":"taxable","20":"shipping-taxable","21":"purchasable","22":"product-type-variable"},"_links":{"self":[{"href":"https:\/\/globalsourcechemicals.com\/sk\/wp-json\/wp\/v2\/product\/24265","targetHints":{"allow":["GET"]}}],"collection":[{"href":"https:\/\/globalsourcechemicals.com\/sk\/wp-json\/wp\/v2\/product"}],"about":[{"href":"https:\/\/globalsourcechemicals.com\/sk\/wp-json\/wp\/v2\/types\/product"}],"replies":[{"embeddable":true,"href":"https:\/\/globalsourcechemicals.com\/sk\/wp-json\/wp\/v2\/comments?post=24265"}],"version-history":[{"count":3,"href":"https:\/\/globalsourcechemicals.com\/sk\/wp-json\/wp\/v2\/product\/24265\/revisions"}],"predecessor-version":[{"id":26006,"href":"https:\/\/globalsourcechemicals.com\/sk\/wp-json\/wp\/v2\/product\/24265\/revisions\/26006"}],"wp:featuredmedia":[{"embeddable":true,"href":"https:\/\/globalsourcechemicals.com\/sk\/wp-json\/wp\/v2\/media\/21348"}],"wp:attachment":[{"href":"https:\/\/globalsourcechemicals.com\/sk\/wp-json\/wp\/v2\/media?parent=24265"}],"wp:term":[{"taxonomy":"product_brand","embeddable":true,"href":"https:\/\/globalsourcechemicals.com\/sk\/wp-json\/wp\/v2\/product_brand?post=24265"},{"taxonomy":"product_cat","embeddable":true,"href":"https:\/\/globalsourcechemicals.com\/sk\/wp-json\/wp\/v2\/product_cat?post=24265"},{"taxonomy":"product_tag","embeddable":true,"href":"https:\/\/globalsourcechemicals.com\/sk\/wp-json\/wp\/v2\/product_tag?post=24265"}],"curies":[{"name":"pracovn\u00fd list","href":"https:\/\/api.w.org\/{rel}","templated":true}]}}