{"id":24226,"date":"2025-04-13T17:41:17","date_gmt":"2025-04-13T17:41:17","guid":{"rendered":"https:\/\/globalsourcechemicals.com\/?post_type=product&#038;p=24226"},"modified":"2025-10-02T17:44:23","modified_gmt":"2025-10-02T17:44:23","slug":"nm-2-ai-hcl-cisty","status":"publish","type":"product","link":"https:\/\/globalsourcechemicals.com\/sk\/obchod\/nm-2-ai\/nm-2-ai-hcl-cisty\/","title":{"rendered":"NM-2-AI HCl \u010dist\u00fd"},"content":{"rendered":"<h2>NM-2-AI HCl \u010dist\u00fd<\/h2>\n<p>NM-2-AI hydrochlorid je l\u00e1tka, ktor\u00fa pred\u00e1vame len na v\u00fdskumn\u00e9 \u00fa\u010dely, a preto nie je ur\u010den\u00e1 na konzum\u00e1ciu. NM-2-AI je mo\u017en\u00e9 sk\u00fama\u0165 a\u017e 2 roky, ak sa skladuje v spr\u00e1vnom prostred\u00ed.<\/p>\n<p>Preto\u017ee NM-2-AI sl\u00fa\u017ei len na v\u00fdskumn\u00e9 \u00fa\u010dely a nie na konzum\u00e1ciu, je d\u00f4le\u017eit\u00e9, aby sa NM-2-AI skladoval mimo dosahu det\u00ed a dom\u00e1cich zvierat.<a title=\"O-DSMT 50 mg pelety\" href=\"https:\/\/globalsourcechemicals.com\/sk\/obchod\/pelety\/o-dsmt-50-mg-pelety\/\" target=\"_blank\" rel=\"noopener\">O-DSMT 50 mg pelety<\/a><\/p>\n<p>Pon\u00fakame kvalitn\u00e9 v\u00fdskumn\u00e9 chemik\u00e1lie za primeran\u00fa cenu. Va\u0161a objedn\u00e1vka bude odoslan\u00e1 do 24 hod\u00edn ka\u017ed\u00fd de\u0148. Objednajte si preto NM-2-AI bezpe\u010dne a r\u00fdchlo cez !<a title=\"1V-LSD 150 MCG pijavice\" href=\"https:\/\/globalsourcechemicals.com\/sk\/obchod\/lysergamidy\/1v-lsd-150-mcg-blotters\/\" target=\"_blank\" rel=\"noopener\">1V-LSD 150 MCG pijavice<\/a><\/p>\n<h3>Vyhl\u00e1senie o nebezpe\u010denstve<\/h3>\n<p>NM-2-AI m\u00f4\u017ee sp\u00f4sobi\u0165 podr\u00e1\u017edenie d\u00fdchac\u00edch ciest<br \/>\nNM-2-AI m\u00f4\u017ee sp\u00f4sobi\u0165 podr\u00e1\u017edenie <a href=\"http:\/\/google.nl\" target=\"_blank\" rel=\"noopener\">v<\/a> o\u010di sp\u00f4sobuj\u00fa.<br \/>\nVyp\u00fa\u0161\u0165anie v\u00fdskumn\u00fdch chemik\u00e1li\u00ed do \u017eivotn\u00e9ho prostredia je zak\u00e1zan\u00e9.<\/p>\n<p>NM-2-AI PRI KONTAKTE S O\u010cAMI: O\u010di opatrne vyplachujte vodou po dobu piatich min\u00fat. Ak je to mo\u017en\u00e9, odstr\u00e1\u0148te kontaktn\u00e9 \u0161o\u0161ovky.<\/p>\n<p>NM-2-AI PRI KONTAKTE S POKO\u017dKOU: Poko\u017eku umyte mydlom a vodou.<a title=\"6-CL-ADBA\" href=\"https:\/\/globalsourcechemicals.com\/sk\/obchod\/takmer-zakazane\/6-cl-adba\/\" target=\"_blank\" rel=\"noopener\">6-CL-ADBA<\/a><\/p>\n<p>PO VD\u00ddCHNUT\u00cd NM-2-AI: Presu\u0148te postihnut\u00e9ho na \u010derstv\u00fd vzduch a nechajte ho v polohe, ktor\u00e1 mu umo\u017en\u00ed pohodln\u00e9 d\u00fdchanie.<a title=\"2-CMC 250 mg pelety\" href=\"https:\/\/globalsourcechemicals.com\/sk\/obchod\/katinony\/%f0%9f%92%a1-2-mmc-krystalicky-prasok-pre-vsetky-otazky-a-odpovede-na-nakup\/\" target=\"_blank\" rel=\"noopener\">2-CMC 250 mg pelety<\/a><\/p>","protected":false},"excerpt":{"rendered":"<h2>NM-2-AI HCl \u010dist\u00fd<\/h2>\n<p>NM-2-AI hydrochlorid je l\u00e1tka, ktor\u00fa pred\u00e1vame len na v\u00fdskumn\u00e9 \u00fa\u010dely, a preto nie je ur\u010den\u00e1 na konzum\u00e1ciu. NM-2-AI mo\u017eno sk\u00fama\u0165 a\u017e 2 roky, ak sa skladuje v spr\u00e1vnom prostred\u00ed.2C-E<\/p>","protected":false},"featured_media":27925,"comment_status":"closed","ping_status":"closed","template":"","meta":[],"product_brand":[82],"product_cat":[479,336],"product_tag":[326,879,880],"class_list":{"0":"post-24226","1":"product","2":"type-product","3":"status-publish","4":"has-post-thumbnail","6":"product_brand-research-chemical","7":"product_cat-nm-2-ai","8":"product_cat-overig","9":"product_tag-nl","10":"product_tag-nm-2-ai","11":"product_tag-nm-2-ai-hcl","13":"first","14":"instock","15":"taxable","16":"shipping-taxable","17":"purchasable","18":"product-type-variable"},"_links":{"self":[{"href":"https:\/\/globalsourcechemicals.com\/sk\/wp-json\/wp\/v2\/product\/24226","targetHints":{"allow":["GET"]}}],"collection":[{"href":"https:\/\/globalsourcechemicals.com\/sk\/wp-json\/wp\/v2\/product"}],"about":[{"href":"https:\/\/globalsourcechemicals.com\/sk\/wp-json\/wp\/v2\/types\/product"}],"replies":[{"embeddable":true,"href":"https:\/\/globalsourcechemicals.com\/sk\/wp-json\/wp\/v2\/comments?post=24226"}],"version-history":[{"count":4,"href":"https:\/\/globalsourcechemicals.com\/sk\/wp-json\/wp\/v2\/product\/24226\/revisions"}],"predecessor-version":[{"id":26016,"href":"https:\/\/globalsourcechemicals.com\/sk\/wp-json\/wp\/v2\/product\/24226\/revisions\/26016"}],"wp:featuredmedia":[{"embeddable":true,"href":"https:\/\/globalsourcechemicals.com\/sk\/wp-json\/wp\/v2\/media\/27925"}],"wp:attachment":[{"href":"https:\/\/globalsourcechemicals.com\/sk\/wp-json\/wp\/v2\/media?parent=24226"}],"wp:term":[{"taxonomy":"product_brand","embeddable":true,"href":"https:\/\/globalsourcechemicals.com\/sk\/wp-json\/wp\/v2\/product_brand?post=24226"},{"taxonomy":"product_cat","embeddable":true,"href":"https:\/\/globalsourcechemicals.com\/sk\/wp-json\/wp\/v2\/product_cat?post=24226"},{"taxonomy":"product_tag","embeddable":true,"href":"https:\/\/globalsourcechemicals.com\/sk\/wp-json\/wp\/v2\/product_tag?post=24226"}],"curies":[{"name":"pracovn\u00fd list","href":"https:\/\/api.w.org\/{rel}","templated":true}]}}