{"id":24179,"date":"2025-04-13T17:41:13","date_gmt":"2025-04-13T17:41:13","guid":{"rendered":"https:\/\/globalsourcechemicals.com\/?post_type=product&#038;p=24179"},"modified":"2025-04-22T09:02:37","modified_gmt":"2025-04-22T09:02:37","slug":"rc-bromazolam-25mg-box","status":"publish","type":"product","link":"https:\/\/globalsourcechemicals.com\/sk\/obchod\/b2b\/rc-bromazolam-25mg-box\/","title":{"rendered":"Krabi\u010dka RC+ Bromazolam 2,5 mg"},"content":{"rendered":"<h1><strong>Bromazolam 2,5 mg Box \u2013 Chemik\u00e1lie pre kvalitat\u00edvny v\u00fdskum<\/strong><\/h1>\n<p class=\"ds-markdown-paragraph\"><strong>N\u00e1zov produktu:<\/strong>\u00a0RC+ Bromazolam 2,5 mg na tabletu (\u0161katu\u013eka)<br \/>\n<strong>Hlavn\u00e1 \u00fa\u010dinn\u00e1 l\u00e1tka:<\/strong><br \/>\n<strong>Obsah:<\/strong>\u00a02,5 mg na tabletu, balen\u00e9 v praktickej \u0161katu\u013eke<br \/>\n<strong>Vhodn\u00e9 pre:<\/strong>\u00a0Vedeck\u00fd v\u00fdskum (nie na \u013eudsk\u00fa spotrebu)<a title=\"1V-LSD 150 MCG pijavice\" href=\"https:\/\/globalsourcechemicals.com\/sk\/obchod\/lysergamidy\/1v-lsd-150-mcg-blotters\/\" target=\"_blank\" rel=\"noopener\">1V-LSD 150 MCG pijavice<\/a><\/p>\n<p class=\"ds-markdown-paragraph\">je v\u00fdskumn\u00e1 chemik\u00e1lia patriaca do triedy benzodiazep\u00ednov. Je zn\u00e1my svojimi potenci\u00e1lnymi \u00fa\u010dinkami vo vedeck\u00fdch \u0161t\u00fadi\u00e1ch a pred\u00e1va sa len na v\u00fdskumn\u00e9 \u00fa\u010dely.<\/p>\n<h2><strong>Pre\u010do k\u00fapi\u0165 RC+ 2,5 mg box?<\/strong><\/h2>\n<p class=\"ds-markdown-paragraph\">\u2705\u00a0<strong>Vysok\u00e1 kvalita:<\/strong>\u00a0\u010cisto a d\u00f4sledne formulovan\u00e9 pre spo\u013eahliv\u00e9 v\u00fdsledky v\u00fdskumu.<br \/>\n\u2705\u00a0<strong>Presne d\u00e1vkovan\u00e9:<\/strong>\u00a0Ka\u017ed\u00e1 tableta obsahuje 2,5 mg bromazolamu na presn\u00e9 experimenty.<br \/>\n\u2705\u00a0<strong>Bezpe\u010dne zabalen\u00e9:<\/strong>\u00a0Diskr\u00e9tne a profesion\u00e1lne balenie.<br \/>\n\u2705\u00a0<strong>R\u00fdchle doru\u010denie:<\/strong>\u00a0Objednan\u00e9 do 15:00? \u010casto odosielan\u00e9 v ten ist\u00fd de\u0148!<a title=\"2-CMC 250 mg pelety\" href=\"https:\/\/globalsourcechemicals.com\/sk\/obchod\/katinony\/%f0%9f%92%a1-2-mmc-krystalicky-prasok-pre-vsetky-otazky-a-odpovede-na-nakup\/\" target=\"_blank\" rel=\"noopener\">2-CMC 250 mg pelety<\/a><\/p>\n<h2><strong>D\u00f4le\u017eit\u00e9 inform\u00e1cie o pou\u017e\u00edvan\u00ed<\/strong><\/h2>\n<p class=\"ds-markdown-paragraph\">\u26a0\ufe0f\u00a0<strong>Len na v\u00fdskumn\u00e9 \u00fa\u010dely<\/strong>\u00a0- Nie je ur\u010den\u00e9 na \u013eudsk\u00fa ani zvieraciu spotrebu.<br \/>\n\u26a0\ufe0f\u00a0<strong>Tip na skladovanie:<\/strong>\u00a0Uchov\u00e1vajte v suchu a mimo dosahu det\u00ed.<\/p>\n<h2><strong>Objedna\u0165 teraz RC+ 2,5mg box<\/strong><\/h2>\n<p class=\"ds-markdown-paragraph\">Ste v\u00fdskumn\u00edk, ktor\u00fd h\u013ead\u00e1 vysokokvalitn\u00e9 v\u00fdskumn\u00e9 chemik\u00e1lie? Potom objednajte e\u0161te dnes\u00a0<strong>Krabi\u010dka RC+ 2,5 mg<\/strong>\u00a0a dostanete svoj produkt r\u00fdchlo!<a title=\"6-CL-ADBA\" href=\"https:\/\/globalsourcechemicals.com\/sk\/obchod\/takmer-zakazane\/6-cl-adba\/\" target=\"_blank\" rel=\"noopener\">6-CL-ADBA<\/a><\/p>","protected":false},"excerpt":{"rendered":"<p>Bromazolam 2,5 mg balenie \u2013 Chemik\u00e1lie pre kvalitat\u00edvny v\u00fdskum N\u00e1zov produktu: RC+ Bromazolam 2,5 mg na tabletu (balenie) Hlavn\u00e1 \u00fa\u010dinn\u00e1 l\u00e1tka: Obsah: 2,5 mg na tabletu, balen\u00e9 v<\/p>","protected":false},"featured_media":21031,"comment_status":"closed","ping_status":"closed","template":"","meta":[],"product_brand":[82],"product_cat":[555],"product_tag":[174,183,184,176,175,178,177,180,326,179],"class_list":{"0":"post-24179","1":"product","2":"type-product","3":"status-publish","4":"has-post-thumbnail","6":"product_brand-research-chemical","7":"product_cat-b2b","8":"product_tag-bromazolam","9":"product_tag-bromazolam-bijwerkingen","10":"product_tag-bromazolam-dosing","11":"product_tag-bromazolam-ervaringen","12":"product_tag-bromazolam-kopen","13":"product_tag-bromazolam-na-drugs","14":"product_tag-bromazolam-psychonaut","15":"product_tag-hoe-lang-werkt-bromazolam","16":"product_tag-nl","17":"product_tag-wat-is-bromazolam","19":"first","20":"instock","21":"taxable","22":"shipping-taxable","23":"purchasable","24":"product-type-variable"},"_links":{"self":[{"href":"https:\/\/globalsourcechemicals.com\/sk\/wp-json\/wp\/v2\/product\/24179","targetHints":{"allow":["GET"]}}],"collection":[{"href":"https:\/\/globalsourcechemicals.com\/sk\/wp-json\/wp\/v2\/product"}],"about":[{"href":"https:\/\/globalsourcechemicals.com\/sk\/wp-json\/wp\/v2\/types\/product"}],"replies":[{"embeddable":true,"href":"https:\/\/globalsourcechemicals.com\/sk\/wp-json\/wp\/v2\/comments?post=24179"}],"version-history":[{"count":5,"href":"https:\/\/globalsourcechemicals.com\/sk\/wp-json\/wp\/v2\/product\/24179\/revisions"}],"predecessor-version":[{"id":26027,"href":"https:\/\/globalsourcechemicals.com\/sk\/wp-json\/wp\/v2\/product\/24179\/revisions\/26027"}],"wp:featuredmedia":[{"embeddable":true,"href":"https:\/\/globalsourcechemicals.com\/sk\/wp-json\/wp\/v2\/media\/21031"}],"wp:attachment":[{"href":"https:\/\/globalsourcechemicals.com\/sk\/wp-json\/wp\/v2\/media?parent=24179"}],"wp:term":[{"taxonomy":"product_brand","embeddable":true,"href":"https:\/\/globalsourcechemicals.com\/sk\/wp-json\/wp\/v2\/product_brand?post=24179"},{"taxonomy":"product_cat","embeddable":true,"href":"https:\/\/globalsourcechemicals.com\/sk\/wp-json\/wp\/v2\/product_cat?post=24179"},{"taxonomy":"product_tag","embeddable":true,"href":"https:\/\/globalsourcechemicals.com\/sk\/wp-json\/wp\/v2\/product_tag?post=24179"}],"curies":[{"name":"pracovn\u00fd list","href":"https:\/\/api.w.org\/{rel}","templated":true}]}}