{"id":24107,"date":"2025-04-13T17:41:04","date_gmt":"2025-04-13T17:41:04","guid":{"rendered":"https:\/\/globalsourcechemicals.com\/?post_type=product&#038;p=24107"},"modified":"2025-04-21T05:17:28","modified_gmt":"2025-04-21T05:17:28","slug":"rc-maxtc-blister","status":"publish","type":"product","link":"https:\/\/globalsourcechemicals.com\/sk\/obchod\/b2b\/rc-maxtc-blister\/","title":{"rendered":"Blister RC+ MaXTC"},"content":{"rendered":"<h2><strong>MaXTC 5-MAPB\/4-FMA\/5-MeO-MiPT 75MG\/30MG\/3MG Blister s 10 peletami<\/strong><\/h2>\n<p>4 fma k\u00fapi\u0165, 4 fma, 4-fma, maxtc<\/p>\n<ul>\n<li><strong>Maloobchodn\u00e9 balenie<br \/>\n<\/strong><\/li>\n<li><strong>Po\u010det peliet v blistri: 10<\/strong><\/li>\n<li><strong>Ceny s\u00fa bez DPH 21%<\/strong><\/li>\n<li><strong>Odpor\u00fa\u010dan\u00e1 maloobchodn\u00e1 cena: 69,95 \u20ac vr. DPH<\/strong><\/li>\n<\/ul>\n<p><a href=\"https:\/\/globalsourcechemicals.com\/sk\/obchod\/lysergamidy\/1-cp-lsd-150-mcg-peliet\/\">Umeleck\u00e9 pijavice 1cP-LSD 150 MCG<\/a><a href=\"https:\/\/globalsourcechemicals.com\/sk\/obchod\/pelety\/o-dsmt-50-mg-pelety\/\">O-DSMT 50 mg pelety<\/a><a href=\"https:\/\/globalsourcechemicals.com\/sk\/obchod\/lysergamidy\/1v-lsd-150-mcg-blotters\/\">1V-LSD 150 MCG pijavice<\/a><a href=\"https:\/\/globalsourcechemicals.com\/sk\/obchod\/takmer-zakazane\/6-cl-adba\/\">6-CL-ADBA<\/a><a href=\"https:\/\/globalsourcechemicals.com\/sk\/obchod\/katinony\/%f0%9f%92%a1-2-mmc-krystalicky-prasok-pre-vsetky-otazky-a-odpovede-na-nakup\/\">2-CMC 250 mg pelety<\/a><\/p>","protected":false},"excerpt":{"rendered":"<p>MaXTC 5-MAPB\/4-FMA\/5-MeO-MiPT 75MG\/30MG\/3MG Blister s 10 peletami K\u00fapi\u0165 4 fma, 4 fma, 4-fma, maxtc Maloobchodn\u00e9 balenie Po\u010det peliet v blistri: 10<\/p>","protected":false},"featured_media":21157,"comment_status":"closed","ping_status":"closed","template":"","meta":[],"product_brand":[],"product_cat":[555],"product_tag":[629,644,664,326],"class_list":{"0":"post-24107","1":"product","2":"type-product","3":"status-publish","4":"has-post-thumbnail","6":"product_cat-b2b","7":"product_tag-4-fma-kopen","8":"product_tag-4-fma","9":"product_tag-maxtc","10":"product_tag-nl","12":"first","13":"instock","14":"taxable","15":"shipping-taxable","16":"purchasable","17":"product-type-variable"},"_links":{"self":[{"href":"https:\/\/globalsourcechemicals.com\/sk\/wp-json\/wp\/v2\/product\/24107","targetHints":{"allow":["GET"]}}],"collection":[{"href":"https:\/\/globalsourcechemicals.com\/sk\/wp-json\/wp\/v2\/product"}],"about":[{"href":"https:\/\/globalsourcechemicals.com\/sk\/wp-json\/wp\/v2\/types\/product"}],"replies":[{"embeddable":true,"href":"https:\/\/globalsourcechemicals.com\/sk\/wp-json\/wp\/v2\/comments?post=24107"}],"version-history":[{"count":3,"href":"https:\/\/globalsourcechemicals.com\/sk\/wp-json\/wp\/v2\/product\/24107\/revisions"}],"predecessor-version":[{"id":25927,"href":"https:\/\/globalsourcechemicals.com\/sk\/wp-json\/wp\/v2\/product\/24107\/revisions\/25927"}],"wp:featuredmedia":[{"embeddable":true,"href":"https:\/\/globalsourcechemicals.com\/sk\/wp-json\/wp\/v2\/media\/21157"}],"wp:attachment":[{"href":"https:\/\/globalsourcechemicals.com\/sk\/wp-json\/wp\/v2\/media?parent=24107"}],"wp:term":[{"taxonomy":"product_brand","embeddable":true,"href":"https:\/\/globalsourcechemicals.com\/sk\/wp-json\/wp\/v2\/product_brand?post=24107"},{"taxonomy":"product_cat","embeddable":true,"href":"https:\/\/globalsourcechemicals.com\/sk\/wp-json\/wp\/v2\/product_cat?post=24107"},{"taxonomy":"product_tag","embeddable":true,"href":"https:\/\/globalsourcechemicals.com\/sk\/wp-json\/wp\/v2\/product_tag?post=24107"}],"curies":[{"name":"pracovn\u00fd list","href":"https:\/\/api.w.org\/{rel}","templated":true}]}}