{"id":24037,"date":"2025-04-13T17:40:56","date_gmt":"2025-04-13T17:40:56","guid":{"rendered":"https:\/\/globalsourcechemicals.com\/?post_type=product&#038;p=24037"},"modified":"2025-10-03T17:18:25","modified_gmt":"2025-10-03T17:18:25","slug":"mdphp-praskova-volna-baza","status":"publish","type":"product","link":"https:\/\/globalsourcechemicals.com\/sk\/obchod\/zakazane\/mdphp-praskova-volna-baza\/","title":{"rendered":"MDPHP pr\u00e1\u0161ok (vo\u013en\u00e1 b\u00e1za)"},"content":{"rendered":"<h1 class=\"ds-markdown-paragraph\"><strong><span dir=\"auto\" style=\"vertical-align: inherit;\"><span dir=\"auto\" style=\"vertical-align: inherit;\">MDPHP pr\u00e1\u0161ok (vo\u013en\u00e1 b\u00e1za) \u2013 v\u00fdskumn\u00e1 chemik\u00e1lia pr\u00e9miovej kvality<\/span><\/span><\/strong><\/h1>\n<p><span dir=\"auto\" style=\"vertical-align: inherit;\"><span dir=\"auto\" style=\"vertical-align: inherit;\">k\u00fapi\u0165 mdphp<\/span><\/span><\/p>\n<h3><strong>\ud83d\udd2c<span dir=\"auto\" style=\"vertical-align: inherit;\"><span dir=\"auto\" style=\"vertical-align: inherit;\">\u0160pecifik\u00e1cie produktu:<\/span><\/span><\/strong><\/h3>\n<ul>\n<li>\n<p class=\"ds-markdown-paragraph\"><strong><span dir=\"auto\" style=\"vertical-align: inherit;\"><span dir=\"auto\" style=\"vertical-align: inherit;\">N\u00e1zov l\u00e1tky:<\/span><\/span><\/strong><span dir=\"auto\" style=\"vertical-align: inherit;\"><span dir=\"auto\" style=\"vertical-align: inherit;\"> \u00a0MDPHP (metyl\u00e9ndioxypyrovaler\u00f3n)<\/span><\/span><\/p>\n<\/li>\n<li>\n<p class=\"ds-markdown-paragraph\"><strong><span dir=\"auto\" style=\"vertical-align: inherit;\"><span dir=\"auto\" style=\"vertical-align: inherit;\">Formul\u00e1r:<\/span><\/span><\/strong><span dir=\"auto\" style=\"vertical-align: inherit;\"><span dir=\"auto\" style=\"vertical-align: inherit;\"> \u00a0Kry\u0161talick\u00fd pr\u00e1\u0161ok (vo\u013en\u00e1 b\u00e1za)<\/span><\/span><\/p>\n<\/li>\n<li>\n<p class=\"ds-markdown-paragraph\"><strong><span dir=\"auto\" style=\"vertical-align: inherit;\"><span dir=\"auto\" style=\"vertical-align: inherit;\">\u010cistota:<\/span><\/span><\/strong><span dir=\"auto\" style=\"vertical-align: inherit;\"><span dir=\"auto\" style=\"vertical-align: inherit;\"> \u00a0\u226598% (overen\u00e9 HPLC)<\/span><\/span><\/p>\n<\/li>\n<li>\n<p class=\"ds-markdown-paragraph\"><strong><span dir=\"auto\" style=\"vertical-align: inherit;\"><span dir=\"auto\" style=\"vertical-align: inherit;\">Farba:<\/span><\/span><\/strong><span dir=\"auto\" style=\"vertical-align: inherit;\"><span dir=\"auto\" style=\"vertical-align: inherit;\"> \u00a0Biela a\u017e svetl\u00e1 farba<\/span><\/span><\/p>\n<\/li>\n<li>\n<p class=\"ds-markdown-paragraph\"><strong><span dir=\"auto\" style=\"vertical-align: inherit;\"><span dir=\"auto\" style=\"vertical-align: inherit;\">Rozpustnos\u0165:<\/span><\/span><\/strong><span dir=\"auto\" style=\"vertical-align: inherit;\"><span dir=\"auto\" style=\"vertical-align: inherit;\"> \u00a0Rozpustn\u00fd v organick\u00fdch rozp\u00fa\u0161\u0165adl\u00e1ch<\/span><\/span><\/p>\n<\/li>\n<li>\n<p class=\"ds-markdown-paragraph\"><strong><span dir=\"auto\" style=\"vertical-align: inherit;\"><span dir=\"auto\" style=\"vertical-align: inherit;\">Stabilita:<\/span><\/span><\/strong><span dir=\"auto\" style=\"vertical-align: inherit;\"><span dir=\"auto\" style=\"vertical-align: inherit;\"> \u00a0Dlhodobo stabiln\u00fd pri spr\u00e1vnom skladovan\u00ed<\/span><\/span><\/p>\n<\/li>\n<\/ul>\n<h3><strong>\ud83d\udca1<span dir=\"auto\" style=\"vertical-align: inherit;\"><span dir=\"auto\" style=\"vertical-align: inherit;\">K\u013e\u00fa\u010dov\u00e9 vlastnosti:<\/span><\/span><\/strong><\/h3>\n<p class=\"ds-markdown-paragraph\">\u2714\u00a0<strong><span dir=\"auto\" style=\"vertical-align: inherit;\"><span dir=\"auto\" style=\"vertical-align: inherit;\">Vysok\u00e1 \u010distota<\/span><\/span><\/strong><span dir=\"auto\" style=\"vertical-align: inherit;\"><span dir=\"auto\" style=\"vertical-align: inherit;\"> \u00a0\u2013 Ide\u00e1lne pre analytick\u00fd a farmakologick\u00fd v\u00fdskum <\/span><\/span><br \/>\n\u2714\u00a0<strong><span dir=\"auto\" style=\"vertical-align: inherit;\"><span dir=\"auto\" style=\"vertical-align: inherit;\">Vo\u013en\u00e1 b\u00e1za<\/span><\/span><\/strong><span dir=\"auto\" style=\"vertical-align: inherit;\"><span dir=\"auto\" style=\"vertical-align: inherit;\"> \u00a0\u2013 Vhodn\u00e9 pre r\u00f4zne laborat\u00f3rne aplik\u00e1cie <\/span><\/span><br \/>\n\u2714\u00a0<strong><span dir=\"auto\" style=\"vertical-align: inherit;\"><span dir=\"auto\" style=\"vertical-align: inherit;\">K dispoz\u00edcii s\u00fa podrobn\u00e9 anal\u00fdzy<\/span><\/span><\/strong><span dir=\"auto\" style=\"vertical-align: inherit;\"><span dir=\"auto\" style=\"vertical-align: inherit;\"> (HPLC, GC\/MS) na po\u017eiadanie, k\u00fapi\u0165 mdphp<\/span><\/span><\/p>\n<h3><strong>\ud83e\uddea<span dir=\"auto\" style=\"vertical-align: inherit;\"><span dir=\"auto\" style=\"vertical-align: inherit;\">Odpor\u00fa\u010dan\u00e9 oblasti v\u00fdskumu:<\/span><\/span><\/strong><\/h3>\n<ul>\n<li>\n<p class=\"ds-markdown-paragraph\"><span dir=\"auto\" style=\"vertical-align: inherit;\"><span dir=\"auto\" style=\"vertical-align: inherit;\">Neurochemick\u00e9 \u0161t\u00fadie<\/span><\/span><\/p>\n<\/li>\n<li>\n<p class=\"ds-markdown-paragraph\"><span dir=\"auto\" style=\"vertical-align: inherit;\"><span dir=\"auto\" style=\"vertical-align: inherit;\">V\u00fdskum interakcie receptorov<\/span><\/span><\/p>\n<\/li>\n<li>\n<p class=\"ds-markdown-paragraph\"><span dir=\"auto\" style=\"vertical-align: inherit;\"><span dir=\"auto\" style=\"vertical-align: inherit;\">Anal\u00fdza metabolick\u00fdch dr\u00e1h<\/span><\/span><\/p>\n<\/li>\n<li>\n<p class=\"ds-markdown-paragraph\"><span dir=\"auto\" style=\"vertical-align: inherit;\"><span dir=\"auto\" style=\"vertical-align: inherit;\">Porovn\u00e1vacie farmakologick\u00e9 \u0161t\u00fadie<\/span><\/span><\/p>\n<\/li>\n<\/ul>\n<h3><strong>\u26a0\ufe0f<span dir=\"auto\" style=\"vertical-align: inherit;\"><span dir=\"auto\" style=\"vertical-align: inherit;\">Bezpe\u010dnostn\u00e9 inform\u00e1cie:<\/span><\/span><\/strong><\/h3>\n<ul>\n<li>\n<p class=\"ds-markdown-paragraph\"><strong><span dir=\"auto\" style=\"vertical-align: inherit;\"><span dir=\"auto\" style=\"vertical-align: inherit;\">LEN NA V\u00ddSKUMN\u00c9 \u00da\u010cELY<\/span><\/span><\/strong><\/p>\n<\/li>\n<li>\n<p class=\"ds-markdown-paragraph\"><span dir=\"auto\" style=\"vertical-align: inherit;\"><span dir=\"auto\" style=\"vertical-align: inherit;\">Nie je ur\u010den\u00e9 na \u013eudsk\u00fa ani zvieraciu spotrebu<\/span><\/span><\/p>\n<\/li>\n<li>\n<p class=\"ds-markdown-paragraph\"><span dir=\"auto\" style=\"vertical-align: inherit;\"><span dir=\"auto\" style=\"vertical-align: inherit;\">Povinn\u00e9: osobn\u00e9 ochrann\u00e9 prostriedky (rukavice, laborat\u00f3rny pl\u00e1\u0161\u0165, ochrann\u00e9 okuliare)<\/span><\/span><\/p>\n<\/li>\n<li>\n<p class=\"ds-markdown-paragraph\"><span dir=\"auto\" style=\"vertical-align: inherit;\"><span dir=\"auto\" style=\"vertical-align: inherit;\">Len na pou\u017eitie v kontrolovanom laborat\u00f3rnom prostred\u00ed<\/span><\/span><\/p>\n<\/li>\n<\/ul>\n<h3><strong>\ud83c\udf21<span dir=\"auto\" style=\"vertical-align: inherit;\"><span dir=\"auto\" style=\"vertical-align: inherit;\">Rady pre skladovanie:<\/span><\/span><\/strong><\/h3>\n<ul>\n<li>\n<p class=\"ds-markdown-paragraph\"><span dir=\"auto\" style=\"vertical-align: inherit;\"><span dir=\"auto\" style=\"vertical-align: inherit;\">Skladujte vo vzduchotesnej n\u00e1dobe<\/span><\/span><\/p>\n<\/li>\n<li>\n<p class=\"ds-markdown-paragraph\"><span dir=\"auto\" style=\"vertical-align: inherit;\"><span dir=\"auto\" style=\"vertical-align: inherit;\">Skladujte na chladnom a tmavom mieste (2 \u2013 8 \u00b0C pre optim\u00e1lnu trvanlivos\u0165)<\/span><\/span><\/p>\n<\/li>\n<li>\n<p class=\"ds-markdown-paragraph\"><span dir=\"auto\" style=\"vertical-align: inherit;\"><span dir=\"auto\" style=\"vertical-align: inherit;\">Chr\u00e1\u0148te pred vlhkos\u0165ou a priamym slne\u010dn\u00fdm \u017eiaren\u00edm<\/span><\/span><\/p>\n<\/li>\n<\/ul>\n<h3><strong>\ud83d\udce6<span dir=\"auto\" style=\"vertical-align: inherit;\"><span dir=\"auto\" style=\"vertical-align: inherit;\">Mo\u017enosti balenia:<\/span><\/span><\/strong><\/h3>\n<ul>\n<li>\n<p class=\"ds-markdown-paragraph\"><strong><span dir=\"auto\" style=\"vertical-align: inherit;\"><span dir=\"auto\" style=\"vertical-align: inherit;\">1 gram<\/span><\/span><\/strong><span dir=\"auto\" style=\"vertical-align: inherit;\"><span dir=\"auto\" style=\"vertical-align: inherit;\"> \u00a0(\u0161tandard)<\/span><\/span><\/p>\n<\/li>\n<li>\n<p class=\"ds-markdown-paragraph\"><strong><span dir=\"auto\" style=\"vertical-align: inherit;\"><span dir=\"auto\" style=\"vertical-align: inherit;\">5 gramov<\/span><\/span><\/strong><\/p>\n<\/li>\n<li>\n<p class=\"ds-markdown-paragraph\"><strong><span dir=\"auto\" style=\"vertical-align: inherit;\"><span dir=\"auto\" style=\"vertical-align: inherit;\">10 gramov a v\u00e4\u010d\u0161ie mno\u017estv\u00e1<\/span><\/span><\/strong><span dir=\"auto\" style=\"vertical-align: inherit;\"><span dir=\"auto\" style=\"vertical-align: inherit;\"> \u00a0NA ZNAMENIE<\/span><\/span><\/p>\n<\/li>\n<\/ul>\n<h3><strong>\ud83d\udeab<span dir=\"auto\" style=\"vertical-align: inherit;\"><span dir=\"auto\" style=\"vertical-align: inherit;\">Pr\u00e1vny status:<\/span><\/span><\/strong><\/h3>\n<ul>\n<li>\n<p class=\"ds-markdown-paragraph\"><span dir=\"auto\" style=\"vertical-align: inherit;\"><span dir=\"auto\" style=\"vertical-align: inherit;\">Pred\u00e1va sa v\u00fdhradne kvalifikovan\u00fdm v\u00fdskumn\u00edkom a in\u0161tit\u00faci\u00e1m<\/span><\/span><\/p>\n<\/li>\n<li>\n<p class=\"ds-markdown-paragraph\"><span dir=\"auto\" style=\"vertical-align: inherit;\"><span dir=\"auto\" style=\"vertical-align: inherit;\">Kupuj\u00faci je zodpovedn\u00fd za dodr\u017eiavanie miestnych z\u00e1konov, mdphp buy<\/span><\/span><\/p>\n<\/li>\n<\/ul>\n<h3><strong>\ud83d\udccc<span dir=\"auto\" style=\"vertical-align: inherit;\"><span dir=\"auto\" style=\"vertical-align: inherit;\">Pozn\u00e1mka:<\/span><\/span><\/strong><\/h3>\n<ul>\n<li>\n<p class=\"ds-markdown-paragraph\"><span dir=\"auto\" style=\"vertical-align: inherit;\"><span dir=\"auto\" style=\"vertical-align: inherit;\">Bezpe\u010dnostn\u00fd list materi\u00e1lu (MSDS) je k dispoz\u00edcii na po\u017eiadanie<\/span><\/span><\/p>\n<\/li>\n<li>\n<p class=\"ds-markdown-paragraph\"><span dir=\"auto\" style=\"vertical-align: inherit;\"><span dir=\"auto\" style=\"vertical-align: inherit;\">Technick\u00e1 podpora pre v\u00fdskumn\u00e9 ot\u00e1zky, <\/span><\/span><a href=\"https:\/\/globalsourcechemicals.com\/sk\/obchod\/iboga-ibogain\/kupit-ibogain-hydrochlorid-online\/\"><span dir=\"auto\" style=\"vertical-align: inherit;\"><span dir=\"auto\" style=\"vertical-align: inherit;\">K\u00fapi\u0165 Iboga\u00edn HCL <\/span><\/span><\/a><a href=\"https:\/\/globalsourcechemicals.com\/sk\/obchod\/iboga-ibogain\/kora-korena-iboga\/\"><span dir=\"auto\" style=\"vertical-align: inherit;\"><span dir=\"auto\" style=\"vertical-align: inherit;\">K\u00f4ra kore\u0148a ibogy <\/span><\/span><\/a><a href=\"https:\/\/globalsourcechemicals.com\/sk\/obchod\/lysergamidy\/1cp-lsd-150-mcg-umelecke-pijavice\/\"><span dir=\"auto\" style=\"vertical-align: inherit;\"><span dir=\"auto\" style=\"vertical-align: inherit;\">Umeleck\u00e9 pijavice 1cP-LSD 150 MCG <\/span><\/span><\/a><a href=\"https:\/\/globalsourcechemicals.com\/sk\/obchod\/pelety\/o-dsmt-50-mg-pelety\/\"><span dir=\"auto\" style=\"vertical-align: inherit;\"><span dir=\"auto\" style=\"vertical-align: inherit;\">O-DSMT 50 mg pelety <\/span><\/span><\/a><a href=\"https:\/\/globalsourcechemicals.com\/sk\/obchod\/lysergamidy\/1v-lsd-150-mcg-blotters\/\"><span dir=\"auto\" style=\"vertical-align: inherit;\"><span dir=\"auto\" style=\"vertical-align: inherit;\">1V-LSD 150 MCG pijavice<\/span><\/span><\/a><\/p>\n<\/li>\n<\/ul>","protected":false},"excerpt":{"rendered":"<h2><strong><span dir=\"auto\" style=\"vertical-align: inherit;\"><span dir=\"auto\" style=\"vertical-align: inherit;\">MDPHP pr\u00e1\u0161ok (vo\u013en\u00e1 b\u00e1za)<\/span><\/span><\/strong><\/h2>\n<p><span dir=\"auto\" style=\"vertical-align: inherit;\"><span dir=\"auto\" style=\"vertical-align: inherit;\">\u010c\u00edslo CAS: 776994-64-0 <\/span><\/span><br \/>\n<span dir=\"auto\" style=\"vertical-align: inherit;\"><span dir=\"auto\" style=\"vertical-align: inherit;\">Vzorec: C17H23NO3 VO\u013dN\u00c1 Z\u00c1SAD <\/span><\/span><br \/>\n<span dir=\"auto\" style=\"vertical-align: inherit;\"><span dir=\"auto\" style=\"vertical-align: inherit;\">Mol\u00e1rna hmotnos\u0165: 289,375 g mol <\/span><\/span><br \/>\n<span dir=\"auto\" style=\"vertical-align: inherit;\"><span dir=\"auto\" style=\"vertical-align: inherit;\">\u010cistota: \u226598%<\/span><\/span><\/p>","protected":false},"featured_media":28439,"comment_status":"closed","ping_status":"closed","template":"","meta":[],"product_brand":[],"product_cat":[488],"product_tag":[560,559,581,326],"class_list":{"0":"post-24037","1":"product","2":"type-product","3":"status-publish","4":"has-post-thumbnail","6":"product_cat-verboden","7":"product_tag-mdphp-freebase-kopen","8":"product_tag-mdphp-kopen","9":"product_tag-mdphp-poeder","10":"product_tag-nl","12":"first","13":"instock","14":"taxable","15":"shipping-taxable","16":"purchasable","17":"product-type-variable"},"_links":{"self":[{"href":"https:\/\/globalsourcechemicals.com\/sk\/wp-json\/wp\/v2\/product\/24037","targetHints":{"allow":["GET"]}}],"collection":[{"href":"https:\/\/globalsourcechemicals.com\/sk\/wp-json\/wp\/v2\/product"}],"about":[{"href":"https:\/\/globalsourcechemicals.com\/sk\/wp-json\/wp\/v2\/types\/product"}],"replies":[{"embeddable":true,"href":"https:\/\/globalsourcechemicals.com\/sk\/wp-json\/wp\/v2\/comments?post=24037"}],"version-history":[{"count":5,"href":"https:\/\/globalsourcechemicals.com\/sk\/wp-json\/wp\/v2\/product\/24037\/revisions"}],"predecessor-version":[{"id":28440,"href":"https:\/\/globalsourcechemicals.com\/sk\/wp-json\/wp\/v2\/product\/24037\/revisions\/28440"}],"wp:featuredmedia":[{"embeddable":true,"href":"https:\/\/globalsourcechemicals.com\/sk\/wp-json\/wp\/v2\/media\/28439"}],"wp:attachment":[{"href":"https:\/\/globalsourcechemicals.com\/sk\/wp-json\/wp\/v2\/media?parent=24037"}],"wp:term":[{"taxonomy":"product_brand","embeddable":true,"href":"https:\/\/globalsourcechemicals.com\/sk\/wp-json\/wp\/v2\/product_brand?post=24037"},{"taxonomy":"product_cat","embeddable":true,"href":"https:\/\/globalsourcechemicals.com\/sk\/wp-json\/wp\/v2\/product_cat?post=24037"},{"taxonomy":"product_tag","embeddable":true,"href":"https:\/\/globalsourcechemicals.com\/sk\/wp-json\/wp\/v2\/product_tag?post=24037"}],"curies":[{"name":"pracovn\u00fd list","href":"https:\/\/api.w.org\/{rel}","templated":true}]}}