{"id":23975,"date":"2025-04-13T17:40:48","date_gmt":"2025-04-13T17:40:48","guid":{"rendered":"https:\/\/globalsourcechemicals.com\/?post_type=product&#038;p=23975"},"modified":"2025-10-02T23:00:16","modified_gmt":"2025-10-02T23:00:16","slug":"2-mmc-220-mg-pelety","status":"publish","type":"product","link":"https:\/\/globalsourcechemicals.com\/sk\/obchod\/kupit-2-mmc\/2-mmc-220-mg-pelety\/","title":{"rendered":"2-MMC pelety 220 mg"},"content":{"rendered":"<h2><strong>2-MMC <\/strong><strong>pelety, <\/strong><strong>220 mg pelety<\/strong><\/h2>\n<p>Ka\u017ed\u00e1 z t\u00fdchto peliet obsahuje 220 MG 2-MMC.<\/p>\n<p>Pelety 2-MMC s\u00fa l\u00e1tkou, ktor\u00fa pred\u00e1vame iba na v\u00fdskumn\u00e9 \u00fa\u010dely, a preto nie s\u00fa ur\u010den\u00e9 na konzum\u00e1ciu. 2-MMC je mo\u017en\u00e9 sk\u00fama\u0165 a\u017e 2 roky, ak je skladovan\u00fd vo vhodnom prostred\u00ed.<a title=\"MEAI\" href=\"https:\/\/globalsourcechemicals.com\/sk\/obchod\/ine\/meai\/\" target=\"_blank\" rel=\"noopener\">MEAI<\/a><\/p>\n<p>Preto\u017ee 2-MMC sl\u00fa\u017ei len na v\u00fdskumn\u00e9 \u00fa\u010dely a nie na konzum\u00e1ciu, je d\u00f4le\u017eit\u00e9, aby sa 2-MMC uchov\u00e1val mimo dosahu det\u00ed a dom\u00e1cich zvierat.<a title=\"6-CL-ADBA\" href=\"https:\/\/globalsourcechemicals.com\/sk\/obchod\/takmer-zakazane\/6-cl-adba\/\" target=\"_blank\" rel=\"noopener\">6-CL-ADBA<\/a><\/p>\n<p>Pon\u00fakame kvalitn\u00e9 v\u00fdskumn\u00e9 chemik\u00e1lie za primeran\u00fa cenu. Va\u0161a objedn\u00e1vka bude odoslan\u00e1 do 24 hod\u00edn ka\u017ed\u00fd de\u0148. Objednajte si preto 2-MMC bezpe\u010dne a r\u00fdchlo.<a title=\"2C-EF 2 mg kapsuly\" href=\"https:\/\/globalsourcechemicals.com\/sk\/obchod\/fenetylamin\/2c-ef-2mg-kapsuly\/\" target=\"_blank\" rel=\"noopener\">2C-EF 2 mg kapsuly<\/a><\/p>\n<h2>2-MMC vlastnosti<\/h2>\n<p><strong>\u010c\u00edslo CAS<\/strong>: 1246911-71-6<br \/>\n<strong>Vzorec<\/strong>: C11h15NO \u2022 HCL<br \/>\n<strong>Mol\u00e1rna hmotnos\u0165<\/strong>: 177.247<br \/>\n<strong>\u010cistota<\/strong>: \u226599%<\/p>\n<h3>Vyhl\u00e1senie o nebezpe\u010denstve<\/h3>\n<p>2-MMC m\u00f4\u017ee sp\u00f4sobi\u0165 podr\u00e1\u017edenie d\u00fdchac\u00edch ciest<br \/>\n2-MMC m\u00f4\u017ee sp\u00f4sobi\u0165 podr\u00e1\u017edenie o\u010d\u00ed.<br \/>\nVyp\u00fa\u0161\u0165anie v\u00fdskumn\u00fdch chemik\u00e1li\u00ed do \u017eivotn\u00e9ho prostredia je zak\u00e1zan\u00e9.<a title=\"6-CL-ADBA\" href=\"https:\/\/globalsourcechemicals.com\/sk\/obchod\/takmer-zakazane\/6-cl-adba\/\" target=\"_blank\" rel=\"noopener\">6-CL-ADBA<\/a><\/p>\n<p>2-MMC PRI KONTAKTE S O\u010cAMI: O\u010di jemne vyplachujte vodou po dobu piatich min\u00fat. Ak je to mo\u017en\u00e9, odstr\u00e1\u0148te kontaktn\u00e9 \u0161o\u0161ovky.<\/p>\n<p>2-MMC PRI KONTAKTE S POKO\u017dKOU: Poko\u017eku umyte mydlom a vodou.<\/p>\n<p>PO VD\u00ddCHNUT\u00cd 2-MMC: privies\u0165 postihnut\u00e9ho k <a href=\"http:\/\/google.nl\" target=\"_blank\" rel=\"noopener\">v<\/a> \u010derstv\u00fd vzduch a nechajte postihnut\u00e9ho st\u00e1\u0165 v polohe, ktor\u00e1 mu umo\u017en\u00ed \u013eahk\u00e9 d\u00fdchanie.<\/p>","protected":false},"excerpt":{"rendered":"<h2>2-MMC vlastnosti<\/h2>\n<p><strong>\u010c\u00edslo CAS<\/strong>: 1246911-71-6<br \/>\n<strong>Vzorec<\/strong>: C11h15NO \u2022 HCL<br \/>\n<strong>Mol\u00e1rna hmotnos\u0165<\/strong>: 177.247<br \/>\n<strong>\u010cistota<\/strong>: \u226599%<\/p>","protected":false},"featured_media":27776,"comment_status":"closed","ping_status":"closed","template":"","meta":[],"product_brand":[82],"product_cat":[372,463,322,79,324],"product_tag":[83,679,652,678,326],"class_list":{"0":"post-23975","1":"product","2":"type-product","3":"status-publish","4":"has-post-thumbnail","6":"product_brand-research-chemical","7":"product_cat-2-mmc-kopen","8":"product_cat-2-mmc-pellets","9":"product_cat-bijna-verboden","10":"product_cat-cathinonen","11":"product_cat-pellets-for-pellet","12":"product_tag-2-mmc-kopen","13":"product_tag-2-mmc-pellets","14":"product_tag-2-mmc-pellets-kopen","15":"product_tag-2mmc-pellets","16":"product_tag-nl","18":"first","19":"instock","20":"taxable","21":"shipping-taxable","22":"purchasable","23":"product-type-variable"},"_links":{"self":[{"href":"https:\/\/globalsourcechemicals.com\/sk\/wp-json\/wp\/v2\/product\/23975","targetHints":{"allow":["GET"]}}],"collection":[{"href":"https:\/\/globalsourcechemicals.com\/sk\/wp-json\/wp\/v2\/product"}],"about":[{"href":"https:\/\/globalsourcechemicals.com\/sk\/wp-json\/wp\/v2\/types\/product"}],"replies":[{"embeddable":true,"href":"https:\/\/globalsourcechemicals.com\/sk\/wp-json\/wp\/v2\/comments?post=23975"}],"version-history":[{"count":3,"href":"https:\/\/globalsourcechemicals.com\/sk\/wp-json\/wp\/v2\/product\/23975\/revisions"}],"predecessor-version":[{"id":25527,"href":"https:\/\/globalsourcechemicals.com\/sk\/wp-json\/wp\/v2\/product\/23975\/revisions\/25527"}],"wp:featuredmedia":[{"embeddable":true,"href":"https:\/\/globalsourcechemicals.com\/sk\/wp-json\/wp\/v2\/media\/27776"}],"wp:attachment":[{"href":"https:\/\/globalsourcechemicals.com\/sk\/wp-json\/wp\/v2\/media?parent=23975"}],"wp:term":[{"taxonomy":"product_brand","embeddable":true,"href":"https:\/\/globalsourcechemicals.com\/sk\/wp-json\/wp\/v2\/product_brand?post=23975"},{"taxonomy":"product_cat","embeddable":true,"href":"https:\/\/globalsourcechemicals.com\/sk\/wp-json\/wp\/v2\/product_cat?post=23975"},{"taxonomy":"product_tag","embeddable":true,"href":"https:\/\/globalsourcechemicals.com\/sk\/wp-json\/wp\/v2\/product_tag?post=23975"}],"curies":[{"name":"pracovn\u00fd list","href":"https:\/\/api.w.org\/{rel}","templated":true}]}}