{"id":23724,"date":"2025-04-13T17:40:18","date_gmt":"2025-04-13T17:40:18","guid":{"rendered":"https:\/\/globalsourcechemicals.com\/?post_type=product&#038;p=23724"},"modified":"2025-10-03T17:58:57","modified_gmt":"2025-10-03T17:58:57","slug":"chem-mist-2f-dck-sprej-20","status":"publish","type":"product","link":"https:\/\/globalsourcechemicals.com\/sk\/obchod\/kupte-si-2f-dck\/chem-mist-2f-dck-sprej-20\/","title":{"rendered":"Chemick\u00e1 hmla 2F-DCK sprej 20%"},"content":{"rendered":"<h1><strong><span dir=\"auto\" style=\"vertical-align: inherit;\"><span dir=\"auto\" style=\"vertical-align: inherit;\">Chem-Mist 2F-DCK sprej 20% \u2013 \u0161tandardizovan\u00fd roztok pre presn\u00e9 vy\u0161etrenie<\/span><\/span><\/strong><\/h1>\n<p><strong><span dir=\"auto\" style=\"vertical-align: inherit;\"><span dir=\"auto\" style=\"vertical-align: inherit;\">N\u00e1zov produktu:<\/span><\/span><\/strong><span dir=\"auto\" style=\"vertical-align: inherit;\"><span dir=\"auto\" style=\"vertical-align: inherit;\"> Sprej Chem-Mist 2F-DCK 20% <\/span><\/span><br \/>\n<strong><span dir=\"auto\" style=\"vertical-align: inherit;\"><span dir=\"auto\" style=\"vertical-align: inherit;\">\u00da\u010dinn\u00e1 l\u00e1tka:<\/span><\/span><\/strong><span dir=\"auto\" style=\"vertical-align: inherit;\"><span dir=\"auto\" style=\"vertical-align: inherit;\"> 2-Flu\u00f3rdeschl\u00f3rketam\u00edn (2F-DCK) <\/span><\/span><br \/>\n<strong><span dir=\"auto\" style=\"vertical-align: inherit;\"><span dir=\"auto\" style=\"vertical-align: inherit;\">Koncentr\u00e1cia:<\/span><\/span><\/strong><span dir=\"auto\" style=\"vertical-align: inherit;\"><span dir=\"auto\" style=\"vertical-align: inherit;\"> 20% (200 mg\/ml) <\/span><\/span><br \/>\n<strong><span dir=\"auto\" style=\"vertical-align: inherit;\"><span dir=\"auto\" style=\"vertical-align: inherit;\">Formul\u00e1r:<\/span><\/span><\/strong><span dir=\"auto\" style=\"vertical-align: inherit;\"><span dir=\"auto\" style=\"vertical-align: inherit;\"> Prieh\u013eadn\u00e1 tekutina v rozpra\u0161ova\u010di <\/span><\/span><br \/>\n<strong><span dir=\"auto\" style=\"vertical-align: inherit;\"><span dir=\"auto\" style=\"vertical-align: inherit;\">Obsah:<\/span><\/span><\/strong><span dir=\"auto\" style=\"vertical-align: inherit;\"><span dir=\"auto\" style=\"vertical-align: inherit;\"> 10 ml \/ 20 ml \/ 30 ml <\/span><\/span><br \/>\n<strong><span dir=\"auto\" style=\"vertical-align: inherit;\"><span dir=\"auto\" style=\"vertical-align: inherit;\">Aplik\u00e1cia:<\/span><\/span><\/strong><span dir=\"auto\" style=\"vertical-align: inherit;\"><span dir=\"auto\" style=\"vertical-align: inherit;\"> Len na analytick\u00e9 a vedeck\u00e9 \u00fa\u010dely <\/span><\/span><br \/>\n<strong><span dir=\"auto\" style=\"vertical-align: inherit;\"><span dir=\"auto\" style=\"vertical-align: inherit;\">Rozp\u00fa\u0161\u0165adlo:<\/span><\/span><\/strong><span dir=\"auto\" style=\"vertical-align: inherit;\"><span dir=\"auto\" style=\"vertical-align: inherit;\"> Denaturovan\u00fd etanol alebo propyl\u00e9nglykol (v z\u00e1vislosti od \u0161ar\u017ee)<\/span><\/span><\/p>\n<hr \/>\n<h2>\ud83e\uddec <strong><span dir=\"auto\" style=\"vertical-align: inherit;\"><span dir=\"auto\" style=\"vertical-align: inherit;\">\u010co je sprej Chem-Mist 2F-DCK 20%?<\/span><\/span><\/strong><\/h2>\n<p><span dir=\"auto\" style=\"vertical-align: inherit;\"><span dir=\"auto\" style=\"vertical-align: inherit;\">Sprej Chem-Mist 2F-DCK je <\/span><\/span><strong><span dir=\"auto\" style=\"vertical-align: inherit;\"><span dir=\"auto\" style=\"vertical-align: inherit;\">tekut\u00e1 formul\u00e1cia pripraven\u00e1 na pou\u017eitie<\/span><\/span><\/strong><span dir=\"auto\" style=\"vertical-align: inherit;\"><span dir=\"auto\" style=\"vertical-align: inherit;\"> alebo 2-flu\u00f3rdeschl\u00f3rketam\u00edn (2F-DCK), disociat\u00edvna zl\u00fa\u010denina v triede arylcyklohexylam\u00ednov. So \u0161tandardizovanou koncentr\u00e1ciou <\/span><\/span><strong><span dir=\"auto\" style=\"vertical-align: inherit;\"><span dir=\"auto\" style=\"vertical-align: inherit;\">200 mg\/ml,<\/span><\/span><\/strong><span dir=\"auto\" style=\"vertical-align: inherit;\"><span dir=\"auto\" style=\"vertical-align: inherit;\"> Tento sprej je ide\u00e1lny na <\/span><\/span><strong><span dir=\"auto\" style=\"vertical-align: inherit;\"><span dir=\"auto\" style=\"vertical-align: inherit;\">presn\u00e9 d\u00e1vkovanie<\/span><\/span><\/strong><span dir=\"auto\" style=\"vertical-align: inherit;\"><span dir=\"auto\" style=\"vertical-align: inherit;\"> po\u010das laborat\u00f3rnych testov.<\/span><\/span><\/p>\n<p><span dir=\"auto\" style=\"vertical-align: inherit;\"><span dir=\"auto\" style=\"vertical-align: inherit;\">V\u010faka sprejovej forme je produkt vhodn\u00fd na kontrolovan\u00fa aplik\u00e1ciu na povrchy, pri analytick\u00fdch extrakci\u00e1ch alebo ako presn\u00fd merac\u00ed pr\u00edstroj v \u0161t\u00fadi\u00e1ch v\u00e4zby na receptory.<\/span><\/span><\/p>\n<hr \/>\n<h2>\u2705 <strong><span dir=\"auto\" style=\"vertical-align: inherit;\"><span dir=\"auto\" style=\"vertical-align: inherit;\">Aplik\u00e1cie zameran\u00e9 na v\u00fdskum<\/span><\/span><\/strong><\/h2>\n<ul>\n<li><strong><span dir=\"auto\" style=\"vertical-align: inherit;\"><span dir=\"auto\" style=\"vertical-align: inherit;\">Neurofarmakologick\u00fd v\u00fdskum<\/span><\/span><\/strong><span dir=\"auto\" style=\"vertical-align: inherit;\"><span dir=\"auto\" style=\"vertical-align: inherit;\"> na antagonizmus NMDA receptorov<\/span><\/span><\/li>\n<li><strong><span dir=\"auto\" style=\"vertical-align: inherit;\"><span dir=\"auto\" style=\"vertical-align: inherit;\">Porovn\u00e1vacia \u0161t\u00fadia SAR<\/span><\/span><\/strong><span dir=\"auto\" style=\"vertical-align: inherit;\"><span dir=\"auto\" style=\"vertical-align: inherit;\"> medzi anal\u00f3gmi ketam\u00ednu (ako napr\u00edklad MXE, O-PCE)<\/span><\/span><\/li>\n<li><strong><span dir=\"auto\" style=\"vertical-align: inherit;\"><span dir=\"auto\" style=\"vertical-align: inherit;\">\u0160t\u00fadie v\u00e4zby na receptory<\/span><\/span><\/strong><span dir=\"auto\" style=\"vertical-align: inherit;\"><span dir=\"auto\" style=\"vertical-align: inherit;\"> in vitro<\/span><\/span><\/li>\n<li><strong><span dir=\"auto\" style=\"vertical-align: inherit;\"><span dir=\"auto\" style=\"vertical-align: inherit;\">Farmakokinetick\u00e9 testovanie<\/span><\/span><\/strong><span dir=\"auto\" style=\"vertical-align: inherit;\"><span dir=\"auto\" style=\"vertical-align: inherit;\"> prostredn\u00edctvom kontrolovanej nosovej stimul\u00e1cie<\/span><\/span><\/li>\n<li><strong><span dir=\"auto\" style=\"vertical-align: inherit;\"><span dir=\"auto\" style=\"vertical-align: inherit;\">Behavior\u00e1lne \u0161t\u00fadie (povolen\u00e9 v s\u00falade s etick\u00fdm protokolom)<\/span><\/span><\/strong><\/li>\n<\/ul>\n<blockquote><p>\u26a0\ufe0f <strong><span dir=\"auto\" style=\"vertical-align: inherit;\"><span dir=\"auto\" style=\"vertical-align: inherit;\">POZOR:<\/span><\/span><\/strong><span dir=\"auto\" style=\"vertical-align: inherit;\"><span dir=\"auto\" style=\"vertical-align: inherit;\"> Nie je ur\u010den\u00e9 na pou\u017eitie u \u013eud\u00ed. Pou\u017e\u00edvajte len v kontrolovanom v\u00fdskumnom prostred\u00ed.<\/span><\/span><\/p><\/blockquote>\n<hr \/>\n<h2>\u26a0\ufe0f <strong><span dir=\"auto\" style=\"vertical-align: inherit;\"><span dir=\"auto\" style=\"vertical-align: inherit;\">Mo\u017en\u00e9 nev\u00fdhody a rizik\u00e1<\/span><\/span><\/strong><\/h2>\n<ul>\n<li><strong><span dir=\"auto\" style=\"vertical-align: inherit;\"><span dir=\"auto\" style=\"vertical-align: inherit;\">Vysok\u00e1 koncentr\u00e1cia:<\/span><\/span><\/strong><span dir=\"auto\" style=\"vertical-align: inherit;\"><span dir=\"auto\" style=\"vertical-align: inherit;\"> N\u00e1hodn\u00e1 expoz\u00edcia m\u00f4\u017ee by\u0165 \u0161kodliv\u00e1<\/span><\/span><\/li>\n<li><strong><span dir=\"auto\" style=\"vertical-align: inherit;\"><span dir=\"auto\" style=\"vertical-align: inherit;\">Hor\u013eav\u00e9 rozp\u00fa\u0161\u0165adl\u00e1:<\/span><\/span><\/strong><span dir=\"auto\" style=\"vertical-align: inherit;\"><span dir=\"auto\" style=\"vertical-align: inherit;\"> Vyh\u00fdbajte sa teplu a otvoren\u00e9mu oh\u0148u<\/span><\/span><\/li>\n<li><strong><span dir=\"auto\" style=\"vertical-align: inherit;\"><span dir=\"auto\" style=\"vertical-align: inherit;\">Nie je ur\u010den\u00e9 na inhal\u00e1ciu ani konzum\u00e1ciu.<\/span><\/span><\/strong><\/li>\n<li><strong><span dir=\"auto\" style=\"vertical-align: inherit;\"><span dir=\"auto\" style=\"vertical-align: inherit;\">V niektor\u00fdch krajin\u00e1ch m\u00f4\u017ee by\u0165 regulovan\u00e9<\/span><\/span><\/strong><\/li>\n<li><strong><span dir=\"auto\" style=\"vertical-align: inherit;\"><span dir=\"auto\" style=\"vertical-align: inherit;\">K dispoz\u00edcii s\u00fa obmedzen\u00e9 klinick\u00e9 a toxikologick\u00e9 \u00fadaje<\/span><\/span><\/strong><\/li>\n<\/ul>\n<hr \/>\n<h2>\ud83e\uddea <strong><span dir=\"auto\" style=\"vertical-align: inherit;\"><span dir=\"auto\" style=\"vertical-align: inherit;\">Laborat\u00f3rne \u0161pecifik\u00e1cie<\/span><\/span><\/strong><\/h2>\n<table>\n<thead>\n<tr>\n<th><span dir=\"auto\" style=\"vertical-align: inherit;\"><span dir=\"auto\" style=\"vertical-align: inherit;\">Charakteristick\u00fd<\/span><\/span><\/th>\n<th><span dir=\"auto\" style=\"vertical-align: inherit;\"><span dir=\"auto\" style=\"vertical-align: inherit;\">\u0160pecifik\u00e1cia<\/span><\/span><\/th>\n<\/tr>\n<\/thead>\n<tbody>\n<tr>\n<td><span dir=\"auto\" style=\"vertical-align: inherit;\"><span dir=\"auto\" style=\"vertical-align: inherit;\">\u00da\u010dinn\u00e1 l\u00e1tka<\/span><\/span><\/td>\n<td><span dir=\"auto\" style=\"vertical-align: inherit;\"><span dir=\"auto\" style=\"vertical-align: inherit;\">2F-DCK (\u010distota \u226598%, testovan\u00e9 HPLC\/NMR)<\/span><\/span><\/td>\n<\/tr>\n<tr>\n<td><span dir=\"auto\" style=\"vertical-align: inherit;\"><span dir=\"auto\" style=\"vertical-align: inherit;\">Koncentr\u00e1cia<\/span><\/span><\/td>\n<td><span dir=\"auto\" style=\"vertical-align: inherit;\"><span dir=\"auto\" style=\"vertical-align: inherit;\">200 mg\/ml (20%)<\/span><\/span><\/td>\n<\/tr>\n<tr>\n<td><span dir=\"auto\" style=\"vertical-align: inherit;\"><span dir=\"auto\" style=\"vertical-align: inherit;\">Rozp\u00fa\u0161\u0165adlo<\/span><\/span><\/td>\n<td><span dir=\"auto\" style=\"vertical-align: inherit;\"><span dir=\"auto\" style=\"vertical-align: inherit;\">Etanol alebo propyl\u00e9nglykol (pod\u013ea \u0161ar\u017ee)<\/span><\/span><\/td>\n<\/tr>\n<tr>\n<td><span dir=\"auto\" style=\"vertical-align: inherit;\"><span dir=\"auto\" style=\"vertical-align: inherit;\">D\u00e1vkovanie spreja<\/span><\/span><\/td>\n<td><span dir=\"auto\" style=\"vertical-align: inherit;\"><span dir=\"auto\" style=\"vertical-align: inherit;\">\u00b10,1 ml na sprej (= 20 mg 2F-DCK)<\/span><\/span><\/td>\n<\/tr>\n<tr>\n<td><span dir=\"auto\" style=\"vertical-align: inherit;\"><span dir=\"auto\" style=\"vertical-align: inherit;\">Materi\u00e1l f\u013ea\u0161e<\/span><\/span><\/td>\n<td><span dir=\"auto\" style=\"vertical-align: inherit;\"><span dir=\"auto\" style=\"vertical-align: inherit;\">F\u013ea\u0161a s rozpra\u0161ova\u010dom odoln\u00fdm vo\u010di UV \u017eiareniu (HDPE alebo sklo)<\/span><\/span><\/td>\n<\/tr>\n<tr>\n<td><span dir=\"auto\" style=\"vertical-align: inherit;\"><span dir=\"auto\" style=\"vertical-align: inherit;\">Rady pre skladovanie<\/span><\/span><\/td>\n<td><span dir=\"auto\" style=\"vertical-align: inherit;\"><span dir=\"auto\" style=\"vertical-align: inherit;\">Tmav\u00e9, such\u00e9, 10\u201325 \u00b0C<\/span><\/span><\/td>\n<\/tr>\n<tr>\n<td><span dir=\"auto\" style=\"vertical-align: inherit;\"><span dir=\"auto\" style=\"vertical-align: inherit;\">Trvanlivos\u0165<\/span><\/span><\/td>\n<td><span dir=\"auto\" style=\"vertical-align: inherit;\"><span dir=\"auto\" style=\"vertical-align: inherit;\">12\u201318 mesiacov pri spr\u00e1vnom skladovan\u00ed<\/span><\/span><\/td>\n<\/tr>\n<tr>\n<td><span dir=\"auto\" style=\"vertical-align: inherit;\"><span dir=\"auto\" style=\"vertical-align: inherit;\">Certifik\u00e1t pravosti<\/span><\/span><\/td>\n<td><span dir=\"auto\" style=\"vertical-align: inherit;\"><span dir=\"auto\" style=\"vertical-align: inherit;\">Dostupn\u00e9 na d\u00e1vku<\/span><\/span><\/td>\n<\/tr>\n<\/tbody>\n<\/table>\n<hr \/>\n<h2>\ud83d\udca1 <strong><span dir=\"auto\" style=\"vertical-align: inherit;\"><span dir=\"auto\" style=\"vertical-align: inherit;\">Odpor\u00fa\u010dan\u00e9 pr\u00edpady pou\u017eitia<\/span><\/span><\/strong><\/h2>\n<table>\n<thead>\n<tr>\n<th><span dir=\"auto\" style=\"vertical-align: inherit;\"><span dir=\"auto\" style=\"vertical-align: inherit;\">Cie\u013eov\u00e1 skupina \/ Typ v\u00fdskumu<\/span><\/span><\/th>\n<th><span dir=\"auto\" style=\"vertical-align: inherit;\"><span dir=\"auto\" style=\"vertical-align: inherit;\">Scen\u00e1r pou\u017eitia<\/span><\/span><\/th>\n<\/tr>\n<\/thead>\n<tbody>\n<tr>\n<td><span dir=\"auto\" style=\"vertical-align: inherit;\"><span dir=\"auto\" style=\"vertical-align: inherit;\">Farmakologick\u00fd v\u00fdskum<\/span><\/span><\/td>\n<td><span dir=\"auto\" style=\"vertical-align: inherit;\"><span dir=\"auto\" style=\"vertical-align: inherit;\">Presn\u00e9 d\u00e1vkovanie na tkanivov\u00fdch alebo bunkov\u00fdch kult\u00farach<\/span><\/span><\/td>\n<\/tr>\n<tr>\n<td><span dir=\"auto\" style=\"vertical-align: inherit;\"><span dir=\"auto\" style=\"vertical-align: inherit;\">Test v\u00e4zby na receptor<\/span><\/span><\/td>\n<td><span dir=\"auto\" style=\"vertical-align: inherit;\"><span dir=\"auto\" style=\"vertical-align: inherit;\">V\u00fdskum cie\u013eov NMDA alebo sigma-1<\/span><\/span><\/td>\n<\/tr>\n<tr>\n<td><span dir=\"auto\" style=\"vertical-align: inherit;\"><span dir=\"auto\" style=\"vertical-align: inherit;\">Porovnanie SAR<\/span><\/span><\/td>\n<td><span dir=\"auto\" style=\"vertical-align: inherit;\"><span dir=\"auto\" style=\"vertical-align: inherit;\">S pr\u00edbuzn\u00fdmi arylcyklohexylam\u00ednmi<\/span><\/span><\/td>\n<\/tr>\n<tr>\n<td><span dir=\"auto\" style=\"vertical-align: inherit;\"><span dir=\"auto\" style=\"vertical-align: inherit;\">Extrakcie in vitro<\/span><\/span><\/td>\n<td><span dir=\"auto\" style=\"vertical-align: inherit;\"><span dir=\"auto\" style=\"vertical-align: inherit;\">Pre LC-MS alebo HPLC anal\u00fdzu<\/span><\/span><\/td>\n<\/tr>\n<tr>\n<td><span dir=\"auto\" style=\"vertical-align: inherit;\"><span dir=\"auto\" style=\"vertical-align: inherit;\">Behavior\u00e1lny v\u00fdskum (predklinick\u00fd)<\/span><\/span><\/td>\n<td><span dir=\"auto\" style=\"vertical-align: inherit;\"><span dir=\"auto\" style=\"vertical-align: inherit;\">Naz\u00e1lna stimul\u00e1cia v schv\u00e1len\u00fdch \u0161t\u00fadi\u00e1ch<\/span><\/span><\/td>\n<\/tr>\n<\/tbody>\n<\/table>\n<hr \/>\n<h2>\u2753 <strong><span dir=\"auto\" style=\"vertical-align: inherit;\"><span dir=\"auto\" style=\"vertical-align: inherit;\">\u010casto kladen\u00e9 ot\u00e1zky (FAQ)<\/span><\/span><\/strong><\/h2>\n<p><strong><span dir=\"auto\" style=\"vertical-align: inherit;\"><span dir=\"auto\" style=\"vertical-align: inherit;\">1. Ko\u013eko 2F-DCK obsahuje jedno vstreknutie?<\/span><\/span><\/strong><br \/>\n<span dir=\"auto\" style=\"vertical-align: inherit;\"><span dir=\"auto\" style=\"vertical-align: inherit;\"> Ka\u017ed\u00e9 postrekov\u00e9 nanesenie dosiahne pribli\u017ene <\/span><\/span><strong><span dir=\"auto\" style=\"vertical-align: inherit;\"><span dir=\"auto\" style=\"vertical-align: inherit;\">0,1 ml<\/span><\/span><\/strong><span dir=\"auto\" style=\"vertical-align: inherit;\"><span dir=\"auto\" style=\"vertical-align: inherit;\"> , \u010do je ekvivalentn\u00e9 <\/span><\/span><strong><span dir=\"auto\" style=\"vertical-align: inherit;\"><span dir=\"auto\" style=\"vertical-align: inherit;\">20 mg 2F-DCK<\/span><\/span><\/strong><span dir=\"auto\" style=\"vertical-align: inherit;\"><span dir=\"auto\" style=\"vertical-align: inherit;\"> .<\/span><\/span><\/p>\n<p><strong><span dir=\"auto\" style=\"vertical-align: inherit;\"><span dir=\"auto\" style=\"vertical-align: inherit;\">2. Je tento produkt vhodn\u00fd pre \u013eud\u00ed? <\/span><\/span><\/strong><br \/>\n<strong><span dir=\"auto\" style=\"vertical-align: inherit;\"><span dir=\"auto\" style=\"vertical-align: inherit;\">Nie.<\/span><\/span><\/strong><span dir=\"auto\" style=\"vertical-align: inherit;\"><span dir=\"auto\" style=\"vertical-align: inherit;\"> Toto je \u010disto v\u00fdskumn\u00fd produkt. Pou\u017eitie u \u013eud\u00ed alebo zvierat je <\/span><\/span><strong><span dir=\"auto\" style=\"vertical-align: inherit;\"><span dir=\"auto\" style=\"vertical-align: inherit;\">neleg\u00e1lne a nebezpe\u010dn\u00e9<\/span><\/span><\/strong><span dir=\"auto\" style=\"vertical-align: inherit;\"><span dir=\"auto\" style=\"vertical-align: inherit;\"> .<\/span><\/span><\/p>\n<p><strong><span dir=\"auto\" style=\"vertical-align: inherit;\"><span dir=\"auto\" style=\"vertical-align: inherit;\">3. Ktor\u00e9 rozp\u00fa\u0161\u0165adl\u00e1 sa pou\u017e\u00edvaj\u00fa?<\/span><\/span><\/strong><br \/>\n<span dir=\"auto\" style=\"vertical-align: inherit;\"><span dir=\"auto\" style=\"vertical-align: inherit;\"> V z\u00e1vislosti od \u0161ar\u017ee: <\/span><\/span><strong><span dir=\"auto\" style=\"vertical-align: inherit;\"><span dir=\"auto\" style=\"vertical-align: inherit;\">denaturovan\u00fd etanol<\/span><\/span><\/strong><span dir=\"auto\" style=\"vertical-align: inherit;\"><span dir=\"auto\" style=\"vertical-align: inherit;\"> alebo <\/span><\/span><strong><span dir=\"auto\" style=\"vertical-align: inherit;\"><span dir=\"auto\" style=\"vertical-align: inherit;\">propyl\u00e9nglykol (PG)<\/span><\/span><\/strong><span dir=\"auto\" style=\"vertical-align: inherit;\"><span dir=\"auto\" style=\"vertical-align: inherit;\"> \u2013 obe vhodn\u00e9 na laborat\u00f3rne pou\u017eitie.<\/span><\/span><\/p>\n<p><strong><span dir=\"auto\" style=\"vertical-align: inherit;\"><span dir=\"auto\" style=\"vertical-align: inherit;\">4. Je to leg\u00e1lne?<\/span><\/span><\/strong><br \/>\n<span dir=\"auto\" style=\"vertical-align: inherit;\"><span dir=\"auto\" style=\"vertical-align: inherit;\"> Pr\u00e1vny status 2F-DCK sa l\u00ed\u0161i v z\u00e1vislosti od krajiny. Pred objednan\u00edm alebo pou\u017eit\u00edm tohto produktu si overte miestne z\u00e1kony.<\/span><\/span><\/p>\n<p><strong><span dir=\"auto\" style=\"vertical-align: inherit;\"><span dir=\"auto\" style=\"vertical-align: inherit;\">5. Je k dispoz\u00edcii certifik\u00e1t pravosti?<\/span><\/span><\/strong><br \/>\n<span dir=\"auto\" style=\"vertical-align: inherit;\"><span dir=\"auto\" style=\"vertical-align: inherit;\"> \u00c1no, ka\u017ed\u00e1 d\u00e1vka sa dod\u00e1va s <\/span><\/span><strong><span dir=\"auto\" style=\"vertical-align: inherit;\"><span dir=\"auto\" style=\"vertical-align: inherit;\">Certifik\u00e1t anal\u00fdzy (COA)<\/span><\/span><\/strong><span dir=\"auto\" style=\"vertical-align: inherit;\"><span dir=\"auto\" style=\"vertical-align: inherit;\"> potvrdenie \u010distoty a zlo\u017eenia.<\/span><\/span><\/p>\n<hr \/>\n<h2>\ud83d\udce6 <strong><span dir=\"auto\" style=\"vertical-align: inherit;\"><span dir=\"auto\" style=\"vertical-align: inherit;\">Preh\u013ead produktu<\/span><\/span><\/strong><\/h2>\n<table>\n<thead>\n<tr>\n<th><span dir=\"auto\" style=\"vertical-align: inherit;\"><span dir=\"auto\" style=\"vertical-align: inherit;\">Funkcia<\/span><\/span><\/th>\n<th><span dir=\"auto\" style=\"vertical-align: inherit;\"><span dir=\"auto\" style=\"vertical-align: inherit;\">\u0160pecifik\u00e1cia<\/span><\/span><\/th>\n<\/tr>\n<\/thead>\n<tbody>\n<tr>\n<td><span dir=\"auto\" style=\"vertical-align: inherit;\"><span dir=\"auto\" style=\"vertical-align: inherit;\">N\u00e1zov produktu<\/span><\/span><\/td>\n<td><span dir=\"auto\" style=\"vertical-align: inherit;\"><span dir=\"auto\" style=\"vertical-align: inherit;\">Sprej Chem-Mist 2F-DCK 20%<\/span><\/span><\/td>\n<\/tr>\n<tr>\n<td><span dir=\"auto\" style=\"vertical-align: inherit;\"><span dir=\"auto\" style=\"vertical-align: inherit;\">\u00da\u010dinn\u00e1 l\u00e1tka<\/span><\/span><\/td>\n<td><span dir=\"auto\" style=\"vertical-align: inherit;\"><span dir=\"auto\" style=\"vertical-align: inherit;\">2-flu\u00f3rdeschl\u00f3rketam\u00edn<\/span><\/span><\/td>\n<\/tr>\n<tr>\n<td><span dir=\"auto\" style=\"vertical-align: inherit;\"><span dir=\"auto\" style=\"vertical-align: inherit;\">Koncentr\u00e1cia<\/span><\/span><\/td>\n<td><span dir=\"auto\" style=\"vertical-align: inherit;\"><span dir=\"auto\" style=\"vertical-align: inherit;\">20% (200 mg\/ml)<\/span><\/span><\/td>\n<\/tr>\n<tr>\n<td><span dir=\"auto\" style=\"vertical-align: inherit;\"><span dir=\"auto\" style=\"vertical-align: inherit;\">Balenie<\/span><\/span><\/td>\n<td><span dir=\"auto\" style=\"vertical-align: inherit;\"><span dir=\"auto\" style=\"vertical-align: inherit;\">10 ml \/ 20 ml \/ 30 ml<\/span><\/span><\/td>\n<\/tr>\n<tr>\n<td><span dir=\"auto\" style=\"vertical-align: inherit;\"><span dir=\"auto\" style=\"vertical-align: inherit;\">Formul\u00e1r<\/span><\/span><\/td>\n<td><span dir=\"auto\" style=\"vertical-align: inherit;\"><span dir=\"auto\" style=\"vertical-align: inherit;\">Rozpra\u0161ova\u010d<\/span><\/span><\/td>\n<\/tr>\n<tr>\n<td><span dir=\"auto\" style=\"vertical-align: inherit;\"><span dir=\"auto\" style=\"vertical-align: inherit;\">Skladovanie<\/span><\/span><\/td>\n<td><span dir=\"auto\" style=\"vertical-align: inherit;\"><span dir=\"auto\" style=\"vertical-align: inherit;\">Chladn\u00e9, such\u00e9 a bez svetla<\/span><\/span><\/td>\n<\/tr>\n<tr>\n<td><span dir=\"auto\" style=\"vertical-align: inherit;\"><span dir=\"auto\" style=\"vertical-align: inherit;\">Pou\u017eitie<\/span><\/span><\/td>\n<td><span dir=\"auto\" style=\"vertical-align: inherit;\"><span dir=\"auto\" style=\"vertical-align: inherit;\">Len na laborat\u00f3rne pou\u017eitie<\/span><\/span><\/td>\n<\/tr>\n<tr>\n<td><span dir=\"auto\" style=\"vertical-align: inherit;\"><span dir=\"auto\" style=\"vertical-align: inherit;\">Pr\u00e1vne postavenie<\/span><\/span><\/td>\n<td><span dir=\"auto\" style=\"vertical-align: inherit;\"><span dir=\"auto\" style=\"vertical-align: inherit;\">V z\u00e1vislosti od krajiny\/regi\u00f3nu<\/span><\/span><\/td>\n<\/tr>\n<tr>\n<td><span dir=\"auto\" style=\"vertical-align: inherit;\"><span dir=\"auto\" style=\"vertical-align: inherit;\">Certifik\u00e1t pravosti<\/span><\/span><\/td>\n<td><span dir=\"auto\" style=\"vertical-align: inherit;\"><span dir=\"auto\" style=\"vertical-align: inherit;\">K dispoz\u00edcii na po\u017eiadanie<\/span><\/span><\/td>\n<\/tr>\n<\/tbody>\n<\/table>\n<p>&nbsp;<\/p>","protected":false},"excerpt":{"rendered":"<h2><span style=\"vertical-align: inherit;\"><span style=\"vertical-align: inherit;\"><span dir=\"auto\" style=\"vertical-align: inherit;\"><span dir=\"auto\" style=\"vertical-align: inherit;\">Vlastnosti Chem-mist 2F-DCK 20% Vanilla Sky<\/span><\/span><\/span><\/span><\/h2>\n<p><strong><span style=\"vertical-align: inherit;\"><span style=\"vertical-align: inherit;\"><span dir=\"auto\" style=\"vertical-align: inherit;\"><span dir=\"auto\" style=\"vertical-align: inherit;\">Synonymum:<\/span><\/span><\/span><\/span><\/strong><span style=\"vertical-align: inherit;\"><span style=\"vertical-align: inherit;\"><span dir=\"auto\" style=\"vertical-align: inherit;\"><span dir=\"auto\" style=\"vertical-align: inherit;\"> 2-flu\u00f3rdeschl\u00f3rketam\u00edn HCl <\/span><\/span><\/span><\/span><br \/>\n<strong><span style=\"vertical-align: inherit;\"><span style=\"vertical-align: inherit;\"><span dir=\"auto\" style=\"vertical-align: inherit;\"><span dir=\"auto\" style=\"vertical-align: inherit;\">\u010c\u00edslo CAS:<\/span><\/span><\/span><\/span><\/strong><span style=\"vertical-align: inherit;\"><span style=\"vertical-align: inherit;\"><span dir=\"auto\" style=\"vertical-align: inherit;\"><span dir=\"auto\" style=\"vertical-align: inherit;\"> 111982-49-1 <\/span><\/span><\/span><\/span><br \/>\n<strong><span style=\"vertical-align: inherit;\"><span style=\"vertical-align: inherit;\"><span dir=\"auto\" style=\"vertical-align: inherit;\"><span dir=\"auto\" style=\"vertical-align: inherit;\">Vzorec:<\/span><\/span><\/span><\/span><\/strong><span style=\"vertical-align: inherit;\"><span style=\"vertical-align: inherit;\"><span dir=\"auto\" style=\"vertical-align: inherit;\"><span dir=\"auto\" style=\"vertical-align: inherit;\"> 2-(2-flu\u00f3rfenyl)-2-(metylamino)cyklohexan\u00f3n <\/span><\/span><\/span><\/span><br \/>\n<strong><span style=\"vertical-align: inherit;\"><span style=\"vertical-align: inherit;\"><span dir=\"auto\" style=\"vertical-align: inherit;\"><span dir=\"auto\" style=\"vertical-align: inherit;\">Mol\u00e1rna hmotnos\u0165:<\/span><\/span><\/span><\/span><\/strong><span style=\"vertical-align: inherit;\"><span style=\"vertical-align: inherit;\"><span dir=\"auto\" style=\"vertical-align: inherit;\"><span dir=\"auto\" style=\"vertical-align: inherit;\"> 257,7 g\/mol <\/span><\/span><\/span><\/span><br \/>\n<strong><span style=\"vertical-align: inherit;\"><span style=\"vertical-align: inherit;\"><span dir=\"auto\" style=\"vertical-align: inherit;\"><span dir=\"auto\" style=\"vertical-align: inherit;\">\u010cistota:<\/span><\/span><\/span><\/span><\/strong><span style=\"vertical-align: inherit;\"><span style=\"vertical-align: inherit;\"><span dir=\"auto\" style=\"vertical-align: inherit;\"><span dir=\"auto\" style=\"vertical-align: inherit;\"> &gt;98%<\/span><\/span><\/span><\/span><\/p>","protected":false},"featured_media":28459,"comment_status":"closed","ping_status":"closed","template":"","meta":[],"product_brand":[],"product_cat":[474,498,71,471,396],"product_tag":[326,472],"class_list":{"0":"post-23724","1":"product","2":"type-product","3":"status-publish","4":"has-post-thumbnail","6":"product_cat-2f-dck-kopen","7":"product_cat-2f-dck-sprays","8":"product_cat-arylcyclohexylamine","9":"product_cat-chem-mist-sprays","10":"product_cat-liquid-rcs","11":"product_tag-nl","12":"product_tag-spring-is-in-the-air","14":"first","15":"instock","16":"taxable","17":"shipping-taxable","18":"purchasable","19":"product-type-variable"},"_links":{"self":[{"href":"https:\/\/globalsourcechemicals.com\/sk\/wp-json\/wp\/v2\/product\/23724","targetHints":{"allow":["GET"]}}],"collection":[{"href":"https:\/\/globalsourcechemicals.com\/sk\/wp-json\/wp\/v2\/product"}],"about":[{"href":"https:\/\/globalsourcechemicals.com\/sk\/wp-json\/wp\/v2\/types\/product"}],"replies":[{"embeddable":true,"href":"https:\/\/globalsourcechemicals.com\/sk\/wp-json\/wp\/v2\/comments?post=23724"}],"version-history":[{"count":4,"href":"https:\/\/globalsourcechemicals.com\/sk\/wp-json\/wp\/v2\/product\/23724\/revisions"}],"predecessor-version":[{"id":28460,"href":"https:\/\/globalsourcechemicals.com\/sk\/wp-json\/wp\/v2\/product\/23724\/revisions\/28460"}],"wp:featuredmedia":[{"embeddable":true,"href":"https:\/\/globalsourcechemicals.com\/sk\/wp-json\/wp\/v2\/media\/28459"}],"wp:attachment":[{"href":"https:\/\/globalsourcechemicals.com\/sk\/wp-json\/wp\/v2\/media?parent=23724"}],"wp:term":[{"taxonomy":"product_brand","embeddable":true,"href":"https:\/\/globalsourcechemicals.com\/sk\/wp-json\/wp\/v2\/product_brand?post=23724"},{"taxonomy":"product_cat","embeddable":true,"href":"https:\/\/globalsourcechemicals.com\/sk\/wp-json\/wp\/v2\/product_cat?post=23724"},{"taxonomy":"product_tag","embeddable":true,"href":"https:\/\/globalsourcechemicals.com\/sk\/wp-json\/wp\/v2\/product_tag?post=23724"}],"curies":[{"name":"pracovn\u00fd list","href":"https:\/\/api.w.org\/{rel}","templated":true}]}}