{"id":23317,"date":"2025-04-13T17:39:34","date_gmt":"2025-04-13T17:39:34","guid":{"rendered":"https:\/\/globalsourcechemicals.com\/?post_type=product&#038;p=23317"},"modified":"2025-10-03T19:07:03","modified_gmt":"2025-10-03T19:07:03","slug":"cisty-flubromazepam","status":"publish","type":"product","link":"https:\/\/globalsourcechemicals.com\/sk\/obchod\/benzodiazepiny\/cisty-flubromazepam\/","title":{"rendered":"Flubromazepam \u010dist\u00fd"},"content":{"rendered":"<h2>flubromazepam<span class=\"___SText_pr68d-red-team\" data-ui-name=\"Link.Text\">\u00a0oper\u00e1cia<\/span><\/h2>\n<p><strong>flubromazepam <span class=\"___SText_pr68d-red-team\" data-ui-name=\"Link.Text\">oper\u00e1cia<\/span><\/strong> je l\u00e1tka, ktor\u00e1 sa pred\u00e1va len na v\u00fdskumn\u00e9 \u00fa\u010dely, a preto nie je ur\u010den\u00e1 na konzum\u00e1ciu.<\/p>\n<p>Flubromazepam si pri skladovan\u00ed vo vhodnom prostred\u00ed zachov\u00e1va svoju stabilitu a\u017e 2 roky. Flubromazepam je ur\u010den\u00fd na v\u00fdskumn\u00e9 \u00fa\u010dely a nie na konzum\u00e1ciu. Preto je d\u00f4le\u017eit\u00e9, aby bol v\u00fdrobok uchov\u00e1van\u00fd mimo dosahu det\u00ed a dom\u00e1cich zvierat.<a title=\"1V-LSD 150 MCG pijavice\" href=\"https:\/\/globalsourcechemicals.com\/sk\/obchod\/lysergamidy\/1v-lsd-150-mcg-blotters\/\" target=\"_blank\" rel=\"noopener\">1V-LSD 150 MCG pijavice<\/a><\/p>\n<p>Pon\u00fakame kvalitn\u00e9 v\u00fdskumn\u00e9 chemik\u00e1lie za primeran\u00fa cenu. Va\u0161a objedn\u00e1vka bude odoslan\u00e1 do 24 hod\u00edn ka\u017ed\u00fd de\u0148. Preto objedn\u00e1vajte <em>flubromazepam<\/em> bezpe\u010dne a r\u00fdchlo cez !<a title=\"2C-EF 2 mg kapsuly\" href=\"https:\/\/globalsourcechemicals.com\/sk\/obchod\/fenetylamin\/2c-ef-2mg-kapsuly\/\" target=\"_blank\" rel=\"noopener\">2C-EF 2 mg kapsuly<\/a><\/p>\n<h3>Vlastnosti flubromazepamu<\/h3>\n<p><strong>Synonymum:<\/strong> flubromazepam<br \/>\n<strong>\u010c\u00edslo CAS:<\/strong> 2647-50-9<br \/>\n<strong>Vzorec:<\/strong> 7-br\u00f3m-5-(2-flu\u00f3rfenyl)-1,3-dihydro-2H-1,4-benzodiazep\u00edn-2-\u00f3n<br \/>\n<strong>Mol\u00e1rna hmotnos\u0165:<\/strong> 333,2 g\/mol<br \/>\n<strong>\u010distota:<\/strong> &gt;97%<\/p>\n<h3>\u010co je flubromazepam?<\/h3>\n<p>Flubromazepam je v\u00fdskumn\u00e1 chemik\u00e1lia patriaca do triedy benzodiazep\u00ednov. Je to syntetick\u00e1 zl\u00fa\u010denina, ktor\u00e1 pritiahla z\u00e1ujem v\u00fdskumn\u00edkov kv\u00f4li jej mo\u017en\u00fdm \u00fa\u010dinkom na centr\u00e1lny nervov\u00fd syst\u00e9m.<\/p>\n<p>Flubromazepam je odvoden\u00fd z benzodiazep\u00ednovej rodiny liekov, ktor\u00e9 s\u00fa zn\u00e1me svojimi sedat\u00edvnymi, anxiolytick\u00fdmi a svalov\u00fdmi relaxa\u010dn\u00fdmi vlastnos\u0165ami. Bol vyvinut\u00fd ako modifik\u00e1cia existuj\u00facich benzodiazep\u00ednov na sk\u00famanie vari\u00e1ci\u00ed vo farmakologickom profile a potenci\u00e1lnych terapeutick\u00fdch aplik\u00e1ci\u00e1ch. V\u00fdskumn\u00edci sa obzvl\u00e1\u0161\u0165 zauj\u00edmaj\u00fa o \u0161t\u00fadium interakcie flubromazepamu s receptormi GABA-A v mozgu. Tieto receptory hraj\u00fa k\u013e\u00fa\u010dov\u00fa \u00falohu v regul\u00e1cii inhibi\u010dn\u00fdch neurotransmiterov.<\/p>\n<p>V\u00fdvoj flubromazepamu ako v\u00fdskumnej chemik\u00e1lie je poh\u00e1\u0148an\u00fd vedeckou zvedavos\u0165ou a t\u00fa\u017ebou zlep\u0161i\u0165 na\u0161e ch\u00e1panie benzodiazep\u00ednov\u00fdch zl\u00fa\u010den\u00edn. Vedci sa d\u00f4sledn\u00fdm v\u00fdskumom zameriavaj\u00fa na roz\u0161\u00edrenie na\u0161ich vedomost\u00ed o \u00fa\u010dinkoch zl\u00fa\u010deniny na centr\u00e1lny nervov\u00fd syst\u00e9m a prispievaj\u00fa k \u0161ir\u0161iemu pochopeniu benzodiazep\u00ednov.<\/p>\n<h3>Ako vznikol flubromazepam?<\/h3>\n<p>Hist\u00f3ria chemickej l\u00e1tky Flubromazepam je \u00fazko spojen\u00e1 s v\u00fdvojom a v\u00fdskumom benzodiazep\u00ednov\u00fdch zl\u00fa\u010den\u00edn. Benzodiazep\u00edny, trieda zn\u00e1ma pre svoje sedat\u00edvne, anxiolytick\u00e9 a svalov\u00e9 relaxanci\u00e1, maj\u00fa dlh\u00fa hist\u00f3riu vo farmaceutickom v\u00fdskume.<\/p>\n<p>Samotn\u00fd flubromazepam sa objavil ako chemik\u00e1lia na sk\u00famanie v posledn\u00fdch rokoch, ke\u010f sa vedci sna\u017eili roz\u0161\u00edri\u0165 svoje znalosti a pochopenie benzodiazep\u00ednov. Zl\u00fa\u010denina bola vyvinut\u00e1 ako modifik\u00e1cia existuj\u00facich benzodiazep\u00ednov s cie\u013eom presk\u00fama\u0165 potenci\u00e1lne vari\u00e1cie vo farmakologickom profile a vlastnostiach.<\/p>\n<p>Synt\u00e9za a \u0161t\u00fadium flubromazepamu prebiehalo hlavne v oblasti vedeck\u00e9ho v\u00fdskumu. V\u00fdskumn\u00edci, vr\u00e1tane chemikov, farmakol\u00f3gov a neurovedcov, maj\u00fa z\u00e1ujem presk\u00fama\u0165 chemick\u00fa \u0161trukt\u00faru zl\u00fa\u010deniny, jej \u00fa\u010dinky na centr\u00e1lny nervov\u00fd syst\u00e9m a jej mo\u017en\u00e9 terapeutick\u00e9 aplik\u00e1cie.<a title=\"2-CMC 250 mg pelety\" href=\"https:\/\/globalsourcechemicals.com\/sk\/obchod\/katinony\/%f0%9f%92%a1-2-mmc-krystalicky-prasok-pre-vsetky-otazky-a-odpovede-na-nakup\/\" target=\"_blank\" rel=\"noopener\">2-CMC 250 mg pelety<\/a><\/p>\n<h3>Vyhl\u00e1senie o nebezpe\u010denstve<\/h3>\n<p>Flubromazepam m\u00f4\u017ee sp\u00f4sobi\u0165 podr\u00e1\u017edenie d\u00fdchac\u00edch ciest<br \/>\nFlubromazepam m\u00f4\u017ee sp\u00f4sobi\u0165 podr\u00e1\u017edenie o\u010d\u00ed.<br \/>\nVyp\u00fa\u0161\u0165anie v\u00fdskumn\u00fdch chemik\u00e1li\u00ed do \u017eivotn\u00e9ho prostredia je zak\u00e1zan\u00e9.<\/p>\n<p>Flubromazepam PRI KONTAKTE S O\u010cAMI: O\u010di opatrne vyplachujte vodou p\u00e4\u0165 min\u00fat. Ak je to mo\u017en\u00e9, vyberte kontaktn\u00e9 \u0161o\u0161ovky.<a href=\"http:\/\/google.nl\" target=\"_blank\" rel=\"noopener\">.<\/a><\/p>\n<p>Flubromazepam PRI KONTAKTE S POKO\u017dKOU: Umyte poko\u017eku mydlom a vodou.<\/p>\n<p>PO VD\u00ddCHNUT\u00cd Flubromazepam: Presu\u0148te postihnut\u00e9ho na \u010derstv\u00fd vzduch a nechajte ho v polohe, ktor\u00e1 mu umo\u017en\u00ed pohodln\u00e9 d\u00fdchanie.<\/p>","protected":false},"excerpt":{"rendered":"<p>Flubromazepam Effect Flubromazepam Effect je l\u00e1tka, ktor\u00e1 sa pred\u00e1va len na v\u00fdskumn\u00e9 \u00fa\u010dely, a preto nie je ur\u010den\u00e1 na konzum\u00e1ciu.<\/p>","protected":false},"featured_media":28477,"comment_status":"closed","ping_status":"closed","template":"","meta":[],"product_brand":[82],"product_cat":[76,386],"product_tag":[138,139,140,142,141,326],"class_list":{"0":"post-23317","1":"product","2":"type-product","3":"status-publish","4":"has-post-thumbnail","6":"product_brand-research-chemical","7":"product_cat-benzodiazepinen","8":"product_cat-flubromazepam","9":"product_tag-flubromazepam","10":"product_tag-flubromazepam-effects","11":"product_tag-flubromazepam-ervaring","12":"product_tag-flubromazepam-halfwaardetijd","13":"product_tag-flubromazepam-werking","14":"product_tag-nl","16":"first","17":"instock","18":"taxable","19":"shipping-taxable","20":"purchasable","21":"product-type-variable"},"_links":{"self":[{"href":"https:\/\/globalsourcechemicals.com\/sk\/wp-json\/wp\/v2\/product\/23317","targetHints":{"allow":["GET"]}}],"collection":[{"href":"https:\/\/globalsourcechemicals.com\/sk\/wp-json\/wp\/v2\/product"}],"about":[{"href":"https:\/\/globalsourcechemicals.com\/sk\/wp-json\/wp\/v2\/types\/product"}],"replies":[{"embeddable":true,"href":"https:\/\/globalsourcechemicals.com\/sk\/wp-json\/wp\/v2\/comments?post=23317"}],"version-history":[{"count":3,"href":"https:\/\/globalsourcechemicals.com\/sk\/wp-json\/wp\/v2\/product\/23317\/revisions"}],"predecessor-version":[{"id":25431,"href":"https:\/\/globalsourcechemicals.com\/sk\/wp-json\/wp\/v2\/product\/23317\/revisions\/25431"}],"wp:featuredmedia":[{"embeddable":true,"href":"https:\/\/globalsourcechemicals.com\/sk\/wp-json\/wp\/v2\/media\/28477"}],"wp:attachment":[{"href":"https:\/\/globalsourcechemicals.com\/sk\/wp-json\/wp\/v2\/media?parent=23317"}],"wp:term":[{"taxonomy":"product_brand","embeddable":true,"href":"https:\/\/globalsourcechemicals.com\/sk\/wp-json\/wp\/v2\/product_brand?post=23317"},{"taxonomy":"product_cat","embeddable":true,"href":"https:\/\/globalsourcechemicals.com\/sk\/wp-json\/wp\/v2\/product_cat?post=23317"},{"taxonomy":"product_tag","embeddable":true,"href":"https:\/\/globalsourcechemicals.com\/sk\/wp-json\/wp\/v2\/product_tag?post=23317"}],"curies":[{"name":"pracovn\u00fd list","href":"https:\/\/api.w.org\/{rel}","templated":true}]}}